{"id":1186,"date":"2023-02-06T12:54:43","date_gmt":"2023-02-06T11:54:43","guid":{"rendered":"https:\/\/agora.xtec.cat\/iesmartipol\/?page_id=1186"},"modified":"2025-02-28T12:08:53","modified_gmt":"2025-02-28T11:08:53","slug":"estada-linguistica-a-franca","status":"publish","type":"page","link":"https:\/\/agora.xtec.cat\/iesmartipol\/projectes\/programes-dinternacionalitzacio\/estada-linguistica-a-franca\/","title":{"rendered":"Estada ling\u00fc\u00edstica a Fran\u00e7a"},"content":{"rendered":"<p><span style=\"font-weight: 400;\">Des del Departament d\u2019Idiomes, pel que fa a l\u2019assignatura de franc\u00e8s, s\u2019organitza una estada ling\u00fc\u00edstica a Fran\u00e7a per l\u2019alumnat que cursa la mat\u00e8ria. Aquesta experi\u00e8ncia \u00fanica t\u00e9 com a objectiu millorar les compet\u00e8ncies ling\u00fc\u00edstiques i culturals dels estudiants, oferint-los l\u2019oportunitat de practicar el franc\u00e8s en un entorn immersiu i natural.<\/span><\/p>\n<p><span style=\"font-weight: 400;\">Durant l\u2019estada, els alumnes podran interactuar amb parlants nadius, viure el dia a dia en una ciutat francesa i descobrir les particularitats de la cultura del pa\u00eds. Aix\u00f2 els permetr\u00e0 consolidar els coneixements adquirits a classe i guanyar confian\u00e7a en l\u2019\u00fas del franc\u00e8s en situacions reals.<\/span><\/p>\n<p><span style=\"font-weight: 400;\">Aquesta experi\u00e8ncia \u00e9s fonamental per al desenvolupament de les seves habilitats comunicatives i per a la seva formaci\u00f3 personal. A m\u00e9s, participar en aquesta estada ling\u00fc\u00edstica els ofereix una oportunitat excel\u00b7lent per fer nous amics, con\u00e8ixer altres maneres de veure el m\u00f3n i refor\u00e7ar el seu aprenentatge i la flu\u00efdesa en la llengua francesa.<\/span><\/p>\n<p><img loading=\"lazy\" decoding=\"async\" class=\"alignnone wp-image-1824\" src=\"https:\/\/agora.xtec.cat\/iesmartipol\/wp-content\/uploads\/usu2298\/2025\/02\/1714077379457-scaled.jpg\" alt=\"\" width=\"586\" height=\"340\" srcset=\"https:\/\/agora.xtec.cat\/iesmartipol\/wp-content\/uploads\/usu2298\/2025\/02\/1714077379457-scaled.jpg 2560w, https:\/\/agora.xtec.cat\/iesmartipol\/wp-content\/uploads\/usu2298\/2025\/02\/1714077379457-300x174.jpg 300w, https:\/\/agora.xtec.cat\/iesmartipol\/wp-content\/uploads\/usu2298\/2025\/02\/1714077379457-1024x595.jpg 1024w, https:\/\/agora.xtec.cat\/iesmartipol\/wp-content\/uploads\/usu2298\/2025\/02\/1714077379457-768x446.jpg 768w, https:\/\/agora.xtec.cat\/iesmartipol\/wp-content\/uploads\/usu2298\/2025\/02\/1714077379457-1536x892.jpg 1536w, https:\/\/agora.xtec.cat\/iesmartipol\/wp-content\/uploads\/usu2298\/2025\/02\/1714077379457-2048x1190.jpg 2048w\" sizes=\"auto, (max-width: 586px) 100vw, 586px\" \/><\/p>\n<p><img loading=\"lazy\" decoding=\"async\" class=\"alignnone wp-image-1823\" src=\"https:\/\/agora.xtec.cat\/iesmartipol\/wp-content\/uploads\/usu2298\/2025\/02\/1714077378631.jpg\" alt=\"\" width=\"587\" height=\"440\" srcset=\"https:\/\/agora.xtec.cat\/iesmartipol\/wp-content\/uploads\/usu2298\/2025\/02\/1714077378631.jpg 1600w, https:\/\/agora.xtec.cat\/iesmartipol\/wp-content\/uploads\/usu2298\/2025\/02\/1714077378631-300x225.jpg 300w, https:\/\/agora.xtec.cat\/iesmartipol\/wp-content\/uploads\/usu2298\/2025\/02\/1714077378631-1024x768.jpg 1024w, https:\/\/agora.xtec.cat\/iesmartipol\/wp-content\/uploads\/usu2298\/2025\/02\/1714077378631-768x576.jpg 768w, https:\/\/agora.xtec.cat\/iesmartipol\/wp-content\/uploads\/usu2298\/2025\/02\/1714077378631-1536x1152.jpg 1536w, https:\/\/agora.xtec.cat\/iesmartipol\/wp-content\/uploads\/usu2298\/2025\/02\/1714077378631-200x150.jpg 200w\" sizes=\"auto, (max-width: 587px) 100vw, 587px\" \/><\/p>\n<p><img loading=\"lazy\" decoding=\"async\" class=\"alignnone wp-image-1825\" style=\"font-family: inherit; font-size: 1em;\" src=\"https:\/\/agora.xtec.cat\/iesmartipol\/wp-content\/uploads\/usu2298\/2025\/02\/1714077379699.jpg\" alt=\"\" width=\"576\" height=\"432\" srcset=\"https:\/\/agora.xtec.cat\/iesmartipol\/wp-content\/uploads\/usu2298\/2025\/02\/1714077379699.jpg 1600w, https:\/\/agora.xtec.cat\/iesmartipol\/wp-content\/uploads\/usu2298\/2025\/02\/1714077379699-300x225.jpg 300w, https:\/\/agora.xtec.cat\/iesmartipol\/wp-content\/uploads\/usu2298\/2025\/02\/1714077379699-1024x768.jpg 1024w, https:\/\/agora.xtec.cat\/iesmartipol\/wp-content\/uploads\/usu2298\/2025\/02\/1714077379699-768x576.jpg 768w, https:\/\/agora.xtec.cat\/iesmartipol\/wp-content\/uploads\/usu2298\/2025\/02\/1714077379699-1536x1152.jpg 1536w, https:\/\/agora.xtec.cat\/iesmartipol\/wp-content\/uploads\/usu2298\/2025\/02\/1714077379699-200x150.jpg 200w\" sizes=\"auto, (max-width: 576px) 100vw, 576px\" \/><\/p>\n","protected":false},"excerpt":{"rendered":"<p>Des del Departament d\u2019Idiomes, pel que fa a l\u2019assignatura de franc\u00e8s, s\u2019organitza una estada ling\u00fc\u00edstica a Fran\u00e7a per l\u2019alumnat que cursa la mat\u00e8ria. Aquesta experi\u00e8ncia \u00fanica t\u00e9 com a objectiu millorar les compet\u00e8ncies ling\u00fc\u00edstiques i culturals dels estudiants, oferint-los l\u2019oportunitat de practicar el franc\u00e8s en&hellip;  <a href=\"https:\/\/agora.xtec.cat\/iesmartipol\/projectes\/programes-dinternacionalitzacio\/estada-linguistica-a-franca\/\" title=\"Read Estada ling\u00fc\u00edstica a Fran\u00e7a\">Llegeix m\u00e9s\u00bb<\/a><\/p>\n","protected":false},"author":1,"featured_media":0,"parent":663,"menu_order":0,"comment_status":"closed","ping_status":"closed","template":"page-templates\/side-menu.php","meta":{"_bbp_topic_count":0,"_bbp_reply_count":0,"_bbp_total_topic_count":0,"_bbp_total_reply_count":0,"_bbp_voice_count":0,"_bbp_anonymous_reply_count":0,"_bbp_topic_count_hidden":0,"_bbp_reply_count_hidden":0,"_bbp_forum_subforum_count":0,"footnotes":""},"class_list":["post-1186","page","type-page","status-publish","hentry"],"post_mailing_queue_ids":[],"_links":{"self":[{"href":"https:\/\/agora.xtec.cat\/iesmartipol\/wp-json\/wp\/v2\/pages\/1186","targetHints":{"allow":["GET"]}}],"collection":[{"href":"https:\/\/agora.xtec.cat\/iesmartipol\/wp-json\/wp\/v2\/pages"}],"about":[{"href":"https:\/\/agora.xtec.cat\/iesmartipol\/wp-json\/wp\/v2\/types\/page"}],"author":[{"embeddable":true,"href":"https:\/\/agora.xtec.cat\/iesmartipol\/wp-json\/wp\/v2\/users\/1"}],"replies":[{"embeddable":true,"href":"https:\/\/agora.xtec.cat\/iesmartipol\/wp-json\/wp\/v2\/comments?post=1186"}],"version-history":[{"count":6,"href":"https:\/\/agora.xtec.cat\/iesmartipol\/wp-json\/wp\/v2\/pages\/1186\/revisions"}],"predecessor-version":[{"id":1828,"href":"https:\/\/agora.xtec.cat\/iesmartipol\/wp-json\/wp\/v2\/pages\/1186\/revisions\/1828"}],"up":[{"embeddable":true,"href":"https:\/\/agora.xtec.cat\/iesmartipol\/wp-json\/wp\/v2\/pages\/663"}],"wp:attachment":[{"href":"https:\/\/agora.xtec.cat\/iesmartipol\/wp-json\/wp\/v2\/media?parent=1186"}],"curies":[{"name":"wp","href":"https:\/\/api.w.org\/{rel}","templated":true}]}}