{"id":1170,"date":"2014-09-07T13:15:24","date_gmt":"2014-09-07T11:15:24","guid":{"rendered":"https:\/\/agora.xtec.cat\/iesmartipol\/?page_id=1170"},"modified":"2023-02-07T11:48:52","modified_gmt":"2023-02-07T10:48:52","slug":"historia","status":"publish","type":"page","link":"https:\/\/agora.xtec.cat\/iesmartipol\/linstitut\/historia\/","title":{"rendered":"Hist\u00f2ria"},"content":{"rendered":"<p style=\"text-align: justify;\"><span style=\"font-weight: 400;\">L&#8217;INS Miquel Mart\u00ed i Pol \u00e9s un centre p\u00fablic de complexitat mitjana, situat al municipi de Roda de Ter.\u00a0<\/span><\/p>\n<p style=\"text-align: justify;\"><span style=\"font-weight: 400;\">El poble de Roda de Ter t\u00e9 una llarga hist\u00f2ria, \u00e9s terra de lletres<\/span><span style=\"font-weight: 400;\">, poble del poeta Miquel Mart\u00ed i Pol, el poeta del poble, i d&#8217;escriptors com Emili Teixidor i Miquel Obiols. A tocar del mass\u00eds de les Guilleries i travessada pel riu Ter, un passeig per la ribera ens trasllada al passat industrial d&#8217;una vi<\/span><span style=\"font-weight: 400;\">la noble, els or\u00edgens de la qual els descobrim al <\/span><a href=\"http:\/\/www.lesquerda.cat\/web\/\"><span style=\"font-weight: 400;\">jaciment arqueol\u00f2gic de l&#8217;Esquerda<\/span><\/a><span style=\"font-weight: 400;\">, el primer poblat ib\u00e8ric i medieval. Actualment, la ind\u00fastria, for\u00e7a diversificada, t\u00e9 un pes destacat en l\u2019economia del municipi. Existeixen empreses aliment\u00e0ries, ind\u00fastries del sector qu\u00edmic, etc. El sector dels serveis constitueix una pe\u00e7a important. <\/span><span style=\"font-weight: 400;\">Actualment, l&#8217;any 2023, hi viuen 6.172 habitants.<\/span><\/p>\n<p style=\"text-align: justify;\"><span style=\"font-weight: 400;\">L\u2019institut va comen\u00e7ar a funcionar el curs 1994-95 com a extensi\u00f3 de l&#8217;INS Antoni Pous de Manlleu, en unes instal\u00b7lacions provisionals cedides per l&#8217;Ajuntament de Roda de Ter fins al curs 1998-1999, l&#8217;abril de 1999 es va instal\u00b7lar a l&#8217;edifici actual.<\/span><\/p>\n<p style=\"text-align: justify;\"><span style=\"font-weight: 400;\">A m\u00e9s de Roda de Ter l\u2019alumnat del centre prov\u00e9 dels municipis del Cabrer\u00e8s (Rupit-Pruit, L&#8217;Esquirol- agrupa els nuclis de Cantonigr\u00f2s, Sant Mart\u00ed de Sescorts i L&#8217;Esquirol), Tavertet, Masies de Roda i Tav\u00e8rnoles.<\/span><\/p>\n<p><img loading=\"lazy\" decoding=\"async\" class=\"alignnone wp-image-1172 size-large\" src=\"https:\/\/agora.xtec.cat\/iesmartipol\/wp-content\/uploads\/usu2298\/2023\/02\/SIM-080530423020216150-1_page-0001-e1675426485179-1024x724.jpg\" alt=\"Inauguraci\u00f3 INS Miquel Mart\u00ed i Pol\" width=\"1024\" height=\"724\" srcset=\"https:\/\/agora.xtec.cat\/iesmartipol\/wp-content\/uploads\/usu2298\/2023\/02\/SIM-080530423020216150-1_page-0001-e1675426485179-1024x724.jpg 1024w, https:\/\/agora.xtec.cat\/iesmartipol\/wp-content\/uploads\/usu2298\/2023\/02\/SIM-080530423020216150-1_page-0001-e1675426485179-300x212.jpg 300w, https:\/\/agora.xtec.cat\/iesmartipol\/wp-content\/uploads\/usu2298\/2023\/02\/SIM-080530423020216150-1_page-0001-e1675426485179-768x543.jpg 768w, https:\/\/agora.xtec.cat\/iesmartipol\/wp-content\/uploads\/usu2298\/2023\/02\/SIM-080530423020216150-1_page-0001-e1675426485179.jpg 1517w\" sizes=\"auto, (max-width: 1024px) 100vw, 1024px\" \/><\/p>\n","protected":false},"excerpt":{"rendered":"<p>L&#8217;INS Miquel Mart\u00ed i Pol \u00e9s un centre p\u00fablic de complexitat mitjana, situat al municipi de Roda de Ter.\u00a0<br \/>\nEl poble de Roda de Ter t\u00e9 una llarga hist\u00f2ria, \u00e9s terra de lletres, poble del poeta Miquel Mart\u00ed i Pol, el poeta del poble, i d&#8217;escriptors&hellip;  <a href=\"https:\/\/agora.xtec.cat\/iesmartipol\/linstitut\/historia\/\" title=\"Read Hist\u00f2ria\">Llegeix m\u00e9s\u00bb<\/a><\/p>\n","protected":false},"author":1,"featured_media":0,"parent":19,"menu_order":0,"comment_status":"closed","ping_status":"closed","template":"page-templates\/side-menu.php","meta":{"_bbp_topic_count":0,"_bbp_reply_count":0,"_bbp_total_topic_count":0,"_bbp_total_reply_count":0,"_bbp_voice_count":0,"_bbp_anonymous_reply_count":0,"_bbp_topic_count_hidden":0,"_bbp_reply_count_hidden":0,"_bbp_forum_subforum_count":0,"footnotes":""},"class_list":["post-1170","page","type-page","status-publish","hentry"],"post_mailing_queue_ids":[],"_links":{"self":[{"href":"https:\/\/agora.xtec.cat\/iesmartipol\/wp-json\/wp\/v2\/pages\/1170","targetHints":{"allow":["GET"]}}],"collection":[{"href":"https:\/\/agora.xtec.cat\/iesmartipol\/wp-json\/wp\/v2\/pages"}],"about":[{"href":"https:\/\/agora.xtec.cat\/iesmartipol\/wp-json\/wp\/v2\/types\/page"}],"author":[{"embeddable":true,"href":"https:\/\/agora.xtec.cat\/iesmartipol\/wp-json\/wp\/v2\/users\/1"}],"replies":[{"embeddable":true,"href":"https:\/\/agora.xtec.cat\/iesmartipol\/wp-json\/wp\/v2\/comments?post=1170"}],"version-history":[{"count":2,"href":"https:\/\/agora.xtec.cat\/iesmartipol\/wp-json\/wp\/v2\/pages\/1170\/revisions"}],"predecessor-version":[{"id":1194,"href":"https:\/\/agora.xtec.cat\/iesmartipol\/wp-json\/wp\/v2\/pages\/1170\/revisions\/1194"}],"up":[{"embeddable":true,"href":"https:\/\/agora.xtec.cat\/iesmartipol\/wp-json\/wp\/v2\/pages\/19"}],"wp:attachment":[{"href":"https:\/\/agora.xtec.cat\/iesmartipol\/wp-json\/wp\/v2\/media?parent=1170"}],"curies":[{"name":"wp","href":"https:\/\/api.w.org\/{rel}","templated":true}]}}