{"id":7037,"date":"2025-03-03T01:06:01","date_gmt":"2025-03-03T00:06:01","guid":{"rendered":"https:\/\/agora.xtec.cat\/iesmartilhuma\/?page_id=7037"},"modified":"2026-02-25T13:57:12","modified_gmt":"2026-02-25T12:57:12","slug":"proves-geso","status":"publish","type":"page","link":"https:\/\/agora.xtec.cat\/iesmartilhuma\/proves-geso\/","title":{"rendered":"PROVES GESO"},"content":{"rendered":"<p><a href=\"https:\/\/docs.google.com\/document\/d\/1w-rXa6wFAHUuXVVjUzYcWLwFvi-XvthdAgFRZIOZxlc\/edit?tab=t.0\" target=\"_blank\" rel=\"noopener\">CALENDARI PROVES GESO<\/a><\/p>\n<p><a href=\"https:\/\/agora.xtec.cat\/iesmartilhuma\/wp-content\/uploads\/usu239\/2025\/03\/Angles-SABERS-MINIMS-4t-ESO.pdf\">Angle\u0300s SABERS MI\u0301NIMS 4t ESO<\/a><\/p>\n<p><a href=\"https:\/\/docs.google.com\/document\/d\/e\/2PACX-1vScmSREhXdvW7LaqGmeRA7G0e8bU-p2aPmToKp78OqG8h21dQXeKvou-EkhVOqswGBeUdRMFyp0fZdN\/pub\" target=\"_blank\" rel=\"noopener\">MATEM\u00c0TIQUES<\/a><\/p>\n<p><a href=\"https:\/\/docs.google.com\/document\/d\/e\/2PACX-1vQspCRxq6bglYrB1yF4Xl8TGk36UhBo_HAxVDw4lNx0kj66HaV7S6Z4utMH0AgyVA\/pub\" target=\"_blank\" rel=\"noopener\">CATAL\u00c0 I CASTELL\u00c0<\/a><\/p>\n<p><a href=\"https:\/\/docs.google.com\/document\/d\/e\/2PACX-1vSQoUQR1eO2dPhEZoF5O-VXkEtukKcIXKCg0XEjjRHFit47XyeS3nNhhnxln_h23A\/pub\" target=\"_blank\" rel=\"noopener\">Expressi\u00f3 i Ed. f\u00edsica<\/a><\/p>\n<p><a href=\"https:\/\/docs.google.com\/document\/d\/e\/2PACX-1vRhiva6Nukwe6ifGFKSfsTfC2_COLTpDrMcnjTyX97HGKD2V5qkWdl9i3Sy-O6HUA\/pub\" target=\"_blank\" rel=\"noopener\">Biologia i geologia<\/a><\/p>\n<p><a href=\"https:\/\/docs.google.com\/document\/d\/1WdTyJwkigHEKXuqj_qzLiUeFePM-YQEUDyhLy3uM0cM\/edit?usp=sharing\" target=\"_blank\" rel=\"noopener\">F\u00edsica i qu\u00edmica<\/a><\/p>\n<p><a href=\"https:\/\/docs.google.com\/document\/d\/e\/2PACX-1vQhvtvA_1BqI4ivtbCBh1juaVu_wTNPGkOEHQ6DGieQErZHioG2zW1gS3VAg7tO5g\/pub\" target=\"_blank\" rel=\"noopener\">ci\u00e8ncies socials i emprenedoria<\/a><\/p>\n","protected":false},"excerpt":{"rendered":"<p>CALENDARI PROVES GESO Angle\u0300s SABERS MI\u0301NIMS 4t ESO MATEM\u00c0TIQUES CATAL\u00c0 I CASTELL\u00c0 Expressi\u00f3 i Ed. f\u00edsica Biologia i geologia F\u00edsica i qu\u00edmica ci\u00e8ncies socials i emprenedoria<\/p>\n","protected":false},"author":1,"featured_media":0,"parent":0,"menu_order":0,"comment_status":"closed","ping_status":"closed","template":"","meta":{"_bbp_topic_count":0,"_bbp_reply_count":0,"_bbp_total_topic_count":0,"_bbp_total_reply_count":0,"_bbp_voice_count":0,"_bbp_anonymous_reply_count":0,"_bbp_topic_count_hidden":0,"_bbp_reply_count_hidden":0,"_bbp_forum_subforum_count":0,"site-sidebar-layout":"default","site-content-layout":"","ast-site-content-layout":"default","site-content-style":"default","site-sidebar-style":"default","ast-global-header-display":"","ast-banner-title-visibility":"","ast-main-header-display":"","ast-hfb-above-header-display":"","ast-hfb-below-header-display":"","ast-hfb-mobile-header-display":"","site-post-title":"","ast-breadcrumbs-content":"","ast-featured-img":"","footer-sml-layout":"","theme-transparent-header-meta":"default","adv-header-id-meta":"","stick-header-meta":"","header-above-stick-meta":"","header-main-stick-meta":"","header-below-stick-meta":"","astra-migrate-meta-layouts":"set","ast-page-background-enabled":"default","ast-page-background-meta":{"desktop":{"background-color":"var(--ast-global-color-4)","background-image":"","background-repeat":"repeat","background-position":"center center","background-size":"auto","background-attachment":"scroll","background-type":"","background-media":"","overlay-type":"","overlay-color":"","overlay-opacity":"","overlay-gradient":""},"tablet":{"background-color":"","background-image":"","background-repeat":"repeat","background-position":"center center","background-size":"auto","background-attachment":"scroll","background-type":"","background-media":"","overlay-type":"","overlay-color":"","overlay-opacity":"","overlay-gradient":""},"mobile":{"background-color":"","background-image":"","background-repeat":"repeat","background-position":"center center","background-size":"auto","background-attachment":"scroll","background-type":"","background-media":"","overlay-type":"","overlay-color":"","overlay-opacity":"","overlay-gradient":""}},"ast-content-background-meta":{"desktop":{"background-color":"var(--ast-global-color-5)","background-image":"","background-repeat":"repeat","background-position":"center center","background-size":"auto","background-attachment":"scroll","background-type":"","background-media":"","overlay-type":"","overlay-color":"","overlay-opacity":"","overlay-gradient":""},"tablet":{"background-color":"var(--ast-global-color-5)","background-image":"","background-repeat":"repeat","background-position":"center center","background-size":"auto","background-attachment":"scroll","background-type":"","background-media":"","overlay-type":"","overlay-color":"","overlay-opacity":"","overlay-gradient":""},"mobile":{"background-color":"var(--ast-global-color-5)","background-image":"","background-repeat":"repeat","background-position":"center center","background-size":"auto","background-attachment":"scroll","background-type":"","background-media":"","overlay-type":"","overlay-color":"","overlay-opacity":"","overlay-gradient":""}},"footnotes":""},"class_list":["post-7037","page","type-page","status-publish","hentry"],"post_mailing_queue_ids":[],"_links":{"self":[{"href":"https:\/\/agora.xtec.cat\/iesmartilhuma\/wp-json\/wp\/v2\/pages\/7037","targetHints":{"allow":["GET"]}}],"collection":[{"href":"https:\/\/agora.xtec.cat\/iesmartilhuma\/wp-json\/wp\/v2\/pages"}],"about":[{"href":"https:\/\/agora.xtec.cat\/iesmartilhuma\/wp-json\/wp\/v2\/types\/page"}],"author":[{"embeddable":true,"href":"https:\/\/agora.xtec.cat\/iesmartilhuma\/wp-json\/wp\/v2\/users\/1"}],"replies":[{"embeddable":true,"href":"https:\/\/agora.xtec.cat\/iesmartilhuma\/wp-json\/wp\/v2\/comments?post=7037"}],"version-history":[{"count":6,"href":"https:\/\/agora.xtec.cat\/iesmartilhuma\/wp-json\/wp\/v2\/pages\/7037\/revisions"}],"predecessor-version":[{"id":8032,"href":"https:\/\/agora.xtec.cat\/iesmartilhuma\/wp-json\/wp\/v2\/pages\/7037\/revisions\/8032"}],"wp:attachment":[{"href":"https:\/\/agora.xtec.cat\/iesmartilhuma\/wp-json\/wp\/v2\/media?parent=7037"}],"curies":[{"name":"wp","href":"https:\/\/api.w.org\/{rel}","templated":true}]}}