{"id":5494,"date":"2024-01-20T12:59:07","date_gmt":"2024-01-20T11:59:07","guid":{"rendered":"https:\/\/agora.xtec.cat\/iesmartilhuma\/?page_id=5494"},"modified":"2024-01-23T13:33:49","modified_gmt":"2024-01-23T12:33:49","slug":"bloc-de-cultura-digital","status":"publish","type":"page","link":"https:\/\/agora.xtec.cat\/iesmartilhuma\/bloc-de-cultura-digital\/","title":{"rendered":"Bloc de Cultura Digital"},"content":{"rendered":"<p><a href=\"https:\/\/agora.xtec.cat\/iesmartilhuma\/categoria\/bcd\/\"><img loading=\"lazy\" decoding=\"async\" class=\"aligncenter size-large wp-image-5392\" src=\"https:\/\/agora.xtec.cat\/iesmartilhuma\/wp-content\/uploads\/usu239\/2024\/01\/Bloc-de-Cultura-Digital-1024x445.png\" alt=\"\" width=\"1024\" height=\"445\" srcset=\"https:\/\/agora.xtec.cat\/iesmartilhuma\/wp-content\/uploads\/usu239\/2024\/01\/Bloc-de-Cultura-Digital-1024x445.png 1024w, https:\/\/agora.xtec.cat\/iesmartilhuma\/wp-content\/uploads\/usu239\/2024\/01\/Bloc-de-Cultura-Digital-300x130.png 300w, https:\/\/agora.xtec.cat\/iesmartilhuma\/wp-content\/uploads\/usu239\/2024\/01\/Bloc-de-Cultura-Digital-768x333.png 768w, https:\/\/agora.xtec.cat\/iesmartilhuma\/wp-content\/uploads\/usu239\/2024\/01\/Bloc-de-Cultura-Digital.png 1200w\" sizes=\"auto, (max-width: 1024px) 100vw, 1024px\" \/><\/a><\/p>\n<p style=\"text-align: justify;\">Aquest \u00e9s el <strong>Bloc de Cultura Digital de l&#8217;Institut Mart\u00ed l&#8217;Hum\u00e0<\/strong>, que va ser ideat i creat al novembre de 2019 per l&#8217;\u00c0lex Revelles, professor de Formaci\u00f3 i Orientaci\u00f3 Laboral i membre de la Comissi\u00f3 de Cultura Digital. La iniciativa va resultar molt adient i encertada, ja que va ser una eina molt \u00fatil durant el confinament per la Covid-19 que ens va obligar a continuar les classes de manera virtual. L&#8217;\u00c0lex Revelles en va ser tamb\u00e9 el primer administrador i, en deixar el centre el curs seg\u00fcent, li va prendre el relleu el Ricardo Viruete-Erdoz\u00e1in.<\/p>\n<p>A l&#8217;inici el bloc va ser creat com a un bloc XTEC (<a href=\"https:\/\/blocs.xtec.cat\/culturadigitalmartilhuma\/\" target=\"_blank\" rel=\"noopener\">podeu veure&#8217;l en aquest enlla\u00e7<\/a>), per\u00f2 al gener de 2024 es va prendre la decisi\u00f3 d&#8217;allotjar-lo al Nodes per integrar-lo en la secci\u00f3 de Cultura Digital de la web de la nostra <a href=\"https:\/\/agora.xtec.cat\/iesmartilhuma\/estrategia-digital-de-centre\/\" target=\"_blank\" rel=\"noopener\">Estrat\u00e8gia Digital de Centre (EDC)<\/a>.<\/p>\n<p style=\"text-align: justify;\">Quant als continguts, aqu\u00ed trobar\u00e0s principalment tutorials sobre aspectes digitals diversos que ens poden resultar \u00fatils per a la nostra tasca docent. Tamb\u00e9 hi ha, per\u00f2, reculls de diferents eines digitals i documentaci\u00f3 sobre les tecnologies digitals i l&#8217;educaci\u00f3 i mencions a les participacions del centre en concursos i projectes relatius al m\u00f3n digital i la doc\u00e8ncia.<\/p>\n<p>De forma paral\u00b7lela existeix tamb\u00e9 un <a href=\"https:\/\/t.me\/s\/culturadigitalMLH\" target=\"_blank\" rel=\"noopener\">canal de Telegram<\/a> on s&#8217;enllacen tots els nostres tutorials per\u00f2 tamb\u00e9 es publiquen continguts digitals d&#8217;altres fonts que es consideren interessants.<\/p>\n","protected":false},"excerpt":{"rendered":"<p>Aquest \u00e9s el Bloc de Cultura Digital de l&#8217;Institut Mart\u00ed l&#8217;Hum\u00e0, que va ser ideat i creat al novembre de 2019 per l&#8217;\u00c0lex Revelles, professor de Formaci\u00f3 i Orientaci\u00f3 Laboral i membre de la Comissi\u00f3 de Cultura Digital. La iniciativa va resultar molt adient i encertada, ja que va ser una eina molt \u00fatil durant [&hellip;]<\/p>\n","protected":false},"author":28,"featured_media":0,"parent":0,"menu_order":0,"comment_status":"closed","ping_status":"closed","template":"","meta":{"_bbp_topic_count":0,"_bbp_reply_count":0,"_bbp_total_topic_count":0,"_bbp_total_reply_count":0,"_bbp_voice_count":0,"_bbp_anonymous_reply_count":0,"_bbp_topic_count_hidden":0,"_bbp_reply_count_hidden":0,"_bbp_forum_subforum_count":0,"site-sidebar-layout":"default","site-content-layout":"","ast-site-content-layout":"","site-content-style":"default","site-sidebar-style":"default","ast-global-header-display":"","ast-banner-title-visibility":"","ast-main-header-display":"","ast-hfb-above-header-display":"","ast-hfb-below-header-display":"","ast-hfb-mobile-header-display":"","site-post-title":"","ast-breadcrumbs-content":"","ast-featured-img":"","footer-sml-layout":"","theme-transparent-header-meta":"","adv-header-id-meta":"","stick-header-meta":"","header-above-stick-meta":"","header-main-stick-meta":"","header-below-stick-meta":"","astra-migrate-meta-layouts":"default","ast-page-background-enabled":"default","ast-page-background-meta":{"desktop":{"background-color":"var(--ast-global-color-4)","background-image":"","background-repeat":"repeat","background-position":"center center","background-size":"auto","background-attachment":"scroll","background-type":"","background-media":"","overlay-type":"","overlay-color":"","overlay-opacity":"","overlay-gradient":""},"tablet":{"background-color":"","background-image":"","background-repeat":"repeat","background-position":"center center","background-size":"auto","background-attachment":"scroll","background-type":"","background-media":"","overlay-type":"","overlay-color":"","overlay-opacity":"","overlay-gradient":""},"mobile":{"background-color":"","background-image":"","background-repeat":"repeat","background-position":"center center","background-size":"auto","background-attachment":"scroll","background-type":"","background-media":"","overlay-type":"","overlay-color":"","overlay-opacity":"","overlay-gradient":""}},"ast-content-background-meta":{"desktop":{"background-color":"var(--ast-global-color-5)","background-image":"","background-repeat":"repeat","background-position":"center center","background-size":"auto","background-attachment":"scroll","background-type":"","background-media":"","overlay-type":"","overlay-color":"","overlay-opacity":"","overlay-gradient":""},"tablet":{"background-color":"var(--ast-global-color-5)","background-image":"","background-repeat":"repeat","background-position":"center center","background-size":"auto","background-attachment":"scroll","background-type":"","background-media":"","overlay-type":"","overlay-color":"","overlay-opacity":"","overlay-gradient":""},"mobile":{"background-color":"var(--ast-global-color-5)","background-image":"","background-repeat":"repeat","background-position":"center center","background-size":"auto","background-attachment":"scroll","background-type":"","background-media":"","overlay-type":"","overlay-color":"","overlay-opacity":"","overlay-gradient":""}},"footnotes":""},"class_list":["post-5494","page","type-page","status-publish","hentry"],"post_mailing_queue_ids":[],"_links":{"self":[{"href":"https:\/\/agora.xtec.cat\/iesmartilhuma\/wp-json\/wp\/v2\/pages\/5494","targetHints":{"allow":["GET"]}}],"collection":[{"href":"https:\/\/agora.xtec.cat\/iesmartilhuma\/wp-json\/wp\/v2\/pages"}],"about":[{"href":"https:\/\/agora.xtec.cat\/iesmartilhuma\/wp-json\/wp\/v2\/types\/page"}],"author":[{"embeddable":true,"href":"https:\/\/agora.xtec.cat\/iesmartilhuma\/wp-json\/wp\/v2\/users\/28"}],"replies":[{"embeddable":true,"href":"https:\/\/agora.xtec.cat\/iesmartilhuma\/wp-json\/wp\/v2\/comments?post=5494"}],"version-history":[{"count":6,"href":"https:\/\/agora.xtec.cat\/iesmartilhuma\/wp-json\/wp\/v2\/pages\/5494\/revisions"}],"predecessor-version":[{"id":5529,"href":"https:\/\/agora.xtec.cat\/iesmartilhuma\/wp-json\/wp\/v2\/pages\/5494\/revisions\/5529"}],"wp:attachment":[{"href":"https:\/\/agora.xtec.cat\/iesmartilhuma\/wp-json\/wp\/v2\/media?parent=5494"}],"curies":[{"name":"wp","href":"https:\/\/api.w.org\/{rel}","templated":true}]}}