{"id":5469,"date":"2019-11-11T12:24:52","date_gmt":"2019-11-11T11:24:52","guid":{"rendered":"https:\/\/blocs.xtec.cat\/culturadigitalmartilhuma\/?page_id=36"},"modified":"2024-01-20T13:06:45","modified_gmt":"2024-01-20T12:06:45","slug":"tutic","status":"publish","type":"page","link":"https:\/\/agora.xtec.cat\/iesmartilhuma\/bloc-de-cultura-digital\/tutic\/","title":{"rendered":"Tu+TIC"},"content":{"rendered":"<p><img loading=\"lazy\" decoding=\"async\" class=\"alignnone size-full wp-image-92\" src=\"http:\/\/blocs.xtec.cat\/culturadigitalmartilhuma\/files\/2019\/11\/Sin-t\u00edtulo-15.png\" alt=\"\" width=\"266\" height=\"143\" \/><\/p>\n<p>L\u2019Institut Mart\u00ed l&#8217;Hum\u00e0 de Montblanc, a trav\u00e9s de la seva Comissi\u00f3 de Cultura Digital, participa en el\u00a0grup de treball i recerca\u00a0 <strong><i>TU+TIC<\/i><\/strong> impulsat pels <strong>Serveis Territorials\u00a0 del Departament d\u2019Educaci\u00f3 de la Generalitat de Catalunya a Tarragona<\/strong>.<\/p>\n<p>Aquest grup compta amb la participaci\u00f3 de diferents coordinadors de Cultura Digital i caps de Seminari d\u2019Inform\u00e0tica d\u2019instituts de Tarragona, Reus, Valls, l\u2019Espluga i responsables dels Serveis de Cultura Digital dels diferents Serveis Educatius.<\/p>\n<p>En aquest sentit, des de l\u2019<strong>Institut Mart\u00ed l&#8217;Hum\u00e0<\/strong>, es contribueix a crear articles que es trameten via correu electr\u00f2nic a tots els centres participants per a compartir coneixements i experi\u00e8ncies entorn les eines digitals.<\/p>\n","protected":false},"excerpt":{"rendered":"<p>L\u2019Institut Mart\u00ed l&#8217;Hum\u00e0 de Montblanc, a trav\u00e9s de la seva Comissi\u00f3 de Cultura Digital, participa en el\u00a0grup de treball i recerca\u00a0 TU+TIC impulsat pels Serveis Territorials\u00a0 del Departament d\u2019Educaci\u00f3 de la Generalitat de Catalunya a Tarragona. Aquest grup compta amb la participaci\u00f3 de diferents coordinadors de Cultura Digital i caps de Seminari d\u2019Inform\u00e0tica d\u2019instituts de [&hellip;]<\/p>\n","protected":false},"author":28,"featured_media":0,"parent":5494,"menu_order":0,"comment_status":"closed","ping_status":"closed","template":"","meta":{"_bbp_topic_count":0,"_bbp_reply_count":0,"_bbp_total_topic_count":0,"_bbp_total_reply_count":0,"_bbp_voice_count":0,"_bbp_anonymous_reply_count":0,"_bbp_topic_count_hidden":0,"_bbp_reply_count_hidden":0,"_bbp_forum_subforum_count":0,"site-sidebar-layout":"default","site-content-layout":"","ast-site-content-layout":"","site-content-style":"default","site-sidebar-style":"default","ast-global-header-display":"","ast-banner-title-visibility":"","ast-main-header-display":"","ast-hfb-above-header-display":"","ast-hfb-below-header-display":"","ast-hfb-mobile-header-display":"","site-post-title":"","ast-breadcrumbs-content":"","ast-featured-img":"","footer-sml-layout":"","theme-transparent-header-meta":"","adv-header-id-meta":"","stick-header-meta":"","header-above-stick-meta":"","header-main-stick-meta":"","header-below-stick-meta":"","astra-migrate-meta-layouts":"default","ast-page-background-enabled":"default","ast-page-background-meta":{"desktop":{"background-color":"var(--ast-global-color-4)","background-image":"","background-repeat":"repeat","background-position":"center center","background-size":"auto","background-attachment":"scroll","background-type":"","background-media":"","overlay-type":"","overlay-color":"","overlay-opacity":"","overlay-gradient":""},"tablet":{"background-color":"","background-image":"","background-repeat":"repeat","background-position":"center center","background-size":"auto","background-attachment":"scroll","background-type":"","background-media":"","overlay-type":"","overlay-color":"","overlay-opacity":"","overlay-gradient":""},"mobile":{"background-color":"","background-image":"","background-repeat":"repeat","background-position":"center center","background-size":"auto","background-attachment":"scroll","background-type":"","background-media":"","overlay-type":"","overlay-color":"","overlay-opacity":"","overlay-gradient":""}},"ast-content-background-meta":{"desktop":{"background-color":"var(--ast-global-color-5)","background-image":"","background-repeat":"repeat","background-position":"center center","background-size":"auto","background-attachment":"scroll","background-type":"","background-media":"","overlay-type":"","overlay-color":"","overlay-opacity":"","overlay-gradient":""},"tablet":{"background-color":"var(--ast-global-color-5)","background-image":"","background-repeat":"repeat","background-position":"center center","background-size":"auto","background-attachment":"scroll","background-type":"","background-media":"","overlay-type":"","overlay-color":"","overlay-opacity":"","overlay-gradient":""},"mobile":{"background-color":"var(--ast-global-color-5)","background-image":"","background-repeat":"repeat","background-position":"center center","background-size":"auto","background-attachment":"scroll","background-type":"","background-media":"","overlay-type":"","overlay-color":"","overlay-opacity":"","overlay-gradient":""}},"footnotes":""},"class_list":["post-5469","page","type-page","status-publish","hentry"],"post_mailing_queue_ids":[],"_links":{"self":[{"href":"https:\/\/agora.xtec.cat\/iesmartilhuma\/wp-json\/wp\/v2\/pages\/5469","targetHints":{"allow":["GET"]}}],"collection":[{"href":"https:\/\/agora.xtec.cat\/iesmartilhuma\/wp-json\/wp\/v2\/pages"}],"about":[{"href":"https:\/\/agora.xtec.cat\/iesmartilhuma\/wp-json\/wp\/v2\/types\/page"}],"author":[{"embeddable":true,"href":"https:\/\/agora.xtec.cat\/iesmartilhuma\/wp-json\/wp\/v2\/users\/28"}],"replies":[{"embeddable":true,"href":"https:\/\/agora.xtec.cat\/iesmartilhuma\/wp-json\/wp\/v2\/comments?post=5469"}],"version-history":[{"count":1,"href":"https:\/\/agora.xtec.cat\/iesmartilhuma\/wp-json\/wp\/v2\/pages\/5469\/revisions"}],"predecessor-version":[{"id":5504,"href":"https:\/\/agora.xtec.cat\/iesmartilhuma\/wp-json\/wp\/v2\/pages\/5469\/revisions\/5504"}],"up":[{"embeddable":true,"href":"https:\/\/agora.xtec.cat\/iesmartilhuma\/wp-json\/wp\/v2\/pages\/5494"}],"wp:attachment":[{"href":"https:\/\/agora.xtec.cat\/iesmartilhuma\/wp-json\/wp\/v2\/media?parent=5469"}],"curies":[{"name":"wp","href":"https:\/\/api.w.org\/{rel}","templated":true}]}}