{"id":3992,"date":"2022-03-29T10:14:06","date_gmt":"2022-03-29T08:14:06","guid":{"rendered":"https:\/\/agora.xtec.cat\/iesmartilhuma\/?page_id=3992"},"modified":"2024-01-23T13:35:01","modified_gmt":"2024-01-23T12:35:01","slug":"estrategia","status":"publish","type":"page","link":"https:\/\/agora.xtec.cat\/iesmartilhuma\/estrategia\/","title":{"rendered":"Estrat\u00e8gia"},"content":{"rendered":"<p style=\"text-align: center;\"><a href=\"https:\/\/agora.xtec.cat\/iesmartilhuma\/wp-content\/uploads\/usu239\/2024\/01\/3_Fases-de-lEDC_v3.jpg\"><img loading=\"lazy\" decoding=\"async\" class=\"aligncenter size-large wp-image-5319\" src=\"https:\/\/agora.xtec.cat\/iesmartilhuma\/wp-content\/uploads\/usu239\/2024\/01\/3_Fases-de-lEDC_v3-1024x724.jpg\" alt=\"\" width=\"1024\" height=\"724\" srcset=\"https:\/\/agora.xtec.cat\/iesmartilhuma\/wp-content\/uploads\/usu239\/2024\/01\/3_Fases-de-lEDC_v3-1024x724.jpg 1024w, https:\/\/agora.xtec.cat\/iesmartilhuma\/wp-content\/uploads\/usu239\/2024\/01\/3_Fases-de-lEDC_v3-300x212.jpg 300w, https:\/\/agora.xtec.cat\/iesmartilhuma\/wp-content\/uploads\/usu239\/2024\/01\/3_Fases-de-lEDC_v3-768x543.jpg 768w, https:\/\/agora.xtec.cat\/iesmartilhuma\/wp-content\/uploads\/usu239\/2024\/01\/3_Fases-de-lEDC_v3-1536x1086.jpg 1536w, https:\/\/agora.xtec.cat\/iesmartilhuma\/wp-content\/uploads\/usu239\/2024\/01\/3_Fases-de-lEDC_v3.jpg 1755w\" sizes=\"auto, (max-width: 1024px) 100vw, 1024px\" \/><\/a>(clica sobre la imatge per con\u00e8ixer-ne la font original)<\/p>\n<h2 style=\"text-align: justify;\"><span style=\"color: #008fe1;\">Objectius<\/span><\/h2>\n<p style=\"text-align: justify;\">Els objectius que el centre haur\u00e0 d&#8217;haver assolit en acabar l&#8217;any 2025 s\u00f3n els seg\u00fcents:<\/p>\n<ol>\n<li style=\"text-align: justify;\">Seq\u00fcenciar i avaluar la Compet\u00e8ncia Digital de l&#8217;Alumnat (CDA) per garantir-ne el seu assoliment.<\/li>\n<li>Elaborar l&#8217;estrat\u00e8gia digital de centre (EDC) per assolir els objectius previstos al PEDC.<\/li>\n<li>Promoure la formaci\u00f3 digital del professorat per millorar la Compet\u00e8ncia Digital Docent (CDD).<\/li>\n<li>Fer el manteniment i gesti\u00f3 de tots els equipaments digitals del centre i gesti\u00f3 dels usuaris a les plataformes per optimitzar els recursos.<\/li>\n<li>Actualitzar els documents de cultura digital de centre per optimitzar la comunicaci\u00f3 entre els membres de la comunitat educativa.<\/li>\n<\/ol>\n","protected":false},"excerpt":{"rendered":"<p>(clica sobre la imatge per con\u00e8ixer-ne la font original) Objectius Els objectius que el centre haur\u00e0 d&#8217;haver assolit en acabar l&#8217;any 2025 s\u00f3n els seg\u00fcents: Seq\u00fcenciar i avaluar la Compet\u00e8ncia Digital de l&#8217;Alumnat (CDA) per garantir-ne el seu assoliment. Elaborar l&#8217;estrat\u00e8gia digital de centre (EDC) per assolir els objectius previstos al PEDC. Promoure la formaci\u00f3 [&hellip;]<\/p>\n","protected":false},"author":28,"featured_media":0,"parent":0,"menu_order":0,"comment_status":"closed","ping_status":"closed","template":"","meta":{"_bbp_topic_count":0,"_bbp_reply_count":0,"_bbp_total_topic_count":0,"_bbp_total_reply_count":0,"_bbp_voice_count":0,"_bbp_anonymous_reply_count":0,"_bbp_topic_count_hidden":0,"_bbp_reply_count_hidden":0,"_bbp_forum_subforum_count":0,"site-sidebar-layout":"default","site-content-layout":"","ast-site-content-layout":"","site-content-style":"default","site-sidebar-style":"default","ast-global-header-display":"","ast-banner-title-visibility":"","ast-main-header-display":"","ast-hfb-above-header-display":"","ast-hfb-below-header-display":"","ast-hfb-mobile-header-display":"","site-post-title":"","ast-breadcrumbs-content":"","ast-featured-img":"","footer-sml-layout":"","theme-transparent-header-meta":"","adv-header-id-meta":"","stick-header-meta":"","header-above-stick-meta":"","header-main-stick-meta":"","header-below-stick-meta":"","astra-migrate-meta-layouts":"default","ast-page-background-enabled":"default","ast-page-background-meta":{"desktop":{"background-color":"var(--ast-global-color-4)","background-image":"","background-repeat":"repeat","background-position":"center center","background-size":"auto","background-attachment":"scroll","background-type":"","background-media":"","overlay-type":"","overlay-color":"","overlay-opacity":"","overlay-gradient":""},"tablet":{"background-color":"","background-image":"","background-repeat":"repeat","background-position":"center center","background-size":"auto","background-attachment":"scroll","background-type":"","background-media":"","overlay-type":"","overlay-color":"","overlay-opacity":"","overlay-gradient":""},"mobile":{"background-color":"","background-image":"","background-repeat":"repeat","background-position":"center center","background-size":"auto","background-attachment":"scroll","background-type":"","background-media":"","overlay-type":"","overlay-color":"","overlay-opacity":"","overlay-gradient":""}},"ast-content-background-meta":{"desktop":{"background-color":"var(--ast-global-color-5)","background-image":"","background-repeat":"repeat","background-position":"center center","background-size":"auto","background-attachment":"scroll","background-type":"","background-media":"","overlay-type":"","overlay-color":"","overlay-opacity":"","overlay-gradient":""},"tablet":{"background-color":"var(--ast-global-color-5)","background-image":"","background-repeat":"repeat","background-position":"center center","background-size":"auto","background-attachment":"scroll","background-type":"","background-media":"","overlay-type":"","overlay-color":"","overlay-opacity":"","overlay-gradient":""},"mobile":{"background-color":"var(--ast-global-color-5)","background-image":"","background-repeat":"repeat","background-position":"center center","background-size":"auto","background-attachment":"scroll","background-type":"","background-media":"","overlay-type":"","overlay-color":"","overlay-opacity":"","overlay-gradient":""}},"footnotes":""},"class_list":["post-3992","page","type-page","status-publish","hentry"],"post_mailing_queue_ids":[],"_links":{"self":[{"href":"https:\/\/agora.xtec.cat\/iesmartilhuma\/wp-json\/wp\/v2\/pages\/3992","targetHints":{"allow":["GET"]}}],"collection":[{"href":"https:\/\/agora.xtec.cat\/iesmartilhuma\/wp-json\/wp\/v2\/pages"}],"about":[{"href":"https:\/\/agora.xtec.cat\/iesmartilhuma\/wp-json\/wp\/v2\/types\/page"}],"author":[{"embeddable":true,"href":"https:\/\/agora.xtec.cat\/iesmartilhuma\/wp-json\/wp\/v2\/users\/28"}],"replies":[{"embeddable":true,"href":"https:\/\/agora.xtec.cat\/iesmartilhuma\/wp-json\/wp\/v2\/comments?post=3992"}],"version-history":[{"count":6,"href":"https:\/\/agora.xtec.cat\/iesmartilhuma\/wp-json\/wp\/v2\/pages\/3992\/revisions"}],"predecessor-version":[{"id":5325,"href":"https:\/\/agora.xtec.cat\/iesmartilhuma\/wp-json\/wp\/v2\/pages\/3992\/revisions\/5325"}],"wp:attachment":[{"href":"https:\/\/agora.xtec.cat\/iesmartilhuma\/wp-json\/wp\/v2\/media?parent=3992"}],"curies":[{"name":"wp","href":"https:\/\/api.w.org\/{rel}","templated":true}]}}