{"id":38,"date":"2019-11-11T12:24:53","date_gmt":"2019-11-11T11:24:53","guid":{"rendered":"https:\/\/blocs.xtec.cat\/culturadigitalmartilhuma\/?page_id=38"},"modified":"2024-01-20T13:04:31","modified_gmt":"2024-01-20T12:04:31","slug":"codeweek","status":"publish","type":"page","link":"https:\/\/agora.xtec.cat\/iesmartilhuma\/bloc-de-cultura-digital\/codeweek\/","title":{"rendered":"Codeweek"},"content":{"rendered":"<p><img loading=\"lazy\" decoding=\"async\" class=\"alignnone size-full wp-image-67\" src=\"http:\/\/blocs.xtec.cat\/culturadigitalmartilhuma\/files\/2019\/11\/Sin-t\u00edtulo-8.png\" alt=\"\" width=\"399\" height=\"397\" \/><\/p>\n<p>Com ja sabeu d\u2019altres edicions, <b>la Setmana CodeWeek<\/b>, promoguda per la Uni\u00f3 Europea, pret\u00e9n apropar la programaci\u00f3 i l\u2019alfabetitzaci\u00f3 digital a tothom d\u2019una manera divertida i atractiva. L\u2019objectiu \u00e9s fomentar la programaci\u00f3 als diferents pa\u00efsos de la Uni\u00f3 Europea com a activitat que afavoreix la resoluci\u00f3 de problemes, la creativitat i el pensament estructurat.<\/p>\n<p>Les activitats que ha aportat l&#8217;<strong>Institut Mart\u00ed l&#8217;Hum\u00e0<\/strong>, en l&#8217;edici\u00f3 corresponent al curs 2019-20, s\u00f3n:<\/p>\n<p>1. Ca\u00e7ador de riscos laborals en Scratch. <a href=\"https:\/\/codeweek.eu\/view\/249386\/cacador-de-riscos-laborals-en-scratch\">https:\/\/codeweek.eu\/view\/249386\/cacador-de-riscos-laborals-en-scratch\u00a0<\/a><\/p>\n<p><img loading=\"lazy\" decoding=\"async\" class=\"alignnone size-full wp-image-68\" src=\"http:\/\/blocs.xtec.cat\/culturadigitalmartilhuma\/files\/2019\/11\/Sin-t\u00edtulo-9.png\" alt=\"\" width=\"943\" height=\"334\" \/><\/p>\n","protected":false},"excerpt":{"rendered":"<p>Com ja sabeu d\u2019altres edicions, la Setmana CodeWeek, promoguda per la Uni\u00f3 Europea, pret\u00e9n apropar la programaci\u00f3 i l\u2019alfabetitzaci\u00f3 digital a tothom d\u2019una manera divertida i atractiva. L\u2019objectiu \u00e9s fomentar la programaci\u00f3 als diferents pa\u00efsos de la Uni\u00f3 Europea com a activitat que afavoreix la resoluci\u00f3 de problemes, la creativitat i el pensament estructurat. Les [&hellip;]<\/p>\n","protected":false},"author":28,"featured_media":0,"parent":5494,"menu_order":0,"comment_status":"closed","ping_status":"closed","template":"","meta":{"_bbp_topic_count":0,"_bbp_reply_count":0,"_bbp_total_topic_count":0,"_bbp_total_reply_count":0,"_bbp_voice_count":0,"_bbp_anonymous_reply_count":0,"_bbp_topic_count_hidden":0,"_bbp_reply_count_hidden":0,"_bbp_forum_subforum_count":0,"site-sidebar-layout":"default","site-content-layout":"","ast-site-content-layout":"","site-content-style":"default","site-sidebar-style":"default","ast-global-header-display":"","ast-banner-title-visibility":"","ast-main-header-display":"","ast-hfb-above-header-display":"","ast-hfb-below-header-display":"","ast-hfb-mobile-header-display":"","site-post-title":"","ast-breadcrumbs-content":"","ast-featured-img":"","footer-sml-layout":"","theme-transparent-header-meta":"","adv-header-id-meta":"","stick-header-meta":"","header-above-stick-meta":"","header-main-stick-meta":"","header-below-stick-meta":"","astra-migrate-meta-layouts":"default","ast-page-background-enabled":"default","ast-page-background-meta":{"desktop":{"background-color":"var(--ast-global-color-4)","background-image":"","background-repeat":"repeat","background-position":"center center","background-size":"auto","background-attachment":"scroll","background-type":"","background-media":"","overlay-type":"","overlay-color":"","overlay-opacity":"","overlay-gradient":""},"tablet":{"background-color":"","background-image":"","background-repeat":"repeat","background-position":"center center","background-size":"auto","background-attachment":"scroll","background-type":"","background-media":"","overlay-type":"","overlay-color":"","overlay-opacity":"","overlay-gradient":""},"mobile":{"background-color":"","background-image":"","background-repeat":"repeat","background-position":"center center","background-size":"auto","background-attachment":"scroll","background-type":"","background-media":"","overlay-type":"","overlay-color":"","overlay-opacity":"","overlay-gradient":""}},"ast-content-background-meta":{"desktop":{"background-color":"var(--ast-global-color-5)","background-image":"","background-repeat":"repeat","background-position":"center center","background-size":"auto","background-attachment":"scroll","background-type":"","background-media":"","overlay-type":"","overlay-color":"","overlay-opacity":"","overlay-gradient":""},"tablet":{"background-color":"var(--ast-global-color-5)","background-image":"","background-repeat":"repeat","background-position":"center center","background-size":"auto","background-attachment":"scroll","background-type":"","background-media":"","overlay-type":"","overlay-color":"","overlay-opacity":"","overlay-gradient":""},"mobile":{"background-color":"var(--ast-global-color-5)","background-image":"","background-repeat":"repeat","background-position":"center center","background-size":"auto","background-attachment":"scroll","background-type":"","background-media":"","overlay-type":"","overlay-color":"","overlay-opacity":"","overlay-gradient":""}},"footnotes":""},"class_list":["post-38","page","type-page","status-publish","hentry"],"post_mailing_queue_ids":[],"_links":{"self":[{"href":"https:\/\/agora.xtec.cat\/iesmartilhuma\/wp-json\/wp\/v2\/pages\/38","targetHints":{"allow":["GET"]}}],"collection":[{"href":"https:\/\/agora.xtec.cat\/iesmartilhuma\/wp-json\/wp\/v2\/pages"}],"about":[{"href":"https:\/\/agora.xtec.cat\/iesmartilhuma\/wp-json\/wp\/v2\/types\/page"}],"author":[{"embeddable":true,"href":"https:\/\/agora.xtec.cat\/iesmartilhuma\/wp-json\/wp\/v2\/users\/28"}],"replies":[{"embeddable":true,"href":"https:\/\/agora.xtec.cat\/iesmartilhuma\/wp-json\/wp\/v2\/comments?post=38"}],"version-history":[{"count":1,"href":"https:\/\/agora.xtec.cat\/iesmartilhuma\/wp-json\/wp\/v2\/pages\/38\/revisions"}],"predecessor-version":[{"id":5499,"href":"https:\/\/agora.xtec.cat\/iesmartilhuma\/wp-json\/wp\/v2\/pages\/38\/revisions\/5499"}],"up":[{"embeddable":true,"href":"https:\/\/agora.xtec.cat\/iesmartilhuma\/wp-json\/wp\/v2\/pages\/5494"}],"wp:attachment":[{"href":"https:\/\/agora.xtec.cat\/iesmartilhuma\/wp-json\/wp\/v2\/media?parent=38"}],"curies":[{"name":"wp","href":"https:\/\/api.w.org\/{rel}","templated":true}]}}