{"id":3361,"date":"2021-06-15T03:27:23","date_gmt":"2021-06-15T01:27:23","guid":{"rendered":"https:\/\/agora.xtec.cat\/iesmartilhuma\/?page_id=3361"},"modified":"2025-06-27T15:26:50","modified_gmt":"2025-06-27T13:26:50","slug":"afa","status":"publish","type":"page","link":"https:\/\/agora.xtec.cat\/iesmartilhuma\/linstitut\/afa\/","title":{"rendered":"AFA"},"content":{"rendered":"<p>&nbsp;<\/p>\n<table class=\" aligncenter\" style=\"height: 330px; width: 55.8912%;\" width=\"403\">\n<tbody>\n<tr>\n<td style=\"width: 52.0368%;\" colspan=\"2\">\n<h4 style=\"text-align: center;\">C\u00e0rrecs AFA curs 2025-2026<\/h4>\n<\/td>\n<\/tr>\n<tr>\n<td style=\"width: 40.8673%;\">Yatsyshyn Yatsyshyn, Olga<\/td>\n<td style=\"width: 11.1695%;\">Presidenta<\/td>\n<\/tr>\n<tr>\n<td style=\"width: 40.8673%;\">Ferr\u00e9 Berenguel, Cristina<\/td>\n<td style=\"width: 11.1695%;\">Vicepresidenta<\/td>\n<\/tr>\n<tr>\n<td style=\"width: 40.8673%;\">Gilabert Cobacho, Ver\u00f2nica<\/td>\n<td style=\"width: 11.1695%;\">Secret\u00e0ria<\/td>\n<\/tr>\n<tr>\n<td style=\"width: 40.8673%;\">Rozas Sanchez, Susana<\/td>\n<td style=\"width: 11.1695%;\">Tresorera<\/td>\n<\/tr>\n<tr>\n<td style=\"width: 40.8673%;\">Rodr\u00edguez Fort, Judit<\/td>\n<td style=\"width: 11.1695%;\">Vocal<\/td>\n<\/tr>\n<tr>\n<td style=\"width: 40.8673%;\">Rocamora Monta\u00f1\u00e9s, Montse<\/td>\n<td style=\"width: 11.1695%;\">Coordinaci\u00f3<\/td>\n<\/tr>\n<tr>\n<td style=\"width: 40.8673%;\"><\/td>\n<td style=\"width: 11.1695%;\"><\/td>\n<\/tr>\n<tr>\n<td style=\"width: 40.8673%;\"><\/td>\n<td style=\"width: 11.1695%;\"><\/td>\n<\/tr>\n<\/tbody>\n<\/table>\n<table class=\" aligncenter\" style=\"height: 127px; width: 835px;\" width=\"829\">\n<tbody>\n<tr>\n<td style=\"width: 180px;\">\n<h5><strong>mail<\/strong><\/h5>\n<\/td>\n<td style=\"width: 92.4062px;\">\n<h5><strong>WattsApp<\/strong><\/h5>\n<\/td>\n<td style=\"width: 89.5781px;\">\n<h5><strong>Tel\u00e8fon<\/strong><\/h5>\n<\/td>\n<td style=\"width: 334.641px;\">\n<h5><strong>Facebook<\/strong><\/h5>\n<\/td>\n<td style=\"width: 122.703px;\">\n<h5><strong>Telegram<\/strong><\/h5>\n<\/td>\n<\/tr>\n<tr>\n<td style=\"width: 180px;\"><a href=\"mailto:ampaimartilhuma@tinet.cat\" target=\"_blank\" rel=\"noopener noreferrer\">afa@iesmartilhuma.org<\/a><\/td>\n<td style=\"width: 92.4062px;\">616964811<\/td>\n<td style=\"width: 89.5781px;\">644016872<\/td>\n<td style=\"width: 334.641px;\"><a href=\"https:\/\/www.facebook.com\/ampainstitutmartilhuma\/\" target=\"_blank\" rel=\"noopener noreferrer\">https:\/\/www.facebook.com\/ampainstitutmartilhuma\/<\/a><\/td>\n<td style=\"width: 122.703px;\">t.me\/AMPAIMLH<\/td>\n<\/tr>\n<tr>\n<td style=\"width: 180px;\" colspan=\"4\"><a href=\"mailto:ampaimartilhuma@tinet.cat\" target=\"_blank\" rel=\"noopener noreferrer\">afadocu@iesmartilhuma.org<\/a>\u00a0 \u00a0(per enviar documentaci\u00f3)<\/td>\n<td style=\"width: 122.703px;\"><\/td>\n<\/tr>\n<tr>\n<td style=\"width: 827.328px;\" colspan=\"5\">\n<div><b>12<\/b><b>h a\u00a0<\/b><b>15<\/b><b>h tots els\u00a0<\/b><b>DIVENDRES\u00a0<\/b><b>a l\u2019oficina de l\u2019AFA\u00a0 a l\u2019Institut.<\/b><\/div>\n<div><b><i>Si no us va b\u00e9 aquest dia, poseu-vos en contacte amb nosaltres<\/i><\/b><b><i>\u00a0per concertar cita.<\/i><\/b><\/div>\n<\/td>\n<\/tr>\n<\/tbody>\n<\/table>\n<p>&nbsp;<\/p>\n<table class=\" aligncenter\" style=\"height: 183px; width: 64.0327%;\" width=\"470\">\n<tbody>\n<tr>\n<td style=\"width: 11.3379%;\" colspan=\"2\">\n<h4 style=\"text-align: center;\"><span style=\"color: #000000;\">Documents<\/span><\/h4>\n<\/td>\n<\/tr>\n<tr>\n<td style=\"width: 11.3379%;\" colspan=\"2\"><a href=\"https:\/\/agora.xtec.cat\/iesmartilhuma\/wp-content\/uploads\/usu239\/2025\/06\/01-INSCRIPCIO-SOCI-AFA-i-PROTEC-DADES-2025-26.pdf\">01 INSCRIPCI\u00d3 SOCI AFA i PROTEC DADES 2025-26<\/a><\/td>\n<\/tr>\n<tr>\n<td style=\"width: 11.3379%;\" colspan=\"2\"><a href=\"https:\/\/agora.xtec.cat\/iesmartilhuma\/wp-content\/uploads\/usu239\/2025\/06\/02-IDDINK-COMPRA-I-DEVOLUCIO-LLIBRES-AFA-Curs-2025-26.pdf\">02 IDDINK COMPRA I DEVOLUCI\u00d3 LLIBRES &#8211; AFA Curs 2025-26<\/a><\/td>\n<\/tr>\n<tr>\n<td style=\"width: 11.3379%;\" colspan=\"2\"><a href=\"https:\/\/agora.xtec.cat\/iesmartilhuma\/wp-content\/uploads\/usu239\/2025\/06\/03-COM-COMPRAR-ELS-LLIBRES-IDDINK-CURS-2025-26.pdf\">03 COM COMPRAR ELS LLIBRES IDDINK CURS 2025-26<\/a><\/td>\n<\/tr>\n<tr>\n<td colspan=\"2\"><a href=\"https:\/\/agora.xtec.cat\/iesmartilhuma\/wp-content\/uploads\/usu239\/2025\/06\/04-FORMAR-PART-DE-LA-JUNTA-AFA-curs-2025-26.pdf\">04 FORMAR PART DE LA JUNTA AFA curs 2025-26<\/a><\/td>\n<\/tr>\n<tr>\n<td style=\"width: 11.3379%;\" colspan=\"2\"><a href=\"https:\/\/agora.xtec.cat\/iesmartilhuma\/wp-content\/uploads\/usu239\/2025\/06\/05-FULLETO-INFORMACIO-AFA-CURS-2025-26.pdf\">05 FULLETO INFORMACI\u00d3 AFA CURS 2025-26<\/a><\/td>\n<\/tr>\n<\/tbody>\n<\/table>\n","protected":false},"excerpt":{"rendered":"<p>&nbsp; C\u00e0rrecs AFA curs 2025-2026 Yatsyshyn Yatsyshyn, Olga Presidenta Ferr\u00e9 Berenguel, Cristina Vicepresidenta Gilabert Cobacho, Ver\u00f2nica Secret\u00e0ria Rozas Sanchez, Susana Tresorera Rodr\u00edguez Fort, Judit Vocal Rocamora Monta\u00f1\u00e9s, Montse Coordinaci\u00f3 mail WattsApp Tel\u00e8fon Facebook Telegram afa@iesmartilhuma.org 616964811 644016872 https:\/\/www.facebook.com\/ampainstitutmartilhuma\/ t.me\/AMPAIMLH afadocu@iesmartilhuma.org\u00a0 \u00a0(per enviar documentaci\u00f3) 12h a\u00a015h tots els\u00a0DIVENDRES\u00a0a l\u2019oficina de l\u2019AFA\u00a0 a l\u2019Institut. Si no us [&hellip;]<\/p>\n","protected":false},"author":1,"featured_media":0,"parent":19,"menu_order":7,"comment_status":"closed","ping_status":"closed","template":"","meta":{"_bbp_topic_count":0,"_bbp_reply_count":0,"_bbp_total_topic_count":0,"_bbp_total_reply_count":0,"_bbp_voice_count":0,"_bbp_anonymous_reply_count":0,"_bbp_topic_count_hidden":0,"_bbp_reply_count_hidden":0,"_bbp_forum_subforum_count":0,"site-sidebar-layout":"default","site-content-layout":"","ast-site-content-layout":"default","site-content-style":"default","site-sidebar-style":"default","ast-global-header-display":"","ast-banner-title-visibility":"","ast-main-header-display":"","ast-hfb-above-header-display":"","ast-hfb-below-header-display":"","ast-hfb-mobile-header-display":"","site-post-title":"","ast-breadcrumbs-content":"","ast-featured-img":"","footer-sml-layout":"","theme-transparent-header-meta":"default","adv-header-id-meta":"","stick-header-meta":"","header-above-stick-meta":"","header-main-stick-meta":"","header-below-stick-meta":"","astra-migrate-meta-layouts":"set","ast-page-background-enabled":"default","ast-page-background-meta":{"desktop":{"background-color":"var(--ast-global-color-4)","background-image":"","background-repeat":"repeat","background-position":"center center","background-size":"auto","background-attachment":"scroll","background-type":"","background-media":"","overlay-type":"","overlay-color":"","overlay-opacity":"","overlay-gradient":""},"tablet":{"background-color":"","background-image":"","background-repeat":"repeat","background-position":"center center","background-size":"auto","background-attachment":"scroll","background-type":"","background-media":"","overlay-type":"","overlay-color":"","overlay-opacity":"","overlay-gradient":""},"mobile":{"background-color":"","background-image":"","background-repeat":"repeat","background-position":"center center","background-size":"auto","background-attachment":"scroll","background-type":"","background-media":"","overlay-type":"","overlay-color":"","overlay-opacity":"","overlay-gradient":""}},"ast-content-background-meta":{"desktop":{"background-color":"var(--ast-global-color-5)","background-image":"","background-repeat":"repeat","background-position":"center center","background-size":"auto","background-attachment":"scroll","background-type":"","background-media":"","overlay-type":"","overlay-color":"","overlay-opacity":"","overlay-gradient":""},"tablet":{"background-color":"var(--ast-global-color-5)","background-image":"","background-repeat":"repeat","background-position":"center center","background-size":"auto","background-attachment":"scroll","background-type":"","background-media":"","overlay-type":"","overlay-color":"","overlay-opacity":"","overlay-gradient":""},"mobile":{"background-color":"var(--ast-global-color-5)","background-image":"","background-repeat":"repeat","background-position":"center center","background-size":"auto","background-attachment":"scroll","background-type":"","background-media":"","overlay-type":"","overlay-color":"","overlay-opacity":"","overlay-gradient":""}},"footnotes":""},"class_list":["post-3361","page","type-page","status-publish","hentry"],"post_mailing_queue_ids":[],"_links":{"self":[{"href":"https:\/\/agora.xtec.cat\/iesmartilhuma\/wp-json\/wp\/v2\/pages\/3361","targetHints":{"allow":["GET"]}}],"collection":[{"href":"https:\/\/agora.xtec.cat\/iesmartilhuma\/wp-json\/wp\/v2\/pages"}],"about":[{"href":"https:\/\/agora.xtec.cat\/iesmartilhuma\/wp-json\/wp\/v2\/types\/page"}],"author":[{"embeddable":true,"href":"https:\/\/agora.xtec.cat\/iesmartilhuma\/wp-json\/wp\/v2\/users\/1"}],"replies":[{"embeddable":true,"href":"https:\/\/agora.xtec.cat\/iesmartilhuma\/wp-json\/wp\/v2\/comments?post=3361"}],"version-history":[{"count":6,"href":"https:\/\/agora.xtec.cat\/iesmartilhuma\/wp-json\/wp\/v2\/pages\/3361\/revisions"}],"predecessor-version":[{"id":7579,"href":"https:\/\/agora.xtec.cat\/iesmartilhuma\/wp-json\/wp\/v2\/pages\/3361\/revisions\/7579"}],"up":[{"embeddable":true,"href":"https:\/\/agora.xtec.cat\/iesmartilhuma\/wp-json\/wp\/v2\/pages\/19"}],"wp:attachment":[{"href":"https:\/\/agora.xtec.cat\/iesmartilhuma\/wp-json\/wp\/v2\/media?parent=3361"}],"curies":[{"name":"wp","href":"https:\/\/api.w.org\/{rel}","templated":true}]}}