{"id":27,"date":"2014-09-17T16:24:03","date_gmt":"2014-09-17T14:24:03","guid":{"rendered":"http:\/\/agora.xtec.cat\/iesmartilhuma\/?page_id=27"},"modified":"2024-01-29T14:32:53","modified_gmt":"2024-01-29T13:32:53","slug":"historia","status":"publish","type":"page","link":"https:\/\/agora.xtec.cat\/iesmartilhuma\/linstitut\/historia\/","title":{"rendered":"Hist\u00f2ria"},"content":{"rendered":"<p class=\"Estilo5\" align=\"justify\">L\u2019Institut Mart\u00ed l\u2019Hum\u00e0 neix de la fusi\u00f3 dels dos Instituts de la Vila de Montblanc: IES de F.P \u201cPere Berenguer\u201d i l\u2019IES de Batxillerat \u201cMontblanc\u201d . Tot seguit farem una breu hist\u00f2ria dels inicis fins als nostres dies.<\/p>\n<p class=\"Estilo6\" align=\"justify\">El desplegament de la<em> Ley de Educaci\u00f3n General<\/em>, anomenada tamb\u00e9 de Villar Palas\u00ed, recordant el ministre que la va endegar, signific\u00e0 la desaparici\u00f3 de les antigues escoles de <em>Maestr\u00eda Industrial <\/em>per passar als nous ensenyaments de <em>Formaci\u00f3n Profesional.<\/em><\/p>\n<p class=\"Estilo6\" align=\"justify\">A la prov\u00edncia de Tarragona es va dur una tasca d&#8217;implantaci\u00f3 d&#8217;aquest nou ensenyament de la m\u00e0 del Coordinador Sr. Francesc Magaroles. Amb l&#8217;obertura de tres centres en poblacions molt significatives com la Vila de Montblanc, El Vendrell i Cambrils l&#8217;any 1975. At\u00e8s que a la prov\u00edncia solament existien quatre centres hist\u00f2rics com el de Tarragona, Reus,Tortosa i Valls.<\/p>\n<p class=\"Estilo6\" align=\"justify\">El mes d&#8217;octubre de 1975 es va crear a la Vila un nou centre educatiu, <em>La Secci\u00f3n de Formaci\u00f3n Profesional <\/em>, adscrita <em>al Centro Nacional de Formaci\u00f3n Profesional de Valls<\/em>. Els estudis que s\u2019hi impartien eren de Primer Grau de Formaci\u00f3 Professional, amb dues especialitats: Administratiu i Electricitat. Era el primer centre educatiu de secund\u00e0ria de titularitat p\u00fablica al llarg de la m\u00e9s recent hist\u00f2ria educativa de la nostre Vila, des de la famosa Llei Moyano de 1857 que regulava l\u2019ensenyament i molt concretament el p\u00fablic.<\/p>\n<p class=\"Estilo6\" align=\"justify\">Els inicis van ser molt durs. S\u2019havia de donar a con\u00e8ixer a la Comarca un nou ensenyament, devaluat ja per la pr\u00f2pia llei. Es feia una diferenciaci\u00f3 en l\u2019acc\u00e9s. El material did\u00e0ctic ni existia. Nom\u00e9s ten\u00edem taules, cadires i pissarres. Tirar endavant un centre en aquestes condicions, va \u00e9sser una dur\u00edssima tasca. Per\u00f2 la il\u00b7lusi\u00f3 i la vocaci\u00f3 van suplir qualsevol mancan\u00e7a. L\u2019escola era una part de la teva vida. Es va comen\u00e7ar amb 30 alumnes i tres professors: M. Teresa Sans professora d\u2019Administratiu, Llu\u00eds Roca de Tecnologia i Ci\u00e8ncies i Montserrat Farr\u00e9 de Lletres que, a la vegada, feia de Professora Delegada. Tamb\u00e9 va haver-hi professors de suport, per a Educaci\u00f3 F\u00edsica en Dami\u00e0 Llobet i el Sr. Pleb\u00e0 Moss\u00e8n \u00c0ngel Bergad\u00e0, que impartia Religi\u00f3. Les tasques administratives les va fer Rosa Pallis\u00e9, funcion\u00e0ria de l\u2019Ajuntament de la Vila.<\/p>\n<p class=\"Estilo6\" align=\"justify\"><span class=\"Estilo2\"><span class=\"Estilo11\"><img loading=\"lazy\" decoding=\"async\" src=\"http:\/\/www.iesmartilhuma.org\/IES\/SeccondeFPde1e%20GradodelCentrodeFPdeValls.jpg\" alt=\"Antic edifici Secci\u00f3n F.P\" width=\"298\" height=\"233\" align=\"left\" \/><\/span><\/span>L\u2019edifici, propietat de l\u2019Ajuntament de la Vila, era l&#8217;antic Col\u00b7legi de les Germanes Carmelites. Ubicat a la pla\u00e7a Poblet i Teixid\u00f3, 10. L\u2019estat de conservaci\u00f3 era molt deficient. L\u2019alcalde d\u2019aquell moment \u2013 el Sr. Josep Gomis- va fer un gran esfor\u00e7 per millorar les prec\u00e0ries condicions de totes les instal\u00b7lacions. Tamb\u00e9 va tenir una intervenci\u00f3 en aturar, l\u2019any 1979, el tancament de la Formaci\u00f3 Professional de la Vila per problemes de manca de matriculaci\u00f3, segons l\u2019administraci\u00f3 central.<\/p>\n<p class=\"Estilo6\" align=\"justify\">En els anys seg\u00fcents es va augmentar el nombre d\u2019alumnes amb l\u2019ampliaci\u00f3 de cursos i amb l\u2019entrada d\u2019un nou professor per donar les classes de Pr\u00e0ctiques d\u2019Electricitat, en Ramon Borr\u00e0s.<\/p>\n<p class=\"Estilo6\" align=\"justify\">El Curs 1977-78 es van fer reformes importants a l\u2019edifici. L\u2019exterior va canviar d\u2019una manera radical, per l\u2019enderrocament dels patis de la fa\u00e7ana principal. S\u2019anava completant el material i consolidant el nombre de professors i alumnes. Aquest any el Professor Delegat fou Llu\u00eds Roca.<\/p>\n<p class=\"Estilo6\" align=\"justify\">El Curs 1978-79 es va renovar quasi tot el professorat, per trasllat, el nou Professor Delegat fou en Santiago Cabrerizo . El Curs 1979-80 va augmentar considerablement la matr\u00edcula i es van dur tasques de remodelaci\u00f3 i reformes de l\u2019interior de l\u2019edifici. Ampliant tallers, menjador, aules etc&#8230; A partir d\u2019aquests anys els objectius eren augmentar matr\u00edcula, per consolidar l\u2019FP, augmentar l\u2019equipament did\u00e0ctic i de tallers i sobretot un nou edifici.<\/p>\n<p class=\"Estilo6\" align=\"justify\">Al llarg d\u2019aquests cursos es va participar en experi\u00e8ncies de V\u00eddeo i introducci\u00f3 dels nous mitjans audiovisuals a la tasca docent, un element desconegut en aquella \u00e8poca, i de formaci\u00f3 continuada del professorat per les noves tasques que s\u2019anaven implantant en el sistema educatiu del moment. Tamb\u00e9 s\u2019aconsegu\u00ed l\u2019experimentaci\u00f3 de la Polival\u00e8ncia al 1r Grau d\u2019electricitat \u00fanica en tot Catalunya. Interessant-se molts centres de les caracter\u00edstiques de l\u2019esmentada experi\u00e8ncia educativa, no solament de Catalunya sin\u00f3 tamb\u00e9 de la resta de l\u2019Estat.<\/p>\n<p class=\"Estilo6\" align=\"justify\">La inauguraci\u00f3 del nou edifici tingu\u00e9 lloc el 23 de desembre de 1984 amb l\u2019assist\u00e8ncia del Molt Honorable Jordi Pujol . Aprofitant aquesta fita el Departament d\u2019Ensenyament de la Generalitat ens va concedir el 2n Grau d\u2019ensenyaments de Formaci\u00f3 Professional en les branques Administrativa i d\u2019Instal\u00b7lacions i L\u00ednies El\u00e8ctriques. L&#8217;edifici nou es trasllad\u00e0 a l&#8217;avinguda Dr. Folch s\/n.<\/p>\n<p class=\"Estilo6\" align=\"center\"><img loading=\"lazy\" decoding=\"async\" src=\"http:\/\/www.iesmartilhuma.org\/IES\/ds_InstitudeFPPereBerenguer.jpg\" alt=\"Nou Insititut F.P. &quot;Pere Berenguer&quot;\" width=\"341\" height=\"217\" \/><\/p>\n<p class=\"Estilo6\" align=\"justify\">Al llarg d\u2019aquests anys i posteriors ha estat molt important l\u2019esfor\u00e7 de col\u00b7laboraci\u00f3, participaci\u00f3 i ajut que ha donat l\u2019APA ( actualment AMiPA).<\/p>\n<p class=\"Estilo6\" align=\"justify\">L\u2019any 1985 el centre passa a denominar-se Secci\u00f3 de Formaci\u00f3 Professional \u201cPere Berenguer\u201d el Director Delegat fou en Santiago Cabrerizo. Paral\u00b7lelament aquell mateix any es cre\u00e0 el Centre de Batxillerat com una extensi\u00f3 de Batxillerat de l\u2019Institut \u201cNarc\u00eds Oller\u201d.<\/p>\n<p class=\"Estilo6\" align=\"center\">\n<p class=\"Estilo6\" align=\"justify\">L\u2019Institut de Batxillerat Montblanc fou constitu\u00eft com a centre P\u00fablic l\u2019any 1986 segons decret 322\/1986 del 23 d\u2019octubre d\u2019aquell any, publicat al D.O.G.C 776. Fins aquella data funcion\u00e0 com a extensi\u00f3 de l\u2019I.B. Narc\u00eds Oller de Valls, i anteriorment l\u2019edifici fou seu d\u2019una instituci\u00f3 educativa privada. Des del 1986 ha vingut desenvolupant les tasques de formaci\u00f3 educativa als nivells de Batxillerat i C.O.U.<\/p>\n<p class=\"Estilo6\" align=\"justify\">El centre estava format per vuit unitats:<\/p>\n<p class=\"Estilo6\" align=\"justify\">2 grups de 1r. de B.U.P<\/p>\n<p class=\"Estilo6\" align=\"justify\">2 grups de 2n. de B.U.P<\/p>\n<p class=\"Estilo6\" align=\"justify\">2 grups de 3r. de B.U.P<\/p>\n<p class=\"Estilo6\" align=\"justify\">2 grups de C.O.U<\/p>\n<p class=\"Estilo6\" align=\"justify\">El nombre d\u2019alumnes matriculats en cada curs escolar oscil\u00b7lava al voltant de 300, amb un claustre d\u2019uns 20 professors\/res i dues persones que feien les tasques d\u2019administraci\u00f3 i serveis.<\/p>\n<p class=\"Estilo6\" align=\"justify\">La seu de l\u2019Institut estava ubicada a la carretera d\u2019Artesa n\u00fam. 4<\/p>\n<p class=\"Estilo6\" align=\"justify\">Directors\/es de l\u2019Institut de Batxillerat de Montblanc:<\/p>\n<p class=\"Estilo6\" align=\"justify\">Curs 1986\/87<\/p>\n<p class=\"Estilo6\" align=\"justify\">Cap d\u2019estudis amb funcions de director: Sr. Joan Foguet.<\/p>\n<p class=\"Estilo6\" align=\"justify\">Curs 1987\/88 \u2013 1988\/89<\/p>\n<p class=\"Estilo6\" align=\"justify\">Directora: Sra. Montse Bofill<\/p>\n<p class=\"Estilo6\" align=\"justify\">Curs 1989\/90 \u2013 1990\/91<\/p>\n<p class=\"Estilo6\" align=\"justify\">Director: Sr. Antoni Vilaseca<\/p>\n<p class=\"Estilo6\" align=\"justify\">Curs 1991\/92<\/p>\n<p class=\"Estilo6\" align=\"justify\">Directora: Sra. Gemma Soler<\/p>\n<p class=\"Estilo6\" align=\"justify\">Curs 1992\/93 \u2013 1993\/94 \u2013 1994\/95 \u20131995\/96<\/p>\n<p class=\"Estilo6\" align=\"justify\">Directora: Sra. \u00c0ngels Casellas<\/p>\n<p class=\"Estilo6\" align=\"justify\">Curs 1996\/97<\/p>\n<p class=\"Estilo6\" align=\"justify\">Director: Sr. Josep M. Sans<\/p>\n<p class=\"Estilo6\" align=\"justify\">L\u2019any 1989 el centre de Formaci\u00f3 Professional es convert\u00ed en Institut de Formaci\u00f3 Professional \u201cPere Berenguer\u201d<\/p>\n<p class=\"Estilo6\" align=\"justify\">L\u2019any 1996 els dos centres de la Vila es converteixen amb la implantaci\u00f3 del nou sistema educatiu en Institut d\u2019Educaci\u00f3 Secund\u00e0ria \u201cPere Berenguer\u201d i Institut d\u2019Educaci\u00f3 Secund\u00e0ria \u201cMontblanc\u201d.<\/p>\n<p class=\"Estilo6\" align=\"justify\">A partir del curs 1996\/97 s\u2019inicia la fusi\u00f3 dels dos centres d\u2019Ensenyament de Secund\u00e0ria de la Vila, l\u2019Institut de Batxillerat &#8220;Montblanc&#8221; i l\u2019Institut de Formaci\u00f3 Professional &#8220;Pere Berenguer&#8221;.<\/p>\n<p class=\"Estilo6\" align=\"justify\">El nou centre pass\u00e0 a denominar-se IES &#8220;Mart\u00ed l\u2019Hum\u00e0&#8221; i el seu director \u00e9s en Santiago Cabrerizo. La ubicaci\u00f3 del nou centre era a l\u2019avinguda Dr. Folch s\/n. Ocupant altres espais curriculars: Edifici antic IES \u201cMontblanc\u201d, locals del CEIP de \u201cLes Muralles\u201d i Aules habilitades.<\/p>\n<p class=\"Estilo6\" align=\"justify\">En aquesta fase s\u2019iniciaren els nous ensenyaments d\u2019ESO, Batxillerat i Cicles de Formaci\u00f3 Professional. Aix\u00f2 implicava canviar totes les estructures de la cl\u00e0ssica secund\u00e0ria per l\u2019entrada d\u2019un col\u00b7lectiu d\u2019alumnes amb caracter\u00edstiques espec\u00edfiques pr\u00f2pies de la singularitat de l\u2019obligatorietat de l\u2019ensenyament.<\/p>\n<p class=\"Estilo6\" align=\"justify\">\u00c9s de destacar en aquest per\u00edode la lluita per aconseguir una ampliaci\u00f3 de l\u2019antic centre de Formaci\u00f3 Professional. S\u2019ha de fer esment a l\u2019esfor\u00e7 de col\u00b7laboraci\u00f3 que l\u2019AMiPA i la resta de la comunitat educativa va tenir per demanar a l\u2019Administraci\u00f3 aquesta nova ampliaci\u00f3 de qu\u00e8 avui ens sentim tan orgullosos.<\/p>\n<p class=\"Estilo6\" align=\"justify\">El 2 de febrer de 2001 \u00e9s inaugurada l&#8217;ampliaci\u00f3 de l&#8217;IES Mart\u00ed l&#8217;Hum\u00e0 per la Consellera d&#8217;Ensenyament Carme Laura Gil<\/p>\n<p class=\"Estilo6\" align=\"center\"><img loading=\"lazy\" decoding=\"async\" src=\"http:\/\/www.iesmartilhuma.org\/IES\/ds_2004ampliacoaulari.jpg\" alt=\"Ampliaci\u00f3 IES Mart\u00ed l'Hum\u00e0\" width=\"350\" height=\"243\" \/><\/p>\n<p class=\"Estilo6\" align=\"justify\">INAUGURACI\u00d3 OFICIAL DELS ACTES DEL 25\u00e8 ANIVERSARI<\/p>\n<p class=\"Estilo6\" align=\"justify\">Acte presidit per l\u2019Honorable Consellera d\u2019Ensenyament Carme Laura i Gil<\/p>\n<ul>\n<li class=\"Estilo8\">\n<div align=\"justify\">ACTE ACAD\u00c8MIC. CONFER\u00c8NCIA A C\u00c0RREC DE L\u2019HONORABLE DELEGAT TERRITORIAL DE LA GENERALITAT A MADRID JOSEP GOMIS I MART\u00cd.<\/div>\n<\/li>\n<li class=\"Estilo8\">\n<div align=\"justify\">CONCERT A C\u00c0RREC DE L&#8217;ORQUESTRA I GRUP DE VENT I INSTRUMENTAL DE L&#8217;ESCOLA MUNICIPAL DE M\u00daSICA DE MONTBLANC<\/div>\n<\/li>\n<li class=\"Estilo9\">ACTUACI\u00d3 DEL BALL DE BASTONS DE LA VILA<\/li>\n<\/ul>\n<p>&nbsp;<\/p>\n<p class=\"Estilo6\" align=\"center\"><img loading=\"lazy\" decoding=\"async\" src=\"http:\/\/www.iesmartilhuma.org\/IES\/25ANIV.jpg\" alt=\"Logo 25\u00e8 aniversari\" width=\"424\" height=\"115\" \/><\/p>\n<p class=\"Estilo6\" align=\"justify\">El curs 2000-2001 es commemor\u00e0 el 25\u00e8 aniversari de l&#8217;ensenyament p\u00fablica a la Vila de Montblanc amb tota una s\u00e8rie d&#8217;actes: jornades de portes obertes, dia de l&#8217;alumne, encontre de futbol amb l&#8217;infantil del Bar\u00e7a, sessi\u00f3 de m\u00e0gia a c\u00e0rrec del Mag Mag\u00fa, sopar de cloenda etc.<\/p>\n<p class=\"Estilo6\" align=\"justify\">A destacar confer\u00e8ncies d&#8217;Eudald Carbonell, Baltasar Porcel, Toni Soler.<\/p>\n<p class=\"Estilo6\" align=\"center\"><img loading=\"lazy\" decoding=\"async\" src=\"http:\/\/www.iesmartilhuma.org\/IES\/cartell25eaniversari.gif\" alt=\"cartell 25\u00e8 aniversari\" width=\"286\" height=\"393\" \/><\/p>\n<p class=\"Estilo6\" align=\"justify\">No ens oblidem del personal d\u2019administraci\u00f3 i serveis que amb la seva dedicaci\u00f3 han portat l\u2019administraci\u00f3 i el servei del centre amb tot zel i professionalitat. Un record per a ells i elles.<\/p>\n<p class=\"Estilo6\" align=\"justify\">Aquest tamb\u00e9 \u00e9s el moment de recordar a tot el col\u00b7lectiu de professors i professores que han passat per ambd\u00f3s centres i han deixat la seva empremta professional i educativa, tasques que han dut a consolidar i prestigiar la instituci\u00f3 educativa p\u00fablica de secund\u00e0ria a la Vila.<\/p>\n","protected":false},"excerpt":{"rendered":"<p>L\u2019Institut Mart\u00ed l\u2019Hum\u00e0 neix de la fusi\u00f3 dels dos Instituts de la Vila de Montblanc: IES de F.P \u201cPere Berenguer\u201d i l\u2019IES de Batxillerat \u201cMontblanc\u201d . Tot seguit farem una breu hist\u00f2ria dels inicis fins als nostres dies. El desplegament de la Ley de Educaci\u00f3n General, anomenada tamb\u00e9 de Villar Palas\u00ed, recordant el ministre que [&hellip;]<\/p>\n","protected":false},"author":1,"featured_media":0,"parent":19,"menu_order":20,"comment_status":"closed","ping_status":"closed","template":"","meta":{"_bbp_topic_count":0,"_bbp_reply_count":0,"_bbp_total_topic_count":0,"_bbp_total_reply_count":0,"_bbp_voice_count":0,"_bbp_anonymous_reply_count":0,"_bbp_topic_count_hidden":0,"_bbp_reply_count_hidden":0,"_bbp_forum_subforum_count":0,"site-sidebar-layout":"default","site-content-layout":"","ast-site-content-layout":"","site-content-style":"default","site-sidebar-style":"default","ast-global-header-display":"","ast-banner-title-visibility":"","ast-main-header-display":"","ast-hfb-above-header-display":"","ast-hfb-below-header-display":"","ast-hfb-mobile-header-display":"","site-post-title":"","ast-breadcrumbs-content":"","ast-featured-img":"","footer-sml-layout":"","theme-transparent-header-meta":"","adv-header-id-meta":"","stick-header-meta":"","header-above-stick-meta":"","header-main-stick-meta":"","header-below-stick-meta":"","astra-migrate-meta-layouts":"default","ast-page-background-enabled":"default","ast-page-background-meta":{"desktop":{"background-color":"var(--ast-global-color-4)","background-image":"","background-repeat":"repeat","background-position":"center center","background-size":"auto","background-attachment":"scroll","background-type":"","background-media":"","overlay-type":"","overlay-color":"","overlay-opacity":"","overlay-gradient":""},"tablet":{"background-color":"","background-image":"","background-repeat":"repeat","background-position":"center center","background-size":"auto","background-attachment":"scroll","background-type":"","background-media":"","overlay-type":"","overlay-color":"","overlay-opacity":"","overlay-gradient":""},"mobile":{"background-color":"","background-image":"","background-repeat":"repeat","background-position":"center center","background-size":"auto","background-attachment":"scroll","background-type":"","background-media":"","overlay-type":"","overlay-color":"","overlay-opacity":"","overlay-gradient":""}},"ast-content-background-meta":{"desktop":{"background-color":"var(--ast-global-color-5)","background-image":"","background-repeat":"repeat","background-position":"center center","background-size":"auto","background-attachment":"scroll","background-type":"","background-media":"","overlay-type":"","overlay-color":"","overlay-opacity":"","overlay-gradient":""},"tablet":{"background-color":"var(--ast-global-color-5)","background-image":"","background-repeat":"repeat","background-position":"center center","background-size":"auto","background-attachment":"scroll","background-type":"","background-media":"","overlay-type":"","overlay-color":"","overlay-opacity":"","overlay-gradient":""},"mobile":{"background-color":"var(--ast-global-color-5)","background-image":"","background-repeat":"repeat","background-position":"center center","background-size":"auto","background-attachment":"scroll","background-type":"","background-media":"","overlay-type":"","overlay-color":"","overlay-opacity":"","overlay-gradient":""}},"footnotes":""},"class_list":["post-27","page","type-page","status-publish","hentry"],"post_mailing_queue_ids":[],"_links":{"self":[{"href":"https:\/\/agora.xtec.cat\/iesmartilhuma\/wp-json\/wp\/v2\/pages\/27","targetHints":{"allow":["GET"]}}],"collection":[{"href":"https:\/\/agora.xtec.cat\/iesmartilhuma\/wp-json\/wp\/v2\/pages"}],"about":[{"href":"https:\/\/agora.xtec.cat\/iesmartilhuma\/wp-json\/wp\/v2\/types\/page"}],"author":[{"embeddable":true,"href":"https:\/\/agora.xtec.cat\/iesmartilhuma\/wp-json\/wp\/v2\/users\/1"}],"replies":[{"embeddable":true,"href":"https:\/\/agora.xtec.cat\/iesmartilhuma\/wp-json\/wp\/v2\/comments?post=27"}],"version-history":[{"count":3,"href":"https:\/\/agora.xtec.cat\/iesmartilhuma\/wp-json\/wp\/v2\/pages\/27\/revisions"}],"predecessor-version":[{"id":467,"href":"https:\/\/agora.xtec.cat\/iesmartilhuma\/wp-json\/wp\/v2\/pages\/27\/revisions\/467"}],"up":[{"embeddable":true,"href":"https:\/\/agora.xtec.cat\/iesmartilhuma\/wp-json\/wp\/v2\/pages\/19"}],"wp:attachment":[{"href":"https:\/\/agora.xtec.cat\/iesmartilhuma\/wp-json\/wp\/v2\/media?parent=27"}],"curies":[{"name":"wp","href":"https:\/\/api.w.org\/{rel}","templated":true}]}}