{"id":1749,"date":"2019-03-29T19:30:55","date_gmt":"2019-03-29T18:30:55","guid":{"rendered":"http:\/\/agora.xtec.cat\/iesmartilhuma\/?page_id=1749"},"modified":"2024-01-30T13:42:21","modified_gmt":"2024-01-30T12:42:21","slug":"cfgm-atencio-a-persones-en-situacio-de-dependencia-torn-mati","status":"publish","type":"page","link":"https:\/\/agora.xtec.cat\/iesmartilhuma\/oferta-educativa\/ensenyaments-postobligatoris-a-linstitut-marti-lhuma\/cfgm-atencio-a-persones-en-situacio-de-dependencia-torn-mati\/","title":{"rendered":"CFGM Atenci\u00f3 a persones en situaci\u00f3 de depend\u00e8ncia (Torn Mat\u00ed)"},"content":{"rendered":"<p>&nbsp;<\/p>\n<p style=\"text-align: center;\">El CFGM Atenci\u00f3 a persones en situaci\u00f3 de depend\u00e8ncia<\/p>\n<p style=\"text-align: center;\"><a href=\"https:\/\/agora.xtec.cat\/iesmartilhuma\/wp-content\/uploads\/usu239\/2023\/05\/Presentacio_CFGM-_APSD.pptx-1.pdf\">Presentaci\u00f3_CFGM _APSD.pptx (1)<\/a><\/p>\n<p style=\"text-align: center;\"><a style=\"color: #2795b6;\" href=\"https:\/\/triaeducativa.gencat.cat\/ca\/fp\/grau-mitja\/families-professionals\/serveis-socioculturals-comunitat\/\" target=\"_blank\" rel=\"noopener noreferrer\">M\u00e9s informaci\u00f3 del Departament d&#8217;Educaci\u00f3<\/a><\/p>\n<p>&nbsp;<\/p>\n<p><strong>1. COMPET\u00c8NCIA GENERAL<\/strong><\/p>\n<p>Aquests estudis capaciten per atendre les persones en situaci\u00f3 de depend\u00e8ncia, en l&#8217;\u00e0mbit domiciliari i institucional, a fi de mantenir i millorar la seva qualitat de vida, fent activitats assistencials, no sanit\u00e0ries, psicosocials i de suport a la gesti\u00f3 dom\u00e8stica, i aplicant mesures i normes de prevenci\u00f3 i seguretat i derivant-les a altres serveis quan calgui.<\/p>\n","protected":false},"excerpt":{"rendered":"<p>&nbsp; El CFGM Atenci\u00f3 a persones en situaci\u00f3 de depend\u00e8ncia Presentaci\u00f3_CFGM _APSD.pptx (1) M\u00e9s informaci\u00f3 del Departament d&#8217;Educaci\u00f3 &nbsp; 1. COMPET\u00c8NCIA GENERAL Aquests estudis capaciten per atendre les persones en situaci\u00f3 de depend\u00e8ncia, en l&#8217;\u00e0mbit domiciliari i institucional, a fi de mantenir i millorar la seva qualitat de vida, fent activitats assistencials, no sanit\u00e0ries, psicosocials [&hellip;]<\/p>\n","protected":false},"author":1,"featured_media":0,"parent":2539,"menu_order":2,"comment_status":"closed","ping_status":"closed","template":"","meta":{"_bbp_topic_count":0,"_bbp_reply_count":0,"_bbp_total_topic_count":0,"_bbp_total_reply_count":0,"_bbp_voice_count":0,"_bbp_anonymous_reply_count":0,"_bbp_topic_count_hidden":0,"_bbp_reply_count_hidden":0,"_bbp_forum_subforum_count":0,"site-sidebar-layout":"default","site-content-layout":"","ast-site-content-layout":"","site-content-style":"default","site-sidebar-style":"default","ast-global-header-display":"","ast-banner-title-visibility":"","ast-main-header-display":"","ast-hfb-above-header-display":"","ast-hfb-below-header-display":"","ast-hfb-mobile-header-display":"","site-post-title":"","ast-breadcrumbs-content":"","ast-featured-img":"","footer-sml-layout":"","theme-transparent-header-meta":"","adv-header-id-meta":"","stick-header-meta":"","header-above-stick-meta":"","header-main-stick-meta":"","header-below-stick-meta":"","astra-migrate-meta-layouts":"default","ast-page-background-enabled":"default","ast-page-background-meta":{"desktop":{"background-color":"var(--ast-global-color-4)","background-image":"","background-repeat":"repeat","background-position":"center center","background-size":"auto","background-attachment":"scroll","background-type":"","background-media":"","overlay-type":"","overlay-color":"","overlay-opacity":"","overlay-gradient":""},"tablet":{"background-color":"","background-image":"","background-repeat":"repeat","background-position":"center center","background-size":"auto","background-attachment":"scroll","background-type":"","background-media":"","overlay-type":"","overlay-color":"","overlay-opacity":"","overlay-gradient":""},"mobile":{"background-color":"","background-image":"","background-repeat":"repeat","background-position":"center center","background-size":"auto","background-attachment":"scroll","background-type":"","background-media":"","overlay-type":"","overlay-color":"","overlay-opacity":"","overlay-gradient":""}},"ast-content-background-meta":{"desktop":{"background-color":"var(--ast-global-color-5)","background-image":"","background-repeat":"repeat","background-position":"center center","background-size":"auto","background-attachment":"scroll","background-type":"","background-media":"","overlay-type":"","overlay-color":"","overlay-opacity":"","overlay-gradient":""},"tablet":{"background-color":"var(--ast-global-color-5)","background-image":"","background-repeat":"repeat","background-position":"center center","background-size":"auto","background-attachment":"scroll","background-type":"","background-media":"","overlay-type":"","overlay-color":"","overlay-opacity":"","overlay-gradient":""},"mobile":{"background-color":"var(--ast-global-color-5)","background-image":"","background-repeat":"repeat","background-position":"center center","background-size":"auto","background-attachment":"scroll","background-type":"","background-media":"","overlay-type":"","overlay-color":"","overlay-opacity":"","overlay-gradient":""}},"footnotes":""},"class_list":["post-1749","page","type-page","status-publish","hentry"],"post_mailing_queue_ids":[],"_links":{"self":[{"href":"https:\/\/agora.xtec.cat\/iesmartilhuma\/wp-json\/wp\/v2\/pages\/1749","targetHints":{"allow":["GET"]}}],"collection":[{"href":"https:\/\/agora.xtec.cat\/iesmartilhuma\/wp-json\/wp\/v2\/pages"}],"about":[{"href":"https:\/\/agora.xtec.cat\/iesmartilhuma\/wp-json\/wp\/v2\/types\/page"}],"author":[{"embeddable":true,"href":"https:\/\/agora.xtec.cat\/iesmartilhuma\/wp-json\/wp\/v2\/users\/1"}],"replies":[{"embeddable":true,"href":"https:\/\/agora.xtec.cat\/iesmartilhuma\/wp-json\/wp\/v2\/comments?post=1749"}],"version-history":[{"count":3,"href":"https:\/\/agora.xtec.cat\/iesmartilhuma\/wp-json\/wp\/v2\/pages\/1749\/revisions"}],"predecessor-version":[{"id":4869,"href":"https:\/\/agora.xtec.cat\/iesmartilhuma\/wp-json\/wp\/v2\/pages\/1749\/revisions\/4869"}],"up":[{"embeddable":true,"href":"https:\/\/agora.xtec.cat\/iesmartilhuma\/wp-json\/wp\/v2\/pages\/2539"}],"wp:attachment":[{"href":"https:\/\/agora.xtec.cat\/iesmartilhuma\/wp-json\/wp\/v2\/media?parent=1749"}],"curies":[{"name":"wp","href":"https:\/\/api.w.org\/{rel}","templated":true}]}}