{"id":1706,"date":"2019-02-23T19:52:06","date_gmt":"2019-02-23T18:52:06","guid":{"rendered":"http:\/\/agora.xtec.cat\/iesmartilhuma\/?page_id=1706"},"modified":"2024-01-30T13:44:17","modified_gmt":"2024-01-30T12:44:17","slug":"manteniment-electromecanic","status":"publish","type":"page","link":"https:\/\/agora.xtec.cat\/iesmartilhuma\/oferta-educativa\/ensenyaments-postobligatoris-a-linstitut-marti-lhuma\/manteniment-electromecanic\/","title":{"rendered":"CFGM Manteniment Electromec\u00e0nic (FORMACI\u00d3 DUAL) (Torn Mat\u00ed)"},"content":{"rendered":"<p style=\"text-align: center;\"><iframe loading=\"lazy\" src=\"\/\/www.youtube.com\/embed\/AC4NY9CyHyU\" width=\"853\" height=\"480\" frameborder=\"0\"><\/iframe><\/p>\n<div style=\"width: 640px;\" class=\"wp-video\"><!--[if lt IE 9]><script>document.createElement('video');<\/script><![endif]-->\n<video class=\"wp-video-shortcode\" id=\"video-1706-1\" width=\"640\" height=\"480\" preload=\"metadata\" controls=\"controls\"><source type=\"video\/mp4\" src=\"https:\/\/agora.xtec.cat\/iesmartilhuma\/wp-content\/uploads\/usu239\/2020\/05\/Presentaci\u00f3_CFGM_MEL-1.mp4?_=1\" \/><a href=\"https:\/\/agora.xtec.cat\/iesmartilhuma\/wp-content\/uploads\/usu239\/2020\/05\/Presentaci\u00f3_CFGM_MEL-1.mp4\">https:\/\/agora.xtec.cat\/iesmartilhuma\/wp-content\/uploads\/usu239\/2020\/05\/Presentaci\u00f3_CFGM_MEL-1.mp4<\/a><\/video><\/div>\n<p>&nbsp;<\/p>\n<p style=\"text-align: center;\"><a href=\"https:\/\/agora.xtec.cat\/iesmartilhuma\/wp-content\/uploads\/usu239\/2020\/05\/CFGM_MEL.pdf\" target=\"_blank\" rel=\"noopener noreferrer\"><img loading=\"lazy\" decoding=\"async\" class=\"wp-image-2606 aligncenter\" src=\"https:\/\/agora.xtec.cat\/iesmartilhuma\/wp-content\/uploads\/usu239\/2020\/05\/pdf.jpg\" alt=\"\" width=\"64\" height=\"44\" \/><\/a><a href=\"https:\/\/agora.xtec.cat\/iesmartilhuma\/wp-content\/uploads\/usu239\/2020\/05\/CFGM_MEL.pdf\" target=\"_blank\" rel=\"noopener noreferrer\">El CFGM de Manteniment Electromec\u00e0nic a l&#8217;Institut Mart\u00ed l&#8217;Hum\u00e0<\/a><\/p>\n<p style=\"text-align: center;\"><a href=\"http:\/\/queestudiar.gencat.cat\/ca\/estudis\/fp\/cicles\/gm\/installacio-manteniment\/?p_id=1490&amp;estudi\" target=\"_blank\" rel=\"noopener noreferrer\">M\u00e9s informaci\u00f3 del Departament d&#8217;Educaci\u00f3<\/a><\/p>\n<p>&nbsp;<\/p>\n<p><strong>1. COMPET\u00c8NCIA GENERAL<\/strong><\/p>\n<p>La compet\u00e8ncia general d&#8217;aquest t\u00edtol consisteix a muntar i mantenir maquin\u00e0ria i equip industrial i l\u00ednies automatitzades de producci\u00f3 d&#8217;acord amb els reglaments i normes establertes, seguint els protocols de qualitat, de seguretat i de prevenci\u00f3 de riscos laborals i respecte ambiental.<\/p>\n<p>&nbsp;<\/p>\n<p><strong>2. COMPET\u00c8NCIES PROFESSIONALS, PERSONALS I SOCIALS<\/strong><strong>\u00a0<\/strong><\/p>\n<ol>\n<li>a) Obtenir les dades necess\u00e0ries a partir de la documentaci\u00f3 t\u00e8cnica per realitzar les operacions associades al muntatge i manteniment de les instal\u00b7lacions.<\/li>\n<li>b) Elaborar el pressupost de muntatge o de manteniment de les instal\u00b7lacions.<\/li>\n<li>c) Aprovisionar els recursos i mitjans necessaris per escometre l&#8217;execuci\u00f3 del muntatge o del manteniment de les instal\u00b7lacions.<\/li>\n<li>d) Proposar modificacions de les instal\u00b7lacions d&#8217;acord amb la documentaci\u00f3 t\u00e8cnica per garantir la viabilitat del muntatge, resolent els problemes de la seva compet\u00e8ncia i informant d&#8217;altres conting\u00e8ncies.<\/li>\n<li>e) Muntar els sistemes mec\u00e0nics, hidr\u00e0ulics, pneum\u00e0tics i altres elements auxiliars associats a les instal\u2022lacions electromec\u00e0niques.<\/li>\n<li>f) Muntar sistemes el\u00e8ctrics i de regulaci\u00f3 i control associats a les instal\u2022lacions electromec\u00e0niques, en condicions de qualitat i seguretat.<\/li>\n<li>g) Fabricar i\/o unir components mec\u00e0nics per al manteniment i muntatge de les instal\u2022lacions electromec\u00e0niques.<\/li>\n<li>h) Realitzar les proves i verificacions, tant funcionals com reglament\u00e0ries, de les instal\u2022lacions per comprovar i ajustar-ne el funcionament.<\/li>\n<li>i) Diagnosticar les disfuncions dels equips i elements de les instal\u2022lacions, utilitzant els mitjans apropiats i aplicant procediments establerts amb la seguretat requerida.<\/li>\n<li>j) Reparar, mantenir i substituir equips i elements en les instal\u2022lacions per assegurar o restablir les condicions de funcionament.<\/li>\n<li>k) Posar en marxa la instal\u2022laci\u00f3, realitzant les proves de seguretat i de funcionament de les m\u00e0quines, automatismes i dispositius de seguretat, despr\u00e9s del muntatge o manteniment d&#8217;una instal\u2022laci\u00f3.<\/li>\n<li>l) Emplenar la documentaci\u00f3 t\u00e8cnica i administrativa associada als processos de muntatge i de manteniment de les instal\u2022lacions.<\/li>\n<li>m) Adaptar-se a les noves situacions laborals originades per canvis tecnol\u00f2gics i organitzatius en els processos productius, actualitzant els seus coneixements, utilitzant els recursos existents per a l&#8217;aprenentatge al llarg de la vida i les tecnologies de la informaci\u00f3 i la comunicaci\u00f3.<\/li>\n<li>n) Actuar amb responsabilitat i autonomia en l&#8217;\u00e0mbit de la seva compet\u00e8ncia, organitzant i desenvolupant el treball assignat cooperant o treballant en equip amb altres professionals en l&#8217;entorn de treball.<\/li>\n<li>o) Resoldre de forma responsable les incid\u00e8ncies relatives a la seva activitat, identificant les causes que les provoquen, dins l&#8217;\u00e0mbit de la seva compet\u00e8ncia i autonomia.<\/li>\n<li>p) Comunicar-se efica\u00e7ment, respectant l&#8217;autonomia i la compet\u00e8ncia de les diferents persones que intervenen en l&#8217;\u00e0mbit del seu treball.<\/li>\n<li>q) Aplicar els protocols i les mesures preventives de riscos laborals i protecci\u00f3 ambiental durant el proc\u00e9s productiu, per evitar danys en les persones i en l&#8217;entorn laboral i ambiental.<\/li>\n<li>r) Aplicar procediments de qualitat, d&#8217;accessibilitat universal i de \u201cdisseny per a tothom\u201d en les activitats professionals incloses en els processos de producci\u00f3 o prestaci\u00f3 de serveis.<\/li>\n<li>s) Realitzar la gesti\u00f3 b\u00e0sica per a la creaci\u00f3 i funcionament d&#8217;una petita empresa i tenir iniciativa en la seva activitat professional.<\/li>\n<li>t) Exercir els seus drets i complir amb les obligacions derivades de la seva activitat professional, d&#8217;acord amb el que estableix la legislaci\u00f3<\/li>\n<li>u) Interpretar en llengua anglesa documents t\u00e8cnics senzills i les comunicacions b\u00e0siques en els circuits d\u2019una empresa del sector del manteniment electromec\u00e0nic.<\/li>\n<\/ol>\n<p>&nbsp;<\/p>\n<p><strong>3. CAPACITATS CLAU<\/strong><\/p>\n<p>S\u00f3n les capacitats transversals que afecten diferents llocs de treball i que s\u00f3n transferibles a noves situacions de treball. Entre aquestes capacitats destaquen les d\u2019autonomia, d\u2019innovaci\u00f3, d\u2019organitzaci\u00f3 del treball, de responsabilitat, de relaci\u00f3 interpersonal, de treball en equip i de resoluci\u00f3 de problemes.<\/p>\n<p>L\u2019equip docent ha de potenciar l\u2019adquisici\u00f3 de les compet\u00e8ncies professionals, personals i socials i de les capacitats clau a partir de les activitats programades per desplegar el curr\u00edculum d\u2019aquest cicle formatiu.<\/p>\n<p>&nbsp;<\/p>\n<p><strong>4. QUALIFICACIONS PROFESSIONALS<\/strong><strong style=\"font-family: inherit; font-size: 1em;\">\u00a0<\/strong><\/p>\n<table width=\"0\">\n<tbody>\n<tr>\n<td colspan=\"2\" width=\"634\"><strong>QUALIFICACIONS\u00a0 PROFESSIONALS INCLOSES EN EL T\u00cdTOL<\/strong><\/td>\n<\/tr>\n<tr>\n<td width=\"201\"><strong>Qualificaci\u00f3 completa<\/strong><\/td>\n<td width=\"433\"><strong>Denominaci\u00f3 UC<\/strong><\/td>\n<\/tr>\n<tr>\n<td rowspan=\"2\" width=\"201\">ELE599_2<\/p>\n<p>Muntatge y manteniment de sistemes d\u2019automatitzaci\u00f3 industrial<\/td>\n<td width=\"433\">UC1978_2: Muntar sistemes d\u2019automatitzaci\u00f3 industrial.<\/td>\n<\/tr>\n<tr>\n<td width=\"433\">UC1979_2: Mantenir sistemes d\u2019automatitzaci\u00f3 industrial.<\/td>\n<\/tr>\n<tr>\n<td rowspan=\"2\" width=\"201\">IM_2-041_2 Manteniment i muntatge mec\u00e0nic d\u2019equip industrial.<\/td>\n<td width=\"433\">UC_2-0116-11_2: Muntar i mantenir maquinaria i equip mec\u00e0nic.<\/td>\n<\/tr>\n<tr>\n<td width=\"433\">UC_2-0117-11_2: Mantenir sistemes mec\u00e0nics hidr\u00e0ulics i pneum\u00e0tics de l\u00ednies de producci\u00f3 automatitzades.<\/td>\n<\/tr>\n<tr>\n<td rowspan=\"3\" width=\"201\">FM_2-352_2 Muntatge y posada en marxa de bens d\u2019equip i maquinaria industrial<\/p>\n<p>&nbsp;<\/td>\n<td width=\"433\">UC_2-1263-11_2: Muntar, reparar i posar en marxa sistemes mec\u00e0nics.<\/td>\n<\/tr>\n<tr>\n<td width=\"433\">UC_2-1264-11_2: Muntar, reparar i posar en marxa sistemes pneum\u00e0tics, hidr\u00e0ulics, el\u00e8ctrics i electr\u00f2nics de bens d\u2019equip i maquinaria industrial.<\/td>\n<\/tr>\n<tr>\n<td width=\"433\">UC_2-1265-11_2: Realitzar operacions de mecanitzat i uni\u00f3 en processos de muntatge de bens d\u2019equip i maquin\u00e0ria industrial.<\/td>\n<\/tr>\n<\/tbody>\n<\/table>\n<p><strong>\u00a0<\/strong><\/p>\n<p><strong>5. OBJECTIUS GENERALS<\/strong><strong style=\"font-family: inherit; font-size: 1em;\">\u00a0<\/strong><\/p>\n<ol>\n<li>a) Identificar la informaci\u00f3 rellevant, interpretant pl\u00e0nols, esquemes i fitxes t\u00e8cniques per obtenir les dades necess\u00e0ries.<\/li>\n<li>b) Valorar materials i m\u00e0 d\u2019obra, consultant cat\u00e0legs, tarifes de fabricant i taxes hor\u00e0ries per elaborar pressupostos.<\/li>\n<li>c) Seleccionar eines i equips, utilitzant esquemes de muntatge i instruccions de manteniment per aprovisionar els recursos.<\/li>\n<li>d) Documentar els problemes identificats de la seva compet\u00e8ncia, realitzant els pl\u00e0nols o croquis necessaris per proposar modificacions de les instal\u2022lacions.<\/li>\n<li>e) Identificar els components hidr\u00e0ulics, pneum\u00e0tics i elements auxiliars d\u2019una instal\u2022laci\u00f3 electromec\u00e0nica, interpretant la documentaci\u00f3 t\u00e8cnica per muntar els sistemes mec\u00e0nics.<\/li>\n<li>f) Fixar i connectar els components hidr\u00e0ulics, pneum\u00e0tics i elements auxiliars d\u2019una instal\u2022laci\u00f3 electromec\u00e0nica, manejant eines i aplicant t\u00e8cniques de muntatge per muntar els sistemes mec\u00e0nics.<\/li>\n<li>g) Identificar els components el\u00e8ctrics i de regulaci\u00f3 i control, interpretant la documentaci\u00f3 t\u00e8cnica per muntar sistemes el\u00e8ctrics.<\/li>\n<li>h) Acoblar i connectar els components el\u00e8ctrics i de regulaci\u00f3 i control, utilitzant les eines i la instrumentaci\u00f3 adequades per muntar sistemes el\u00e8ctrics.<\/li>\n<li>i) Seleccionar m\u00e0quines i eines, interpretant pl\u00e0nols i fulls de proc\u00e9s per fabricar i unir components mec\u00e0nics.<\/li>\n<li>j) Aplicar t\u00e8cniques de mecanitzaci\u00f3 i uni\u00f3, operant m\u00e0quines i eines per fabricar i unir components mec\u00e0nics.<\/li>\n<li>k) Seleccionar equips i aparells de mesura, relacionant els par\u00e0metres a mesurar amb els equips i aparells per fer proves i verificacions.<\/li>\n<li>l) Aplicar t\u00e8cniques de mesura i verificaci\u00f3 tenint en compte els par\u00e0metres a mesurar i valorant els resultats obtinguts per realitzar proves i verificacions.<\/li>\n<li>m) Identificar i localitzar la causa de la disfunci\u00f3, relacionant-la amb els efectes produ\u00efts per diagnosticar disfuncions.<\/li>\n<li>n) Determinar el procediment operatiu a dur a terme, interpretant els manuals d\u2019instruccions dels equips o manuals de procediments per reparar i mantenir.<\/li>\n<li>o) Analitzar el funcionament de les instal\u2022lacions, identificant-ne els blocs i funcions per diagnosticar disfuncions.<\/li>\n<li>p) Aplicar t\u00e8cniques de reparaci\u00f3, manteniment i substituci\u00f3 d\u2019elements, utilitzant els estris, eines i interpretant la documentaci\u00f3 t\u00e8cnica per reparar i mantenir.<\/li>\n<li>q) Ajustar els elements de regulaci\u00f3, control i seguretat de la instal\u2022laci\u00f3, usant els estris, eines i equips de mesura adequats i tenint en compte els par\u00e0metres de refer\u00e8ncia per posar en marxa la instal\u2022laci\u00f3.<\/li>\n<li>r) Verificar el funcionament de l\u2019equip, m\u00e0quina o instal\u2022laci\u00f3, aplicant el procediment operatiu per posar en marxa la instal\u2022laci\u00f3.<\/li>\n<li>s) Analitzar i utilitzar els recursos existents per a l\u2019aprenentatge al llarg de la vida i les tecnologies de la informaci\u00f3 i la comunicaci\u00f3 per aprendre i actualitzar els seus coneixements, reconeixent les possibilitats de millora professional i personal, per adaptar-se a diferents situacions professionals i laborals.<\/li>\n<li>t) Desenvolupar treballs en equip i valorar-ne l\u2019organitzaci\u00f3, participant amb toler\u00e0ncia i respecte, i prendre decisions col\u2022lectives o individuals per actuar amb responsabilitat i autonomia.<\/li>\n<li>u) Adoptar i valorar solucions creatives davant de problemes i conting\u00e8ncies que es presenten en el desenvolupament dels processos de treball, per resoldre de forma responsable les incid\u00e8ncies de la seva activitat.<\/li>\n<li>v) Aplicar t\u00e8cniques de comunicaci\u00f3, adaptant-se als continguts que es van a transmetre, a la seva finalitat i a les caracter\u00edstiques dels receptors, per assegurar l\u2019efic\u00e0cia del proc\u00e9s.<\/li>\n<li>w) Analitzar els riscos ambientals i laborals associats a l\u2019activitat professional, relacionant-los amb les causes que els produeixen, per tal de fonamentar les mesures preventives que s\u2019adoptaran, i aplicar els protocols corresponents per evitar danys en un mateix, en les altres persones, en l\u2019entorn i en el medi ambient.<\/li>\n<li>x) Analitzar i aplicar les t\u00e8cniques necess\u00e0ries per donar resposta a l\u2019accessibilitat universal i al \u201cdisseny per a tothom\u201d.<\/li>\n<li>y) Aplicar i analitzar les t\u00e8cniques necess\u00e0ries per millorar els procediments de qualitat del treball en el proc\u00e9s d\u2019aprenentatge i del sector productiu de refer\u00e8ncia.<\/li>\n<li>z) Utilitzar procediments relacionats amb la cultura emprenedora, empresarial i d&#8217;iniciativa professional, per realitzar la gesti\u00f3 b\u00e0sica d\u2019una petita empresa o emprendre una feina.<\/li>\n<li>aa) Recon\u00e8ixer els seus drets i deures com a agent actiu en la societat, tenint en compte el marc legal que regula les condicions socials i laborals, per participar com a ciutad\u00e0 democr\u00e0tic.<\/li>\n<li>ab) Recon\u00e8ixer i seleccionar el vocabulari t\u00e8cnic b\u00e0sic i les expressions m\u00e9s habituals en llengua anglesa per interpretar documentaci\u00f3 t\u00e8cnica senzilla i comunicar-se en situacions quotidianes a l\u2019empresa.<\/li>\n<\/ol>\n<p><strong>\u00a0<\/strong><\/p>\n<p><strong>6. TAULA DE M\u00d2DULS I DURADA<\/strong><strong style=\"font-family: inherit; font-size: 1em;\">\u00a0<\/strong><\/p>\n<table width=\"0\">\n<tbody>\n<tr>\n<td width=\"389\"><strong>M\u00f2duls Professionals<\/strong><\/td>\n<td width=\"72\"><strong>Durada<\/strong><\/td>\n<td width=\"169\"><\/td>\n<\/tr>\n<tr>\n<td width=\"389\">T\u00e8cniques de fabricaci\u00f3<\/td>\n<td width=\"72\">198<\/td>\n<td width=\"169\"><\/td>\n<\/tr>\n<tr>\n<td width=\"389\">T\u00e8cniques d&#8217;uni\u00f3 i muntatge.<\/td>\n<td width=\"72\">132<\/td>\n<td width=\"169\"><\/td>\n<\/tr>\n<tr>\n<td width=\"389\">Electricitat i automatismes el\u00e8ctrics.<\/td>\n<td width=\"72\">231<\/td>\n<td width=\"169\"><\/td>\n<\/tr>\n<tr>\n<td width=\"389\">Automatismes pneum\u00e0tics i hidr\u00e0ulics.<\/td>\n<td width=\"72\">198<\/td>\n<td width=\"169\"><\/td>\n<\/tr>\n<tr>\n<td width=\"389\">Muntatge i manteniment mec\u00e0nic.<\/td>\n<td width=\"72\">198<\/td>\n<td width=\"169\"><\/td>\n<\/tr>\n<tr>\n<td width=\"389\">Muntatge i manteniment el\u00e8ctric-electr\u00f2nic.<\/td>\n<td width=\"72\">165<\/td>\n<td width=\"169\"><\/td>\n<\/tr>\n<tr>\n<td width=\"389\">Muntatge i manteniment de l\u00ednies automatitzades.<\/td>\n<td width=\"72\">198<\/td>\n<td width=\"169\"><\/td>\n<\/tr>\n<tr>\n<td width=\"389\">Formaci\u00f3 i orientaci\u00f3 laboral<\/td>\n<td width=\"72\">99<\/td>\n<td width=\"169\"><\/td>\n<\/tr>\n<tr>\n<td width=\"389\">Empresa i iniciativa emprenedora<\/td>\n<td width=\"72\">66<\/td>\n<td width=\"169\"><\/td>\n<\/tr>\n<tr>\n<td width=\"389\">Angl\u00e8s T\u00e8cnic<\/td>\n<td width=\"72\">99<\/td>\n<td width=\"169\"><\/td>\n<\/tr>\n<tr>\n<td width=\"389\">S\u00edntesi<\/td>\n<td width=\"72\">66<\/td>\n<td width=\"169\"><\/td>\n<\/tr>\n<tr>\n<td width=\"389\">Formaci\u00f3 en centres de treball<\/td>\n<td width=\"72\">350<\/td>\n<td width=\"169\"><\/td>\n<\/tr>\n<\/tbody>\n<\/table>\n<p>&nbsp;<\/p>\n<p><strong>7. CORRESPOND\u00c8NCIA D&#8217;UNITATS DE COMPET\u00c8NCIA I M\u00d2DULS PROFESSIONALS<\/strong><strong>\u00a0<\/strong><\/p>\n<p>Taula 1: correspond\u00e8ncia de les unitats de compet\u00e8ncia amb els m\u00f2duls professionals que formen part del curr\u00edculum d&#8217;aquest cicle formatiu per a la convalidaci\u00f3<strong>\u00a0<\/strong><\/p>\n<table>\n<tbody>\n<tr>\n<td width=\"372\"><strong>Unitats de compet\u00e8ncia del Cat\u00e0leg de qualificacions professionals de Catalunya<\/strong><\/td>\n<td width=\"270\"><strong>M\u00f2duls professionals<\/strong><\/td>\n<\/tr>\n<tr>\n<td width=\"372\">UC_2-0116-11_2: muntar i mantenir maquin\u00e0ria i equip mec\u00e0nic<\/td>\n<td width=\"270\">Muntatge i manteniment mec\u00e0nic<\/td>\n<\/tr>\n<tr>\n<td width=\"372\">UC_2-0117-11_2: mantenir sistemes mec\u00e0nics hidr\u00e0ulics i pneum\u00e0tics de l\u00ednies de producci\u00f3 automatitzades<\/td>\n<td width=\"270\">Automatismes pneum\u00e0tics i hidr\u00e0ulics<\/td>\n<\/tr>\n<tr>\n<td width=\"372\">UC_2-1265-11_2: realitzar operacions de mecanitzaci\u00f3 i uni\u00f3 en processos de muntatge de b\u00e9ns d&#8217;equip i maquin\u00e0ria industrial<\/td>\n<td width=\"270\">T\u00e8cniques de fabricaci\u00f3<\/p>\n<p>T\u00e8cniques d&#8217;uni\u00f3 i muntatge<\/td>\n<\/tr>\n<tr>\n<td width=\"372\">UC_2-1978-11_2: muntar sistemes d&#8217;automatitzaci\u00f3 industrial<\/p>\n<p>UC_2-1979-11_2: mantenir sistemes d&#8217;automatitzaci\u00f3 industrial<\/td>\n<td width=\"270\">Electricitat i automatismes el\u00e8ctrics<\/p>\n<p>Muntatge i manteniment electricoelectr\u00f2nic<\/p>\n<p>&nbsp;<\/td>\n<\/tr>\n<tr>\n<td width=\"372\">UC_2-1263-11_2: muntar, reparar i posar en marxa sistemes mec\u00e0nics<\/p>\n<p>UC_2-1264-11_2: muntar, reparar i posar en marxa sistemes pneum\u00e0tics, hidr\u00e0ulics, el\u00e8ctrics i electr\u00f2nics de b\u00e9ns d&#8217;equip i maquin\u00e0ria industrial<\/td>\n<td width=\"270\">Automatismes pneum\u00e0tics i hidr\u00e0ulics<\/p>\n<p>Muntatge i manteniment mec\u00e0nic<\/p>\n<p>Muntatge i manteniment de l\u00ednies automatitzades<\/p>\n<p>&nbsp;<\/td>\n<\/tr>\n<\/tbody>\n<\/table>\n<p><strong>\u00a0<\/strong><\/p>\n<p>Taula 2: correspond\u00e8ncia dels m\u00f2duls professionals que formen part del curr\u00edculum d&#8217;aquest cicle formatiu amb les unitats de compet\u00e8ncia per a l&#8217;acreditaci\u00f3.<strong>\u00a0<\/strong><\/p>\n<table>\n<tbody>\n<tr>\n<td width=\"376\"><strong>M\u00f2duls professionals<\/strong><\/td>\n<td width=\"261\"><strong>Unitats de compet\u00e8ncia del Cat\u00e0leg de qualificacions professionals de Catalunya<\/strong><\/td>\n<\/tr>\n<tr>\n<td width=\"376\">Muntatge i manteniment mec\u00e0nic<\/td>\n<td width=\"261\">UC_2-0116-11_2: muntar i mantenir maquin\u00e0ria i equip mec\u00e0nic<\/td>\n<\/tr>\n<tr>\n<td width=\"376\">Automatismes pneum\u00e0tics i hidr\u00e0ulics<\/td>\n<td width=\"261\">UC_2-0117-11_2: mantenir sistemes mec\u00e0nics hidr\u00e0ulics i pneum\u00e0tics de l\u00ednies de producci\u00f3 automatitzades<\/td>\n<\/tr>\n<tr>\n<td width=\"376\">T\u00e8cniques de fabricaci\u00f3<\/p>\n<p>T\u00e8cniques d&#8217;uni\u00f3 i muntatge<\/td>\n<td width=\"261\">UC_2-1265-11_2: realitzar operacions de mecanitzaci\u00f3 i uni\u00f3 en processos de muntatge de b\u00e9ns d&#8217;equip i maquin\u00e0ria industrial<\/td>\n<\/tr>\n<tr>\n<td width=\"376\">Electricitat i automatismes el\u00e8ctrics<\/p>\n<p>Muntatge i manteniment electricoelectr\u00f2nic<\/p>\n<p>&nbsp;<\/td>\n<td width=\"261\">UC_2-1978-11_2: muntar sistemes d&#8217;automatitzaci\u00f3 industrial<\/p>\n<p>UC_2-1979-11_2: mantenir sistemes d&#8217;automatitzaci\u00f3 industrial<\/td>\n<\/tr>\n<tr>\n<td width=\"376\">Automatismes pneum\u00e0tics i hidr\u00e0ulics<\/p>\n<p>Muntatge i manteniment mec\u00e0nic<\/p>\n<p>Muntatge i manteniment de l\u00ednies automatitzades<\/p>\n<p>&nbsp;<\/td>\n<td width=\"261\">UC_2-1263-11_2: muntar, reparar i posar en marxa sistemes mec\u00e0nics<\/p>\n<p>UC_2-1264-11_2: muntar, reparar i posar en marxa sistemes pneum\u00e0tics, hidr\u00e0ulics, el\u00e8ctrics i electr\u00f2nics de b\u00e9ns d&#8217;equip i maquin\u00e0ria industrial<\/td>\n<\/tr>\n<\/tbody>\n<\/table>\n","protected":false},"excerpt":{"rendered":"<p>&nbsp; El CFGM de Manteniment Electromec\u00e0nic a l&#8217;Institut Mart\u00ed l&#8217;Hum\u00e0 M\u00e9s informaci\u00f3 del Departament d&#8217;Educaci\u00f3 &nbsp; 1. COMPET\u00c8NCIA GENERAL La compet\u00e8ncia general d&#8217;aquest t\u00edtol consisteix a muntar i mantenir maquin\u00e0ria i equip industrial i l\u00ednies automatitzades de producci\u00f3 d&#8217;acord amb els reglaments i normes establertes, seguint els protocols de qualitat, de seguretat i de prevenci\u00f3 [&hellip;]<\/p>\n","protected":false},"author":1,"featured_media":0,"parent":2539,"menu_order":4,"comment_status":"closed","ping_status":"closed","template":"","meta":{"_bbp_topic_count":0,"_bbp_reply_count":0,"_bbp_total_topic_count":0,"_bbp_total_reply_count":0,"_bbp_voice_count":0,"_bbp_anonymous_reply_count":0,"_bbp_topic_count_hidden":0,"_bbp_reply_count_hidden":0,"_bbp_forum_subforum_count":0,"site-sidebar-layout":"default","site-content-layout":"","ast-site-content-layout":"","site-content-style":"default","site-sidebar-style":"default","ast-global-header-display":"","ast-banner-title-visibility":"","ast-main-header-display":"","ast-hfb-above-header-display":"","ast-hfb-below-header-display":"","ast-hfb-mobile-header-display":"","site-post-title":"","ast-breadcrumbs-content":"","ast-featured-img":"","footer-sml-layout":"","theme-transparent-header-meta":"","adv-header-id-meta":"","stick-header-meta":"","header-above-stick-meta":"","header-main-stick-meta":"","header-below-stick-meta":"","astra-migrate-meta-layouts":"default","ast-page-background-enabled":"default","ast-page-background-meta":{"desktop":{"background-color":"var(--ast-global-color-4)","background-image":"","background-repeat":"repeat","background-position":"center center","background-size":"auto","background-attachment":"scroll","background-type":"","background-media":"","overlay-type":"","overlay-color":"","overlay-opacity":"","overlay-gradient":""},"tablet":{"background-color":"","background-image":"","background-repeat":"repeat","background-position":"center center","background-size":"auto","background-attachment":"scroll","background-type":"","background-media":"","overlay-type":"","overlay-color":"","overlay-opacity":"","overlay-gradient":""},"mobile":{"background-color":"","background-image":"","background-repeat":"repeat","background-position":"center center","background-size":"auto","background-attachment":"scroll","background-type":"","background-media":"","overlay-type":"","overlay-color":"","overlay-opacity":"","overlay-gradient":""}},"ast-content-background-meta":{"desktop":{"background-color":"var(--ast-global-color-5)","background-image":"","background-repeat":"repeat","background-position":"center center","background-size":"auto","background-attachment":"scroll","background-type":"","background-media":"","overlay-type":"","overlay-color":"","overlay-opacity":"","overlay-gradient":""},"tablet":{"background-color":"var(--ast-global-color-5)","background-image":"","background-repeat":"repeat","background-position":"center center","background-size":"auto","background-attachment":"scroll","background-type":"","background-media":"","overlay-type":"","overlay-color":"","overlay-opacity":"","overlay-gradient":""},"mobile":{"background-color":"var(--ast-global-color-5)","background-image":"","background-repeat":"repeat","background-position":"center center","background-size":"auto","background-attachment":"scroll","background-type":"","background-media":"","overlay-type":"","overlay-color":"","overlay-opacity":"","overlay-gradient":""}},"footnotes":""},"class_list":["post-1706","page","type-page","status-publish","hentry"],"post_mailing_queue_ids":[],"_links":{"self":[{"href":"https:\/\/agora.xtec.cat\/iesmartilhuma\/wp-json\/wp\/v2\/pages\/1706","targetHints":{"allow":["GET"]}}],"collection":[{"href":"https:\/\/agora.xtec.cat\/iesmartilhuma\/wp-json\/wp\/v2\/pages"}],"about":[{"href":"https:\/\/agora.xtec.cat\/iesmartilhuma\/wp-json\/wp\/v2\/types\/page"}],"author":[{"embeddable":true,"href":"https:\/\/agora.xtec.cat\/iesmartilhuma\/wp-json\/wp\/v2\/users\/1"}],"replies":[{"embeddable":true,"href":"https:\/\/agora.xtec.cat\/iesmartilhuma\/wp-json\/wp\/v2\/comments?post=1706"}],"version-history":[{"count":4,"href":"https:\/\/agora.xtec.cat\/iesmartilhuma\/wp-json\/wp\/v2\/pages\/1706\/revisions"}],"predecessor-version":[{"id":4228,"href":"https:\/\/agora.xtec.cat\/iesmartilhuma\/wp-json\/wp\/v2\/pages\/1706\/revisions\/4228"}],"up":[{"embeddable":true,"href":"https:\/\/agora.xtec.cat\/iesmartilhuma\/wp-json\/wp\/v2\/pages\/2539"}],"wp:attachment":[{"href":"https:\/\/agora.xtec.cat\/iesmartilhuma\/wp-json\/wp\/v2\/media?parent=1706"}],"curies":[{"name":"wp","href":"https:\/\/api.w.org\/{rel}","templated":true}]}}