{"id":1700,"date":"2019-02-23T19:31:52","date_gmt":"2019-02-23T18:31:52","guid":{"rendered":"http:\/\/agora.xtec.cat\/iesmartilhuma\/?page_id=1700"},"modified":"2024-01-30T13:43:08","modified_gmt":"2024-01-30T12:43:08","slug":"gestio-administrativa","status":"publish","type":"page","link":"https:\/\/agora.xtec.cat\/iesmartilhuma\/oferta-educativa\/ensenyaments-postobligatoris-a-linstitut-marti-lhuma\/gestio-administrativa\/","title":{"rendered":"CFGM Gesti\u00f3 Administrativa (Torn Mat\u00ed)"},"content":{"rendered":"<p style=\"text-align: center;\"><strong><iframe loading=\"lazy\" src=\"\/\/www.youtube.com\/embed\/1yLX5ApBrjA\" width=\"853\" height=\"480\" frameborder=\"0\"><\/iframe><\/strong><\/p>\n<div style=\"width: 640px;\" class=\"wp-video\"><!--[if lt IE 9]><script>document.createElement('video');<\/script><![endif]-->\n<video class=\"wp-video-shortcode\" id=\"video-1700-1\" width=\"640\" height=\"480\" preload=\"metadata\" controls=\"controls\"><source type=\"video\/mp4\" src=\"https:\/\/agora.xtec.cat\/iesmartilhuma\/wp-content\/uploads\/usu239\/2020\/05\/Presentaci\u00f3_CFGM_GADM-1.mp4?_=1\" \/><a href=\"https:\/\/agora.xtec.cat\/iesmartilhuma\/wp-content\/uploads\/usu239\/2020\/05\/Presentaci\u00f3_CFGM_GADM-1.mp4\">https:\/\/agora.xtec.cat\/iesmartilhuma\/wp-content\/uploads\/usu239\/2020\/05\/Presentaci\u00f3_CFGM_GADM-1.mp4<\/a><\/video><\/div>\n<p>&nbsp;<\/p>\n<p style=\"text-align: center;\"><a href=\"https:\/\/agora.xtec.cat\/iesmartilhuma\/wp-content\/uploads\/usu239\/2020\/05\/CFGM_GAD.pdf\" target=\"_blank\" rel=\"noopener noreferrer\"><img loading=\"lazy\" decoding=\"async\" class=\"wp-image-2606 aligncenter\" src=\"https:\/\/agora.xtec.cat\/iesmartilhuma\/wp-content\/uploads\/usu239\/2020\/05\/pdf.jpg\" alt=\"\" width=\"64\" height=\"44\" \/><\/a><a href=\"https:\/\/agora.xtec.cat\/iesmartilhuma\/wp-content\/uploads\/usu239\/2020\/05\/CFGM_GAD.pdf\" target=\"_blank\" rel=\"noopener noreferrer\">El CFGM de Gesti\u00f3 Administrativa a l&#8217;Institut Mart\u00ed l&#8217;Hum\u00e0<\/a><\/p>\n<p style=\"text-align: center;\"><a href=\"http:\/\/queestudiar.gencat.cat\/ca\/estudis\/fp\/cicles\/gm\/admin-gestio\/?p_id=49&amp;estudi\" target=\"_blank\" rel=\"noopener noreferrer\">M\u00e9s informaci\u00f3 del Departament d&#8217;Educaci\u00f3<\/a><\/p>\n<p>&nbsp;<\/p>\n<p><strong>1. COMPET\u00c8NCIA GENERAL<\/strong><\/p>\n<p>La compet\u00e8ncia general d&#8217;aquest t\u00edtol consisteix a activitats de suport administratiu en l&#8217;\u00e0mbit laboral, comptable, comercial, financer i fiscal, aix\u00ed com d&#8217;atenci\u00f3 al client\/usuari, tant en empreses p\u00fabliques com en empreses privades, aplicant la normativa vigent i protocols de qualitat, assegurant la satisfacci\u00f3 del client i actuant segons les normes de prevenci\u00f3 de riscos laborals i de protecci\u00f3 ambiental.<\/p>\n<p>&nbsp;<\/p>\n<p><strong>2. COMPET\u00c8NCIES PROFESSIONALS, PERSONALS I SOCIALS<\/strong><strong style=\"font-family: inherit; font-size: 1em;\">\u00a0<\/strong><\/p>\n<ol>\n<li>Tramitar documents o comunicacions internes o externes en els circuits d\u2019informaci\u00f3 de l\u2019empresa.<\/li>\n<li>Elaborar documents i comunicacions a partir d\u2019ordres rebudes o informaci\u00f3 obtinguda.<\/li>\n<li>Classificar, registrar i arxivar comunicacions i documents segons les t\u00e8cniques apropiades i els par\u00e0metres establerts en l\u2019empresa.<\/li>\n<li>Registrar comptablement la documentaci\u00f3 suport corresponent a l\u2019operativa de l\u2019empresa e condicions de seguretat i qualitat.<\/li>\n<li>Realitzar gestions administratives de tresoreria, seguint les normes i protocols establerts per la ger\u00e8ncia a fi de mantenir la liquiditat de l\u2019organitzaci\u00f3.<\/li>\n<li>Efectuar les gestions administratives de les \u00e0rees de selecci\u00f3 i formaci\u00f3 dels recursos humans de l\u2019empresa, ajustant-se a la normativa vigent i a la pol\u00edtica empresarial, sota la supervisi\u00f3 del responsable superior del departament.<\/li>\n<li>Donar suport administratiu en l\u2019\u00e0rea de gesti\u00f3 laboral de l\u2019empresa ajustant-se a la normativa vigent i sota la supervisi\u00f3 del responsable superior del departament.<\/li>\n<li>Realitzar les gestions administratives de l\u2019activitat comercial registrant la documentaci\u00f3 suport corresponent a determinades obligacions fiscals derivades.<\/li>\n<li>Desenvolupar les activitats d\u2019atenci\u00f3 al client\/usuari en l\u2019\u00e0mbit administratiu i comercial assegurant els nivells de qualitat establerts i relacionats amb la imatge de l\u2019empresa\/instituci\u00f3.<\/li>\n<li>Aplicar els protocols de seguretat laboral i ambiental, higiene i qualitat durant tot el proc\u00e9s productiu, per evitar danys en les persones i el medi ambient.<\/li>\n<li>Complir amb els objectius de la producci\u00f3, actuant conforme als principis de responsabilitat i mantenint unes relacions professionals adequades amb els membres de l\u2019equip de treball.<\/li>\n<li>Resoldre problemes i prendre decisions individuals seguint les normes i procediments establerts, definits dins de l\u2019\u00e0mbit de la seva compet\u00e8ncia.<\/li>\n<li>Mantenir l\u2019esperit d\u2019innovaci\u00f3, de millora dels processos de producci\u00f3 i d\u2019actualitzaci\u00f3 de coneixements en l\u2019\u00e0mbit del seu treball.<\/li>\n<li>Exercir els seus drets i complir amb les obligacions derivades de les relacions laborals, d\u2019acord amb l\u2019establert en la legislaci\u00f3 vigent.<\/li>\n<li>Detectar i analitzar oportunitats d\u2019ocupaci\u00f3 i autoocupaci\u00f3 desenvolupant una cultura emprenedora i adaptant-se a diferents llocs de treball i noves situacions.<\/li>\n<li>Participar de forma activa en la vida econ\u00f2mica, social i cultural, amb una actitud cr\u00edtica i responsable.<\/li>\n<li>Participar en les activitats de l\u2019empresa amb respecte i actituds de toler\u00e0ncia.<\/li>\n<li>Adaptar-se a diferents llocs de treball i noves situacions laborals originats per canvis tecnol\u00f2gics i organitzatius en els processos productius.<\/li>\n<li>Participar en el treball en equip respectant la jerarquia definida en l\u2019organitzaci\u00f3.<\/li>\n<\/ol>\n<p>&nbsp;<\/p>\n<p><strong>3. CAPACITATS CLAU<\/strong><\/p>\n<p>S\u00f3n les capacitats transversals que afecten diferents llocs de treball i que s\u00f3n transferibles a noves situacions de treball. Entre aquestes capacitats destaquen les d\u2019autonomia, d\u2019innovaci\u00f3, d\u2019organitzaci\u00f3 del treball, de responsabilitat, de relaci\u00f3 interpersonal, de treball en equip i de resoluci\u00f3 de problemes.<\/p>\n<p>&nbsp;<\/p>\n<p><strong>4. QUALIFICACIONS PROFESSIONALS<\/strong><\/p>\n<table>\n<tbody>\n<tr>\n<td colspan=\"2\" width=\"576\"><strong>QUALIFICACIONS\u00a0 PROFESSIONALS INCLOSES EN EL T\u00cdTOL<\/strong><\/td>\n<\/tr>\n<tr>\n<td width=\"156\"><strong>Qualificaci\u00f3 completa<\/strong><\/td>\n<td width=\"420\"><strong>Denominaci\u00f3 UC<\/strong><\/td>\n<\/tr>\n<tr>\n<td rowspan=\"6\" width=\"156\">Activitats administratives de recepci\u00f3 i relaci\u00f3 amb el client<\/p>\n<p>AG_2-307_22307<\/td>\n<td width=\"420\"><strong>UC_2-20975-11_2 <\/strong>Rebre i processar les comunicacions, internes i externes. (nivell 2)<\/td>\n<\/tr>\n<tr>\n<td width=\"420\"><strong><em>UC_2-20976-11_2 <\/em><\/strong><em>Realitzar les gestions administratives del proc\u00e9s comercial (nivell 2)<\/em><\/td>\n<\/tr>\n<tr>\n<td width=\"420\"><strong><em>UC_2-20973-11_2 <\/em><\/strong><em>Introduir dades i textos en terminals inform\u00e0tics en condicions de seguretat, qualitat i efici\u00e8ncia. (nivell 1)<\/em><\/td>\n<\/tr>\n<tr>\n<td width=\"420\"><strong><em>UC_2-20978-11_2<\/em><\/strong><em> Gestionar l&#8217;arxiu en suport convencional i inform\u00e0tic. (nivell 2)<\/em><\/td>\n<\/tr>\n<tr>\n<td width=\"420\"><strong>UC_2-0977-11_2 <\/strong>Comunicar-se en una llengua estrangera amb un nivell d&#8217;usuari independent. en les activitats de gesti\u00f3 administrativa en relaci\u00f3 amb el client. (nivell 2)<\/td>\n<\/tr>\n<tr>\n<td width=\"420\"><strong><em>UC_2-0233-11_2 <\/em><\/strong><em>Manejar aplicacions ofim\u00e0tiques en la gesti\u00f3 de\u00a0 la informaci\u00f3 i la documentaci\u00f3. (nivell 2)<\/em><\/td>\n<\/tr>\n<tr>\n<td rowspan=\"7\" width=\"156\">Activitats de gesti\u00f3 administrativa<\/p>\n<p>AG_2-308_2<\/td>\n<td width=\"420\"><strong><em>UC_2-0976-11_2 <\/em><\/strong><em>Realitzar les gestions administratives del proc\u00e9s comercial. (nivell 2)<\/em><\/td>\n<\/tr>\n<tr>\n<td width=\"420\"><strong>UC_2-0979_11-2<\/strong> Realitzar les gestions administratives de tresoreria. (nivell 2)<\/td>\n<\/tr>\n<tr>\n<td width=\"420\"><strong>UC_2-0980_11-2 <\/strong>Efectuar les activitats de suport administratiu de recursos humans. (nivell 2)<\/td>\n<\/tr>\n<tr>\n<td width=\"420\"><strong>UC_2-0981_11-2 <\/strong>Realitzar registres comptables. (nivell 2)<\/td>\n<\/tr>\n<tr>\n<td width=\"420\"><strong><em>UC_2-20973-11_2\u00a0 <\/em><\/strong><em>Introduir dades i textos en terminals inform\u00e0tics en condicions de seguretat, qualitat i efici\u00e8ncia. (nivell 1)<\/em><\/td>\n<\/tr>\n<tr>\n<td width=\"420\"><strong><em>UC_2-20978-11_2<\/em><\/strong><em> <strong>\u00a0<\/strong>Gestionar l&#8217;arxiu en suport convencional i inform\u00e0tic. (nivell 2)<\/em><\/td>\n<\/tr>\n<tr>\n<td width=\"420\"><strong><em>UC_2-0233-11_2\u00a0 <\/em><\/strong><em>Utilitzar aplicacions ofim\u00e0tiques en la gesti\u00f3 de\u00a0 la informaci\u00f3 i la documentaci\u00f3. (nivell 2)<\/em><\/td>\n<\/tr>\n<\/tbody>\n<\/table>\n<p>&nbsp;<\/p>\n<p><strong>5. OBJECTIUS GENERALS<\/strong><\/p>\n<ol>\n<li>Analitzar el flux d\u2019informaci\u00f3 i la tipologia i finalitat dels documents o comunicacions que s\u2019utilitzen en l\u2019empresa, per tramitar-los.<\/li>\n<li>Analitzar els documents o comunicacions que s\u2019utilitzen en l\u2019empresa, reconeixent la seva estructura, elements i caracter\u00edstiques per elaborar-los.<\/li>\n<li>Identificar i seleccionar les expressions en llengua anglesa, pr\u00f2pies de l\u2019empresa per elaborar documents i comunicacions.<\/li>\n<li>Analitzar les possibilitats de les aplicacions i equips inform\u00e0tics, relacionant-les amb la seva ocupaci\u00f3 m\u00e9s efica\u00e7 en el tractament de la informaci\u00f3 per elaborar documents i comunicacions.<\/li>\n<li>Realitzar documents i comunicacions en el format caracter\u00edstic i amb les condicions de qualitat corresponent, aplicant les t\u00e8cniques de tractament de la informaci\u00f3 en la seva elaboraci\u00f3.<\/li>\n<li>Analitzar i elegir els sistemes i t\u00e8cniques de preservaci\u00f3 de comunicacions i documents adequats a cada cas, aplicant-les de forma manual i inform\u00e0tica per classificar-los, registrar-los i arxivar-los.<\/li>\n<li>Interpretar la normativa i metodologia comptable,analitzant la problem\u00e0tica comptable que es pot donar en una empresa, aix\u00ed com la documentaci\u00f3 associada per al seu registre.<\/li>\n<li>Introduir assentaments comptables manualment i en aplicacions inform\u00e0tiques espec\u00edfiques, seguint la normativa en vigor per registrar comptablement la documentaci\u00f3.<\/li>\n<li>Comparar i avaluar els elements que intervenen en la gesti\u00f3 de la tresoreria, els productes i serveis financers b\u00e0sics i els documents relacionats amb els mateixos, comprovant les necessitats de liquiditat i finan\u00e7ament de l\u2019empresa per realitzar les gestions administratives relacionades.<\/li>\n<li>Efectuar c\u00e0lculs b\u00e0sics de productes i serveis financers, emprant principis i matem\u00e0tica financera elemental per realitzar les gestions administratives de tresoreria.<\/li>\n<li>Recon\u00e8ixer la normativa legal aplicable, les t\u00e8cniques de gesti\u00f3 associades les funcions del departament de recursos humans, analitzant la problem\u00e0tica laboral que es pot donar en una empresa i la documentaci\u00f3 relacionada per realitzar la gesti\u00f3 administrativa dels recursos humans.<\/li>\n<li>Identificar i preparar la documentaci\u00f3 rellevant aix\u00ed com les actuacions que s\u2019han de desenvolupar, interpretant la pol\u00edtica de l\u2019empresa per efectuar les gestions administratives de les \u00e0rees de selecci\u00f3 i formaci\u00f3 del recursos humans.<\/li>\n<li>Emplenar documentaci\u00f3 i preparar informes consultant la normativa en vigor i les vies d\u2019acc\u00e9s (Internet, oficines d\u2019atenci\u00f3 al p\u00fablic) a l\u2019Administraci\u00f3 P\u00fablica i emprant, en el seu cas, aplicacions inform\u00e0tiques ad hoc per donar suport administratiu en l\u2019\u00e0rea de gesti\u00f3 laboral de l\u2019empresa.<\/li>\n<li>Seleccionar dades i emplenar documents derivats de l\u2019\u00e0rea comercial, interpretant normes mercantils i fiscals per realitzar les gestions administratives corresponents.<\/li>\n<li>Transmetre comunicacions de forma oral, telem\u00e0tica o escrita, adequant-les a cada cas i analitzant els protocols de qualitat i imatge empresarial o institucional per desenvolupar les activitats d\u2019atenci\u00f3 al client\/usuari..<\/li>\n<li>Identificar les normes de qualitat i seguretat i de prevenci\u00f3 de riscos laborals i ambientals, reconeixent els factors de risc i par\u00e0metres de qualitat per aplicar els protocols corresponents en el desenvolupament del treball .<\/li>\n<li>Recon\u00e8ixer les principals aplicacions ofim\u00e0tiques de gesti\u00f3 per al seu \u00fas assidu en l\u2019acompliment de l\u2019activitat administrativa.<\/li>\n<li>Valorar les activitats de treball en un proc\u00e9s productiu, identificant la seva aportaci\u00f3 al proc\u00e9s global per aconseguir els objectius de la producci\u00f3.<\/li>\n<li>Valorar la diversitat d\u2019opinions com a font d\u2019enriquiment, reconeixent altres pr\u00e0ctiques, idees o creences, per resoldre problemes i prendre decisions.<\/li>\n<li>Recon\u00e8ixer i identificar possibilitats de millora professional, recollint informaci\u00f3 i adquirint coneixements per a la innovaci\u00f3 i actualitzaci\u00f3 en l\u2019\u00e0mbit del seu treball.<\/li>\n<li>Recon\u00e8ixer els seus drets i deures com a agent actiu en la societat, analitzant el marc legal que regula les condicions socials i laborals per participar com a ciutad\u00e0 democr\u00e0tic.<\/li>\n<li>Recon\u00e8ixer i identificar les possibilitats de negoci, analitzant el mercat i estudiant la viabilitat empresarial per a la generaci\u00f3 de la seva pr\u00f2pia ocupaci\u00f3.<\/li>\n<\/ol>\n<p>&nbsp;<\/p>\n<p><strong>6. TAULA DE M\u00d2DULS I DURADA<\/strong><\/p>\n<table>\n<tbody>\n<tr>\n<td width=\"359\"><strong>M\u00f2duls Professionals<\/strong><\/td>\n<td width=\"66\"><strong>Durada<\/strong><\/td>\n<td width=\"156\"><\/td>\n<\/tr>\n<tr>\n<td width=\"359\">Comunicaci\u00f3 empresarial i atenci\u00f3 al client<\/td>\n<td width=\"66\">165<\/td>\n<td width=\"156\"><\/td>\n<\/tr>\n<tr>\n<td width=\"359\">Operacions administratives de compravenda<\/td>\n<td width=\"66\">165<\/td>\n<td width=\"156\"><\/td>\n<\/tr>\n<tr>\n<td width=\"359\">Operacions administratives de recursos humans<\/td>\n<td width=\"66\">99<\/td>\n<td width=\"156\"><\/td>\n<\/tr>\n<tr>\n<td width=\"359\">Operacions auxiliars de gesti\u00f3 de tresoreria<\/td>\n<td width=\"66\">132<\/td>\n<td width=\"156\"><\/td>\n<\/tr>\n<tr>\n<td width=\"359\">T\u00e8cnica comptable<\/td>\n<td width=\"66\">165<\/td>\n<td width=\"156\"><\/td>\n<\/tr>\n<tr>\n<td width=\"359\">Tractament de la documentaci\u00f3 comptable<\/td>\n<td width=\"66\">132<\/td>\n<td width=\"156\"><\/td>\n<\/tr>\n<tr>\n<td width=\"359\">Tractament inform\u00e0tic de la informaci\u00f3<\/td>\n<td width=\"66\">231<\/td>\n<td width=\"156\"><\/td>\n<\/tr>\n<tr>\n<td width=\"359\">Operacions administratives de suport<\/td>\n<td width=\"66\">66<\/td>\n<td width=\"156\"><\/td>\n<\/tr>\n<tr>\n<td width=\"359\">Angl\u00e8s<\/td>\n<td width=\"66\">99<\/td>\n<td width=\"156\"><\/td>\n<\/tr>\n<tr>\n<td width=\"359\">Empresa i Administraci\u00f3<\/td>\n<td width=\"66\">165<\/td>\n<td width=\"156\"><\/td>\n<\/tr>\n<tr>\n<td width=\"359\">Empresa a l&#8217;aula<\/td>\n<td width=\"66\">132<\/td>\n<td width=\"156\"><\/td>\n<\/tr>\n<tr>\n<td width=\"359\">Formaci\u00f3 i orientaci\u00f3 laboral.<\/td>\n<td width=\"66\">99<\/td>\n<td width=\"156\"><\/td>\n<\/tr>\n<tr>\n<td width=\"359\">Formaci\u00f3 en centres de treball.<\/td>\n<td width=\"66\">350<\/td>\n<td width=\"156\"><\/td>\n<\/tr>\n<\/tbody>\n<\/table>\n<p>&nbsp;<\/p>\n<p><span style=\"font-family: inherit; font-size: 1em;\"><strong>7.<\/strong>\u00a0<\/span><strong style=\"font-family: inherit; font-size: 1em;\">CORRESPOND\u00c8NCIA D\u2019UNITATS DE COMPET\u00c8NCIA I M\u00d2DULS PROFESSIONALS<\/strong><\/p>\n<p>Taula 1: correspond\u00e8ncia de les unitats de compet\u00e8ncia amb els m\u00f2duls professionals que formen part del curr\u00edculum d\u2019aquest cicle formatiu per a la convalidaci\u00f3<\/p>\n<table>\n<tbody>\n<tr>\n<td width=\"344\"><strong>Unitats de compet\u00e8ncia del Cat\u00e0leg de qualificacions professionals de Catalunya<\/strong><\/td>\n<td width=\"249\"><strong>M\u00f2duls professionals<\/strong><\/td>\n<\/tr>\n<tr>\n<td width=\"344\">UC_2-0975-11_2: rebre i processar les comunicacions internes i externes<\/p>\n<p>UC_2-0978-11_2: gestionar l\u2019arxiu en suport convencional i inform\u00e0tic<\/td>\n<td width=\"249\">Comunicaci\u00f3 empresarial i<\/p>\n<p>atenci\u00f3 al client<\/td>\n<\/tr>\n<tr>\n<td width=\"344\">UC_2-0976-11_2: realitzar les gestions administratives del proc\u00e9s comercial<\/td>\n<td width=\"249\">Operacions administratives<\/p>\n<p>de la compravenda<\/td>\n<\/tr>\n<tr>\n<td width=\"344\">UC_2-0973-11_1: introduir dades i textos en terminals inform\u00e0tics en condicions de<\/p>\n<p>seguretat, qualitat i efici\u00e8ncia<\/p>\n<p>UC_2-0233-11_2: utilitzar aplicacions ofim\u00e0tiques en la gesti\u00f3 de la informaci\u00f3 i la<\/p>\n<p>documentaci\u00f3<\/td>\n<td width=\"249\">Tractament inform\u00e0tic de<\/p>\n<p>la informaci\u00f3<\/td>\n<\/tr>\n<tr>\n<td width=\"344\">UC_2-0977-11_2: comunicar-se en una llengua estrangera amb un nivell d\u2019usuari<\/p>\n<p>independent en les activitats de gesti\u00f3 administrativa en relaci\u00f3 amb el client<\/td>\n<td width=\"249\">Angl\u00e8s*<\/td>\n<\/tr>\n<tr>\n<td width=\"344\">UC_2-0979-11_2: realitzar les gestions\u00a0 administratives de tresoreria<\/td>\n<td width=\"249\">Operacions auxiliars de<\/p>\n<p>gesti\u00f3 de tresoreria<\/td>\n<\/tr>\n<tr>\n<td width=\"344\">UC_2-0980-11_2: efectuar les activitats de suport administratiu de recursos humans<\/td>\n<td width=\"249\">Operacions administratives<\/p>\n<p>de recursos humans<\/td>\n<\/tr>\n<tr>\n<td width=\"344\">UC_2-0981-11_2: realitzar registres comptables<\/td>\n<td width=\"249\">T\u00e8cnica comptable<\/p>\n<p>Tractament de la<\/p>\n<p>documentaci\u00f3 comptable<\/td>\n<\/tr>\n<\/tbody>\n<\/table>\n<p>(*) Podr\u00e0 convalidar-se d\u2019acord amb el que disposa l\u2019article 66.4 de la Llei org\u00e0nica 2\/2006, de 3 de maig, d\u2019educaci\u00f3.<\/p>\n<p>El m\u00f2dul professional d\u2019empresa a l\u2019aula es convalidar\u00e0 quan es tinguin acreditades totes les unitats de compet\u00e8ncia que inclou el t\u00edtol.<\/p>\n<p>Taula 2: correspond\u00e8ncia dels m\u00f2duls professionals que formen part del curr\u00edculum d&#8217;aquest cicle formatiu amb les unitats de compet\u00e8ncia per a l&#8217;acreditaci\u00f3.<strong>\u00a0<\/strong><\/p>\n<table>\n<tbody>\n<tr>\n<td width=\"268\"><strong>M\u00f2duls professionals<\/strong><\/td>\n<td width=\"324\"><strong>Unitats de compet\u00e8ncia del Cat\u00e0leg de qualificacions professionals de Catalunya<\/strong><\/td>\n<\/tr>\n<tr>\n<td width=\"268\">Comunicaci\u00f3 empresarial i atenci\u00f3 al client<\/td>\n<td width=\"324\">UC_2-0975-11_2: rebre i processar les comunicacions internes i externes<\/p>\n<p>UC_2-0978-11_2: gestionar l\u2019arxiu en suport convencional i inform\u00e0tic<\/td>\n<\/tr>\n<tr>\n<td width=\"268\">Operacions administratives de la compravenda<\/td>\n<td width=\"324\">UC_2-0976-11_2: realitzar les gestions administratives del proc\u00e9s comercial<\/td>\n<\/tr>\n<tr>\n<td width=\"268\">Tractament inform\u00e0tic de la informaci\u00f3<\/td>\n<td width=\"324\">UC_2-0973-11_1: introduir dades i textos en terminals inform\u00e0tics en condicions de<\/p>\n<p>seguretat, qualitat i efici\u00e8ncia<\/p>\n<p>UC_2-0233-11_2: utilitzar aplicacions ofim\u00e0tiques en la gesti\u00f3 de la informaci\u00f3 i la<\/p>\n<p>Documentaci\u00f3<\/td>\n<\/tr>\n<tr>\n<td width=\"268\">Angl\u00e8s<\/td>\n<td width=\"324\">UC_2-0977-11_2: comunicar-se en una llengua estrangera amb un nivell d\u2019usuari<\/p>\n<p>independent en les activitats de gesti\u00f3 administrativa en relaci\u00f3 amb el client<\/td>\n<\/tr>\n<tr>\n<td width=\"268\">Operacions auxiliars de gesti\u00f3 de tresoreria<\/td>\n<td width=\"324\">UC_2-0979-11_2: realitzar les gestions administratives de tresoreria<\/td>\n<\/tr>\n<tr>\n<td width=\"268\">Operacions administratives de recursos humans<\/td>\n<td width=\"324\">UC_2-0980-11_2: efectuar les activitats de suport administratiu de recursos humans<\/td>\n<\/tr>\n<tr>\n<td width=\"268\">T\u00e8cnica comptable<\/p>\n<p>Tractament de la documentaci\u00f3 comptable<\/td>\n<td width=\"324\">UC_2-0981-11_2: realitzar registres comptables<\/td>\n<\/tr>\n<\/tbody>\n<\/table>\n","protected":false},"excerpt":{"rendered":"<p>&nbsp; El CFGM de Gesti\u00f3 Administrativa a l&#8217;Institut Mart\u00ed l&#8217;Hum\u00e0 M\u00e9s informaci\u00f3 del Departament d&#8217;Educaci\u00f3 &nbsp; 1. COMPET\u00c8NCIA GENERAL La compet\u00e8ncia general d&#8217;aquest t\u00edtol consisteix a activitats de suport administratiu en l&#8217;\u00e0mbit laboral, comptable, comercial, financer i fiscal, aix\u00ed com d&#8217;atenci\u00f3 al client\/usuari, tant en empreses p\u00fabliques com en empreses privades, aplicant la normativa vigent [&hellip;]<\/p>\n","protected":false},"author":1,"featured_media":0,"parent":2539,"menu_order":3,"comment_status":"closed","ping_status":"closed","template":"","meta":{"_bbp_topic_count":0,"_bbp_reply_count":0,"_bbp_total_topic_count":0,"_bbp_total_reply_count":0,"_bbp_voice_count":0,"_bbp_anonymous_reply_count":0,"_bbp_topic_count_hidden":0,"_bbp_reply_count_hidden":0,"_bbp_forum_subforum_count":0,"site-sidebar-layout":"default","site-content-layout":"","ast-site-content-layout":"","site-content-style":"default","site-sidebar-style":"default","ast-global-header-display":"","ast-banner-title-visibility":"","ast-main-header-display":"","ast-hfb-above-header-display":"","ast-hfb-below-header-display":"","ast-hfb-mobile-header-display":"","site-post-title":"","ast-breadcrumbs-content":"","ast-featured-img":"","footer-sml-layout":"","theme-transparent-header-meta":"","adv-header-id-meta":"","stick-header-meta":"","header-above-stick-meta":"","header-main-stick-meta":"","header-below-stick-meta":"","astra-migrate-meta-layouts":"default","ast-page-background-enabled":"default","ast-page-background-meta":{"desktop":{"background-color":"var(--ast-global-color-4)","background-image":"","background-repeat":"repeat","background-position":"center center","background-size":"auto","background-attachment":"scroll","background-type":"","background-media":"","overlay-type":"","overlay-color":"","overlay-opacity":"","overlay-gradient":""},"tablet":{"background-color":"","background-image":"","background-repeat":"repeat","background-position":"center center","background-size":"auto","background-attachment":"scroll","background-type":"","background-media":"","overlay-type":"","overlay-color":"","overlay-opacity":"","overlay-gradient":""},"mobile":{"background-color":"","background-image":"","background-repeat":"repeat","background-position":"center center","background-size":"auto","background-attachment":"scroll","background-type":"","background-media":"","overlay-type":"","overlay-color":"","overlay-opacity":"","overlay-gradient":""}},"ast-content-background-meta":{"desktop":{"background-color":"var(--ast-global-color-5)","background-image":"","background-repeat":"repeat","background-position":"center center","background-size":"auto","background-attachment":"scroll","background-type":"","background-media":"","overlay-type":"","overlay-color":"","overlay-opacity":"","overlay-gradient":""},"tablet":{"background-color":"var(--ast-global-color-5)","background-image":"","background-repeat":"repeat","background-position":"center center","background-size":"auto","background-attachment":"scroll","background-type":"","background-media":"","overlay-type":"","overlay-color":"","overlay-opacity":"","overlay-gradient":""},"mobile":{"background-color":"var(--ast-global-color-5)","background-image":"","background-repeat":"repeat","background-position":"center center","background-size":"auto","background-attachment":"scroll","background-type":"","background-media":"","overlay-type":"","overlay-color":"","overlay-opacity":"","overlay-gradient":""}},"footnotes":""},"class_list":["post-1700","page","type-page","status-publish","hentry"],"post_mailing_queue_ids":[],"_links":{"self":[{"href":"https:\/\/agora.xtec.cat\/iesmartilhuma\/wp-json\/wp\/v2\/pages\/1700","targetHints":{"allow":["GET"]}}],"collection":[{"href":"https:\/\/agora.xtec.cat\/iesmartilhuma\/wp-json\/wp\/v2\/pages"}],"about":[{"href":"https:\/\/agora.xtec.cat\/iesmartilhuma\/wp-json\/wp\/v2\/types\/page"}],"author":[{"embeddable":true,"href":"https:\/\/agora.xtec.cat\/iesmartilhuma\/wp-json\/wp\/v2\/users\/1"}],"replies":[{"embeddable":true,"href":"https:\/\/agora.xtec.cat\/iesmartilhuma\/wp-json\/wp\/v2\/comments?post=1700"}],"version-history":[{"count":4,"href":"https:\/\/agora.xtec.cat\/iesmartilhuma\/wp-json\/wp\/v2\/pages\/1700\/revisions"}],"predecessor-version":[{"id":4227,"href":"https:\/\/agora.xtec.cat\/iesmartilhuma\/wp-json\/wp\/v2\/pages\/1700\/revisions\/4227"}],"up":[{"embeddable":true,"href":"https:\/\/agora.xtec.cat\/iesmartilhuma\/wp-json\/wp\/v2\/pages\/2539"}],"wp:attachment":[{"href":"https:\/\/agora.xtec.cat\/iesmartilhuma\/wp-json\/wp\/v2\/media?parent=1700"}],"curies":[{"name":"wp","href":"https:\/\/api.w.org\/{rel}","templated":true}]}}