{"id":1696,"date":"2019-02-23T19:21:43","date_gmt":"2019-02-23T18:21:43","guid":{"rendered":"http:\/\/agora.xtec.cat\/iesmartilhuma\/?page_id=1696"},"modified":"2024-07-02T17:47:48","modified_gmt":"2024-07-02T15:47:48","slug":"oferta-educativa","status":"publish","type":"page","link":"https:\/\/agora.xtec.cat\/iesmartilhuma\/oferta-educativa\/","title":{"rendered":"Oferta educativa"},"content":{"rendered":"<div class=\"menu-oferta-educativa-container\">\n<ul id=\"menu-oferta-educativa\" class=\"menu\">\n<li id=\"menu-item-5726\" class=\"menu-item menu-item-type-post_type menu-item-object-page menu-item-5726\"><a href=\"https:\/\/agora.xtec.cat\/iesmartilhuma\/oferta-educativa\/eso\/\">ESO<\/a><\/li>\n<li id=\"menu-item-5727\" class=\"menu-item menu-item-type-post_type menu-item-object-page menu-item-has-children menu-item-5727\"><a href=\"https:\/\/agora.xtec.cat\/iesmartilhuma\/oferta-educativa\/ensenyaments-postobligatoris-a-linstitut-marti-lhuma\/\">Estudis postobligatoris<\/a>\n<ul class=\"sub-menu\">\n<li id=\"menu-item-5725\" class=\"menu-item menu-item-type-post_type menu-item-object-page menu-item-5725\"><a href=\"https:\/\/agora.xtec.cat\/iesmartilhuma\/oferta-educativa\/ensenyaments-postobligatoris-a-linstitut-marti-lhuma\/batxillerat\/\">Batxillerat<\/a><\/li>\n<li id=\"menu-item-5724\" class=\"menu-item menu-item-type-post_type menu-item-object-page menu-item-5724\"><a href=\"https:\/\/agora.xtec.cat\/iesmartilhuma\/oferta-educativa\/ensenyaments-postobligatoris-a-linstitut-marti-lhuma\/cfgm-atencio-a-persones-en-situacio-de-dependencia-torn-mati\/\">CFGM Atenci\u00f3 a persones en situaci\u00f3 de depend\u00e8ncia (Torn Mat\u00ed)<\/a><\/li>\n<li id=\"menu-item-5723\" class=\"menu-item menu-item-type-post_type menu-item-object-page menu-item-5723\"><a href=\"https:\/\/agora.xtec.cat\/iesmartilhuma\/oferta-educativa\/ensenyaments-postobligatoris-a-linstitut-marti-lhuma\/gestio-administrativa\/\">CFGM Gesti\u00f3 Administrativa (Torn Mat\u00ed)<\/a><\/li>\n<li id=\"menu-item-5722\" class=\"menu-item menu-item-type-post_type menu-item-object-page menu-item-5722\"><a href=\"https:\/\/agora.xtec.cat\/iesmartilhuma\/oferta-educativa\/ensenyaments-postobligatoris-a-linstitut-marti-lhuma\/manteniment-electromecanic\/\">CFGM Manteniment Electromec\u00e0nic (FORMACI\u00d3 DUAL) (Torn Mat\u00ed)<\/a><\/li>\n<li id=\"menu-item-5721\" class=\"menu-item menu-item-type-post_type menu-item-object-page menu-item-5721\"><a href=\"https:\/\/agora.xtec.cat\/iesmartilhuma\/oferta-educativa\/ensenyaments-postobligatoris-a-linstitut-marti-lhuma\/energies-renovables\/\">CFGS Energies renovables (FORMACI\u00d3 DUAL) (Torn Mat\u00ed)<\/a><\/li>\n<li><span style=\"color: #00ccff;\"><a style=\"color: #00ccff;\" href=\"https:\/\/www.gencat.cat\/ensenyament\/eac\/pdf\/PFI_____CM02_CA.pdf\" target=\"_blank\" rel=\"noopener\">PFI Auxiliar de Comer\u00e7 i Atenci\u00f3 al P\u00fablic<\/a><\/span><\/li>\n<\/ul>\n<\/li>\n<\/ul>\n<\/div>\n","protected":false},"excerpt":{"rendered":"<p>ESO Estudis postobligatoris Batxillerat CFGM Atenci\u00f3 a persones en situaci\u00f3 de depend\u00e8ncia (Torn Mat\u00ed) CFGM Gesti\u00f3 Administrativa (Torn Mat\u00ed) CFGM Manteniment Electromec\u00e0nic (FORMACI\u00d3 DUAL) (Torn Mat\u00ed) CFGS Energies renovables (FORMACI\u00d3 DUAL) (Torn Mat\u00ed) PFI Auxiliar de Comer\u00e7 i Atenci\u00f3 al P\u00fablic<\/p>\n","protected":false},"author":1,"featured_media":0,"parent":0,"menu_order":0,"comment_status":"closed","ping_status":"closed","template":"","meta":{"_bbp_topic_count":0,"_bbp_reply_count":0,"_bbp_total_topic_count":0,"_bbp_total_reply_count":0,"_bbp_voice_count":0,"_bbp_anonymous_reply_count":0,"_bbp_topic_count_hidden":0,"_bbp_reply_count_hidden":0,"_bbp_forum_subforum_count":0,"site-sidebar-layout":"default","site-content-layout":"","ast-site-content-layout":"","site-content-style":"default","site-sidebar-style":"default","ast-global-header-display":"","ast-banner-title-visibility":"","ast-main-header-display":"","ast-hfb-above-header-display":"","ast-hfb-below-header-display":"","ast-hfb-mobile-header-display":"","site-post-title":"","ast-breadcrumbs-content":"","ast-featured-img":"","footer-sml-layout":"","theme-transparent-header-meta":"","adv-header-id-meta":"","stick-header-meta":"","header-above-stick-meta":"","header-main-stick-meta":"","header-below-stick-meta":"","astra-migrate-meta-layouts":"default","ast-page-background-enabled":"default","ast-page-background-meta":{"desktop":{"background-color":"var(--ast-global-color-4)","background-image":"","background-repeat":"repeat","background-position":"center center","background-size":"auto","background-attachment":"scroll","background-type":"","background-media":"","overlay-type":"","overlay-color":"","overlay-opacity":"","overlay-gradient":""},"tablet":{"background-color":"","background-image":"","background-repeat":"repeat","background-position":"center center","background-size":"auto","background-attachment":"scroll","background-type":"","background-media":"","overlay-type":"","overlay-color":"","overlay-opacity":"","overlay-gradient":""},"mobile":{"background-color":"","background-image":"","background-repeat":"repeat","background-position":"center center","background-size":"auto","background-attachment":"scroll","background-type":"","background-media":"","overlay-type":"","overlay-color":"","overlay-opacity":"","overlay-gradient":""}},"ast-content-background-meta":{"desktop":{"background-color":"var(--ast-global-color-5)","background-image":"","background-repeat":"repeat","background-position":"center center","background-size":"auto","background-attachment":"scroll","background-type":"","background-media":"","overlay-type":"","overlay-color":"","overlay-opacity":"","overlay-gradient":""},"tablet":{"background-color":"var(--ast-global-color-5)","background-image":"","background-repeat":"repeat","background-position":"center center","background-size":"auto","background-attachment":"scroll","background-type":"","background-media":"","overlay-type":"","overlay-color":"","overlay-opacity":"","overlay-gradient":""},"mobile":{"background-color":"var(--ast-global-color-5)","background-image":"","background-repeat":"repeat","background-position":"center center","background-size":"auto","background-attachment":"scroll","background-type":"","background-media":"","overlay-type":"","overlay-color":"","overlay-opacity":"","overlay-gradient":""}},"footnotes":""},"class_list":["post-1696","page","type-page","status-publish","hentry"],"post_mailing_queue_ids":[],"_links":{"self":[{"href":"https:\/\/agora.xtec.cat\/iesmartilhuma\/wp-json\/wp\/v2\/pages\/1696","targetHints":{"allow":["GET"]}}],"collection":[{"href":"https:\/\/agora.xtec.cat\/iesmartilhuma\/wp-json\/wp\/v2\/pages"}],"about":[{"href":"https:\/\/agora.xtec.cat\/iesmartilhuma\/wp-json\/wp\/v2\/types\/page"}],"author":[{"embeddable":true,"href":"https:\/\/agora.xtec.cat\/iesmartilhuma\/wp-json\/wp\/v2\/users\/1"}],"replies":[{"embeddable":true,"href":"https:\/\/agora.xtec.cat\/iesmartilhuma\/wp-json\/wp\/v2\/comments?post=1696"}],"version-history":[{"count":5,"href":"https:\/\/agora.xtec.cat\/iesmartilhuma\/wp-json\/wp\/v2\/pages\/1696\/revisions"}],"predecessor-version":[{"id":6509,"href":"https:\/\/agora.xtec.cat\/iesmartilhuma\/wp-json\/wp\/v2\/pages\/1696\/revisions\/6509"}],"wp:attachment":[{"href":"https:\/\/agora.xtec.cat\/iesmartilhuma\/wp-json\/wp\/v2\/media?parent=1696"}],"curies":[{"name":"wp","href":"https:\/\/api.w.org\/{rel}","templated":true}]}}