{"id":1303,"date":"2018-06-30T22:44:19","date_gmt":"2018-06-30T20:44:19","guid":{"rendered":"http:\/\/agora.xtec.cat\/iesmartilhuma\/?page_id=1303"},"modified":"2024-07-03T17:33:36","modified_gmt":"2024-07-03T15:33:36","slug":"llibres-de-text-201819","status":"publish","type":"page","link":"https:\/\/agora.xtec.cat\/iesmartilhuma\/llibres-de-text-201819\/","title":{"rendered":"Llibres de text 2024\/25"},"content":{"rendered":"<h4 style=\"text-align: center;\"><span style=\"color: #000000;\"><a href=\"https:\/\/docs.google.com\/spreadsheets\/d\/e\/2PACX-1vSCcEH9JnqL4jflGLh17420y4jpIwvdSpWu8GIeSB6jPrmOfYwqEXiVEEsvmz3GaE7FaKvFN9hELpsK\/pubhtml\" target=\"_blank\" rel=\"noopener\">Llistat de llibres i material digital curs 2024\/25<\/a> (es publicar\u00e0 dimecres 3 de juliol)\u00a0<\/span><\/h4>\n<h4 style=\"text-align: center;\"><span style=\"color: #ff0000;\"><a style=\"color: #ff0000;\" href=\"https:\/\/microsites.iddink.es\/ca\/265_institut_marti_lhuma\/\" target=\"_blank\" rel=\"noopener\">(recomanem facis la compra mitjan\u00e7ant l&#8217;AFA amb IDDINK).<\/a><\/span><\/h4>\n<p style=\"text-align: center;\"><a href=\"https:\/\/agora.xtec.cat\/iesmartilhuma\/afa\/\" target=\"_blank\" rel=\"noopener\">Informaci\u00f3 de l&#8217;AFA (Associaci\u00f3 de fam\u00edlies d&#8217;alumnes)<\/a><\/p>\n","protected":false},"excerpt":{"rendered":"<p>Llistat de llibres i material digital curs 2024\/25 (es publicar\u00e0 dimecres 3 de juliol)\u00a0 (recomanem facis la compra mitjan\u00e7ant l&#8217;AFA amb IDDINK). Informaci\u00f3 de l&#8217;AFA (Associaci\u00f3 de fam\u00edlies d&#8217;alumnes)<\/p>\n","protected":false},"author":1,"featured_media":0,"parent":0,"menu_order":0,"comment_status":"closed","ping_status":"closed","template":"","meta":{"_bbp_topic_count":0,"_bbp_reply_count":0,"_bbp_total_topic_count":0,"_bbp_total_reply_count":0,"_bbp_voice_count":0,"_bbp_anonymous_reply_count":0,"_bbp_topic_count_hidden":0,"_bbp_reply_count_hidden":0,"_bbp_forum_subforum_count":0,"site-sidebar-layout":"default","site-content-layout":"","ast-site-content-layout":"","site-content-style":"default","site-sidebar-style":"default","ast-global-header-display":"","ast-banner-title-visibility":"","ast-main-header-display":"","ast-hfb-above-header-display":"","ast-hfb-below-header-display":"","ast-hfb-mobile-header-display":"","site-post-title":"","ast-breadcrumbs-content":"","ast-featured-img":"","footer-sml-layout":"","theme-transparent-header-meta":"","adv-header-id-meta":"","stick-header-meta":"","header-above-stick-meta":"","header-main-stick-meta":"","header-below-stick-meta":"","astra-migrate-meta-layouts":"default","ast-page-background-enabled":"default","ast-page-background-meta":{"desktop":{"background-color":"var(--ast-global-color-4)","background-image":"","background-repeat":"repeat","background-position":"center center","background-size":"auto","background-attachment":"scroll","background-type":"","background-media":"","overlay-type":"","overlay-color":"","overlay-opacity":"","overlay-gradient":""},"tablet":{"background-color":"","background-image":"","background-repeat":"repeat","background-position":"center center","background-size":"auto","background-attachment":"scroll","background-type":"","background-media":"","overlay-type":"","overlay-color":"","overlay-opacity":"","overlay-gradient":""},"mobile":{"background-color":"","background-image":"","background-repeat":"repeat","background-position":"center center","background-size":"auto","background-attachment":"scroll","background-type":"","background-media":"","overlay-type":"","overlay-color":"","overlay-opacity":"","overlay-gradient":""}},"ast-content-background-meta":{"desktop":{"background-color":"var(--ast-global-color-5)","background-image":"","background-repeat":"repeat","background-position":"center center","background-size":"auto","background-attachment":"scroll","background-type":"","background-media":"","overlay-type":"","overlay-color":"","overlay-opacity":"","overlay-gradient":""},"tablet":{"background-color":"var(--ast-global-color-5)","background-image":"","background-repeat":"repeat","background-position":"center center","background-size":"auto","background-attachment":"scroll","background-type":"","background-media":"","overlay-type":"","overlay-color":"","overlay-opacity":"","overlay-gradient":""},"mobile":{"background-color":"var(--ast-global-color-5)","background-image":"","background-repeat":"repeat","background-position":"center center","background-size":"auto","background-attachment":"scroll","background-type":"","background-media":"","overlay-type":"","overlay-color":"","overlay-opacity":"","overlay-gradient":""}},"footnotes":""},"class_list":["post-1303","page","type-page","status-publish","hentry"],"post_mailing_queue_ids":[],"_links":{"self":[{"href":"https:\/\/agora.xtec.cat\/iesmartilhuma\/wp-json\/wp\/v2\/pages\/1303","targetHints":{"allow":["GET"]}}],"collection":[{"href":"https:\/\/agora.xtec.cat\/iesmartilhuma\/wp-json\/wp\/v2\/pages"}],"about":[{"href":"https:\/\/agora.xtec.cat\/iesmartilhuma\/wp-json\/wp\/v2\/types\/page"}],"author":[{"embeddable":true,"href":"https:\/\/agora.xtec.cat\/iesmartilhuma\/wp-json\/wp\/v2\/users\/1"}],"replies":[{"embeddable":true,"href":"https:\/\/agora.xtec.cat\/iesmartilhuma\/wp-json\/wp\/v2\/comments?post=1303"}],"version-history":[{"count":7,"href":"https:\/\/agora.xtec.cat\/iesmartilhuma\/wp-json\/wp\/v2\/pages\/1303\/revisions"}],"predecessor-version":[{"id":6515,"href":"https:\/\/agora.xtec.cat\/iesmartilhuma\/wp-json\/wp\/v2\/pages\/1303\/revisions\/6515"}],"wp:attachment":[{"href":"https:\/\/agora.xtec.cat\/iesmartilhuma\/wp-json\/wp\/v2\/media?parent=1303"}],"curies":[{"name":"wp","href":"https:\/\/api.w.org\/{rel}","templated":true}]}}