{"id":845,"date":"2025-09-08T09:18:20","date_gmt":"2025-09-08T07:18:20","guid":{"rendered":"https:\/\/agora.xtec.cat\/iesmartifranques\/?page_id=845"},"modified":"2025-09-15T11:49:23","modified_gmt":"2025-09-15T09:49:23","slug":"ioc","status":"publish","type":"page","link":"https:\/\/agora.xtec.cat\/iesmartifranques\/estudis\/ioc\/","title":{"rendered":"IOC"},"content":{"rendered":"<p>L&#8217;Institut Antoni de Mart\u00ed i Franqu\u00e8s, com a centre col\u00b7laborador de l\u2019IOC, ofereix la possibilitat de cursar els estudis seg\u00fcents:<\/p>\n<ul>\n<li>Graduat en educaci\u00f3 secund\u00e0ria (GES)<\/li>\n<li>Batxillerat<\/li>\n<\/ul>\n<p><strong>Atenci\u00f3 al p\u00fablic<\/strong><\/p>\n<div dir=\"auto\"><strong>Atenci\u00f3, hem canviat temporalment l&#8217;horari d&#8217;atenci\u00f3 al p\u00fablic. L&#8217;actual \u00e9s el seg\u00fcent:<\/strong><\/div>\n<div dir=\"auto\"><\/div>\n<div dir=\"auto\"><\/div>\n<div dir=\"auto\">\n<div dir=\"auto\"><\/div>\n<div dir=\"auto\">Dilluns\u00a0 \u00a0 \u00a0 \u00a0 \u00a010:00 &#8211; 11:00<br \/>\nDimarts\u00a0 \u00a0 \u00a0 \u00a011:30 &#8211; 12:30<br \/>\nDimecres\u00a0 \u00a0 11:30 &#8211; 12:30<br \/>\nDijous\u00a0 \u00a0 \u00a0 \u00a0 \u00a011:30 &#8211; 12:30<br \/>\nDivendres\u00a0 \u00a011:30 &#8211; 12:30<\/div>\n<\/div>\n<div dir=\"auto\"><\/div>\n<div dir=\"auto\">Per a qualsevol consulta, el correu electr\u00f2nic \u00e9s <a href=\"mailto:ioc.marti.franques@gmail.com\" target=\"_blank\" rel=\"noopener\">ioc.marti.franques@gmail.com<\/a><\/div>\n<div dir=\"auto\">\n<div dir=\"auto\"><\/div>\n<\/div>\n<p>&nbsp;<\/p>\n<p><strong>Per\u00edode de matr\u00edcules<\/strong><\/p>\n<p>Tots els per\u00edodes de matr\u00edcula estan publicats al <a href=\"https:\/\/ioc.xtec.cat\/educacio\/11-secre\/secretaria\/858-calendari-de-matricula-1920\" target=\"_blank\" rel=\"noopener noreferrer\">web de l\u2019IOC.<\/a><\/p>\n<div dir=\"auto\"><\/div>\n<p><strong>Alumnes nous<\/strong><\/p>\n<p>Informaci\u00f3 per als alumnes que es matriculen per primera vegada de GES al l&#8217;IOC.<\/p>\n<ul>\n<li>Heu d&#8217;entrar al <a href=\"https:\/\/ioc.xtec.cat\/educacio\/\" target=\"_blank\" rel=\"noopener noreferrer\">web de l&#8217;IOC.<\/a><\/li>\n<li>Aneu a l&#8217;apartat <a href=\"https:\/\/ioc.xtec.cat\/educacio\/#estudis\" target=\"_blank\" rel=\"noopener noreferrer\">estudis<\/a> \/ <a href=\"https:\/\/ioc.xtec.cat\/educacio\/ges\" target=\"_blank\" rel=\"noopener noreferrer\">graduat en educaci\u00f3 secund\u00e0ria GES<\/a> \/ <a href=\"https:\/\/ioc.xtec.cat\/educacio\/ges#matricula\" target=\"_blank\" rel=\"noopener noreferrer\">vull matricular-me<\/a>.<\/li>\n<\/ul>\n<p>.En aquesta finestra trobareu tota la informaci\u00f3: els preus, la documentaci\u00f3 que cal presentar i el procediment.<\/p>\n<p>Recordeu que:<\/p>\n<p>En cas que tingueu aprovades mat\u00e8ries de 3r o 4t d&#8217;ESO, FP1, Graduat Escolar, 1r o 2n de BUP haureu de penjar, quan feu la preinscripci\u00f3, la documentaci\u00f3 acad\u00e8mica que ho justifiqui.<\/p>\n<p>Despr\u00e9s d&#8217;haver fet la preinscripci\u00f3 en l\u00ednia, heu de venir a l&#8217;Institut Antoni de Mart\u00ed i Franqu\u00e8s amb la documentaci\u00f3 original que haureu penjat per tal d&#8217;acabar de fer la matr\u00edcula.<\/p>\n<p>Els alumnes no matriculats han d&#8217;adre\u00e7ar-se per correu electr\u00f2nic (<a href=\"mailto:ioc.marti.franques@gmail.com\" target=\"_blank\" rel=\"noopener\">ioc.marti.franques@gmail.com<\/a><span class=\"\">) per fer qualsevol consulta.<\/span><span style=\"font-family: inherit; font-size: 1em;\">\u00a0<\/span><\/p>\n<p>&nbsp;<\/p>\n<p><strong>Alumnes que es matriculen<\/strong><\/p>\n<p>Informaci\u00f3 per als alumnes que es matriculen.<\/p>\n<p><a href=\"https:\/\/ioc.xtec.cat\/educacio\/11-secre\/secretaria\/858-calendari-de-matricula-1920\" target=\"_blank\" rel=\"noopener noreferrer\">Calendari de matr\u00edcula<\/a> (Pr\u00e8viament haureu d\u2019haver fet la preinscripci\u00f3 a trav\u00e9s de la p\u00e0gina web de l\u2019IOC).<\/p>\n<p>&nbsp;<\/p>\n<p><strong>Alumnes matriculats<\/strong><\/p>\n<p>Els alumnes matriculats a l&#8217;IOC heu d&#8217;utilitzar el correu intern de la tutoria.<\/p>\n<p>&nbsp;<\/p>\n<p>&nbsp;<\/p>\n<p>&nbsp;<\/p>\n","protected":false},"excerpt":{"rendered":"<p>L&#8217;Institut Antoni de Mart\u00ed i Franqu\u00e8s, com a centre col\u00b7laborador de l\u2019IOC, ofereix la possibilitat de cursar els estudis seg\u00fcents: Graduat en educaci\u00f3 secund\u00e0ria (GES) Batxillerat Atenci\u00f3 al p\u00fablic Atenci\u00f3, hem canviat temporalment l&#8217;horari d&#8217;atenci\u00f3 al p\u00fablic. L&#8217;actual \u00e9s el seg\u00fcent: Dilluns\u00a0 \u00a0 \u00a0 \u00a0 \u00a010:00 &#8211; 11:00 Dimarts\u00a0 \u00a0 \u00a0 \u00a011:30 &#8211; 12:30 Dimecres\u00a0 [&hellip;]<\/p>\n","protected":false},"author":1,"featured_media":0,"parent":195,"menu_order":0,"comment_status":"closed","ping_status":"closed","template":"","meta":{"_bbp_topic_count":0,"_bbp_reply_count":0,"_bbp_total_topic_count":0,"_bbp_total_reply_count":0,"_bbp_voice_count":0,"_bbp_anonymous_reply_count":0,"_bbp_topic_count_hidden":0,"_bbp_reply_count_hidden":0,"_bbp_forum_subforum_count":0,"site-sidebar-layout":"default","site-content-layout":"","ast-site-content-layout":"","site-content-style":"default","site-sidebar-style":"default","ast-global-header-display":"","ast-banner-title-visibility":"","ast-main-header-display":"","ast-hfb-above-header-display":"","ast-hfb-below-header-display":"","ast-hfb-mobile-header-display":"","site-post-title":"","ast-breadcrumbs-content":"","ast-featured-img":"","footer-sml-layout":"","theme-transparent-header-meta":"","adv-header-id-meta":"","stick-header-meta":"","header-above-stick-meta":"","header-main-stick-meta":"","header-below-stick-meta":"","astra-migrate-meta-layouts":"default","ast-page-background-enabled":"default","ast-page-background-meta":{"desktop":{"background-color":"var(--ast-global-color-4)","background-image":"","background-repeat":"repeat","background-position":"center center","background-size":"auto","background-attachment":"scroll","background-type":"","background-media":"","overlay-type":"","overlay-color":"","overlay-opacity":"","overlay-gradient":""},"tablet":{"background-color":"","background-image":"","background-repeat":"repeat","background-position":"center center","background-size":"auto","background-attachment":"scroll","background-type":"","background-media":"","overlay-type":"","overlay-color":"","overlay-opacity":"","overlay-gradient":""},"mobile":{"background-color":"","background-image":"","background-repeat":"repeat","background-position":"center center","background-size":"auto","background-attachment":"scroll","background-type":"","background-media":"","overlay-type":"","overlay-color":"","overlay-opacity":"","overlay-gradient":""}},"ast-content-background-meta":{"desktop":{"background-color":"var(--ast-global-color-5)","background-image":"","background-repeat":"repeat","background-position":"center center","background-size":"auto","background-attachment":"scroll","background-type":"","background-media":"","overlay-type":"","overlay-color":"","overlay-opacity":"","overlay-gradient":""},"tablet":{"background-color":"var(--ast-global-color-5)","background-image":"","background-repeat":"repeat","background-position":"center center","background-size":"auto","background-attachment":"scroll","background-type":"","background-media":"","overlay-type":"","overlay-color":"","overlay-opacity":"","overlay-gradient":""},"mobile":{"background-color":"var(--ast-global-color-5)","background-image":"","background-repeat":"repeat","background-position":"center center","background-size":"auto","background-attachment":"scroll","background-type":"","background-media":"","overlay-type":"","overlay-color":"","overlay-opacity":"","overlay-gradient":""}},"footnotes":""},"class_list":["post-845","page","type-page","status-publish","hentry"],"post_mailing_queue_ids":[],"_links":{"self":[{"href":"https:\/\/agora.xtec.cat\/iesmartifranques\/wp-json\/wp\/v2\/pages\/845","targetHints":{"allow":["GET"]}}],"collection":[{"href":"https:\/\/agora.xtec.cat\/iesmartifranques\/wp-json\/wp\/v2\/pages"}],"about":[{"href":"https:\/\/agora.xtec.cat\/iesmartifranques\/wp-json\/wp\/v2\/types\/page"}],"author":[{"embeddable":true,"href":"https:\/\/agora.xtec.cat\/iesmartifranques\/wp-json\/wp\/v2\/users\/1"}],"replies":[{"embeddable":true,"href":"https:\/\/agora.xtec.cat\/iesmartifranques\/wp-json\/wp\/v2\/comments?post=845"}],"version-history":[{"count":6,"href":"https:\/\/agora.xtec.cat\/iesmartifranques\/wp-json\/wp\/v2\/pages\/845\/revisions"}],"predecessor-version":[{"id":2453,"href":"https:\/\/agora.xtec.cat\/iesmartifranques\/wp-json\/wp\/v2\/pages\/845\/revisions\/2453"}],"up":[{"embeddable":true,"href":"https:\/\/agora.xtec.cat\/iesmartifranques\/wp-json\/wp\/v2\/pages\/195"}],"wp:attachment":[{"href":"https:\/\/agora.xtec.cat\/iesmartifranques\/wp-json\/wp\/v2\/media?parent=845"}],"curies":[{"name":"wp","href":"https:\/\/api.w.org\/{rel}","templated":true}]}}