{"id":836,"date":"2019-12-11T16:49:38","date_gmt":"2019-12-11T15:49:38","guid":{"rendered":"https:\/\/agora.xtec.cat\/iesmartifranques\/?page_id=836"},"modified":"2022-11-18T15:21:52","modified_gmt":"2022-11-18T14:21:52","slug":"tots-som-marti","status":"publish","type":"page","link":"https:\/\/agora.xtec.cat\/iesmartifranques\/tots-som-marti\/","title":{"rendered":"Tots som Mart\u00ed"},"content":{"rendered":"<p><a href=\"https:\/\/agora.xtec.cat\/iesmartifranques\/wp-content\/uploads\/usu871\/2022\/11\/Cartell-assetjament-1_page-0001.jpg\"><img loading=\"lazy\" decoding=\"async\" class=\"alignnone size-large wp-image-1816\" src=\"https:\/\/agora.xtec.cat\/iesmartifranques\/wp-content\/uploads\/usu871\/2022\/11\/Cartell-assetjament-1_page-0001-1024x724.jpg\" alt=\"\" width=\"1024\" height=\"724\" srcset=\"https:\/\/agora.xtec.cat\/iesmartifranques\/wp-content\/uploads\/usu871\/2022\/11\/Cartell-assetjament-1_page-0001-1024x724.jpg 1024w, https:\/\/agora.xtec.cat\/iesmartifranques\/wp-content\/uploads\/usu871\/2022\/11\/Cartell-assetjament-1_page-0001-300x212.jpg 300w, https:\/\/agora.xtec.cat\/iesmartifranques\/wp-content\/uploads\/usu871\/2022\/11\/Cartell-assetjament-1_page-0001-768x543.jpg 768w, https:\/\/agora.xtec.cat\/iesmartifranques\/wp-content\/uploads\/usu871\/2022\/11\/Cartell-assetjament-1_page-0001-1536x1085.jpg 1536w, https:\/\/agora.xtec.cat\/iesmartifranques\/wp-content\/uploads\/usu871\/2022\/11\/Cartell-assetjament-1_page-0001.jpg 1755w\" sizes=\"auto, (max-width: 1024px) 100vw, 1024px\" \/><\/a><\/p>\n<p>El projecte <em>Tots Som Mart\u00ed<\/em> fa refer\u00e8ncia al Projecte de Conviv\u00e8ncia del nostre centre. Aquest projecte reflecteix les accions que desenvolupa el nostre centre educatiu per capacitar tots els alumnes i la resta de la comunitat escolar per a la conviv\u00e8ncia i la gesti\u00f3 positiva dels conflictes. Per tant, aquestes accions tenen com a objectiu millorar la conviv\u00e8ncia en tres \u00e0mbits diferents que s\u00f3n l\u2019aula, el centre i l\u2019entorn. A m\u00e9s a m\u00e9s, el Projecte <a href=\"https:\/\/youtu.be\/StaCeiwtZ6I\"><em>Tots Som Mart\u00ed<\/em><\/a> inclou protocols de prevenci\u00f3, detecci\u00f3 i intervenci\u00f3 enfront situacions de conflictes greument perjudicials per a la conviv\u00e8ncia.<\/p>\n<p>L\u2019elaboraci\u00f3 d\u2019aquest projecte l\u2019ha dut a terme la Comissi\u00f3 de Conviv\u00e8ncia, la qual ha col\u00b7laborat en la planificaci\u00f3, aplicaci\u00f3 i el seguiment del Projecte. Cal destacar tamb\u00e9, que en la seva elaboraci\u00f3 s\u2019ha tingut en compte el Document de Normes d\u2019Organitzaci\u00f3 i Funcionament de Centre (NOFC) i el Pla d\u2019Acci\u00f3 Tutorial (PAT).<\/p>\n<p>Els principals projectes que s&#8217;hi inclouen i es desenvolupen al centre s\u00f3n:<\/p>\n<p><a href=\"https:\/\/xtec.gencat.cat\/ca\/centres\/projeducatiu\/convivencia\/aquiproubullying\/\">Aqu\u00edproubullying<\/a> El programa busca previndre les males pr\u00e0ctiques dels membres de la comunitat educativa.<\/p>\n<p><a href=\"https:\/\/projectes.xtec.cat\/educacioinclusiva\/general\/coeducat\/\">Coeducaci\u00f3:<\/a> es busca aplicar formacions i accions a les tutories i al centre per donar un enfocament no-sexista al nostre dia a dia. Per exemple hem reciclat un<a href=\"https:\/\/lagasetadelmarti.wordpress.com\/2022\/10\/04\/la-menstruacio-dins-linstitut\/\"> lavabo per convertir-lo en una refer\u00e8ncia de la higiene femenina,<\/a> articles i reflexions sobre el <a href=\"https:\/\/lagasetadelmarti.wordpress.com\/2022\/04\/08\/dones-del-segle-xx\/\">rol de la dona<\/a>, celebraci\u00f3 del 25N o <a href=\"https:\/\/lagasetadelmarti.wordpress.com\/2021\/03\/23\/si-8-de-marc-es-cada-dia-fem-que-ho-sigui-cada-dia\/\">8M<\/a>, etc.<\/p>\n","protected":false},"excerpt":{"rendered":"<p>El projecte Tots Som Mart\u00ed fa refer\u00e8ncia al Projecte de Conviv\u00e8ncia del nostre centre. Aquest projecte reflecteix les accions que desenvolupa el nostre centre educatiu per capacitar tots els alumnes i la resta de la comunitat escolar per a la conviv\u00e8ncia i la gesti\u00f3 positiva dels conflictes. Per tant, aquestes accions tenen com a objectiu [&hellip;]<\/p>\n","protected":false},"author":1,"featured_media":0,"parent":0,"menu_order":0,"comment_status":"closed","ping_status":"closed","template":"","meta":{"_bbp_topic_count":0,"_bbp_reply_count":0,"_bbp_total_topic_count":0,"_bbp_total_reply_count":0,"_bbp_voice_count":0,"_bbp_anonymous_reply_count":0,"_bbp_topic_count_hidden":0,"_bbp_reply_count_hidden":0,"_bbp_forum_subforum_count":0,"site-sidebar-layout":"default","site-content-layout":"","ast-site-content-layout":"","site-content-style":"default","site-sidebar-style":"default","ast-global-header-display":"","ast-banner-title-visibility":"","ast-main-header-display":"","ast-hfb-above-header-display":"","ast-hfb-below-header-display":"","ast-hfb-mobile-header-display":"","site-post-title":"","ast-breadcrumbs-content":"","ast-featured-img":"","footer-sml-layout":"","theme-transparent-header-meta":"","adv-header-id-meta":"","stick-header-meta":"","header-above-stick-meta":"","header-main-stick-meta":"","header-below-stick-meta":"","astra-migrate-meta-layouts":"default","ast-page-background-enabled":"default","ast-page-background-meta":{"desktop":{"background-color":"var(--ast-global-color-4)","background-image":"","background-repeat":"repeat","background-position":"center center","background-size":"auto","background-attachment":"scroll","background-type":"","background-media":"","overlay-type":"","overlay-color":"","overlay-opacity":"","overlay-gradient":""},"tablet":{"background-color":"","background-image":"","background-repeat":"repeat","background-position":"center center","background-size":"auto","background-attachment":"scroll","background-type":"","background-media":"","overlay-type":"","overlay-color":"","overlay-opacity":"","overlay-gradient":""},"mobile":{"background-color":"","background-image":"","background-repeat":"repeat","background-position":"center center","background-size":"auto","background-attachment":"scroll","background-type":"","background-media":"","overlay-type":"","overlay-color":"","overlay-opacity":"","overlay-gradient":""}},"ast-content-background-meta":{"desktop":{"background-color":"var(--ast-global-color-5)","background-image":"","background-repeat":"repeat","background-position":"center center","background-size":"auto","background-attachment":"scroll","background-type":"","background-media":"","overlay-type":"","overlay-color":"","overlay-opacity":"","overlay-gradient":""},"tablet":{"background-color":"var(--ast-global-color-5)","background-image":"","background-repeat":"repeat","background-position":"center center","background-size":"auto","background-attachment":"scroll","background-type":"","background-media":"","overlay-type":"","overlay-color":"","overlay-opacity":"","overlay-gradient":""},"mobile":{"background-color":"var(--ast-global-color-5)","background-image":"","background-repeat":"repeat","background-position":"center center","background-size":"auto","background-attachment":"scroll","background-type":"","background-media":"","overlay-type":"","overlay-color":"","overlay-opacity":"","overlay-gradient":""}},"footnotes":""},"class_list":["post-836","page","type-page","status-publish","hentry"],"post_mailing_queue_ids":[],"_links":{"self":[{"href":"https:\/\/agora.xtec.cat\/iesmartifranques\/wp-json\/wp\/v2\/pages\/836","targetHints":{"allow":["GET"]}}],"collection":[{"href":"https:\/\/agora.xtec.cat\/iesmartifranques\/wp-json\/wp\/v2\/pages"}],"about":[{"href":"https:\/\/agora.xtec.cat\/iesmartifranques\/wp-json\/wp\/v2\/types\/page"}],"author":[{"embeddable":true,"href":"https:\/\/agora.xtec.cat\/iesmartifranques\/wp-json\/wp\/v2\/users\/1"}],"replies":[{"embeddable":true,"href":"https:\/\/agora.xtec.cat\/iesmartifranques\/wp-json\/wp\/v2\/comments?post=836"}],"version-history":[{"count":3,"href":"https:\/\/agora.xtec.cat\/iesmartifranques\/wp-json\/wp\/v2\/pages\/836\/revisions"}],"predecessor-version":[{"id":1819,"href":"https:\/\/agora.xtec.cat\/iesmartifranques\/wp-json\/wp\/v2\/pages\/836\/revisions\/1819"}],"wp:attachment":[{"href":"https:\/\/agora.xtec.cat\/iesmartifranques\/wp-json\/wp\/v2\/media?parent=836"}],"curies":[{"name":"wp","href":"https:\/\/api.w.org\/{rel}","templated":true}]}}