{"id":827,"date":"2021-11-20T08:47:02","date_gmt":"2021-11-20T07:47:02","guid":{"rendered":"https:\/\/agora.xtec.cat\/iesmartifranques\/?page_id=827"},"modified":"2021-11-24T11:43:30","modified_gmt":"2021-11-24T10:43:30","slug":"biblioteca-i-creativitat","status":"publish","type":"page","link":"https:\/\/agora.xtec.cat\/iesmartifranques\/biblioteca-i-creativitat\/","title":{"rendered":"Biblioteca i creativitat"},"content":{"rendered":"<p><b>Espai Abell\u00f3: biblioteca i creativitat<\/b><\/p>\n<p><span style=\"font-weight: 400;\">El projecte <\/span><b>Biblioteca i creativitat<\/b><span style=\"font-weight: 400;\"> \u00e9s un treball interdepartamental que va comen\u00e7ar a treballar el setembre del 2019 i en el qual cada membre aporta el seu granet de sorra per tal de dinamitzar la Biblioteca escolar Montserrat Abell\u00f3 de l\u2019Institut Antoni de Mart\u00ed i Franqu\u00e8s. Hi ha professors d\u2019\u00e0rees tan diverses com educaci\u00f3 visual i pl\u00e0stica, castell\u00e0, catal\u00e0, m\u00fasica i alemany.<\/span><\/p>\n<p><span style=\"font-weight: 400;\">La primera tasca que es va dur a terme va ser l\u2019adequaci\u00f3 dels espais de la Biblioteca i se\u2019n van crear de nous\u00a0 al vest\u00edbul, davant de consergeria, i a cada sala de professors (minibiblioteca d\u2019aula).<\/span><\/p>\n<p><span style=\"font-weight: 400;\">Tamb\u00e9 s\u2019ha gestionat la subvenci\u00f3 del <em>Pacto de Estado contra la violencia de g\u00e9nero<\/em> per comprar llibres sobre coeducaci\u00f3 en catal\u00e0, castell\u00e0 i angl\u00e8s.<\/span><\/p>\n<p><span style=\"font-weight: 400;\">La comissi\u00f3 Biblioteca i creativitat vetllar\u00e0 per tal de fer real el lema de la Biblioteca escolar de l\u2019Institut Antoni de Mart\u00ed i Franqu\u00e8s: El parad\u00eds perfecte \u00e9s una biblioteca.<\/span><\/p>\n<p><span style=\"font-weight: 400;\">La biblioteca compta amb un <a href=\"http:\/\/clublecturaiamf.blogspot.com\/\" target=\"_blank\" rel=\"noopener\">Club de Lectura Virtual<\/a>.<\/span><\/p>\n<p><b>ESPAI ABELL\u00d3<\/b><\/p>\n<p><span style=\"font-weight: 400;\">A finals del curs 2018-19 el Departament de Llengua i Literatura catalana va proposar posar el nom de Montserrat Abell\u00f3 a la Biblioteca escolar de l\u2019institut. La comissi\u00f3 de biblioteca i creativitat ha donat suport a aquesta iniciativa tant en el disseny dels plafons d\u2019entrada a la Biblioteca, la gesti\u00f3 del pr\u00e9stec de llibres sobre Montserrat Abell\u00f3 de la Biblioteca P\u00fablica de Tarragona i sobretot en la gesti\u00f3 de l\u2019acte poeticomusical que va tenir lloc el passat 4 de desembre del 2019.\u00a0<\/span><\/p>\n<p><span style=\"font-weight: 400;\">L\u2019espai Abell\u00f3, que tindr\u00e0 un proper web, \u00e9s un espai cultural que va m\u00e9s enll\u00e0 de l\u2019horari dels alumnes i es vol oferir a la ciutat com un agent cultural gr\u00e0cies al fil argumental de la poesia de Montserrat Abell\u00f3. Des del 2020 est\u00e0 adherit al projecte nacional <a href=\"https:\/\/www.espaisescrits.cat\/ca\" target=\"_blank\" rel=\"noopener\">Espais Escrits<\/a>.\u00a0<\/span><\/p>\n","protected":false},"excerpt":{"rendered":"<p>Espai Abell\u00f3: biblioteca i creativitat El projecte Biblioteca i creativitat \u00e9s un treball interdepartamental que va comen\u00e7ar a treballar el setembre del 2019 i en el qual cada membre aporta el seu granet de sorra per tal de dinamitzar la Biblioteca escolar Montserrat Abell\u00f3 de l\u2019Institut Antoni de Mart\u00ed i Franqu\u00e8s. Hi ha professors d\u2019\u00e0rees [&hellip;]<\/p>\n","protected":false},"author":1,"featured_media":0,"parent":0,"menu_order":0,"comment_status":"closed","ping_status":"closed","template":"","meta":{"_bbp_topic_count":0,"_bbp_reply_count":0,"_bbp_total_topic_count":0,"_bbp_total_reply_count":0,"_bbp_voice_count":0,"_bbp_anonymous_reply_count":0,"_bbp_topic_count_hidden":0,"_bbp_reply_count_hidden":0,"_bbp_forum_subforum_count":0,"site-sidebar-layout":"default","site-content-layout":"","ast-site-content-layout":"","site-content-style":"default","site-sidebar-style":"default","ast-global-header-display":"","ast-banner-title-visibility":"","ast-main-header-display":"","ast-hfb-above-header-display":"","ast-hfb-below-header-display":"","ast-hfb-mobile-header-display":"","site-post-title":"","ast-breadcrumbs-content":"","ast-featured-img":"","footer-sml-layout":"","theme-transparent-header-meta":"","adv-header-id-meta":"","stick-header-meta":"","header-above-stick-meta":"","header-main-stick-meta":"","header-below-stick-meta":"","astra-migrate-meta-layouts":"default","ast-page-background-enabled":"default","ast-page-background-meta":{"desktop":{"background-color":"var(--ast-global-color-4)","background-image":"","background-repeat":"repeat","background-position":"center center","background-size":"auto","background-attachment":"scroll","background-type":"","background-media":"","overlay-type":"","overlay-color":"","overlay-opacity":"","overlay-gradient":""},"tablet":{"background-color":"","background-image":"","background-repeat":"repeat","background-position":"center center","background-size":"auto","background-attachment":"scroll","background-type":"","background-media":"","overlay-type":"","overlay-color":"","overlay-opacity":"","overlay-gradient":""},"mobile":{"background-color":"","background-image":"","background-repeat":"repeat","background-position":"center center","background-size":"auto","background-attachment":"scroll","background-type":"","background-media":"","overlay-type":"","overlay-color":"","overlay-opacity":"","overlay-gradient":""}},"ast-content-background-meta":{"desktop":{"background-color":"var(--ast-global-color-5)","background-image":"","background-repeat":"repeat","background-position":"center center","background-size":"auto","background-attachment":"scroll","background-type":"","background-media":"","overlay-type":"","overlay-color":"","overlay-opacity":"","overlay-gradient":""},"tablet":{"background-color":"var(--ast-global-color-5)","background-image":"","background-repeat":"repeat","background-position":"center center","background-size":"auto","background-attachment":"scroll","background-type":"","background-media":"","overlay-type":"","overlay-color":"","overlay-opacity":"","overlay-gradient":""},"mobile":{"background-color":"var(--ast-global-color-5)","background-image":"","background-repeat":"repeat","background-position":"center center","background-size":"auto","background-attachment":"scroll","background-type":"","background-media":"","overlay-type":"","overlay-color":"","overlay-opacity":"","overlay-gradient":""}},"footnotes":""},"class_list":["post-827","page","type-page","status-publish","hentry"],"post_mailing_queue_ids":[],"_links":{"self":[{"href":"https:\/\/agora.xtec.cat\/iesmartifranques\/wp-json\/wp\/v2\/pages\/827","targetHints":{"allow":["GET"]}}],"collection":[{"href":"https:\/\/agora.xtec.cat\/iesmartifranques\/wp-json\/wp\/v2\/pages"}],"about":[{"href":"https:\/\/agora.xtec.cat\/iesmartifranques\/wp-json\/wp\/v2\/types\/page"}],"author":[{"embeddable":true,"href":"https:\/\/agora.xtec.cat\/iesmartifranques\/wp-json\/wp\/v2\/users\/1"}],"replies":[{"embeddable":true,"href":"https:\/\/agora.xtec.cat\/iesmartifranques\/wp-json\/wp\/v2\/comments?post=827"}],"version-history":[{"count":2,"href":"https:\/\/agora.xtec.cat\/iesmartifranques\/wp-json\/wp\/v2\/pages\/827\/revisions"}],"predecessor-version":[{"id":1531,"href":"https:\/\/agora.xtec.cat\/iesmartifranques\/wp-json\/wp\/v2\/pages\/827\/revisions\/1531"}],"wp:attachment":[{"href":"https:\/\/agora.xtec.cat\/iesmartifranques\/wp-json\/wp\/v2\/media?parent=827"}],"curies":[{"name":"wp","href":"https:\/\/api.w.org\/{rel}","templated":true}]}}