{"id":822,"date":"2025-09-01T08:04:21","date_gmt":"2025-09-01T06:04:21","guid":{"rendered":"https:\/\/agora.xtec.cat\/iesmartifranques\/?page_id=822"},"modified":"2025-09-15T11:50:58","modified_gmt":"2025-09-15T09:50:58","slug":"orientacio-academica","status":"publish","type":"page","link":"https:\/\/agora.xtec.cat\/iesmartifranques\/serveis\/orientacio-academica\/","title":{"rendered":"Suport a l&#8217;orientaci\u00f3 acad\u00e8mica"},"content":{"rendered":"<h4>H\u00e0bits d&#8217;estudi, Orientaci\u00f3 a Batxillerat, FP, universit\u00e0ria i beques<\/h4>\n<p>&nbsp;<\/p>\n<p><a href=\"https:\/\/agora.xtec.cat\/iesmartifranques\/wp-content\/uploads\/usu871\/2024\/10\/baixa.jpeg\"><img loading=\"lazy\" decoding=\"async\" class=\"aligncenter size-full wp-image-2232\" src=\"https:\/\/agora.xtec.cat\/iesmartifranques\/wp-content\/uploads\/usu871\/2024\/10\/baixa.jpeg\" alt=\"\" width=\"275\" height=\"183\" \/><\/a><\/p>\n<h4>H\u00e0bits d&#8217;estudi<\/h4>\n<p>Qu\u00e8 s\u00f3n els h\u00e0bits d&#8217;estudi?<br \/>\nEls h\u00e0bits d&#8217;estudi s\u00f3n pr\u00e0ctiques i rutines que s&#8217;utilitzen amb l&#8217;objectiu d&#8217;aprendre de manera eficient i d&#8217;obtenir els millors resultats en ex\u00e0mens i exercicis d&#8217;avaluaci\u00f3.<br \/>\nL&#8217;adopci\u00f3 de bons h\u00e0bits d&#8217;estudi no nom\u00e9s impulsa el rendiment acad\u00e8mic, sin\u00f3 que tamb\u00e9 promou el desenvolupament de conductes necess\u00e0ries per afrontar el proc\u00e9s d&#8217;aprenentatge amb serenitat i confian\u00e7a a qualsevol edat.<\/p>\n<p><strong>H\u00e0bits d&#8217;estudi efica\u00e7os<\/strong><\/p>\n<p>Els seg\u00fcents h\u00e0bits d&#8217;estudi s\u00f3n \u00fatils per afrontar diferents tipus d&#8217;avaluaci\u00f3 o prova: ex\u00e0mens de totes les etapes educatives, oposicions, proves de selectivitat, proves d&#8217;acc\u00e9s als diferents ensenyaments, etc.<br \/>\nIncorpora&#8217;ls al teu proc\u00e9s d&#8217;aprenentatge i aplica&#8217;ls amb regularitat per treure el m\u00e0xim partit a les teves hores d&#8217;estudi i aconseguir bones qualificacions.<\/p>\n<p><strong>1. Tenir present l&#8217;objectiu<\/strong><\/p>\n<p>Tots els ex\u00e0mens, exercicis i proves d&#8217;avaluaci\u00f3 constitueixen un pas m\u00e9s per avan\u00e7ar en el teu itinerari acad\u00e8mic, que et portar\u00e0 a la professi\u00f3 que desitges exercir. Per mantenir la motivaci\u00f3, recorda la teva meta.<\/p>\n<p><strong>2. Parar atenci\u00f3 a classe<\/strong><\/p>\n<p>Un estudi efica\u00e7 comen\u00e7a parant atenci\u00f3 a classe i aprofitant al m\u00e0xim les explicacions del docent. Per a aix\u00f2:<br \/>\n\uf095 Sempre que sigui possible, escull un lloc proper al professor o professora per asseure&#8217;t.<br \/>\n\uf095 Evita distraccions innecess\u00e0ries sobre la taula: tingues a m\u00e0 nom\u00e9s el material imprescindible.<br \/>\n\uf095 Tenir uns apunts llegibles i complets facilita l&#8217;estudi. Utilitza s\u00edmbols, diferents colors i tipus de lletra perqu\u00e8 siguin atractius visualment.<br \/>\n\uf095 Si et sorgeixen dubtes durant l&#8217;explicaci\u00f3 del professor, planteja les preguntes que t&#8217;ajudin a resoldre-les.<\/p>\n<p><strong>3. Crear un pla d&#8217;estudi i establir un horari<\/strong><\/p>\n<p>Abans de comen\u00e7ar a estudiar, dissenya un pla d\u2019estuid (el tens a sota) adaptat al teu objectiu d&#8217;aprenentatge i a les teves circumst\u00e0ncies personals. Amb aquesta finalitat, conv\u00e9 que tinguis en compte les recomanacions seg\u00fcents:<br \/>\n\uf095 Organitza el contingut que estudiar\u00e0s durant els dies, setmanes o mesos que falten fins a la realitzaci\u00f3 de la prova, tenint en compte l&#8217;amplitud dels temes i el temps que dedicar\u00e0s a cadascun.<br \/>\n\uf095 Defineix un horari d&#8217;estudi intercalant descansos i representa&#8217;l en una agenda o en una eina digital com Google Calendar per planificar la teva rutina di\u00e0ria. Intenta seguir l&#8217;horari amb rigorositat.<br \/>\n\uf095 Tingues sempre a la vista la planificaci\u00f3 en el teu espai d&#8217;estudi perqu\u00e8 sigui m\u00e9s f\u00e0cil seguir-la. Si sorgeixen imprevistos que modifiquin l&#8217;horari, ajusta&#8217;l per garantir que dediques el temps necessari a cada tema.<\/p>\n<p><strong>4. Condicionar un espai d&#8217;estudi<\/strong><\/p>\n<p>Tenir un lloc espec\u00edfic amb les condicions adequades per estudiar et permetr\u00e0 concentrar-te i rendir millor. Tant si estudies a la biblioteca com si disposes d&#8217;un espai d&#8217;estudi a casa, aquest hauria de tenir les seg\u00fcents caracter\u00edstiques:<br \/>\n\uf095 Ordenat. Intenta reduir el soroll visual, tingues a m\u00e0 nom\u00e9s el necessari per estudiar: apunts,<br \/>\nordinador, agenda, llapis, bol\u00edgrafs, llibres de text i de consulta, i calculadora (si cal).<\/p>\n<p>\uf095 Silenci\u00f3s. Un ambient tranquil t&#8217;ajudar\u00e0 a concentrar-te. Pots utilitzar taps o auriculars amb cancel\u00b7laci\u00f3 de soroll per a\u00efllar-te de sons molestos.<br \/>\n\uf095 Ben il\u00b7luminat. Si tens llum natural, no ha d&#8217;il\u00b7luminar de manera directa els teus apunts ni la teva pantalla d&#8217;ordinador. La llum artificial conv\u00e9 que sigui homog\u00e8nia, sense canvis d&#8217;intensitat. Si escrius en paper, ha d&#8217;arribar pel costat esquerre si ets dret\u00e0, i pel dret si ets esquerr\u00e0.<br \/>\n\uf095 C\u00f2mode i ergon\u00f2mic. La cadira ha de subjectar la teva esquena per evitar males postures.<br \/>\nL&#8217;escriptori conv\u00e9 que sigui ample perqu\u00e8 puguis disposar de tot el material necessari. Si ho necessites, utilitza taules plegables auxiliars.<\/p>\n<p><strong>5. Emprar t\u00e8cniques d&#8217;estudi<\/strong><\/p>\n<p>Hi ha multitud de t\u00e8cniques que faciliten l&#8217;aprenentatge i la retenci\u00f3 d&#8217;informaci\u00f3:<br \/>\n\uf095 Mapes conceptuals<br \/>\n\uf095 Subratllat<br \/>\n\uf095 Resums<br \/>\n\uf095 Esquemes<br \/>\n\uf095 Explicaci\u00f3 oral<\/p>\n<p><strong>6. Descansar<\/strong><\/p>\n<p>Per aprofitar al m\u00e0xim el temps d&#8217;estudi \u00e9s important afrontar-lo amb energia i capacitat de concentraci\u00f3. Per aix\u00f2 \u00e9s convenient:<br \/>\n\uf095 Dormir 8 hores di\u00e0ries.<br \/>\n\uf095 Intercalar pauses curtes durant l&#8217;estudi per desconnectar i moure&#8217;t una mica.<br \/>\n\uf095 En les teves estones lliures, practicar meditaci\u00f3, t\u00e8cniques de respiraci\u00f3 o activitats relaxants com ioga, caminar per la natura o pintar.<\/p>\n<p><strong>7. Tenir cura de l&#8217;alimentaci\u00f3 i fer exercici<\/strong><\/p>\n<p>La teva salut f\u00edsica influeix en el teu rendiment intel\u00b7lectual. Alguns h\u00e0bits que poden afavorir les teves funcions cognitives s\u00f3n:<br \/>\n\uf095 Tenir una dieta equilibrada i nutritiva rica en fruites, verdures i llegums.<br \/>\n\uf095 Mantenir-se hidratat; conv\u00e9 beure entre 1,5 i 2 litres d&#8217;aigua al dia.<br \/>\n\uf095 Evitar la ingesta d&#8217;alcohol i reduir el consum de tabac i cafe\u00efna.<br \/>\n\uf095 Dedicar temps a realitzar exercici. Combina diferents tipus d&#8217;entrenament i consulta un professional per adaptar la rutina d&#8217;exercici a les teves necessitats.<\/p>\n<p><strong>8. Evitar distraccions<\/strong><\/p>\n<p>Redueix possibles distraccions per treure el m\u00e0xim partit al teu temps d&#8217;estudi:<br \/>\n\uf095 Posa en mode avi\u00f3 o silencia el teu tel\u00e8fon m\u00f2bil perqu\u00e8 no et molestin les notificacions.<br \/>\n\uf095 Demana a la teva fam\u00edlia que respecti el teu temps d&#8217;estudi perqu\u00e8 evitin al\u00e7ar la veu o escoltar la televisi\u00f3 amb un volum elevat.<br \/>\n\uf095 Utilitza taps per atenuar el so que no puguis controlar.<br \/>\n\uf095 Fes servir cortines a les finestres per evitar distreure&#8217;t amb el que passa fora.<\/p>\n<p><strong>9. Adaptar la metodologia d&#8217;estudi al tipus de prova<\/strong><\/p>\n<p>No tots els ex\u00e0mens i mat\u00e8ries requereixen la mateixa forma d&#8217;estudi.<br \/>\n\uf095 En ex\u00e0mens de respostes de desenvolupament pots estudiar el temari amb mapes conceptuals i relacionant els diferents conceptes.<br \/>\n\uf095 En ex\u00e0mens tipus test \u00e9s important recordar detalls del temari. Practica amb exemples d&#8217;ex\u00e0mens similars.<\/p>\n<p>&nbsp;<\/p>\n<p><strong>10. Demanar ajuda quan sigui necessari<\/strong><\/p>\n<p>Si no entens algun concepte, no saps com organitzar l&#8217;estudi o et costa concentrar-te, pots buscar ajuda en:<br \/>\n\uf095 Professors, per resoldre els teus dubtes sobre el temari.<br \/>\n\uf095 Familiars, amics o companys, per explicar el temari i fer-vos preguntes amb l&#8217;objectiu de verificar<br \/>\nque heu ent\u00e8s els continguts.<br \/>\n\uf095 Altres professionals, que poden ajudar-te amb classes de refor\u00e7, acompanyar-te en la planificaci\u00f3 de l&#8217;estudi o donar-te suport psicol\u00f2gic per gestionar l&#8217;estr\u00e8s que pot suposar l&#8217;estudi.<br \/>\nAquests h\u00e0bits s\u00f3n imprescindibles per construir una rutina d&#8217;estudi efica\u00e7 i assolir els teus objectius acad\u00e8mics. Aplicar h\u00e0bits d&#8217;estudi efica\u00e7os t&#8217;ajudar\u00e0 a aprofitar al m\u00e0xim les hores invertides en el teu aprenentatge (Informaci\u00f3 extreta d\u2019Educaweb)<\/p>\n<p>&nbsp;<\/p>\n<h4><span style=\"color: #000000;\">Batxillerat<\/span><\/h4>\n<p><span style=\"color: #666699;\"><a style=\"color: #666699;\" href=\"http:\/\/queestudiar.gencat.cat\/ca\/estudis\/batxillerat\/\" target=\"_blank\" rel=\"noopener noreferrer\">Informaci\u00f3 general<\/a><\/span><\/p>\n<p><span style=\"color: #666699;\"><a style=\"color: #666699;\" href=\"https:\/\/agora.xtec.cat\/iesmartifranques\/categoria\/batxillerat\/\" target=\"_blank\" rel=\"noopener noreferrer\">Batxillerat a l&#8217;institut<\/a><\/span><\/p>\n<p><a href=\"https:\/\/educacio.gencat.cat\/ca\/departament\/transparencia\/gestio-serveis-publics\/calculs-preinscripcio\/mitjana-eso\/mitjana-eso-batxillerat\/index.html\">Acc\u00e9s<\/a><\/p>\n<h5><\/h5>\n<h4><span style=\"color: #000000;\">FP<\/span><\/h4>\n<p><a href=\"https:\/\/drive.google.com\/file\/d\/1Q7nSKkOZcbvEcFS46aLGTZWKJKbNeQqf\/view\" target=\"_blank\" rel=\"noopener\">Orientaci\u00f3 per la tria educativa d&#8217;estudis professionals 2023<\/a><\/p>\n<p><span style=\"color: #666699;\"><a style=\"color: #666699;\" href=\"https:\/\/drive.google.com\/file\/d\/1D_eG_UD2hpnRL3NZsZAztFtL0s6uwzXg\/view?usp=share_link\" target=\"_blank\" rel=\"noopener noreferrer\">Presentaci\u00f3 de la FP<\/a><\/span><\/p>\n<p><span style=\"color: #666699;\"><a style=\"color: #666699;\" href=\"http:\/\/queestudiar.gencat.cat\/ca\/estudis\/fp\/\" target=\"_blank\" rel=\"noopener noreferrer\">Cicles formatius<\/a><\/span><\/p>\n<p><span style=\"color: #666699;\"><a style=\"color: #666699;\" href=\"http:\/\/queestudiar.gencat.cat\/ca\/estudis\/pfi\/\" target=\"_blank\" rel=\"noopener noreferrer\">Programes de formaci\u00f3 i inserci\u00f3<\/a><\/span><\/p>\n<p><span style=\"color: #666699;\"><a style=\"color: #666699;\" href=\"https:\/\/www.google.com\/maps\/d\/viewer?ll=41.11207571436882%2C1.1354519017086204&amp;z=11&amp;mid=1v0NXNMOM9xba2rdn-ofTmQi4eJXLBQa2\" target=\"_blank\" rel=\"noopener noreferrer\">Mapa dels centres dels Serveis Territorials de Tarragona on s\u2019imparteix FP<\/a><\/span><\/p>\n<p><span style=\"color: #666699;\"><a style=\"color: #666699;\" href=\"https:\/\/drive.google.com\/file\/d\/1kdMQAillnk0zmDapGP8dSRZF265xs-eu\/view?usp=share_link\" target=\"_blank\" rel=\"noopener noreferrer\">Oferta de cicles de formaci\u00f3 professional a la demarcaci\u00f3 de Tarragona<\/a><\/span><\/p>\n<h5><a href=\"https:\/\/educacio.gencat.cat\/ca\/departament\/transparencia\/gestio-serveis-publics\/calculs-preinscripcio\/mitjana-eso\/mitjana-eso-fpgm\/index.html\">Acc\u00e9s<\/a><\/h5>\n<p>&nbsp;<\/p>\n<h4>Altres ensenyaments<\/h4>\n<p><span style=\"color: #666699;\"><a style=\"color: #666699;\" href=\"http:\/\/queestudiar.gencat.cat\/ca\/estudis\/eas\/\" target=\"_blank\" rel=\"noopener noreferrer\">Art\u00edstics<\/a><\/span><\/p>\n<p><span style=\"color: #666699;\"><a style=\"color: #666699;\" href=\"http:\/\/queestudiar.gencat.cat\/ca\/estudis\/esportius\/\" target=\"_blank\" rel=\"noopener noreferrer\">Esportius<\/a><\/span><\/p>\n<p><span style=\"color: #666699;\"><a style=\"color: #666699;\" href=\"http:\/\/queestudiar.gencat.cat\/ca\/estudis\/idiomes\/\" target=\"_blank\" rel=\"noopener noreferrer\">Idiomes<\/a><\/span><\/p>\n<h5><\/h5>\n<h4>Estudis universitaris<\/h4>\n<p>En el seg\u00fcent enlla\u00e7 trobareu informaci\u00f3 sobre els estudis que ofereixen les universitats catalanes, els centres on s\u2019imparteixen, les sortides professionals de cadascun d\u2019ells i altres informacions que us poden interessar:<\/p>\n<p><span style=\"color: #666699;\"><a style=\"color: #666699;\" href=\"http:\/\/aplicacions.universitats.gencat.cat\/qpq\/AppJava\/real\/iniciar.do\" target=\"_blank\" rel=\"noopener noreferrer\">Qu\u00e8 i per qu\u00e8 estudiar a les universitats catalanes?<\/a><\/span><\/p>\n<p><span style=\"color: #666699;\"><a style=\"color: #666699;\" href=\"https:\/\/preparats.cat\/\" target=\"_blank\" rel=\"noopener\">Preparats.cat<\/a><\/span><\/p>\n<p><span style=\"color: #666699;\"><a style=\"color: #666699;\" href=\"http:\/\/universitatsirecerca.gencat.cat\/ca\/03_ambits_dactuacio\/estudis_universitaris\" target=\"_blank\" rel=\"noopener noreferrer\">Informaci\u00f3 general<\/a><\/span><\/p>\n<p><span style=\"color: #666699;\"><a style=\"color: #666699;\" href=\"http:\/\/aplicacions.universitats.gencat.cat\/qpq\/AppJava\/real\/iniciar.do\" target=\"_blank\" rel=\"noopener noreferrer\">Universitats catalanes<\/a><\/span><\/p>\n<p><span style=\"color: #666699;\"><a style=\"color: #666699;\" href=\"http:\/\/www.universia.es\/estudiar-extranjero\" target=\"_blank\" rel=\"noopener noreferrer\">Universitats estrangeres\u00a0<\/a><\/span><\/p>\n<p><span style=\"color: #666699;\"><a style=\"color: #666699;\" href=\"http:\/\/jovecat.gencat.cat\/ca\/temes\/educacio_i_formacio\/estudiar_a_l_estranger\/\" target=\"_blank\" rel=\"noopener noreferrer\">Estudiar a l\u2019estranger<\/a><\/span><\/p>\n<h5><\/h5>\n<h4>Punt Jove<\/h4>\n<p><span style=\"color: #666699;\"><a style=\"color: #666699;\" href=\"http:\/\/treballiaferssocials.gencat.cat\/ca\/ambits_tematics\/joventut\/\" target=\"_blank\" rel=\"noopener noreferrer\">Joventut a Catalunya<\/a><\/span><\/p>\n<p><span style=\"color: #666699;\"><a style=\"color: #666699;\" href=\"http:\/\/jovecat.gencat.cat\/ca\/\" target=\"_blank\" rel=\"noopener noreferrer\">Punt Jove<\/a><\/span><\/p>\n<p><span style=\"color: #666699;\"><a style=\"color: #666699;\" href=\"http:\/\/www.tarragonajove.org\/inici\" target=\"_blank\" rel=\"noopener noreferrer\">Tarragona Jove<\/a><\/span><\/p>\n<h5><\/h5>\n<h4>Formaci\u00f3 d\u2019adults<\/h4>\n<p><span style=\"color: #666699;\"><a style=\"color: #666699;\" href=\"http:\/\/queestudiar.gencat.cat\/ca\/estudis\/adults\" target=\"_blank\" rel=\"noopener noreferrer\">Educaci\u00f3 d\u2019adults<\/a><\/span><\/p>\n<p><span style=\"color: #666699;\"><a style=\"color: #666699;\" href=\"http:\/\/www.tarragona.cat\/educacio\/centres-educatius\/ensenyament-dadults\" target=\"_blank\" rel=\"noopener noreferrer\">Ensenyament d\u2019adults a Tarragona<\/a><\/span><\/p>\n<h5><\/h5>\n<h4><strong>Beques<\/strong><\/h4>\n<p><span style=\"color: #666699;\"><a style=\"color: #666699;\" href=\"http:\/\/ensenyament.gencat.cat\/ca\/tramits\/tramits-temes\/247-beques-ministerio-postobligatoris\" target=\"_blank\" rel=\"noopener noreferrer\">Beques per a Batxillerat<\/a><\/span><\/p>\n<p><span style=\"color: #666699;\"><a style=\"color: #666699;\" href=\"http:\/\/agaur.gencat.cat\/ca\/beques-i-ajuts\/Grants-for-University-Studies\/\" target=\"_blank\" rel=\"noopener noreferrer\">Beques per a estudis universitaris<\/a><\/span><\/p>\n","protected":false},"excerpt":{"rendered":"<p>H\u00e0bits d&#8217;estudi, Orientaci\u00f3 a Batxillerat, FP, universit\u00e0ria i beques &nbsp; H\u00e0bits d&#8217;estudi Qu\u00e8 s\u00f3n els h\u00e0bits d&#8217;estudi? Els h\u00e0bits d&#8217;estudi s\u00f3n pr\u00e0ctiques i rutines que s&#8217;utilitzen amb l&#8217;objectiu d&#8217;aprendre de manera eficient i d&#8217;obtenir els millors resultats en ex\u00e0mens i exercicis d&#8217;avaluaci\u00f3. L&#8217;adopci\u00f3 de bons h\u00e0bits d&#8217;estudi no nom\u00e9s impulsa el rendiment acad\u00e8mic, sin\u00f3 que [&hellip;]<\/p>\n","protected":false},"author":1,"featured_media":0,"parent":63,"menu_order":0,"comment_status":"closed","ping_status":"closed","template":"","meta":{"_bbp_topic_count":0,"_bbp_reply_count":0,"_bbp_total_topic_count":0,"_bbp_total_reply_count":0,"_bbp_voice_count":0,"_bbp_anonymous_reply_count":0,"_bbp_topic_count_hidden":0,"_bbp_reply_count_hidden":0,"_bbp_forum_subforum_count":0,"site-sidebar-layout":"default","site-content-layout":"","ast-site-content-layout":"","site-content-style":"default","site-sidebar-style":"default","ast-global-header-display":"","ast-banner-title-visibility":"","ast-main-header-display":"","ast-hfb-above-header-display":"","ast-hfb-below-header-display":"","ast-hfb-mobile-header-display":"","site-post-title":"","ast-breadcrumbs-content":"","ast-featured-img":"","footer-sml-layout":"","theme-transparent-header-meta":"","adv-header-id-meta":"","stick-header-meta":"","header-above-stick-meta":"","header-main-stick-meta":"","header-below-stick-meta":"","astra-migrate-meta-layouts":"default","ast-page-background-enabled":"default","ast-page-background-meta":{"desktop":{"background-color":"var(--ast-global-color-4)","background-image":"","background-repeat":"repeat","background-position":"center center","background-size":"auto","background-attachment":"scroll","background-type":"","background-media":"","overlay-type":"","overlay-color":"","overlay-opacity":"","overlay-gradient":""},"tablet":{"background-color":"","background-image":"","background-repeat":"repeat","background-position":"center center","background-size":"auto","background-attachment":"scroll","background-type":"","background-media":"","overlay-type":"","overlay-color":"","overlay-opacity":"","overlay-gradient":""},"mobile":{"background-color":"","background-image":"","background-repeat":"repeat","background-position":"center center","background-size":"auto","background-attachment":"scroll","background-type":"","background-media":"","overlay-type":"","overlay-color":"","overlay-opacity":"","overlay-gradient":""}},"ast-content-background-meta":{"desktop":{"background-color":"var(--ast-global-color-5)","background-image":"","background-repeat":"repeat","background-position":"center center","background-size":"auto","background-attachment":"scroll","background-type":"","background-media":"","overlay-type":"","overlay-color":"","overlay-opacity":"","overlay-gradient":""},"tablet":{"background-color":"var(--ast-global-color-5)","background-image":"","background-repeat":"repeat","background-position":"center center","background-size":"auto","background-attachment":"scroll","background-type":"","background-media":"","overlay-type":"","overlay-color":"","overlay-opacity":"","overlay-gradient":""},"mobile":{"background-color":"var(--ast-global-color-5)","background-image":"","background-repeat":"repeat","background-position":"center center","background-size":"auto","background-attachment":"scroll","background-type":"","background-media":"","overlay-type":"","overlay-color":"","overlay-opacity":"","overlay-gradient":""}},"footnotes":""},"class_list":["post-822","page","type-page","status-publish","hentry"],"post_mailing_queue_ids":[],"_links":{"self":[{"href":"https:\/\/agora.xtec.cat\/iesmartifranques\/wp-json\/wp\/v2\/pages\/822","targetHints":{"allow":["GET"]}}],"collection":[{"href":"https:\/\/agora.xtec.cat\/iesmartifranques\/wp-json\/wp\/v2\/pages"}],"about":[{"href":"https:\/\/agora.xtec.cat\/iesmartifranques\/wp-json\/wp\/v2\/types\/page"}],"author":[{"embeddable":true,"href":"https:\/\/agora.xtec.cat\/iesmartifranques\/wp-json\/wp\/v2\/users\/1"}],"replies":[{"embeddable":true,"href":"https:\/\/agora.xtec.cat\/iesmartifranques\/wp-json\/wp\/v2\/comments?post=822"}],"version-history":[{"count":6,"href":"https:\/\/agora.xtec.cat\/iesmartifranques\/wp-json\/wp\/v2\/pages\/822\/revisions"}],"predecessor-version":[{"id":2455,"href":"https:\/\/agora.xtec.cat\/iesmartifranques\/wp-json\/wp\/v2\/pages\/822\/revisions\/2455"}],"up":[{"embeddable":true,"href":"https:\/\/agora.xtec.cat\/iesmartifranques\/wp-json\/wp\/v2\/pages\/63"}],"wp:attachment":[{"href":"https:\/\/agora.xtec.cat\/iesmartifranques\/wp-json\/wp\/v2\/media?parent=822"}],"curies":[{"name":"wp","href":"https:\/\/api.w.org\/{rel}","templated":true}]}}