{"id":814,"date":"2019-12-09T12:45:31","date_gmt":"2019-12-09T11:45:31","guid":{"rendered":"https:\/\/agora.xtec.cat\/iesmartifranques\/?page_id=814"},"modified":"2019-12-09T12:45:31","modified_gmt":"2019-12-09T11:45:31","slug":"benvinguts-al-web","status":"publish","type":"page","link":"https:\/\/agora.xtec.cat\/iesmartifranques\/linstitut\/benvinguts-al-web\/","title":{"rendered":"Benvinguts al web"},"content":{"rendered":"<p>Sigueu benvinguts i benvingudes al nostre web.<\/p>\n<p>Fa anys l\u2019espai virtual tenia una import\u00e0ncia suplet\u00f2ria per\u00f2 cada vegada m\u00e9s s\u2019ha convertit en el principal taulell d\u2019anuncis i d\u2019informaci\u00f3 que tenim per a la nostra comunitat educativa (tant la passada, com la present com la futura).Aquesta modernor (ara ja no tanta) no exclou el fet que fa 50 anys (curs 1969-1970) que estem ubicats en aquest edifici i recinte escolar per\u00f2 que en fa 174 (curs 1845-1846) que som una instituci\u00f3 educativa a la ciutat i al territori: som el segon centre de batxillerat m\u00e9s antic del pa\u00eds i ens en sentim orgullosos i a la vegada \u00e9s un repte per a la millora constant.<\/p>\n<p>En aquest espai hi trobareu tant la informaci\u00f3 est\u00e0tica (llibres, curr\u00edculum, criteris d\u2019avaluaci\u00f3, etc. i la part m\u00e9s administrativa) com la din\u00e0mica, sovint vinculada a les xarxes socials que usem per informar i explicar les nostres activitats.\u00c9s l\u2019aparador principal per a tota la comunitat educativa i la ciutat de Tarragona i a la vegada volem que sigui una porta a la participaci\u00f3 a trav\u00e9s dels diversos canals de comunicaci\u00f3 per fer-nos arribar la vostra veu. Ens cal la for\u00e7a de tots plegats per tirar endavant el nostre Projecte Educatiu.<\/p>\n<p>Que tingueu una bona navegaci\u00f3 i us recordem que, en format virtual o presencial, tenim les portes obertes per all\u00f2 que us interessi.<\/p>\n<p>Una abra\u00e7ada.<\/p>\n<p>Jordi Satorra i Mar\u00edn<\/p>\n","protected":false},"excerpt":{"rendered":"<p>Sigueu benvinguts i benvingudes al nostre web. Fa anys l\u2019espai virtual tenia una import\u00e0ncia suplet\u00f2ria per\u00f2 cada vegada m\u00e9s s\u2019ha convertit en el principal taulell d\u2019anuncis i d\u2019informaci\u00f3 que tenim per a la nostra comunitat educativa (tant la passada, com la present com la futura).Aquesta modernor (ara ja no tanta) no exclou el fet que [&hellip;]<\/p>\n","protected":false},"author":1,"featured_media":0,"parent":19,"menu_order":0,"comment_status":"closed","ping_status":"closed","template":"","meta":{"_bbp_topic_count":0,"_bbp_reply_count":0,"_bbp_total_topic_count":0,"_bbp_total_reply_count":0,"_bbp_voice_count":0,"_bbp_anonymous_reply_count":0,"_bbp_topic_count_hidden":0,"_bbp_reply_count_hidden":0,"_bbp_forum_subforum_count":0,"site-sidebar-layout":"default","site-content-layout":"","ast-site-content-layout":"","site-content-style":"default","site-sidebar-style":"default","ast-global-header-display":"","ast-banner-title-visibility":"","ast-main-header-display":"","ast-hfb-above-header-display":"","ast-hfb-below-header-display":"","ast-hfb-mobile-header-display":"","site-post-title":"","ast-breadcrumbs-content":"","ast-featured-img":"","footer-sml-layout":"","theme-transparent-header-meta":"","adv-header-id-meta":"","stick-header-meta":"","header-above-stick-meta":"","header-main-stick-meta":"","header-below-stick-meta":"","astra-migrate-meta-layouts":"default","ast-page-background-enabled":"default","ast-page-background-meta":{"desktop":{"background-color":"var(--ast-global-color-4)","background-image":"","background-repeat":"repeat","background-position":"center center","background-size":"auto","background-attachment":"scroll","background-type":"","background-media":"","overlay-type":"","overlay-color":"","overlay-opacity":"","overlay-gradient":""},"tablet":{"background-color":"","background-image":"","background-repeat":"repeat","background-position":"center center","background-size":"auto","background-attachment":"scroll","background-type":"","background-media":"","overlay-type":"","overlay-color":"","overlay-opacity":"","overlay-gradient":""},"mobile":{"background-color":"","background-image":"","background-repeat":"repeat","background-position":"center center","background-size":"auto","background-attachment":"scroll","background-type":"","background-media":"","overlay-type":"","overlay-color":"","overlay-opacity":"","overlay-gradient":""}},"ast-content-background-meta":{"desktop":{"background-color":"var(--ast-global-color-5)","background-image":"","background-repeat":"repeat","background-position":"center center","background-size":"auto","background-attachment":"scroll","background-type":"","background-media":"","overlay-type":"","overlay-color":"","overlay-opacity":"","overlay-gradient":""},"tablet":{"background-color":"var(--ast-global-color-5)","background-image":"","background-repeat":"repeat","background-position":"center center","background-size":"auto","background-attachment":"scroll","background-type":"","background-media":"","overlay-type":"","overlay-color":"","overlay-opacity":"","overlay-gradient":""},"mobile":{"background-color":"var(--ast-global-color-5)","background-image":"","background-repeat":"repeat","background-position":"center center","background-size":"auto","background-attachment":"scroll","background-type":"","background-media":"","overlay-type":"","overlay-color":"","overlay-opacity":"","overlay-gradient":""}},"footnotes":""},"class_list":["post-814","page","type-page","status-publish","hentry"],"post_mailing_queue_ids":[],"_links":{"self":[{"href":"https:\/\/agora.xtec.cat\/iesmartifranques\/wp-json\/wp\/v2\/pages\/814","targetHints":{"allow":["GET"]}}],"collection":[{"href":"https:\/\/agora.xtec.cat\/iesmartifranques\/wp-json\/wp\/v2\/pages"}],"about":[{"href":"https:\/\/agora.xtec.cat\/iesmartifranques\/wp-json\/wp\/v2\/types\/page"}],"author":[{"embeddable":true,"href":"https:\/\/agora.xtec.cat\/iesmartifranques\/wp-json\/wp\/v2\/users\/1"}],"replies":[{"embeddable":true,"href":"https:\/\/agora.xtec.cat\/iesmartifranques\/wp-json\/wp\/v2\/comments?post=814"}],"version-history":[{"count":1,"href":"https:\/\/agora.xtec.cat\/iesmartifranques\/wp-json\/wp\/v2\/pages\/814\/revisions"}],"predecessor-version":[{"id":815,"href":"https:\/\/agora.xtec.cat\/iesmartifranques\/wp-json\/wp\/v2\/pages\/814\/revisions\/815"}],"up":[{"embeddable":true,"href":"https:\/\/agora.xtec.cat\/iesmartifranques\/wp-json\/wp\/v2\/pages\/19"}],"wp:attachment":[{"href":"https:\/\/agora.xtec.cat\/iesmartifranques\/wp-json\/wp\/v2\/media?parent=814"}],"curies":[{"name":"wp","href":"https:\/\/api.w.org\/{rel}","templated":true}]}}