{"id":746,"date":"2019-11-14T10:39:47","date_gmt":"2019-11-14T09:39:47","guid":{"rendered":"https:\/\/agora.xtec.cat\/iesmartifranques\/?page_id=746"},"modified":"2020-01-09T10:16:23","modified_gmt":"2020-01-09T09:16:23","slug":"1r-deso","status":"publish","type":"page","link":"https:\/\/agora.xtec.cat\/iesmartifranques\/estudis\/1r-deso\/","title":{"rendered":"1r d&#8217;ESO"},"content":{"rendered":"<p><strong>Horari<\/strong><\/p>\n<p>De dilluns a divendres, de 8.00 a 14.30h.<\/p>\n<p><strong>Llibres<\/strong><\/p>\n<p><a href=\"https:\/\/drive.google.com\/open?id=1Kq99yzMHSVFZDzQXKRg7m8gM3VydlYr-\"><strong><span style=\"text-decoration: underline;\">Llistat de llibres<\/span><\/strong>\u00a0<\/a><\/p>\n<p><strong>Treballs de s\u00edntesi<\/strong><\/p>\n<p>En aquest <a href=\"https:\/\/blocs.xtec.cat\/creditsdesintesi\/tag\/1r-eso\/\" target=\"_blank\" rel=\"noopener noreferrer\"><strong><span style=\"text-decoration: underline;\">blog<\/span><\/strong><\/a> trobar\u00e0s tota la informaci\u00f3 sobre els treballs de s\u00edntesi.<\/p>\n<p><strong>Activitats dins i fora del centre<\/strong><\/p>\n<p>Podeu veure totes les activitats que realitzen els alumnes al blog de cada departament o a les xarxes socials del centre. Hi podeu accedir des del men\u00fa de la p\u00e0gina principal del web.<\/p>\n<p><strong>Preinscripci\u00f3 i matr\u00edcula<\/strong><\/p>\n<p>Trobareu tota la informaci\u00f3 relacionada amb la preinscripci\u00f3 i la matr\u00edcula a l&#8217;apartat del web <em>Preinscripci\u00f3<\/em> i <em>Matr\u00edcula<\/em>. Hi podeu accedir des del men\u00fa principal a l&#8217;apartat <em>Secretaria i tr\u00e0mits acad\u00e8mics<\/em>.<\/p>\n<p><strong>Avaluaci\u00f3 de les compet\u00e8ncies personal i social i digital<\/strong><\/p>\n<p>Aqu\u00ed podeu veure el full d&#8217;avaluaci\u00f3 de la <span style=\"text-decoration: underline;\"><strong><a href=\"https:\/\/drive.google.com\/file\/d\/1oN6KM4BwM4PurEGx224l13Pq1UsXVR25\/view\" target=\"_blank\" rel=\"noopener noreferrer\">compet\u00e8ncia personal i social<\/a> i <a href=\"https:\/\/drive.google.com\/file\/d\/14UeZdronrxOzWhOpYawRbOjXoNJeGInD\/view\" target=\"_blank\" rel=\"noopener noreferrer\">la compet\u00e8ncia digital<\/a><\/strong><\/span>.<\/p>\n","protected":false},"excerpt":{"rendered":"<p>Horari De dilluns a divendres, de 8.00 a 14.30h. Llibres Llistat de llibres\u00a0 Treballs de s\u00edntesi En aquest blog trobar\u00e0s tota la informaci\u00f3 sobre els treballs de s\u00edntesi. Activitats dins i fora del centre Podeu veure totes les activitats que realitzen els alumnes al blog de cada departament o a les xarxes socials del centre. [&hellip;]<\/p>\n","protected":false},"author":1,"featured_media":0,"parent":195,"menu_order":0,"comment_status":"closed","ping_status":"closed","template":"page-templates\/front-page.php","meta":{"_bbp_topic_count":0,"_bbp_reply_count":0,"_bbp_total_topic_count":0,"_bbp_total_reply_count":0,"_bbp_voice_count":0,"_bbp_anonymous_reply_count":0,"_bbp_topic_count_hidden":0,"_bbp_reply_count_hidden":0,"_bbp_forum_subforum_count":0,"site-sidebar-layout":"default","site-content-layout":"","ast-site-content-layout":"","site-content-style":"default","site-sidebar-style":"default","ast-global-header-display":"","ast-banner-title-visibility":"","ast-main-header-display":"","ast-hfb-above-header-display":"","ast-hfb-below-header-display":"","ast-hfb-mobile-header-display":"","site-post-title":"","ast-breadcrumbs-content":"","ast-featured-img":"","footer-sml-layout":"","theme-transparent-header-meta":"","adv-header-id-meta":"","stick-header-meta":"","header-above-stick-meta":"","header-main-stick-meta":"","header-below-stick-meta":"","astra-migrate-meta-layouts":"default","ast-page-background-enabled":"default","ast-page-background-meta":{"desktop":{"background-color":"var(--ast-global-color-4)","background-image":"","background-repeat":"repeat","background-position":"center center","background-size":"auto","background-attachment":"scroll","background-type":"","background-media":"","overlay-type":"","overlay-color":"","overlay-opacity":"","overlay-gradient":""},"tablet":{"background-color":"","background-image":"","background-repeat":"repeat","background-position":"center center","background-size":"auto","background-attachment":"scroll","background-type":"","background-media":"","overlay-type":"","overlay-color":"","overlay-opacity":"","overlay-gradient":""},"mobile":{"background-color":"","background-image":"","background-repeat":"repeat","background-position":"center center","background-size":"auto","background-attachment":"scroll","background-type":"","background-media":"","overlay-type":"","overlay-color":"","overlay-opacity":"","overlay-gradient":""}},"ast-content-background-meta":{"desktop":{"background-color":"var(--ast-global-color-5)","background-image":"","background-repeat":"repeat","background-position":"center center","background-size":"auto","background-attachment":"scroll","background-type":"","background-media":"","overlay-type":"","overlay-color":"","overlay-opacity":"","overlay-gradient":""},"tablet":{"background-color":"var(--ast-global-color-5)","background-image":"","background-repeat":"repeat","background-position":"center center","background-size":"auto","background-attachment":"scroll","background-type":"","background-media":"","overlay-type":"","overlay-color":"","overlay-opacity":"","overlay-gradient":""},"mobile":{"background-color":"var(--ast-global-color-5)","background-image":"","background-repeat":"repeat","background-position":"center center","background-size":"auto","background-attachment":"scroll","background-type":"","background-media":"","overlay-type":"","overlay-color":"","overlay-opacity":"","overlay-gradient":""}},"footnotes":""},"class_list":["post-746","page","type-page","status-publish","hentry"],"post_mailing_queue_ids":[],"_links":{"self":[{"href":"https:\/\/agora.xtec.cat\/iesmartifranques\/wp-json\/wp\/v2\/pages\/746","targetHints":{"allow":["GET"]}}],"collection":[{"href":"https:\/\/agora.xtec.cat\/iesmartifranques\/wp-json\/wp\/v2\/pages"}],"about":[{"href":"https:\/\/agora.xtec.cat\/iesmartifranques\/wp-json\/wp\/v2\/types\/page"}],"author":[{"embeddable":true,"href":"https:\/\/agora.xtec.cat\/iesmartifranques\/wp-json\/wp\/v2\/users\/1"}],"replies":[{"embeddable":true,"href":"https:\/\/agora.xtec.cat\/iesmartifranques\/wp-json\/wp\/v2\/comments?post=746"}],"version-history":[{"count":4,"href":"https:\/\/agora.xtec.cat\/iesmartifranques\/wp-json\/wp\/v2\/pages\/746\/revisions"}],"predecessor-version":[{"id":895,"href":"https:\/\/agora.xtec.cat\/iesmartifranques\/wp-json\/wp\/v2\/pages\/746\/revisions\/895"}],"up":[{"embeddable":true,"href":"https:\/\/agora.xtec.cat\/iesmartifranques\/wp-json\/wp\/v2\/pages\/195"}],"wp:attachment":[{"href":"https:\/\/agora.xtec.cat\/iesmartifranques\/wp-json\/wp\/v2\/media?parent=746"}],"curies":[{"name":"wp","href":"https:\/\/api.w.org\/{rel}","templated":true}]}}