{"id":603,"date":"2026-01-13T12:23:08","date_gmt":"2026-01-13T11:23:08","guid":{"rendered":"https:\/\/agora.xtec.cat\/iesmartifranques\/?page_id=603"},"modified":"2026-01-14T08:19:37","modified_gmt":"2026-01-14T07:19:37","slug":"donar-se-de-baixa","status":"publish","type":"page","link":"https:\/\/agora.xtec.cat\/iesmartifranques\/secretaria\/donar-se-de-baixa\/","title":{"rendered":"Sol\u00b7licitud de baixa"},"content":{"rendered":"<p><strong>Procediment per sol\u00b7licitar la baixa d\u2019un\/a alumne\/a<\/strong><\/p>\n<p>Per sol\u00b7licitar la baixa d\u2019un\/a alumne\/a del centre, cal que la fam\u00edlia ho faci mitjan\u00e7ant correu electr\u00f2nic a l&#8217;adre\u00e7a oficial del centre (e3003641@xtec.cat).<\/p>\n<p>El correu electr\u00f2nic ha d\u2019incloure la informaci\u00f3 seg\u00fcent:<\/p>\n<ul>\n<li>Nom i cognoms de l\u2019alumne\/a<\/li>\n<li>Curs i grup<\/li>\n<li>Motiu de la baixa<\/li>\n<li>Sol\u00b7licitud expressa de la baixa<\/li>\n<\/ul>\n<p>La sol\u00b7licitud ha de ser <strong>enviada pel pare, mare o tutor\/a legal<\/strong>, indicant el seu <strong>nom i cognoms<\/strong> i fent constar el <strong>DNI<\/strong>.<\/p>\n<p>Un cop rebuda la sol\u00b7licitud amb totes les dades necess\u00e0ries, el centre en far\u00e0 la tramitaci\u00f3 corresponent.<\/p>\n<p>Per a qualsevol dubte, podeu contactar amb la secretaria del centre.<\/p>\n","protected":false},"excerpt":{"rendered":"<p>Procediment per sol\u00b7licitar la baixa d\u2019un\/a alumne\/a Per sol\u00b7licitar la baixa d\u2019un\/a alumne\/a del centre, cal que la fam\u00edlia ho faci mitjan\u00e7ant correu electr\u00f2nic a l&#8217;adre\u00e7a oficial del centre (e3003641@xtec.cat). El correu electr\u00f2nic ha d\u2019incloure la informaci\u00f3 seg\u00fcent: Nom i cognoms de l\u2019alumne\/a Curs i grup Motiu de la baixa Sol\u00b7licitud expressa de la baixa [&hellip;]<\/p>\n","protected":false},"author":1,"featured_media":0,"parent":81,"menu_order":0,"comment_status":"closed","ping_status":"closed","template":"","meta":{"_bbp_topic_count":0,"_bbp_reply_count":0,"_bbp_total_topic_count":0,"_bbp_total_reply_count":0,"_bbp_voice_count":0,"_bbp_anonymous_reply_count":0,"_bbp_topic_count_hidden":0,"_bbp_reply_count_hidden":0,"_bbp_forum_subforum_count":0,"site-sidebar-layout":"default","site-content-layout":"","ast-site-content-layout":"default","site-content-style":"default","site-sidebar-style":"default","ast-global-header-display":"","ast-banner-title-visibility":"","ast-main-header-display":"","ast-hfb-above-header-display":"","ast-hfb-below-header-display":"","ast-hfb-mobile-header-display":"","site-post-title":"","ast-breadcrumbs-content":"","ast-featured-img":"","footer-sml-layout":"","theme-transparent-header-meta":"default","adv-header-id-meta":"","stick-header-meta":"","header-above-stick-meta":"","header-main-stick-meta":"","header-below-stick-meta":"","astra-migrate-meta-layouts":"set","ast-page-background-enabled":"default","ast-page-background-meta":{"desktop":{"background-color":"var(--ast-global-color-4)","background-image":"","background-repeat":"repeat","background-position":"center center","background-size":"auto","background-attachment":"scroll","background-type":"","background-media":"","overlay-type":"","overlay-color":"","overlay-opacity":"","overlay-gradient":""},"tablet":{"background-color":"","background-image":"","background-repeat":"repeat","background-position":"center center","background-size":"auto","background-attachment":"scroll","background-type":"","background-media":"","overlay-type":"","overlay-color":"","overlay-opacity":"","overlay-gradient":""},"mobile":{"background-color":"","background-image":"","background-repeat":"repeat","background-position":"center center","background-size":"auto","background-attachment":"scroll","background-type":"","background-media":"","overlay-type":"","overlay-color":"","overlay-opacity":"","overlay-gradient":""}},"ast-content-background-meta":{"desktop":{"background-color":"var(--ast-global-color-5)","background-image":"","background-repeat":"repeat","background-position":"center center","background-size":"auto","background-attachment":"scroll","background-type":"","background-media":"","overlay-type":"","overlay-color":"","overlay-opacity":"","overlay-gradient":""},"tablet":{"background-color":"var(--ast-global-color-5)","background-image":"","background-repeat":"repeat","background-position":"center center","background-size":"auto","background-attachment":"scroll","background-type":"","background-media":"","overlay-type":"","overlay-color":"","overlay-opacity":"","overlay-gradient":""},"mobile":{"background-color":"var(--ast-global-color-5)","background-image":"","background-repeat":"repeat","background-position":"center center","background-size":"auto","background-attachment":"scroll","background-type":"","background-media":"","overlay-type":"","overlay-color":"","overlay-opacity":"","overlay-gradient":""}},"footnotes":""},"class_list":["post-603","page","type-page","status-publish","hentry"],"post_mailing_queue_ids":[],"_links":{"self":[{"href":"https:\/\/agora.xtec.cat\/iesmartifranques\/wp-json\/wp\/v2\/pages\/603","targetHints":{"allow":["GET"]}}],"collection":[{"href":"https:\/\/agora.xtec.cat\/iesmartifranques\/wp-json\/wp\/v2\/pages"}],"about":[{"href":"https:\/\/agora.xtec.cat\/iesmartifranques\/wp-json\/wp\/v2\/types\/page"}],"author":[{"embeddable":true,"href":"https:\/\/agora.xtec.cat\/iesmartifranques\/wp-json\/wp\/v2\/users\/1"}],"replies":[{"embeddable":true,"href":"https:\/\/agora.xtec.cat\/iesmartifranques\/wp-json\/wp\/v2\/comments?post=603"}],"version-history":[{"count":4,"href":"https:\/\/agora.xtec.cat\/iesmartifranques\/wp-json\/wp\/v2\/pages\/603\/revisions"}],"predecessor-version":[{"id":2579,"href":"https:\/\/agora.xtec.cat\/iesmartifranques\/wp-json\/wp\/v2\/pages\/603\/revisions\/2579"}],"up":[{"embeddable":true,"href":"https:\/\/agora.xtec.cat\/iesmartifranques\/wp-json\/wp\/v2\/pages\/81"}],"wp:attachment":[{"href":"https:\/\/agora.xtec.cat\/iesmartifranques\/wp-json\/wp\/v2\/media?parent=603"}],"curies":[{"name":"wp","href":"https:\/\/api.w.org\/{rel}","templated":true}]}}