{"id":597,"date":"2023-10-03T09:13:27","date_gmt":"2023-10-03T07:13:27","guid":{"rendered":"https:\/\/agora.xtec.cat\/iesmartifranques\/?page_id=597"},"modified":"2023-10-11T10:31:19","modified_gmt":"2023-10-11T08:31:19","slug":"matricula","status":"publish","type":"page","link":"https:\/\/agora.xtec.cat\/iesmartifranques\/secretaria\/matricula\/","title":{"rendered":"Matr\u00edcula d&#8217;ESO, Batxillerat, CFGS i IOC"},"content":{"rendered":"<h4><strong>Matr\u00edcula d&#8217;ESO<\/strong><\/h4>\n<p>Encara no es tenen dates de la matr\u00edcula per al curs 2024-25. M\u00e9s informaci\u00f3 a <a href=\"https:\/\/preinscripcio.gencat.cat\/ca\/inici\" target=\"_blank\" rel=\"noopener\">https:\/\/preinscripcio.gencat.cat\/ca\/inici<\/a><\/p>\n<p><b>Documentaci\u00f3<\/b><span style=\"font-weight: 400;\">:\u00a0<\/span><\/p>\n<p><span style=\"font-weight: 400;\">&#8211; Foto actualitzada tipus carnet.<\/span><\/p>\n<p><span style=\"font-weight: 400;\">&#8211; Document d\u2019al\u00b7l\u00e8rgies, en cas que en tingui (alumnes nous al centre).\u00a0<\/span><\/p>\n<p><span style=\"font-weight: 400;\">&#8211; Drets d\u2019imatge (alumnes nous al centre).\u00a0<\/span><\/p>\n<p><span style=\"font-weight: 400;\">&#8211; Soci de l&#8217;AMPA.\u00a0<\/span><\/p>\n<p><span style=\"font-weight: 400;\">&#8211; Justificacions d\u2019abs\u00e8ncies per Alexia (alumnes nous al centre).<\/span><\/p>\n<p><span style=\"font-weight: 400;\">&#8211; Pagament bancari.\u00a0\u00a0<\/span><\/p>\n<p><span style=\"font-weight: 400;\">&#8211; Carta de comprom\u00eds educatiu (alumnes nous al centre).<\/span><\/p>\n<p>M\u00e9s informaci\u00f3 al <a href=\"http:\/\/queestudiar.gencat.cat\/ca\/preinscripcio\/estudis\/obligatoris\/matricula\/\" target=\"_blank\" rel=\"noopener noreferrer\">Portal de la Generalitat de Catalunya<\/a>.<\/p>\n<p>&nbsp;<\/p>\n<h4><strong>Matr\u00edcula de Batxillerat<\/strong><\/h4>\n<p>Encara no es tenen dates de la matr\u00edcula per al curs 2024-25. M\u00e9s informaci\u00f3 a <a href=\"https:\/\/preinscripcio.gencat.cat\/ca\/inici\" target=\"_blank\" rel=\"noopener\">https:\/\/preinscripcio.gencat.cat\/ca\/inici<\/a><\/p>\n<p><b>Documentaci\u00f3<\/b><span style=\"font-weight: 400;\">:\u00a0<\/span><\/p>\n<p><span style=\"font-weight: 400;\">&#8211; Foto actualitzada tipus carnet.<\/span><\/p>\n<p><span style=\"font-weight: 400;\">&#8211; Document d\u2019al\u00b7l\u00e8rgies, en cas que en tingui (alumnes nous al centre).\u00a0<\/span><\/p>\n<p><span style=\"font-weight: 400;\">&#8211; Drets d\u2019imatge (alumnes nous al centre).\u00a0<\/span><\/p>\n<p><span style=\"font-weight: 400;\">&#8211; Soci de l&#8217;AMPA.\u00a0<\/span><\/p>\n<p><span style=\"font-weight: 400;\">&#8211; Justificacions d\u2019abs\u00e8ncies per Alexia (alumnes nous al centre).<\/span><\/p>\n<p><span style=\"font-weight: 400;\">&#8211; Pagament bancari.\u00a0\u00a0<\/span><\/p>\n<p><span style=\"font-weight: 400;\">&#8211; Carta de comprom\u00eds educatiu (alumnes nous al centre).<\/span><\/p>\n<p>&nbsp;<\/p>\n<p>M\u00e9s informaci\u00f3 al <a href=\"http:\/\/queestudiar.gencat.cat\/ca\/preinscripcio\/estudis\/batxillerat\/matricula\/\" target=\"_blank\" rel=\"noopener noreferrer\">Portal de la Generalitat de Catalunya<\/a>.<\/p>\n<p><strong>Matr\u00edcula del CFGS T\u00e8cniques d&#8217;Actuaci\u00f3 Teatral<\/strong><\/p>\n<p>Vegeu el departament de Teatre<\/p>\n<h4><strong>Matr\u00edcula de l&#8217;IOC<\/strong><\/h4>\n<p>Per al curs 2022-23, m\u00e9s informaci\u00f3 a <a href=\"https:\/\/preinscripcio.gencat.cat\/ca\/inici\" target=\"_blank\" rel=\"noopener\">https:\/\/preinscripcio.gencat.cat\/ca\/inici<\/a><\/p>\n<p>M\u00e9s informaci\u00f3 al l&#8217;<a href=\"https:\/\/agora.xtec.cat\/iesmartifranques\/estudis\/ioc\/\" target=\"_blank\" rel=\"noopener noreferrer\">apartat de l&#8217;IOC de la p\u00e0gina web<\/a>.<\/p>\n<p>&nbsp;<\/p>\n<h4><strong>Informaci\u00f3 sobre beques<\/strong><\/h4>\n<p><a href=\"http:\/\/ensenyament.gencat.cat\/ca\/tramits\/tramits-temes\/247-beques-ministerio-postobligatoris\" target=\"_blank\" rel=\"noopener noreferrer\">Beques per a Batxillerat<\/a><\/p>\n<p><a href=\"http:\/\/ensenyament.gencat.cat\/ca\/serveis-tramits\/beques\/\" target=\"_blank\" rel=\"noopener noreferrer\">Generalitat de Catalunya<\/a><\/p>\n<p><a href=\"http:\/\/www.mecd.gob.es\/servicios-al-ciudadano-mecd\/becas-ayudas.html\" target=\"_blank\" rel=\"noopener noreferrer\">Ministerio de Educaci\u00f3n y Formaci\u00f3n Profesional d&#8217;Espanya<\/a><\/p>\n<p><a href=\"http:\/\/www.eurojoves.com\/Becas-UE.html\" target=\"_blank\" rel=\"noopener noreferrer\">Uni\u00f3 europea<\/a><\/p>\n<p>&nbsp;<\/p>\n<p>&nbsp;<\/p>\n","protected":false},"excerpt":{"rendered":"<p>Matr\u00edcula d&#8217;ESO Encara no es tenen dates de la matr\u00edcula per al curs 2024-25. M\u00e9s informaci\u00f3 a https:\/\/preinscripcio.gencat.cat\/ca\/inici Documentaci\u00f3:\u00a0 &#8211; Foto actualitzada tipus carnet. &#8211; Document d\u2019al\u00b7l\u00e8rgies, en cas que en tingui (alumnes nous al centre).\u00a0 &#8211; Drets d\u2019imatge (alumnes nous al centre).\u00a0 &#8211; Soci de l&#8217;AMPA.\u00a0 &#8211; Justificacions d\u2019abs\u00e8ncies per Alexia (alumnes nous al [&hellip;]<\/p>\n","protected":false},"author":1,"featured_media":0,"parent":81,"menu_order":0,"comment_status":"closed","ping_status":"closed","template":"","meta":{"_bbp_topic_count":0,"_bbp_reply_count":0,"_bbp_total_topic_count":0,"_bbp_total_reply_count":0,"_bbp_voice_count":0,"_bbp_anonymous_reply_count":0,"_bbp_topic_count_hidden":0,"_bbp_reply_count_hidden":0,"_bbp_forum_subforum_count":0,"site-sidebar-layout":"default","site-content-layout":"","ast-site-content-layout":"","site-content-style":"default","site-sidebar-style":"default","ast-global-header-display":"","ast-banner-title-visibility":"","ast-main-header-display":"","ast-hfb-above-header-display":"","ast-hfb-below-header-display":"","ast-hfb-mobile-header-display":"","site-post-title":"","ast-breadcrumbs-content":"","ast-featured-img":"","footer-sml-layout":"","theme-transparent-header-meta":"","adv-header-id-meta":"","stick-header-meta":"","header-above-stick-meta":"","header-main-stick-meta":"","header-below-stick-meta":"","astra-migrate-meta-layouts":"default","ast-page-background-enabled":"default","ast-page-background-meta":{"desktop":{"background-color":"var(--ast-global-color-4)","background-image":"","background-repeat":"repeat","background-position":"center center","background-size":"auto","background-attachment":"scroll","background-type":"","background-media":"","overlay-type":"","overlay-color":"","overlay-opacity":"","overlay-gradient":""},"tablet":{"background-color":"","background-image":"","background-repeat":"repeat","background-position":"center center","background-size":"auto","background-attachment":"scroll","background-type":"","background-media":"","overlay-type":"","overlay-color":"","overlay-opacity":"","overlay-gradient":""},"mobile":{"background-color":"","background-image":"","background-repeat":"repeat","background-position":"center center","background-size":"auto","background-attachment":"scroll","background-type":"","background-media":"","overlay-type":"","overlay-color":"","overlay-opacity":"","overlay-gradient":""}},"ast-content-background-meta":{"desktop":{"background-color":"var(--ast-global-color-5)","background-image":"","background-repeat":"repeat","background-position":"center center","background-size":"auto","background-attachment":"scroll","background-type":"","background-media":"","overlay-type":"","overlay-color":"","overlay-opacity":"","overlay-gradient":""},"tablet":{"background-color":"var(--ast-global-color-5)","background-image":"","background-repeat":"repeat","background-position":"center center","background-size":"auto","background-attachment":"scroll","background-type":"","background-media":"","overlay-type":"","overlay-color":"","overlay-opacity":"","overlay-gradient":""},"mobile":{"background-color":"var(--ast-global-color-5)","background-image":"","background-repeat":"repeat","background-position":"center center","background-size":"auto","background-attachment":"scroll","background-type":"","background-media":"","overlay-type":"","overlay-color":"","overlay-opacity":"","overlay-gradient":""}},"footnotes":""},"class_list":["post-597","page","type-page","status-publish","hentry"],"post_mailing_queue_ids":[],"_links":{"self":[{"href":"https:\/\/agora.xtec.cat\/iesmartifranques\/wp-json\/wp\/v2\/pages\/597","targetHints":{"allow":["GET"]}}],"collection":[{"href":"https:\/\/agora.xtec.cat\/iesmartifranques\/wp-json\/wp\/v2\/pages"}],"about":[{"href":"https:\/\/agora.xtec.cat\/iesmartifranques\/wp-json\/wp\/v2\/types\/page"}],"author":[{"embeddable":true,"href":"https:\/\/agora.xtec.cat\/iesmartifranques\/wp-json\/wp\/v2\/users\/1"}],"replies":[{"embeddable":true,"href":"https:\/\/agora.xtec.cat\/iesmartifranques\/wp-json\/wp\/v2\/comments?post=597"}],"version-history":[{"count":5,"href":"https:\/\/agora.xtec.cat\/iesmartifranques\/wp-json\/wp\/v2\/pages\/597\/revisions"}],"predecessor-version":[{"id":2038,"href":"https:\/\/agora.xtec.cat\/iesmartifranques\/wp-json\/wp\/v2\/pages\/597\/revisions\/2038"}],"up":[{"embeddable":true,"href":"https:\/\/agora.xtec.cat\/iesmartifranques\/wp-json\/wp\/v2\/pages\/81"}],"wp:attachment":[{"href":"https:\/\/agora.xtec.cat\/iesmartifranques\/wp-json\/wp\/v2\/media?parent=597"}],"curies":[{"name":"wp","href":"https:\/\/api.w.org\/{rel}","templated":true}]}}