{"id":594,"date":"2025-04-15T09:00:32","date_gmt":"2025-04-15T07:00:32","guid":{"rendered":"https:\/\/agora.xtec.cat\/iesmartifranques\/?page_id=594"},"modified":"2026-04-15T12:02:09","modified_gmt":"2026-04-15T10:02:09","slug":"preinscripcio","status":"publish","type":"page","link":"https:\/\/agora.xtec.cat\/iesmartifranques\/secretaria\/preinscripcio\/","title":{"rendered":"Preinscripci\u00f3 d&#8217;ESO, Batxillerat, PFI i CFGS"},"content":{"rendered":"<article class=\"bgGrey-xs padding-bot-xs shadowBox2\">\n<div class=\"container\">\n<div class=\"row\">\n<h6><\/h6>\n<h6 class=\"basic_text noticia_descp col-xs-12 pd-30 link-dotted\"><strong style=\"font-size: 2.3125em;\">Educaci\u00f3 secund\u00e0ria obligat\u00f2ria<\/strong><\/h6>\n<\/div>\n<\/div>\n<\/article>\n<article class=\"padding-bot-xs\">\n<div class=\"container\">\n<div class=\"row\">\n<div class=\"col-sm-12\">\n<div class=\"basic_text_peq pd-15 link-dotted\">\n<p>Per fer la Preinscripci\u00f3, adre\u00e7a&#8217;t a la p\u00e0gina de Preinscripci\u00f3 de la Generalitat:<\/p>\n<p><a href=\"https:\/\/preinscripcio.gencat.cat\/ca\/estudis\/eso\/inici\/index.html\">Preinscripci\u00f3 d&#8217;ESO<\/a><\/p>\n<p>Les <strong>Escoles adscrites a l\u2019institut s\u00f3n:<\/strong><\/p>\n<p>43003306 Escola Serrallo (Tarragona)<\/p>\n<p>43005959 Escola C\u00e8sar August (Tarragona)<\/p>\n<p>43009230 Escola Tarragona (Tarragona)<\/p>\n<p><a href=\"https:\/\/drive.google.com\/file\/d\/1vkKGEi7mUO3aBDkNekETpQZIjRW1dRWC\/view?usp=sharing\" target=\"_blank\" rel=\"noopener\">Obligat\u00f2ria \u2013 2026-2027 Publicaci\u00f3 de la llista de sol\u00b7licituds que han demanat el centre i l\u2019ensenyament en primera <\/a><a href=\"https:\/\/drive.google.com\/file\/d\/1vkKGEi7mUO3aBDkNekETpQZIjRW1dRWC\/view?usp=sharing\" target=\"_blank\" rel=\"noopener\">petici\u00f3 amb la puntuaci\u00f3 provisional a 15\/04\/2026<\/a><\/p>\n<p><a href=\"https:\/\/drive.google.com\/file\/d\/1GTUaGk9Byns8m2ozHIvLFn3_1iY1apNd\/view?usp=sharing\" target=\"_blank\" rel=\"noopener\">Obligat\u00f2ria \u2013 2026-2027 Publicaci\u00f3 de l\u2019oferta inicial de places a 03\/03\/2026 (Cal consultar l\u2019oferta final per veure si hi ha canvis \u2013 veure data de publicaci\u00f3 al calendari)<\/a><\/p>\n<p><strong style=\"font-size: 2.3125em;\">Batxillerat<\/strong><\/p>\n<p><a style=\"font-family: inherit; font-size: 1em;\" href=\"https:\/\/preinscripcio.gencat.cat\/ca\/estudis\/batxillerat\/inici\/index.html\">Preinscripci\u00f3 de Batxillerat<\/a><\/p>\n<p><a href=\"https:\/\/drive.google.com\/file\/d\/1HDzjMZTcfYl3vIlp5Sp1kkUXxzVy-3yo\/view?usp=sharing\" target=\"_blank\" rel=\"noopener\">Batxillerat \u2013 2026-2027 Publicaci\u00f3 de l\u2019oferta inicial de places a 08\/04\/2026 (Cal consultar l\u2019oferta final per veure si hi ha canvis \u2013 veure data de publicaci\u00f3 al calendari)<\/a><\/p>\n<h2><strong>CFGS de T\u00e8cniques d&#8217;Actuaci\u00f3 Teatral<\/strong><\/h2>\n<p>Llegiu la informaci\u00f3 a la <a href=\"https:\/\/sites.google.com\/xtec.cat\/cfgstat\">p\u00e0gina del cicle, a l&#8217;apartat &#8220;Acc\u00e9s al Cicle&#8221;.<\/a><\/p>\n<p><a href=\"https:\/\/docs.google.com\/forms\/d\/e\/1FAIpQLSciDhRtjCnAA2PlmaDO2EGtmS-oQvNxUyAdP3nyHloZBKt-Gg\/viewform\" target=\"_blank\" rel=\"noopener\">Preinscripci\u00f3 CFGS T\u00e8cniques d&#8217;Actuaci\u00f3 teatral i prova espec\u00edfica<\/a><\/p>\n<h2><\/h2>\n<h2><strong>PFI<\/strong><\/h2>\n<p>Llegiu la informaci\u00f3 a la p\u00e0gina web de la<a href=\"https:\/\/preinscripcio.gencat.cat\/ca\/estudis\/pfi\/inici\/index.html\" target=\"_blank\" rel=\"noopener\">https:\/\/preinscripcio.gencat.cat\/ca\/estudis\/pfi\/inici\/index.html<\/a> Preinscripci\u00f3 dels Programes de Formaci\u00f3 i Inserci\u00f3<\/p>\n<p>&nbsp;<\/p>\n<p>&nbsp;<\/p>\n<h4>M\u00e9s informaci\u00f3 a <a href=\"https:\/\/preinscripcio.gencat.cat\/ca\/inici\" target=\"_blank\" rel=\"noopener\">https:\/\/preinscripcio.gencat.cat\/ca\/inici<\/a><\/h4>\n<h5><span style=\"font-family: 'andale mono', monospace;\"><a href=\"https:\/\/drive.google.com\/file\/d\/1CR3wWqpttM4Houxd0_W8zul9iLFNUVRh\/view?usp=sharing\" target=\"_blank\" rel=\"noopener\">Document per saber com fer la preinscripci\u00f3.<\/a><\/span><\/h5>\n<\/div>\n<p>&nbsp;<\/p>\n<\/div>\n<\/div>\n<\/div>\n<\/article>\n","protected":false},"excerpt":{"rendered":"<p>Educaci\u00f3 secund\u00e0ria obligat\u00f2ria Per fer la Preinscripci\u00f3, adre\u00e7a&#8217;t a la p\u00e0gina de Preinscripci\u00f3 de la Generalitat: Preinscripci\u00f3 d&#8217;ESO Les Escoles adscrites a l\u2019institut s\u00f3n: 43003306 Escola Serrallo (Tarragona) 43005959 Escola C\u00e8sar August (Tarragona) 43009230 Escola Tarragona (Tarragona) Obligat\u00f2ria \u2013 2026-2027 Publicaci\u00f3 de la llista de sol\u00b7licituds que han demanat el centre i l\u2019ensenyament en primera [&hellip;]<\/p>\n","protected":false},"author":1,"featured_media":0,"parent":81,"menu_order":0,"comment_status":"closed","ping_status":"closed","template":"","meta":{"_bbp_topic_count":0,"_bbp_reply_count":0,"_bbp_total_topic_count":0,"_bbp_total_reply_count":0,"_bbp_voice_count":0,"_bbp_anonymous_reply_count":0,"_bbp_topic_count_hidden":0,"_bbp_reply_count_hidden":0,"_bbp_forum_subforum_count":0,"site-sidebar-layout":"default","site-content-layout":"","ast-site-content-layout":"default","site-content-style":"default","site-sidebar-style":"default","ast-global-header-display":"","ast-banner-title-visibility":"","ast-main-header-display":"","ast-hfb-above-header-display":"","ast-hfb-below-header-display":"","ast-hfb-mobile-header-display":"","site-post-title":"","ast-breadcrumbs-content":"","ast-featured-img":"","footer-sml-layout":"","theme-transparent-header-meta":"default","adv-header-id-meta":"","stick-header-meta":"","header-above-stick-meta":"","header-main-stick-meta":"","header-below-stick-meta":"","astra-migrate-meta-layouts":"set","ast-page-background-enabled":"default","ast-page-background-meta":{"desktop":{"background-color":"var(--ast-global-color-4)","background-image":"","background-repeat":"repeat","background-position":"center center","background-size":"auto","background-attachment":"scroll","background-type":"","background-media":"","overlay-type":"","overlay-color":"","overlay-opacity":"","overlay-gradient":""},"tablet":{"background-color":"","background-image":"","background-repeat":"repeat","background-position":"center center","background-size":"auto","background-attachment":"scroll","background-type":"","background-media":"","overlay-type":"","overlay-color":"","overlay-opacity":"","overlay-gradient":""},"mobile":{"background-color":"","background-image":"","background-repeat":"repeat","background-position":"center center","background-size":"auto","background-attachment":"scroll","background-type":"","background-media":"","overlay-type":"","overlay-color":"","overlay-opacity":"","overlay-gradient":""}},"ast-content-background-meta":{"desktop":{"background-color":"var(--ast-global-color-5)","background-image":"","background-repeat":"repeat","background-position":"center center","background-size":"auto","background-attachment":"scroll","background-type":"","background-media":"","overlay-type":"","overlay-color":"","overlay-opacity":"","overlay-gradient":""},"tablet":{"background-color":"var(--ast-global-color-5)","background-image":"","background-repeat":"repeat","background-position":"center center","background-size":"auto","background-attachment":"scroll","background-type":"","background-media":"","overlay-type":"","overlay-color":"","overlay-opacity":"","overlay-gradient":""},"mobile":{"background-color":"var(--ast-global-color-5)","background-image":"","background-repeat":"repeat","background-position":"center center","background-size":"auto","background-attachment":"scroll","background-type":"","background-media":"","overlay-type":"","overlay-color":"","overlay-opacity":"","overlay-gradient":""}},"footnotes":""},"class_list":["post-594","page","type-page","status-publish","hentry"],"post_mailing_queue_ids":[],"_links":{"self":[{"href":"https:\/\/agora.xtec.cat\/iesmartifranques\/wp-json\/wp\/v2\/pages\/594","targetHints":{"allow":["GET"]}}],"collection":[{"href":"https:\/\/agora.xtec.cat\/iesmartifranques\/wp-json\/wp\/v2\/pages"}],"about":[{"href":"https:\/\/agora.xtec.cat\/iesmartifranques\/wp-json\/wp\/v2\/types\/page"}],"author":[{"embeddable":true,"href":"https:\/\/agora.xtec.cat\/iesmartifranques\/wp-json\/wp\/v2\/users\/1"}],"replies":[{"embeddable":true,"href":"https:\/\/agora.xtec.cat\/iesmartifranques\/wp-json\/wp\/v2\/comments?post=594"}],"version-history":[{"count":6,"href":"https:\/\/agora.xtec.cat\/iesmartifranques\/wp-json\/wp\/v2\/pages\/594\/revisions"}],"predecessor-version":[{"id":2629,"href":"https:\/\/agora.xtec.cat\/iesmartifranques\/wp-json\/wp\/v2\/pages\/594\/revisions\/2629"}],"up":[{"embeddable":true,"href":"https:\/\/agora.xtec.cat\/iesmartifranques\/wp-json\/wp\/v2\/pages\/81"}],"wp:attachment":[{"href":"https:\/\/agora.xtec.cat\/iesmartifranques\/wp-json\/wp\/v2\/media?parent=594"}],"curies":[{"name":"wp","href":"https:\/\/api.w.org\/{rel}","templated":true}]}}