{"id":49,"date":"2026-01-24T09:55:55","date_gmt":"2026-01-24T08:55:55","guid":{"rendered":"http:\/\/agora.xtec.cat\/iesmartifranques\/?page_id=49"},"modified":"2026-02-06T10:22:37","modified_gmt":"2026-02-06T09:22:37","slug":"normes-dorganitzacio-i-funcionament","status":"publish","type":"page","link":"https:\/\/agora.xtec.cat\/iesmartifranques\/linstitut\/normes-dorganitzacio-i-funcionament\/","title":{"rendered":"Normes i funcionament"},"content":{"rendered":"<p><strong>Normativa dels centres:<\/strong><\/p>\n<p><a href=\"http:\/\/xtec.gencat.cat\/ca\/curriculum\/eso\/normativa\/\" target=\"_blank\" rel=\"noopener noreferrer\"><span style=\"font-weight: 400;\">Normativa de l&#8217;ESO<\/span><\/a><\/p>\n<p><a href=\"http:\/\/xtec.gencat.cat\/ca\/curriculum\/batxillerat\/normativa\/\" target=\"_blank\" rel=\"noopener noreferrer\">Normativa de Batxillerat<\/a><\/p>\n<p><span style=\"font-weight: 400;\">\u00a0<\/span><\/p>\n<p><strong>Documents Oficials IAMF (Institut Antoni de Mart\u00ed i Franqu\u00e8s)<\/strong><\/p>\n<p><a href=\"http:\/\/drive.google.com\/open?id=0B0EHkTTBp7fsa2MyVjJGZWJqQmZTUFRLY3luWUZRQ2FKV3Q0\" target=\"_blank\" rel=\"noopener noreferrer\"><span style=\"font-weight: 400;\">Carta de comprom\u00eds educatiu<\/span><\/a><\/p>\n<p><a href=\"https:\/\/drive.google.com\/file\/d\/100I_R35J60Gr89UWGfIRkNjwdE1AWl6c\/view?usp=sharing\"><span style=\"font-weight: 400;\">NOFC (Normes d&#8217;Organitzaci\u00f3 i Funcionament de Centre)<\/span><\/a><\/p>\n<p><a href=\"https:\/\/drive.google.com\/file\/d\/1LhQPGQETLjjCy9iiZEv-UYwSEiG7zS7t\/view?usp=sharing\" target=\"_blank\" rel=\"noopener\"><span style=\"font-weight: 400;\">PEC (Projecte Educatiu de Centre)<\/span><\/a><\/p>\n<p><a href=\"https:\/\/drive.google.com\/file\/d\/0B0EHkTTBp7fsbmFjVXdXanJNU3lZbGN6N2dBeGRXa3hIVTdj\/view\" target=\"_blank\" rel=\"noopener noreferrer\"><span style=\"font-weight: 400;\">Pla TAC<\/span> (Tecnologia d&#8217;aprenentatge i coneixement)<\/a><\/p>\n<p><a href=\"https:\/\/sites.google.com\/view\/iamfdigital\/p%C3%A0gina-dinici\" target=\"_blank\" rel=\"noopener\">Pla d&#8217;estrat\u00e8gia digital<\/a><\/p>\n<p><a href=\"https:\/\/drive.google.com\/open?id=1k-P1RcogzHrAmn-GcRe9HWEIEmWlZGBt\" target=\"_blank\" rel=\"noopener noreferrer\">Pla PLC (Projecte Ling\u00fc\u00edstic de Centre)<\/a><\/p>\n<p><a href=\"https:\/\/drive.google.com\/file\/d\/19na-eHPBYjfhwYedrd-MuZb7LPEr4qxn\/view?usp=share_link\" target=\"_blank\" rel=\"noopener\">Criteris general sobre qualificaci\u00f3 i avaluaci\u00f3 de Batxillerat<\/a><\/p>\n","protected":false},"excerpt":{"rendered":"<p>Normativa dels centres: Normativa de l&#8217;ESO Normativa de Batxillerat \u00a0 Documents Oficials IAMF (Institut Antoni de Mart\u00ed i Franqu\u00e8s) Carta de comprom\u00eds educatiu NOFC (Normes d&#8217;Organitzaci\u00f3 i Funcionament de Centre) PEC (Projecte Educatiu de Centre) Pla TAC (Tecnologia d&#8217;aprenentatge i coneixement) Pla d&#8217;estrat\u00e8gia digital Pla PLC (Projecte Ling\u00fc\u00edstic de Centre) Criteris general sobre qualificaci\u00f3 i [&hellip;]<\/p>\n","protected":false},"author":1,"featured_media":0,"parent":19,"menu_order":60,"comment_status":"closed","ping_status":"closed","template":"","meta":{"_bbp_topic_count":0,"_bbp_reply_count":0,"_bbp_total_topic_count":0,"_bbp_total_reply_count":0,"_bbp_voice_count":0,"_bbp_anonymous_reply_count":0,"_bbp_topic_count_hidden":0,"_bbp_reply_count_hidden":0,"_bbp_forum_subforum_count":0,"site-sidebar-layout":"default","site-content-layout":"","ast-site-content-layout":"default","site-content-style":"default","site-sidebar-style":"default","ast-global-header-display":"","ast-banner-title-visibility":"","ast-main-header-display":"","ast-hfb-above-header-display":"","ast-hfb-below-header-display":"","ast-hfb-mobile-header-display":"","site-post-title":"","ast-breadcrumbs-content":"","ast-featured-img":"","footer-sml-layout":"","theme-transparent-header-meta":"default","adv-header-id-meta":"","stick-header-meta":"","header-above-stick-meta":"","header-main-stick-meta":"","header-below-stick-meta":"","astra-migrate-meta-layouts":"set","ast-page-background-enabled":"default","ast-page-background-meta":{"desktop":{"background-color":"var(--ast-global-color-4)","background-image":"","background-repeat":"repeat","background-position":"center center","background-size":"auto","background-attachment":"scroll","background-type":"","background-media":"","overlay-type":"","overlay-color":"","overlay-opacity":"","overlay-gradient":""},"tablet":{"background-color":"","background-image":"","background-repeat":"repeat","background-position":"center center","background-size":"auto","background-attachment":"scroll","background-type":"","background-media":"","overlay-type":"","overlay-color":"","overlay-opacity":"","overlay-gradient":""},"mobile":{"background-color":"","background-image":"","background-repeat":"repeat","background-position":"center center","background-size":"auto","background-attachment":"scroll","background-type":"","background-media":"","overlay-type":"","overlay-color":"","overlay-opacity":"","overlay-gradient":""}},"ast-content-background-meta":{"desktop":{"background-color":"var(--ast-global-color-5)","background-image":"","background-repeat":"repeat","background-position":"center center","background-size":"auto","background-attachment":"scroll","background-type":"","background-media":"","overlay-type":"","overlay-color":"","overlay-opacity":"","overlay-gradient":""},"tablet":{"background-color":"var(--ast-global-color-5)","background-image":"","background-repeat":"repeat","background-position":"center center","background-size":"auto","background-attachment":"scroll","background-type":"","background-media":"","overlay-type":"","overlay-color":"","overlay-opacity":"","overlay-gradient":""},"mobile":{"background-color":"var(--ast-global-color-5)","background-image":"","background-repeat":"repeat","background-position":"center center","background-size":"auto","background-attachment":"scroll","background-type":"","background-media":"","overlay-type":"","overlay-color":"","overlay-opacity":"","overlay-gradient":""}},"footnotes":""},"class_list":["post-49","page","type-page","status-publish","hentry"],"post_mailing_queue_ids":[],"_links":{"self":[{"href":"https:\/\/agora.xtec.cat\/iesmartifranques\/wp-json\/wp\/v2\/pages\/49","targetHints":{"allow":["GET"]}}],"collection":[{"href":"https:\/\/agora.xtec.cat\/iesmartifranques\/wp-json\/wp\/v2\/pages"}],"about":[{"href":"https:\/\/agora.xtec.cat\/iesmartifranques\/wp-json\/wp\/v2\/types\/page"}],"author":[{"embeddable":true,"href":"https:\/\/agora.xtec.cat\/iesmartifranques\/wp-json\/wp\/v2\/users\/1"}],"replies":[{"embeddable":true,"href":"https:\/\/agora.xtec.cat\/iesmartifranques\/wp-json\/wp\/v2\/comments?post=49"}],"version-history":[{"count":6,"href":"https:\/\/agora.xtec.cat\/iesmartifranques\/wp-json\/wp\/v2\/pages\/49\/revisions"}],"predecessor-version":[{"id":2580,"href":"https:\/\/agora.xtec.cat\/iesmartifranques\/wp-json\/wp\/v2\/pages\/49\/revisions\/2580"}],"up":[{"embeddable":true,"href":"https:\/\/agora.xtec.cat\/iesmartifranques\/wp-json\/wp\/v2\/pages\/19"}],"wp:attachment":[{"href":"https:\/\/agora.xtec.cat\/iesmartifranques\/wp-json\/wp\/v2\/media?parent=49"}],"curies":[{"name":"wp","href":"https:\/\/api.w.org\/{rel}","templated":true}]}}