{"id":46,"date":"2023-09-05T13:53:45","date_gmt":"2023-09-05T11:53:45","guid":{"rendered":"http:\/\/agora.xtec.cat\/iesmartifranques\/?page_id=46"},"modified":"2025-09-29T08:33:59","modified_gmt":"2025-09-29T06:33:59","slug":"organigrama","status":"publish","type":"page","link":"https:\/\/agora.xtec.cat\/iesmartifranques\/linstitut\/organigrama\/","title":{"rendered":"Organigrama 2025-26"},"content":{"rendered":"<p><strong>Equip directiu<\/strong><\/p>\n<p>Director: <a href=\"https:\/\/drive.google.com\/file\/d\/1FgRWPz3krNQOuITWMpLp1T5yU3M6obo8\/view?usp=sharing\" target=\"_blank\" rel=\"noopener noreferrer\">Jordi Satorra<\/a><\/p>\n<p>Secretari: Sebasti\u00e0 Sastr\u00edques<\/p>\n<p>Caps d&#8217;estudis: Estrella Nieto i Irene Calvo<\/p>\n<p>Coordinadora pedag\u00f2gica: Vanessa Torres<\/p>\n<p>&nbsp;<\/p>\n<p><strong>C\u00e0rrecs de coordinaci\u00f3<\/strong><\/p>\n<p>Coordinaci\u00f3 d&#8217;ESO: Marta Sol\u00e9<\/p>\n<p>Coordinaci\u00f3 de Batxillerat: Cristina Aguil\u00f3<\/p>\n<p>Coordinaci\u00f3 de 1r d&#8217;ESO: Vicenta Miralles<\/p>\n<p>Coordinaci\u00f3 de 2n d&#8217;ESO: Marina S\u00edlva<\/p>\n<p>Coordinaci\u00f3 de 3r d&#8217;ESO: Elena Robles<\/p>\n<p>Coordinaci\u00f3 de 4t d&#8217;ESO: Nati Arnal<\/p>\n<p>Coordinaci\u00f3 TIC: Jos\u00e9 Guerrero<\/p>\n<p>Coordinaci\u00f3 TAC i Comunicaci\u00f3: Helena Barber\u00e0<\/p>\n<p>Coordinaci\u00f3 de Riscos Laborals: Iolanda Bertran<\/p>\n<p>Coordinaci\u00f3 de Biblioteca: Maria Font<\/p>\n<p>Coordinaci\u00f3 IOC: Pilar L\u00e1zaro<\/p>\n<p>Coordinaci\u00f3 SIEI: N\u00e0dia Ruano<\/p>\n<p>Coordinaci\u00f3 LIC: Jean-Marc Segarra<\/p>\n<p>Coordinaci\u00f3 MUFPS (Pr\u00e0cticum): Gisela Bala\u00f1\u00e0<\/p>\n<p>Coordinaci\u00f3 d&#8217;activitats: Enric Llevat<\/p>\n<p>Coordinaci\u00f3 de Servei Comunitari: Educaci\u00f3 F\u00edsica 4t<\/p>\n<p>Coordinaci\u00f3 SENSEI: Iban Garcia- Bor\u00e9s<\/p>\n<p>COCOBE: Anna\u00efs Calabuig<\/p>\n<p><strong>Caps de Seminari<\/strong><\/p>\n<p>Angl\u00e8s: Puri G\u00f3mez (<span data-sheets-value=\"{&quot;1&quot;:2,&quot;2&quot;:&quot;angles.iamf@gmail.com&quot;}\" data-sheets-userformat=\"{&quot;2&quot;:12801,&quot;3&quot;:{&quot;1&quot;:0},&quot;12&quot;:0,&quot;15&quot;:&quot;Comfortaa&quot;,&quot;16&quot;:12}\">angles.iamf@gmail.com)\u00a0<\/span><\/p>\n<p>Alemany i Franc\u00e8s: Maria Rosa Gom\u00e0 (<span data-sheets-value=\"{&quot;1&quot;:2,&quot;2&quot;:&quot;alemany.iamf@gmail.com&quot;}\" data-sheets-userformat=\"{&quot;2&quot;:12801,&quot;3&quot;:{&quot;1&quot;:0},&quot;12&quot;:0,&quot;15&quot;:&quot;Comfortaa&quot;,&quot;16&quot;:12}\">alemany.iamf@gmail.com) (frances.iamf@gmail.com)<\/span><\/p>\n<p>Biologia i Geologia: David Climent (<span data-sheets-value=\"{&quot;1&quot;:2,&quot;2&quot;:&quot;biogeo.iamf@gmail.com&quot;}\" data-sheets-userformat=\"{&quot;2&quot;:12801,&quot;3&quot;:{&quot;1&quot;:0},&quot;12&quot;:0,&quot;15&quot;:&quot;Comfortaa&quot;,&quot;16&quot;:12}\">biogeo.iamf@gmail.com)<\/span><\/p>\n<p>Castell\u00e0: Teresa Gonz\u00e1lez (<span data-sheets-value=\"{&quot;1&quot;:2,&quot;2&quot;:&quot;castella.iamf@gmail.com&quot;}\" data-sheets-userformat=\"{&quot;2&quot;:12801,&quot;3&quot;:{&quot;1&quot;:0},&quot;12&quot;:0,&quot;15&quot;:&quot;Comfortaa&quot;,&quot;16&quot;:12}\">castella.iamf@gmail.com)<\/span><\/p>\n<p>Catal\u00e0: Pep Martorell (<span data-sheets-value=\"{&quot;1&quot;:2,&quot;2&quot;:&quot;catala.iamf@gmail.com&quot;}\" data-sheets-userformat=\"{&quot;2&quot;:12801,&quot;3&quot;:{&quot;1&quot;:0},&quot;12&quot;:0,&quot;15&quot;:&quot;Comfortaa&quot;,&quot;16&quot;:12}\">catala.iamf@gmail.com)<\/span><\/p>\n<p>Ci\u00e8ncies Socials: Iban Garcia-Bor\u00e9s (<span data-sheets-value=\"{&quot;1&quot;:2,&quot;2&quot;:&quot;socials.iamf@gmail.com&quot;}\" data-sheets-userformat=\"{&quot;2&quot;:12801,&quot;3&quot;:{&quot;1&quot;:0},&quot;12&quot;:0,&quot;15&quot;:&quot;Comfortaa&quot;,&quot;16&quot;:12}\">socials.iamf@gmail.com)<\/span><\/p>\n<p>Cl\u00e0ssiques, m\u00fasica i religi\u00f3: Ra\u00fcl Sanz (<span data-sheets-value=\"{&quot;1&quot;:2,&quot;2&quot;:&quot;classiques.iamf@gmail.com&quot;}\" data-sheets-userformat=\"{&quot;2&quot;:12801,&quot;3&quot;:{&quot;1&quot;:0},&quot;12&quot;:0,&quot;15&quot;:&quot;Comfortaa&quot;,&quot;16&quot;:12}\">classiques.iamf@gmail.com) (musica.iamf@gmail.com) (religio.iamf@gmail.com)<\/span><\/p>\n<p>Economia: Pilar L\u00e1zaro (<span data-sheets-value=\"{&quot;1&quot;:2,&quot;2&quot;:&quot;economia.iamf@gmail.com&quot;}\" data-sheets-userformat=\"{&quot;2&quot;:12801,&quot;3&quot;:{&quot;1&quot;:0},&quot;12&quot;:0,&quot;15&quot;:&quot;Comfortaa&quot;,&quot;16&quot;:12}\">economia.iamf@gmail.com)<\/span><\/p>\n<p>Educaci\u00f3 F\u00edsica: Paula Ib\u00e1\u00f1ez (<span data-sheets-value=\"{&quot;1&quot;:2,&quot;2&quot;:&quot;eduf\u00edsica.iamf@gmail.com&quot;}\" data-sheets-userformat=\"{&quot;2&quot;:12801,&quot;3&quot;:{&quot;1&quot;:0},&quot;12&quot;:0,&quot;15&quot;:&quot;Comfortaa&quot;,&quot;16&quot;:12}\">eduf\u00edsica.iamf@gmail.com)<\/span><\/p>\n<p>Educaci\u00f3 Visual i Pl\u00e0stica: Enric Llevat (<span data-sheets-value=\"{&quot;1&quot;:2,&quot;2&quot;:&quot;dibuix.iamf@gmail.com&quot;}\" data-sheets-userformat=\"{&quot;2&quot;:12801,&quot;3&quot;:{&quot;1&quot;:0},&quot;12&quot;:0,&quot;15&quot;:&quot;Comfortaa&quot;,&quot;16&quot;:12}\">dibuix.iamf@gmail.com)<\/span><\/p>\n<p>Filosofia: Joan Canet (<span data-sheets-value=\"{&quot;1&quot;:2,&quot;2&quot;:&quot;filosofia.iamf@gmail.com&quot;}\" data-sheets-userformat=\"{&quot;2&quot;:12801,&quot;3&quot;:{&quot;1&quot;:0},&quot;12&quot;:0,&quot;15&quot;:&quot;Comfortaa&quot;,&quot;16&quot;:12}\">filosofia.iamf1@gmail.com)<\/span><\/p>\n<p>F\u00edsica i Qu\u00edmica: Alexis Auderset (<span data-sheets-value=\"{&quot;1&quot;:2,&quot;2&quot;:&quot;fisicaquimica.iamf@gmail.com&quot;}\" data-sheets-userformat=\"{&quot;2&quot;:12801,&quot;3&quot;:{&quot;1&quot;:0},&quot;12&quot;:0,&quot;15&quot;:&quot;Comfortaa&quot;,&quot;16&quot;:12}\">fisicaquimica.iamf@gmail.com)<\/span><\/p>\n<p>Matem\u00e0tiques:\u00a0 Germ\u00e1n Gil (<span data-sheets-value=\"{&quot;1&quot;:2,&quot;2&quot;:&quot;matematiques.iamf@gmail.com&quot;}\" data-sheets-userformat=\"{&quot;2&quot;:12801,&quot;3&quot;:{&quot;1&quot;:0},&quot;12&quot;:0,&quot;15&quot;:&quot;Comfortaa&quot;,&quot;16&quot;:12}\">matematiques.iamf@gmail.com)<\/span><\/p>\n<p>Orientaci\u00f3: Sandra D\u00edaz (<span data-sheets-value=\"{&quot;1&quot;:2,&quot;2&quot;:&quot;orientacio.iamf@gmail.com&quot;}\" data-sheets-userformat=\"{&quot;2&quot;:12801,&quot;3&quot;:{&quot;1&quot;:0},&quot;12&quot;:0,&quot;15&quot;:&quot;Comfortaa&quot;,&quot;16&quot;:12}\">orientacio.iamf@gmail.com)<\/span><\/p>\n<p>Tecnologia: Amadeu Borges (<span data-sheets-value=\"{&quot;1&quot;:2,&quot;2&quot;:&quot;tecnologies.iamf@gmail.com&quot;}\" data-sheets-userformat=\"{&quot;2&quot;:14849,&quot;3&quot;:{&quot;1&quot;:0},&quot;12&quot;:0,&quot;14&quot;:{&quot;1&quot;:2,&quot;2&quot;:0},&quot;15&quot;:&quot;Comfortaa&quot;,&quot;16&quot;:12}\">tecnologies.iamf@gmail.com)<\/span><\/p>\n<p>Teatre: Neus P\u00e0mies (<span data-sheets-value=\"{&quot;1&quot;:2,&quot;2&quot;:&quot;teatre.iamf@gmail.com&quot;}\" data-sheets-userformat=\"{&quot;2&quot;:12801,&quot;3&quot;:{&quot;1&quot;:0},&quot;12&quot;:0,&quot;15&quot;:&quot;Comfortaa&quot;,&quot;16&quot;:12}\">teatre.iamf@gmail.com)<\/span><\/p>\n<p><strong>PAS<\/strong><\/p>\n<p><span style=\"text-decoration: underline;\">Secretaria:\u00a0<\/span>Carme Guerra, Dori Tortajada,\u00a0S\u00f2nia Bocos<\/p>\n<p><span style=\"text-decoration: underline;\">Consergeria:\u00a0<\/span>Ramon Sanou, Jorge Rodr\u00edguez,\u00a0Dami\u00e0 Mir\u00f3, Albert Rovira<\/p>\n","protected":false},"excerpt":{"rendered":"<p>Equip directiu Director: Jordi Satorra Secretari: Sebasti\u00e0 Sastr\u00edques Caps d&#8217;estudis: Estrella Nieto i Irene Calvo Coordinadora pedag\u00f2gica: Vanessa Torres &nbsp; C\u00e0rrecs de coordinaci\u00f3 Coordinaci\u00f3 d&#8217;ESO: Marta Sol\u00e9 Coordinaci\u00f3 de Batxillerat: Cristina Aguil\u00f3 Coordinaci\u00f3 de 1r d&#8217;ESO: Vicenta Miralles Coordinaci\u00f3 de 2n d&#8217;ESO: Marina S\u00edlva Coordinaci\u00f3 de 3r d&#8217;ESO: Elena Robles Coordinaci\u00f3 de 4t d&#8217;ESO: Nati [&hellip;]<\/p>\n","protected":false},"author":1,"featured_media":0,"parent":19,"menu_order":50,"comment_status":"closed","ping_status":"closed","template":"page-templates\/side-menu.php","meta":{"_bbp_topic_count":0,"_bbp_reply_count":0,"_bbp_total_topic_count":0,"_bbp_total_reply_count":0,"_bbp_voice_count":0,"_bbp_anonymous_reply_count":0,"_bbp_topic_count_hidden":0,"_bbp_reply_count_hidden":0,"_bbp_forum_subforum_count":0,"site-sidebar-layout":"default","site-content-layout":"","ast-site-content-layout":"","site-content-style":"default","site-sidebar-style":"default","ast-global-header-display":"","ast-banner-title-visibility":"","ast-main-header-display":"","ast-hfb-above-header-display":"","ast-hfb-below-header-display":"","ast-hfb-mobile-header-display":"","site-post-title":"","ast-breadcrumbs-content":"","ast-featured-img":"","footer-sml-layout":"","theme-transparent-header-meta":"","adv-header-id-meta":"","stick-header-meta":"","header-above-stick-meta":"","header-main-stick-meta":"","header-below-stick-meta":"","astra-migrate-meta-layouts":"default","ast-page-background-enabled":"default","ast-page-background-meta":{"desktop":{"background-color":"var(--ast-global-color-4)","background-image":"","background-repeat":"repeat","background-position":"center center","background-size":"auto","background-attachment":"scroll","background-type":"","background-media":"","overlay-type":"","overlay-color":"","overlay-opacity":"","overlay-gradient":""},"tablet":{"background-color":"","background-image":"","background-repeat":"repeat","background-position":"center center","background-size":"auto","background-attachment":"scroll","background-type":"","background-media":"","overlay-type":"","overlay-color":"","overlay-opacity":"","overlay-gradient":""},"mobile":{"background-color":"","background-image":"","background-repeat":"repeat","background-position":"center center","background-size":"auto","background-attachment":"scroll","background-type":"","background-media":"","overlay-type":"","overlay-color":"","overlay-opacity":"","overlay-gradient":""}},"ast-content-background-meta":{"desktop":{"background-color":"var(--ast-global-color-5)","background-image":"","background-repeat":"repeat","background-position":"center center","background-size":"auto","background-attachment":"scroll","background-type":"","background-media":"","overlay-type":"","overlay-color":"","overlay-opacity":"","overlay-gradient":""},"tablet":{"background-color":"var(--ast-global-color-5)","background-image":"","background-repeat":"repeat","background-position":"center center","background-size":"auto","background-attachment":"scroll","background-type":"","background-media":"","overlay-type":"","overlay-color":"","overlay-opacity":"","overlay-gradient":""},"mobile":{"background-color":"var(--ast-global-color-5)","background-image":"","background-repeat":"repeat","background-position":"center center","background-size":"auto","background-attachment":"scroll","background-type":"","background-media":"","overlay-type":"","overlay-color":"","overlay-opacity":"","overlay-gradient":""}},"footnotes":""},"class_list":["post-46","page","type-page","status-publish","hentry"],"post_mailing_queue_ids":[],"_links":{"self":[{"href":"https:\/\/agora.xtec.cat\/iesmartifranques\/wp-json\/wp\/v2\/pages\/46","targetHints":{"allow":["GET"]}}],"collection":[{"href":"https:\/\/agora.xtec.cat\/iesmartifranques\/wp-json\/wp\/v2\/pages"}],"about":[{"href":"https:\/\/agora.xtec.cat\/iesmartifranques\/wp-json\/wp\/v2\/types\/page"}],"author":[{"embeddable":true,"href":"https:\/\/agora.xtec.cat\/iesmartifranques\/wp-json\/wp\/v2\/users\/1"}],"replies":[{"embeddable":true,"href":"https:\/\/agora.xtec.cat\/iesmartifranques\/wp-json\/wp\/v2\/comments?post=46"}],"version-history":[{"count":7,"href":"https:\/\/agora.xtec.cat\/iesmartifranques\/wp-json\/wp\/v2\/pages\/46\/revisions"}],"predecessor-version":[{"id":2462,"href":"https:\/\/agora.xtec.cat\/iesmartifranques\/wp-json\/wp\/v2\/pages\/46\/revisions\/2462"}],"up":[{"embeddable":true,"href":"https:\/\/agora.xtec.cat\/iesmartifranques\/wp-json\/wp\/v2\/pages\/19"}],"wp:attachment":[{"href":"https:\/\/agora.xtec.cat\/iesmartifranques\/wp-json\/wp\/v2\/media?parent=46"}],"curies":[{"name":"wp","href":"https:\/\/api.w.org\/{rel}","templated":true}]}}