{"id":43,"date":"2024-09-30T16:45:07","date_gmt":"2024-09-30T14:45:07","guid":{"rendered":"http:\/\/agora.xtec.cat\/iesmartifranques\/?page_id=43"},"modified":"2025-08-27T19:46:56","modified_gmt":"2025-08-27T17:46:56","slug":"consell-escolar","status":"publish","type":"page","link":"https:\/\/agora.xtec.cat\/iesmartifranques\/linstitut\/consell-escolar\/","title":{"rendered":"Consell escolar"},"content":{"rendered":"<p><b>Membres del Consell Escolar de l&#8217;institut<\/b><\/p>\n<p>Director\/a: Jordi Satorra Mar\u00edn<\/p>\n<p>Cap d&#8217;estudis: Estrella Nieto \/ Irene Calvo<\/p>\n<p>Secretari\/\u00e0ria: Sebasti\u00e0 Sastr\u00edques<\/p>\n<p>Representant de l&#8217;Ajuntament: Marc Liria Calaf<\/p>\n<p>Representant de l&#8217;alumnat: Greta Mart\u00ednez de la Hidalga<br \/>\nRepresentant de l&#8217;alumnat: (pendent)<br \/>\nRepresentant de l&#8217;alumnat: Mamuka Gvachliani<br \/>\nRepresentant de l&#8217;alumnat: V\u00edctor Pacheco Calvo<\/p>\n<p>Representant de l&#8217;AMPA:\u00a0 Mar Gin\u00e9<\/p>\n<p>Representant de pares i mares: Eva Bru<br \/>\nRepresentant de pares i mares: Iolanda Carrillo L\u00f3pez<br \/>\nRepresentant de pares i mares: Montse Blanch<br \/>\nRepresentant de pares i mares: Paqui Casals Vilaub\u00ed<\/p>\n<p>Representant del PAE: Merc\u00e8 Cardona S\u00e1nchez<br \/>\nRepresentant del PAS: Dami\u00e0 Mir\u00f3 Descarrega<\/p>\n<p>Representant del professorat: Beatriz Joglar Arango<br \/>\nRepresentant del professorat: Francesc Gass\u00f3 Minguet<br \/>\nRepresentant del professorat: Iban Garcia-Bor\u00e9s Comas<br \/>\nRepresentant del professorat: Joan Llu\u00eds Mallol<br \/>\nRepresentant del professorat: Jose Lu\u00eds Garcia P\u00e9rez<br \/>\nRepresentant del professorat: Juan Jos\u00e9 Rosell Lloret<br \/>\nRepresentant del professorat: Maria Font Ferran<br \/>\nRepresentant del professorat: (pendent)<\/p>\n<p><span style=\"font-family: inherit; font-size: 1em;\">Si voleu saber com funciona el Consell Escolar, adreceu-vos a la p\u00e0gina del <\/span><a style=\"font-family: inherit; font-size: 1em;\" href=\"http:\/\/familiaiescola.gencat.cat\/ca\/escolaritat\/participacio-compromis\/participacio-coresponsabilitzacio\/participacio-funcionament-centre\/consell-escolar\/\" target=\"_blank\" rel=\"noopener noreferrer\">Departament d&#8217;Educaci\u00f3<\/a><span style=\"font-family: inherit; font-size: 1em;\">.<\/span><\/p>\n","protected":false},"excerpt":{"rendered":"<p>Membres del Consell Escolar de l&#8217;institut Director\/a: Jordi Satorra Mar\u00edn Cap d&#8217;estudis: Estrella Nieto \/ Irene Calvo Secretari\/\u00e0ria: Sebasti\u00e0 Sastr\u00edques Representant de l&#8217;Ajuntament: Marc Liria Calaf Representant de l&#8217;alumnat: Greta Mart\u00ednez de la Hidalga Representant de l&#8217;alumnat: (pendent) Representant de l&#8217;alumnat: Mamuka Gvachliani Representant de l&#8217;alumnat: V\u00edctor Pacheco Calvo Representant de l&#8217;AMPA:\u00a0 Mar Gin\u00e9 Representant [&hellip;]<\/p>\n","protected":false},"author":1,"featured_media":0,"parent":19,"menu_order":40,"comment_status":"closed","ping_status":"closed","template":"page-templates\/side-menu.php","meta":{"_bbp_topic_count":0,"_bbp_reply_count":0,"_bbp_total_topic_count":0,"_bbp_total_reply_count":0,"_bbp_voice_count":0,"_bbp_anonymous_reply_count":0,"_bbp_topic_count_hidden":0,"_bbp_reply_count_hidden":0,"_bbp_forum_subforum_count":0,"site-sidebar-layout":"default","site-content-layout":"","ast-site-content-layout":"","site-content-style":"default","site-sidebar-style":"default","ast-global-header-display":"","ast-banner-title-visibility":"","ast-main-header-display":"","ast-hfb-above-header-display":"","ast-hfb-below-header-display":"","ast-hfb-mobile-header-display":"","site-post-title":"","ast-breadcrumbs-content":"","ast-featured-img":"","footer-sml-layout":"","theme-transparent-header-meta":"","adv-header-id-meta":"","stick-header-meta":"","header-above-stick-meta":"","header-main-stick-meta":"","header-below-stick-meta":"","astra-migrate-meta-layouts":"default","ast-page-background-enabled":"default","ast-page-background-meta":{"desktop":{"background-color":"var(--ast-global-color-4)","background-image":"","background-repeat":"repeat","background-position":"center center","background-size":"auto","background-attachment":"scroll","background-type":"","background-media":"","overlay-type":"","overlay-color":"","overlay-opacity":"","overlay-gradient":""},"tablet":{"background-color":"","background-image":"","background-repeat":"repeat","background-position":"center center","background-size":"auto","background-attachment":"scroll","background-type":"","background-media":"","overlay-type":"","overlay-color":"","overlay-opacity":"","overlay-gradient":""},"mobile":{"background-color":"","background-image":"","background-repeat":"repeat","background-position":"center center","background-size":"auto","background-attachment":"scroll","background-type":"","background-media":"","overlay-type":"","overlay-color":"","overlay-opacity":"","overlay-gradient":""}},"ast-content-background-meta":{"desktop":{"background-color":"var(--ast-global-color-5)","background-image":"","background-repeat":"repeat","background-position":"center center","background-size":"auto","background-attachment":"scroll","background-type":"","background-media":"","overlay-type":"","overlay-color":"","overlay-opacity":"","overlay-gradient":""},"tablet":{"background-color":"var(--ast-global-color-5)","background-image":"","background-repeat":"repeat","background-position":"center center","background-size":"auto","background-attachment":"scroll","background-type":"","background-media":"","overlay-type":"","overlay-color":"","overlay-opacity":"","overlay-gradient":""},"mobile":{"background-color":"var(--ast-global-color-5)","background-image":"","background-repeat":"repeat","background-position":"center center","background-size":"auto","background-attachment":"scroll","background-type":"","background-media":"","overlay-type":"","overlay-color":"","overlay-opacity":"","overlay-gradient":""}},"footnotes":""},"class_list":["post-43","page","type-page","status-publish","hentry"],"post_mailing_queue_ids":[],"_links":{"self":[{"href":"https:\/\/agora.xtec.cat\/iesmartifranques\/wp-json\/wp\/v2\/pages\/43","targetHints":{"allow":["GET"]}}],"collection":[{"href":"https:\/\/agora.xtec.cat\/iesmartifranques\/wp-json\/wp\/v2\/pages"}],"about":[{"href":"https:\/\/agora.xtec.cat\/iesmartifranques\/wp-json\/wp\/v2\/types\/page"}],"author":[{"embeddable":true,"href":"https:\/\/agora.xtec.cat\/iesmartifranques\/wp-json\/wp\/v2\/users\/1"}],"replies":[{"embeddable":true,"href":"https:\/\/agora.xtec.cat\/iesmartifranques\/wp-json\/wp\/v2\/comments?post=43"}],"version-history":[{"count":6,"href":"https:\/\/agora.xtec.cat\/iesmartifranques\/wp-json\/wp\/v2\/pages\/43\/revisions"}],"predecessor-version":[{"id":2420,"href":"https:\/\/agora.xtec.cat\/iesmartifranques\/wp-json\/wp\/v2\/pages\/43\/revisions\/2420"}],"up":[{"embeddable":true,"href":"https:\/\/agora.xtec.cat\/iesmartifranques\/wp-json\/wp\/v2\/pages\/19"}],"wp:attachment":[{"href":"https:\/\/agora.xtec.cat\/iesmartifranques\/wp-json\/wp\/v2\/media?parent=43"}],"curies":[{"name":"wp","href":"https:\/\/api.w.org\/{rel}","templated":true}]}}