{"id":39,"date":"2014-09-17T16:36:44","date_gmt":"2014-09-17T16:36:44","guid":{"rendered":"http:\/\/agora.xtec.cat\/iesmartifranques\/?page_id=39"},"modified":"2024-07-25T06:58:05","modified_gmt":"2024-07-25T04:58:05","slug":"instal%c2%b7lacions","status":"publish","type":"page","link":"https:\/\/agora.xtec.cat\/iesmartifranques\/linstitut\/instal%c2%b7lacions\/","title":{"rendered":"Instal\u00b7lacions"},"content":{"rendered":"<p>L&#8217;institut compta amb diverses aules especifiques a banda de les aules ordin\u00e0ries. Aix\u00ed trobem aules de v\u00eddeo, d&#8217;inform\u00e0tica, de serigrafia, teatre, sala de confer\u00e8ncies, gimn\u00e0s, taller d&#8217;escultura, sala de m\u00fasica, de tecnologia, d&#8217;idiomes, sala de reunions i cantina.<\/p>\n<p>Aqu\u00ed tens alguns v\u00eddeos que te&#8217;l mostrem.<\/p>\n<ul>\n<li><a href=\"https:\/\/www.youtube.com\/watch?v=G0VeRe7PsuE\">Un passeig pel centre.<\/a><\/li>\n<li><a href=\"https:\/\/www.youtube.com\/watch?v=MLcKf4lPJK8&amp;t=12s\">Un passeig m\u00e9s antic.<\/a><\/li>\n<\/ul>\n\r\n\t<div class=\"slideshow_container slideshow_container_style-light\" style=\"height: 300px; \" data-slideshow-id=\"564\" data-style-name=\"style-light\" data-style-version=\"2.3.1\" >\r\n\r\n\t\t\t\t\t<div class=\"slideshow_loading_icon\"><\/div>\r\n\t\t\r\n\t\t<div class=\"slideshow_content\" style=\"display: none;\">\r\n\r\n\t\t\t<div class=\"slideshow_view\"><div class=\"slideshow_slide slideshow_slide_image\">\n        <a href=\"https:\/\/photos.google.com\/share\/AF1QipMbMSSpsseHtyHbLmFJkrmgeX5rjwT2lrlear7op4NohmTSfh3YaYDlNfOEEcZZpg\/photo\/AF1QipPhk6eqJbDehLcrq86LYfv4qVnK4-k4ru6CXg8-?key=anotb25ZTUhDdEpsX0ROTDd4dUJnUEs2b2hPNEJR\" target=\"_blank\">        <img src=\"https:\/\/lh3.googleusercontent.com\/CkUwodKfszpdDSfZKabT4XNoN9WGa9Z9_QJ9nBN-Gdxb3jsS6juSbPbt7Udu3dvJEWcWgvjfIzuxJ9JqzyUnyAq_FcEHjV8XSPhqt4_Wz2sh-vrLJSMeFycVsRc2Moovjy-nbquNAnAaL-u8S9HR5DkIRomZm_VAcXMBpuDVn54Vu84Uk-4M8QsuOBFEFA8dgEA5wrT7sw1oN-yd9l9Byo4ipWkC0_K_LhJ1L0Lfgz-NEo6DDDe6mzj0NGdIn-j-WLjHM0XUs1545MgrdjXUQCNpeVMUop-CeVgtzoUVtx632E5sOcP5H3xApciu4ECRA6XwtuzmoIgLWXwVc-M-S55FRZ90y1QL2UyWeaBgGksHYXPiiGSGAhUT0srK8paxCHLt0SvZhcnFsEObvrkh-KpNQpacFzsot8oC1a2M3aICBDW0krstcrA-4I_rN8R5vHy0UtF-7sstidVPA4SiVmC6GHihNJWjOYbg6DtgOjCKf6QtS8B1xYS-LRsmWftHJDSOCZGqKemNlLlBaq-muw2QNvdyYgpcN8ZCvjzWrpEmdWshFgGbrY5oKpW8rrm0UEJ-zoOiNBEq9b3dsNDVqc2uXggIBWu5HRnPhIR47RenEGg0aOxaaqSfY8D2HY5DptLDT7KbyYn0Vh4fWJtUAIx7ATdkTUZAs0Nw-7LrDPn0hx30wofVfebJnYqxLRV_JHDkzpzra2XNrtuqOCRK740cga_tJaFUjtAGLhzyZRMeNMSr=w800-h600-no\" alt=\"\"   \/>\n        <\/a>        <div class=\"slideshow_description_box slideshow_transparent\">\n                                        <\/div>\n<\/div>\n\t\n<div style=\"clear: both;\"><\/div><\/div><div class=\"slideshow_view\"><div class=\"slideshow_slide slideshow_slide_image\">\n        <a href=\"https:\/\/photos.google.com\/share\/AF1QipMbMSSpsseHtyHbLmFJkrmgeX5rjwT2lrlear7op4NohmTSfh3YaYDlNfOEEcZZpg\/photo\/AF1QipNyZW4e25O3RAPLvhsma5klLIwCgS_tuKLZ1D3E?key=anotb25ZTUhDdEpsX0ROTDd4dUJnUEs2b2hPNEJR\" target=\"_blank\">        <img src=\"https:\/\/lh3.googleusercontent.com\/fEhBoQ4xMhHd6TKVBp8pgCE0D0eQpO4VWAsXOAx2NS8S8Iya2T9ovjzq6WAaCBvHDFH1dP0bRWEomQyHfOP0eoBZeEqU1qb4cxZKGBoEJ02Z8eDxR4bqLp1S5TEbYsNc276F4LVfCRADNJpwwKOztFuBwVz0Aa3Y5wIFdxLrj8wGMOxud8yWQH8r_RqoqtEaSgZyUL51LZoNN0Y3jRCUCV4bMmgPY50_G3kHgFGfSeRxnuil-kDBsYta2xJrDSRwu5xH-i2Ma5ACYIQpxAsOcjWmNog3mucG_DIyIxDOwsXKxkJxgEfYSGX33aylElEV-mDha-CZdFu3XzBIdfXE1M9paVs-1FBpQQfWl6xrZ2_q-Z-MI8b7aXDnhQMZtzmmY2_VZViiQcVFtnpGqc6Risa-Z1ntU7Upgw-E2-kqxgmArlcWwURAGEPoGhkBFuT2J34Kq8GduUrP31TCnGDSvbRoZjWhLZhKtb7E_DqrRYTYgADBXhNWECBbz7GK8kY4wxmigMv1O9w1m3pRucCmxAZTsRMRgMBRfz422bqpGydZ5bKyZNQDo6ugRf7JTF9RI9LJTQpfT_pq8KScs148GEZeF5rcAlneSYSdBymkTs_6Y0wAVYsoDBY8nMsSvH4_p-8LyGkXGiaw3WwxD4Sb8EAIZTOiiYIWMlcYvB7IZBiohWkWXRTSGyaA6bjhoxp2uygw-1S_xGxEP5Njo_uS7TolH1TpHfzd-rwq-OEs65o9ncWI=w800-h600-no\" alt=\"\"   \/>\n        <\/a>        <div class=\"slideshow_description_box slideshow_transparent\">\n                                        <\/div>\n<\/div>\n\t\n<div style=\"clear: both;\"><\/div><\/div><div class=\"slideshow_view\"><div class=\"slideshow_slide slideshow_slide_image\">\n        <a href=\"https:\/\/photos.google.com\/share\/AF1QipMbMSSpsseHtyHbLmFJkrmgeX5rjwT2lrlear7op4NohmTSfh3YaYDlNfOEEcZZpg\/photo\/AF1QipN4aL1e5UusJEiD5DRiTsaYWVXdnQmhUd_d95hT?key=anotb25ZTUhDdEpsX0ROTDd4dUJnUEs2b2hPNEJR\" target=\"_blank\">        <img src=\"https:\/\/lh3.googleusercontent.com\/DUHv0nQOzP_qiyplNBSgUioda6jBv0lAyIUyCGsKGhFF6obYhv6RuZvH0xH31Z6hA_35qLKF_zYv-JzaTGz7iwuSaM3I_di9FNQ50iM9MWAXBBB3DkR4fSAYTaj6fV_px2IDN_WNPKbaXkubMercH_lOjo3_6I-zw3BfFhJm1_SEsSaAMEWbri-hZvjbH4pZY48q5lADrH5reDuaQW6g0s0-viAqlKZdVrg2BuCI505hRYif1XQTIbwAifFrKSfYHWz2Z1mh4D88xwQ7O8IUw1nVk1fgecnGWHLmuArPt79ipfmCAT_MNI4xuuzWw66T6G03o2COdph0DumJ-laEZjyf6V0rKiwlAbQWfBnNMzdRgmH7pvpZSL4MCBIg9wfTjU-B56ERn2uGf3Smufm7jJJmctvqj_9z4QKC360FM_5vGnUrv16goJnQcgh-fz_dWPS8ddvjdWDSQ5uq2_iovY22HEaTJa_9Kq3cn9ywHOV4qIW52P4K6FHWOfjd74K45265dNX6QR9FjO-CZiN3Dbr8TjyDA9hAYZbp-xQbrcZFrE-FacMXufpGzGOvGuEwDuyeqgmw-e13nx41ycTn-n1mKe_U32FZkOi-nTW0zxNqsN1cY0WSKNHgvkLELy5xZ4y8LS3bF3oIaP20aeN5Z1g5x5TKfvCgPOc-ogQO5Tcg5tLwTPx93265j-V4QBCttCjNL4voofTRuYWSFsHmlCSRf1ngxlCI6nFXzOVP_ZHJ0Q7O=w800-h600-no\" alt=\"\"   \/>\n        <\/a>        <div class=\"slideshow_description_box slideshow_transparent\">\n                                        <\/div>\n<\/div>\n\t\n<div style=\"clear: both;\"><\/div><\/div><div class=\"slideshow_view\"><div class=\"slideshow_slide slideshow_slide_image\">\n        <a href=\"https:\/\/photos.google.com\/share\/AF1QipMbMSSpsseHtyHbLmFJkrmgeX5rjwT2lrlear7op4NohmTSfh3YaYDlNfOEEcZZpg\/photo\/AF1QipNSsqJ_3K5R35kUqkmcHdWbMMzY2adof84YL9od?key=anotb25ZTUhDdEpsX0ROTDd4dUJnUEs2b2hPNEJR\" target=\"_blank\">        <img src=\"https:\/\/lh3.googleusercontent.com\/SB907GmaZqCm9ixBQbP71E8sM7iDuQp-9xU18Z44bboiudSYL_Fsmvgm_p5V6dj3Bvha4Yk6_qWaWa6rf4Vh6d71XAIMjjjvR5-BJPzeynVHErJEIBx_cHejwhhtyg-hlAJkSqewyqabfhNviyY1JBEwUFh3cay5M6smM8WIRBOV0296ZNmmP5fuM9qCY94TndfIdaHKKDdJQGAgLHetODHN8IRKAd9Mx3Cnuy2TJkfU9_M9Hg5FAcfgMX2XXLlKSr-7HIvhHLzzvbG4zNnixiVkSt9neYNGNr9DbxRsDiS4wZdrsnh7cZJyaBI7WYpJP1F5JIfisWmrR4ZYLkzaUwjzjBFebjIK_Ptj9qjZlWcqgDMs3xxzqsbPDtogCGF2Czw61Yc5nqvhmKqUIfUAaLt67MbuxHoX8ZBEPZO2smrYHnjdzzRlS1vjjuUuW2nJ6bbXN0CljGy5zMWOl8zeDNiUe3rxksqLU-xaXHsGAw3TtyMstHzmNrZGOCsX6qhXRvE_omu1NyRSoGhp4vgbLXfCo6o1WCp2lLbOP_WKKIyCpOas7mZUSMwRzwGuY5xXqgBQsb0NugQrd4kegqHFfs1KjkPBbdLNI1F3YuwVLoj7bbdwe2rhgRMSywdKKyyKrjrh-Vg2sohydQ5yGfdDxuVnpSYZrQ7u0AG3tyix9lIG2JkBxvwNA9wiYvukcx_KgKPSTcg1Awi6aaoAfBAx_vR3ScRpwR3RInvvEXwot9lpqpHA=w800-h600-no\" alt=\"\"   \/>\n        <\/a>        <div class=\"slideshow_description_box slideshow_transparent\">\n                                        <\/div>\n<\/div>\n\t\n<div style=\"clear: both;\"><\/div><\/div><div class=\"slideshow_view\"><div class=\"slideshow_slide slideshow_slide_image\">\n        <a href=\"https:\/\/photos.google.com\/share\/AF1QipMbMSSpsseHtyHbLmFJkrmgeX5rjwT2lrlear7op4NohmTSfh3YaYDlNfOEEcZZpg\/photo\/AF1QipNAzd78yls8TRTWdtbjnADrfQ_CfHxuEnuK3IDm?key=anotb25ZTUhDdEpsX0ROTDd4dUJnUEs2b2hPNEJR\" target=\"_blank\">        <img src=\"https:\/\/lh3.googleusercontent.com\/sBPMrkaN1IcxwYX3QmGOEjWsx2YVqwM9NYJmVLsYjdHK16QIoqN76ceOk7yODnoX1ludc99wGsKhi1HoHTn7eoLcBVeHFFe5fYBW3c3Pfwi7IJdn9_rOM4pVFfN6PUo3kSMgOIvvSm70XSHy6zbmfVnUbFQ_qUhw6sbcWBtrACJJO5fp2NhXZEIibZlQD70dRU7KsalTJZbg9r4xTZZS95xVXOSuO6VwZyKjK4r441-fwbpewvzei1oO3Q6aczar-CYFeODDSd5OHInh44Yqd2xMJyxl5K3OvQKsoKIARy5XUOnVRSHLLj1VpibNMOBsFap8A8bGYdNpdwX6PXhcBO-Us1HpECpOLEoTmgt6F9cx86mHRfHi3LIOsCnlmKeW_iqlI0t6roN1L6ES1pgFgqPKYeOiwz9w9uyaEqRPVzJabZt3KhstVRs54qljakEBnrgr_OsuBbR9spDbad3dVmW4WLJRuunQZ2K8olrsIERWBcAXxrvlRhPFNRsgdhUyQDGs78EbzzRE0eQwyK3WPgh0dNbt6DiKbAIozDrakSYbmQoBdo_6QSFmXwLEgHvf_OK52NFgHf2D-6pmX4FLrUSeTT3FLaJlJ5jrTsXEIyR5P0VNRQ3mgab57bXMi4bUOSeBddHh5S-PNfuRUJrLebFjloN4yleAFewcyVpOsjhqRPxm6-O6sg3KmqIa7kfKK2LC8AgXQsbp7qy6lNb1Z9mzl7znq8Y8wmCBtFQt-gdb9jnU=w800-h600-no\" alt=\"\"   \/>\n        <\/a>        <div class=\"slideshow_description_box slideshow_transparent\">\n                                        <\/div>\n<\/div>\n\t\n<div style=\"clear: both;\"><\/div><\/div><div class=\"slideshow_view\"><div class=\"slideshow_slide slideshow_slide_image\">\n        <a href=\"https:\/\/photos.google.com\/share\/AF1QipMbMSSpsseHtyHbLmFJkrmgeX5rjwT2lrlear7op4NohmTSfh3YaYDlNfOEEcZZpg\/photo\/AF1QipPrtdzFJuzf_SbRqKUjf0CQ2L1ZZu9Kd_qMiktX?key=anotb25ZTUhDdEpsX0ROTDd4dUJnUEs2b2hPNEJR\" target=\"_blank\">        <img src=\"https:\/\/lh3.googleusercontent.com\/o3y8qnpmJupxxfZWwqBFSLacmK5mqg0MAkXEfjMKrpJlM2-7rl9bL0Ahy5hwQaVrTos_0vjW49ig58T_E-ytLADWjOu2yUqofKJ5u43dSXPQEoVLQznvDdCxEM0Gw1W5zWtN-_sXDdTAX_PsJM28jSscPEOgDJOCRLLztf8CQjvRZ9a5puhfUs9OB-qAfJBwgZlV6eGccVUz-8ovh_Of1h6YvspgttzsTQnjkmZaZUClZS2cIAyV4CVyvrsmVGBWC7iQV6FEDB56pwhGe15mjOaJA8SZEPHQCBzdNmjasI0qmayBkhqpAAg0MyTRawVLU3bsuHmTXRp-Gykuve5TsxnINEBtrFciiC7fCoDqtppJv7u0HViSp6UzAB1AExciZub06xYtVigyfV4Kfjr-Nz0YSShA1yIGl6Bhotx35_7Y9oO_-Cch0fPNqTZZ69I5PiI3ama9jkf31-jCgjK01qqs4I06zn-JfRrqvfqRvlHbhcHnixtGSXAKX99yFMP9mxAuofIkJOoaaIQB_s28qTKP0QVAiIWZHSeTDdivoubJz_83J9lePsrkW36SC8qHfgRnTZsJe0vUJbu_CiY-Ihh7jv2-o5bOGm7VGxFG0mWGJc-XsAbmTPXJugRz-aBfSkliYMlascSQlI3ql__pSNWMqjPASPgam6gcT43Lwol4OUH_vClXLStnFlbY8WMKZVgwCYWx30xQi9LluTQNQilJBeX1rMCv4-Yc5EZr3XXy_4Ze=w800-h600-no\" alt=\"\"   \/>\n        <\/a>        <div class=\"slideshow_description_box slideshow_transparent\">\n                                        <\/div>\n<\/div>\n\t\n<div style=\"clear: both;\"><\/div><\/div><div class=\"slideshow_view\"><div class=\"slideshow_slide slideshow_slide_image\">\n        <a href=\"https:\/\/photos.google.com\/share\/AF1QipMbMSSpsseHtyHbLmFJkrmgeX5rjwT2lrlear7op4NohmTSfh3YaYDlNfOEEcZZpg\/photo\/AF1QipOaLIUwYZU4vKUOGd7DhRcqkzmjOlzc6bVdAdtn?key=anotb25ZTUhDdEpsX0ROTDd4dUJnUEs2b2hPNEJR\" target=\"_blank\">        <img src=\"https:\/\/lh3.googleusercontent.com\/C0ag03f-6Ueo4jMasLFn-aTzZ-dIjnh6aWE23WjUEJMg1Ea5bSfU_R8jftU5gggi-vgaM6XpKUNC1XlYGtN154Dod3uRputx85k5JEa1R4LaZS74yG9jun5s3slbnAgOh4LqcipxfyH6SNG7XVw0M082NUIsQVy6CQoM-CpN01ufDmcv-cJfe2VcG5-yDk_s7DhoSxCNcIktHcQHZlkC013H-l4gVXthDwSpjPjyLCy61MjIZ1ywLPoy2lP03G7b1ibUuLBmCwtA2FmX3yIQ-uyvhIMv81jobvtJhflhyVX6lRe-sVEVibZaXPxVMb9ZgFtycyniEInVIeM7wYIE31eMBpkVa-jrtqN0dw21A5fzYYLgHo3qgGd_rdWS7tFjfIRG1gRsTlWWEhrQmsYN5qAj5b0vwr6ZYoF4FebFasrbP8zZyTe5QdZ_0u0X6IxgfYPbmIAl-4OX-5zY9sO8kpnozFCIyBivEFfZwagbB-16Cm1XiqZok1uxp_ElCjeDmH9vXiIvqhZxkI8gcIx5e2Kf3vwun466d_QSv_ANIXPb3Hv4sm93kH_ERO0kTMqCy4J5xUZuNf-9sS5hPuByhCoKRs5ULhPtEmvwSDahcRGTE5_jfT988LXCKwNIdwsAxMkcP3-yuUHUVWx5IOMvkGv88VwlBjyH_8JYDUkoWzhOaAU_zcVVHVgZE9I-aSz_mM9pTGiOxSE4XigrLTdcVK32O_ifiGuoapPTf-TMDuVnSpMv=w800-h600-no\" alt=\"\"   \/>\n        <\/a>        <div class=\"slideshow_description_box slideshow_transparent\">\n                                        <\/div>\n<\/div>\n\t\n<div style=\"clear: both;\"><\/div><\/div><div class=\"slideshow_view\"><div class=\"slideshow_slide slideshow_slide_image\">\n        <a href=\"https:\/\/photos.google.com\/share\/AF1QipMbMSSpsseHtyHbLmFJkrmgeX5rjwT2lrlear7op4NohmTSfh3YaYDlNfOEEcZZpg\/photo\/AF1QipOFloMFBbsTz4RL502IWIiyMGCjAzWLZyzzpH2h?key=anotb25ZTUhDdEpsX0ROTDd4dUJnUEs2b2hPNEJR\" target=\"_blank\">        <img src=\"https:\/\/lh3.googleusercontent.com\/tq2135nTNBAw_17GnSw_nDjAKlBi4wTL9FvRsq6FzNPgytMhJ6ECBaN0XnpZj4M0zq39XkoUGxU_3I_tQr639heSzMqtUY4_RmV135Y063_o-4joSKXF-3zEjop8ER2JP-lZxsw6upxLhF43lbtCAhyu-1lB5nZ3KQqAwFEagCimrM2ZWf5mynXXHl-s2lTlfpqICzjnyakW7txIR9Iv6C370lj1tZ5plob9cA-20chHQ9OZ0aFPVRdrhak5EubyV_UIxwHa_qyrNnV0O56NcLg2Niu7lPab1fxBwAGvds8Bvjqa4FwAAHa-oNL30cyYn1pnwirYPw1C_ciAtFDVasJg6SnFYpzB9ZGo9YD52OjwTjcvrSQj1ovm_P2RHZrDhKqKxZVmtXo3mx7GIYN1k52kpl7dbpno6AdZw2hOK4PjTdryVwvY5nbVe5IGZtUZPXmsRBErV9vvGYSrh3P_qlLUlYyK9HC3ATxl65oXUBGdQ2wL68CXzjUCFjljmV_Jq90FUVdDLPNrCKp5sUBQLhdCdmDiqdRB2Epjs5izpDUuddCf4cjKBVN_7ipct9jWBiVoM5COsa5rbf84CgdoZS2aHvrJ-0Sx7soPyNpeObrzUxiYgHw7YHKoM8Z-Y36TQtsD3k0VXkmQxaLfKryIPBcwBofM_1mL1KCN0ruKs7_L_RPdPD_PlpnzCpXTWBuxegJfLhnNhopYN4ocOYLG6a8fMN_UEZU7SmPmlCS6pLvTbvd4=w800-h600-no\" alt=\"\"   \/>\n        <\/a>        <div class=\"slideshow_description_box slideshow_transparent\">\n                                        <\/div>\n<\/div>\n\t\n<div style=\"clear: both;\"><\/div><\/div><div class=\"slideshow_view\"><div class=\"slideshow_slide slideshow_slide_image\">\n        <a href=\"https:\/\/photos.google.com\/share\/AF1QipMbMSSpsseHtyHbLmFJkrmgeX5rjwT2lrlear7op4NohmTSfh3YaYDlNfOEEcZZpg\/photo\/AF1QipOGTE5rqrlxlPIVPlnax7skgtoPcjt8JkQAr1iR?key=anotb25ZTUhDdEpsX0ROTDd4dUJnUEs2b2hPNEJR\" target=\"_blank\">        <img src=\"https:\/\/lh3.googleusercontent.com\/s0vgt70WDU--PXIzLMgqUVyCS6xaav0OnuQibMtwDWkGuf2ifOCJwSztK5f3ehOa50mICvQ3pyJnlaoO5ftG947lmStu9ZRfyrDXPDJI7Pg7zvUAe2z9L4-fNM5iK0llMcxuDBxFJ4FQYmWSUOp3nlQxwG-dU2ztspYtlsVy1vKrCX4991nOaPvy25Nd2rpABc0BpOZV0xZnF97S1qt9GJbpg5-QvIg-alNMgCEbscxu2twIvoz4utfG-6Yt3w0Jc8OL6wuJTvbs04srjFd1aG5vCPd_K9q3ghhOKtzItzeNIFnxa_QdVWHOTroaJkUd9LsPY5VRwZauJ5mbvpjpes0GdZLRJAWCGT7euv98XE8-Nt_bRjm69oDJ__U_Ds8gpsUAZLOvay9NUmo14qRkIErrlIPWgoY78nXYSzFlkIzLDypYXsfB8zP9gl51izTTY8MNWrBnJNbWbin6rWa3NOX-JmX1tFQUvumBHUM5vTsN3YApAxBQETbrAGfZanNccGSJU4o-Me3ZOrLd6tW0ONErepwFEeGGIKht2TBuEh_gTd9jifU2lZx1JkmWQTDynlIRGsE7WebcCAXuqb5g55xYexuggAlzL8WYdqpMQ0ww0aOVss8wPzn3b1_C9B1ZKmtBWkQKUY0Cn1oaeYCFWP5ljPU8z1kHpwBbuIVU5lBn15OYMe2EbyvFP9ycHr-b4ji4zHVPsvLzygXsYYqY-XeXhCsTt0xRqc8jiEb1sMi_91z-=w800-h600-no\" alt=\"\"   \/>\n        <\/a>        <div class=\"slideshow_description_box slideshow_transparent\">\n                                        <\/div>\n<\/div>\n\t\n<div style=\"clear: both;\"><\/div><\/div><div class=\"slideshow_view\"><div class=\"slideshow_slide slideshow_slide_image\">\n        <a href=\"https:\/\/photos.google.com\/share\/AF1QipMbMSSpsseHtyHbLmFJkrmgeX5rjwT2lrlear7op4NohmTSfh3YaYDlNfOEEcZZpg\/photo\/AF1QipNKl0qPBtGPn2qTkqGzfg8mxWQRqa0mEoaIKsZH?key=anotb25ZTUhDdEpsX0ROTDd4dUJnUEs2b2hPNEJR\" target=\"_blank\">        <img src=\"https:\/\/lh3.googleusercontent.com\/BRbcfjl4UmE6XXTh6nB-PNMPsBVGzvqTGiFBW97iJeZ3NQRKPUM8OujhUym30kHrFwjEjxg6YLL37XgDzftOS59qkUS_74Annx3shf92MD0FUaOGmFqUCmcc_HFOIODNpN-sr3sry4C1yoO9MtaC9p0NOSYVxIH6iVg609IuhZi8DwNNTUV6c-WQj_CWQJj6pledhj-_0nO7tbWmTHS5F2EVHgZWgJN-xOWFYMilBvgHzsH8XQyEeU20L9bKo8A1t3QrTOf2zcMEGi2r23fuqR0qG2Z0aIUD0lnyP1Z4pLIeu4IlDgGgEetNfwA6ipCW5M3pfTkrVQWhIR8_GvkQxEXitR7rvcGkC2OacmC0QDBZfCZ9ce5v_S8RO_lMwWlPvq9pHbrLhrmQHD4559yMSefJyXmsvvGyjs6xd66Vly4F_3vx1l7JK03NlaJSdpznTHJvdsC23oSixUzIhZt8QoP_RdMd0tPXHtxU512QrTBfaw11Qo54C3O9x3SNOnAQLtnAisoTsbowoRgY78OJleUYe7rMY6kVV9lephlXTqeRYowi7EPKX-d-a6g5vfM0M7OstbwKOY6xqR3g0DY4rH9EqwnNsiQC5nktulGf9v0AJ87EMVgP0JJIRdUgDlj3d9_jBnu0FLVCxvGAs4OmHR9_Xh4xOwNmE7dt1RWJRcK9g7BfftpZRT7GvvXkkDH14pGFZzDMrC8ztaz-ZbQx3MscOh-oafhFwpbrEhZZgNeLR9h7=w800-h600-no\" alt=\"\"   \/>\n        <\/a>        <div class=\"slideshow_description_box slideshow_transparent\">\n                                        <\/div>\n<\/div>\n\t\n<div style=\"clear: both;\"><\/div><\/div><div class=\"slideshow_view\"><div class=\"slideshow_slide slideshow_slide_image\">\n        <a href=\"https:\/\/photos.google.com\/share\/AF1QipMbMSSpsseHtyHbLmFJkrmgeX5rjwT2lrlear7op4NohmTSfh3YaYDlNfOEEcZZpg\/photo\/AF1QipPRl_VoiHkmTvmdms2v0tSkFZ7ihvbvYJZCWdIO?key=anotb25ZTUhDdEpsX0ROTDd4dUJnUEs2b2hPNEJR\" target=\"_blank\">        <img src=\"https:\/\/lh3.googleusercontent.com\/bKgZykiczExFYCZtPapqtC3oIxMydjTlg-X-E9_aRVmDW3r-G0XUMPH8Mp5GZmdsrW5m4lQ5jNTGUsL45QOkjcP0zYXC9oczIsrC7X7f37WOEcIvWPxp3jXgntLYGjoLBePKFB58U61srz01-25C8gwXK4EGsTtnToir-kwnbKG9jjwnXzrEKZTka5DBFOvH_eZ0AqKh3JKI1niFoVVaUPlELClu3upA6t9ZqYjPtcNECLXekriFtXpuBJFuqVbZt2PIcAsQDRsyBMtBPBTqkO_gc5eNqfTbmR0HgP_VkCyQCTNiWtzY-it_Ydj3Y9wmrd7d2j_gS89WamHEktgXSXdrlWE2s_uqgAlrUCpHJxeuMdYhJari7doWARL-jF65C943vPfQYBm_Sbc3PCNysxX2saRXd94f8z273RuslVIQeMGvIGqmZr7niH-HUBqzvcIVeMu-bK_jtghxl67DiOJu-tgA5aGGn1wxzBw5umhgi7ulHfGH1UP-QF-hzoJ1YpnphX0ZL2NI4RDsGavhTCxW4FAbJ0kquK1U7G1TduALzmPKWPgYSO5BiE_tLKZAjpMB60QsEABcxx-M3-2u2Qyo-Ov5XZTI9fU_KSXPmXEb-sNJOdrUZqKoEreAuypx5x58e5IoCht9T4tH8N7yoMbx6ODjQABc4nlxTJ94bMNrVSmadHO00c00YgbjtPFu9dMMArXmfKETShUjSzJRUxrnaEcY-Y2I1uA6wLX_o5eSjCl_=w800-h600-no\" alt=\"\"   \/>\n        <\/a>        <div class=\"slideshow_description_box slideshow_transparent\">\n                                        <\/div>\n<\/div>\n\t\n<div style=\"clear: both;\"><\/div><\/div><div class=\"slideshow_view\"><div class=\"slideshow_slide slideshow_slide_image\">\n        <a href=\"https:\/\/photos.google.com\/share\/AF1QipMbMSSpsseHtyHbLmFJkrmgeX5rjwT2lrlear7op4NohmTSfh3YaYDlNfOEEcZZpg\/photo\/AF1QipOmBPn30jJu4o6qsWIez00TzDLIW4MkLHfv0gqe?key=anotb25ZTUhDdEpsX0ROTDd4dUJnUEs2b2hPNEJR\" target=\"_blank\">        <img src=\"https:\/\/lh3.googleusercontent.com\/1gI6IjrHCiirIHhDlpJg-d4ft7kcaqMixTc_1CMnFGF3hFm8BudGkw3O9z6gU2wy2Ulo6ZqEvK5VZyWufgHWkMp197YCg5eXXYeIYHayg2mecjEDSGHZvOyIWTzacVKeCVH-CX3g-3BOmGI5HiRaZgwQ4QqGNYsQ2-DrTuSHDgUtd9l0XOlxuWk6tM30HzLdgdrwIyiyiFz1WSqR0cK7zl_Vd_n5qyeKh29uVm38quwM4qcKbQOGrkNLrXfHdcWNax4fYK_fue34ow8gdiZ7jyiAjZku5469sa5ctNx4yUqrKBexXm4Bk1A_gol_Xh02l2ET-Rc7v-fXSIoejTuq3SzsODZesO2FS0ib4USAmLmr6YrQnx44_F7cYNtBMsR2e3RGf4dSY_qEk25ILH8VKQM79ELNxW0TpCUmI9J5Y9vFlsJZJHfAqXOAhohkVVjoQ98r-ROufHr6Uj8LJa3baQ1e1dlII7TLPfNbuBVlI9vlbhaapvdi8riYoMGqeuiV1JCvaoKFqeG95yoBJhbOyIlx0X3IVv5gtlKq0NBoTslNM_aeqdHBfTjGkzPv5aYxEJXXgKx4h-CZzbCHkvPCLLxQ1G7ySvZNy_XcHnjtQzaCmehh8i4TS8f9ZFS0eTDy6fyMVQ_RUJWYhDqIEjInk7vD1B6mHd0N94AkiERrLw3pF094Obr2p-u3m3hWuZbMaH9IKdmlPl5Z3Hajw9FXOE6CCx56yTWFNm-r18t3hvglcXz9=w800-h600-no\" alt=\"\"   \/>\n        <\/a>        <div class=\"slideshow_description_box slideshow_transparent\">\n                                        <\/div>\n<\/div>\n\t\n<div style=\"clear: both;\"><\/div><\/div><div class=\"slideshow_view\"><div class=\"slideshow_slide slideshow_slide_image\">\n        <a href=\"https:\/\/photos.google.com\/share\/AF1QipMbMSSpsseHtyHbLmFJkrmgeX5rjwT2lrlear7op4NohmTSfh3YaYDlNfOEEcZZpg\/photo\/AF1QipNow50gkNBlNnwHA-V-U4mvHzDIqah5RDeuZBsr?key=anotb25ZTUhDdEpsX0ROTDd4dUJnUEs2b2hPNEJR\" target=\"_blank\">        <img src=\"https:\/\/lh3.googleusercontent.com\/zO-f8EYUJ2jfVQSg2dwO3ad65vgsle0NpxnnHe8AdvpcXiiKnxhnPCwohqTvmKTHWKrECTDqpmnpa16P1WnZSBlG7hPfRIhUcxn2fqiL8WnnvEk4NHqTalB3OR7f7ZQz3n3ZGtn6MvT1kf6Br1n5nHUIaCujghvE46fKjiw6HMV3olA0go5BOmBpofevbk86oCSqok6LEYFl1cyuZAxU9z0uO8rw-D6SHcKtaArkzQFnPlJp1nwisLIJchJ0cuMKCDHF0d4Yeu6JlHQS3bEKRycm80qKRISTFRhTfRQOh_JHgQzEPlwtGl2b_8zwEIf_3qOcNczkqbU2lqZxA-vegf01EVldMaBG33O25Rjja5j4_yacnIPbvyLu1tMV_4WuRxcnEwO1IF8eC5CDqOAneBCkWSfBHt1p1DVh6jcFuSdb6rzgIv5uQ5ReTQ5G7zkaoodF8JGV0C-wS7kYz7HvWwgHEM8Vo3FwDgxZ7wVkFz11Z5Jq4ETE3uhyUhsexqkSpjEoM23n9HSJ4HzSQQdlB8aIOpuKqDI3fv7p-RBxLg1IRp4PbZIeCQmzNH84BKNika5Cl9rUOPtP-x-LpnW5laRJOUqD8fpnHqgPVa8BQOwdeFUNP43w6T_Q5VEeG-GgjoIiAWoQgIaXiODuDy4TZmI5Wf28q2vrL1XkdfGHtnvbaOZ1m19IzMTIh3yEef7drFJp3VTdJTkm5J8by4XYkwBQTjzI6pWP4Oo-FFQTTxjlqOpw=w800-h600-no\" alt=\"\"   \/>\n        <\/a>        <div class=\"slideshow_description_box slideshow_transparent\">\n                                        <\/div>\n<\/div>\n\t\n<div style=\"clear: both;\"><\/div><\/div><div class=\"slideshow_view\"><div class=\"slideshow_slide slideshow_slide_image\">\n        <a href=\"https:\/\/photos.google.com\/share\/AF1QipMbMSSpsseHtyHbLmFJkrmgeX5rjwT2lrlear7op4NohmTSfh3YaYDlNfOEEcZZpg\/photo\/AF1QipN9vWDIeECP0QdVfk-wHP1RavaYkffZWCWq2Tdd?key=anotb25ZTUhDdEpsX0ROTDd4dUJnUEs2b2hPNEJR\" target=\"_blank\">        <img src=\"https:\/\/lh3.googleusercontent.com\/pJzPBkUv8Dd_7dXn1sS4DTTW-G0P89h7HmmC8dXtnoynnIGU-VxAYfRZLOz1jh0Q-aZdpm-uk22VK-ipoYXvs3tQ2SiWPtdUgQZUET8_3AWNOybhi3pvfVDdlND3NMGpucoHukVwUrV6PI0qanpv19QPPsNfX8LV4TpWLW57SmhJmXQXVzlHqLDaH8bA63J8m8SKB6Qju67R18Pa5DXGqNmp5I57uJgAKejnl1fbH5FysFfSBpq9NFGw736SJX6D9ayJmrXCEBnsxlaqy5HfQiDK2zma50SiuE5ksZrooP0rfdHw_Qjd_mVbdKR36tGRZNT4cymEED2xYJOigdCBwPbPDUUq7vmeX9rJA6AHRGADUV1ApN_fxzzINWsEnfTFAnab-ynJqIe_W5MqzTyujlyWGx5HKbMnvvYqkT0HtotUeOvz_9oShrj2JI81q54HGvEvN_10yeF5zL6be0mGbjhubRyQDxscDibrhRQPXoGIOYj_zLcf3kgEvhDEqX7XMQS-vQOI9dz-KOjz51qDLaKPraOMC1q8qGKYZSqXRHuJICej4doyw7bwLtB3hIvRIbPabgEIKQ4UZfzHD6IWDQ7MmrdkykTdewqhpQ1F3Qnh-KnsGJ1XCWQJ6u0qf61Gvwhm4Cwg_RhyQoreov2HcKYX_-s5hZIoTzQK_PqvVYTEBfjttswYK3IQPtB85tI-4WV2QcN66CfQWUnp85Cwk_GDGHCizdjwdd_zVaHwTaeV3GNr=w800-h600-no\" alt=\"\"   \/>\n        <\/a>        <div class=\"slideshow_description_box slideshow_transparent\">\n                                        <\/div>\n<\/div>\n\t\n<div style=\"clear: both;\"><\/div><\/div>\r\n\t\t<\/div>\r\n\r\n\t\t<div class=\"slideshow_controlPanel slideshow_transparent\" style=\"display: none;\"><ul><li class=\"slideshow_togglePlay\" data-play-text=\"Visualitza\" data-pause-text=\"Pausa\"><\/li><\/ul><\/div>\r\n\r\n\t\t<div class=\"slideshow_button slideshow_previous slideshow_transparent\" role=\"button\" data-previous-text=\"Anterior\" style=\"display: none;\"><\/div>\r\n\t\t<div class=\"slideshow_button slideshow_next slideshow_transparent\" role=\"button\" data-next-text=\"Seg\u00fcent\" style=\"display: none;\"><\/div>\r\n\r\n\t\t<div class=\"slideshow_pagination\" style=\"display: none;\" data-go-to-text=\"V\u00e9s a la diapositiva\"><div class=\"slideshow_pagination_center\"><\/div><\/div>\r\n\r\n\t\t<!-- WordPress Slideshow Version 2.3.1 -->\r\n\r\n\t\t\t<\/div>\r\n\r\n\n<p>&nbsp;<\/p>\n","protected":false},"excerpt":{"rendered":"<p>L&#8217;institut compta amb diverses aules especifiques a banda de les aules ordin\u00e0ries. Aix\u00ed trobem aules de v\u00eddeo, d&#8217;inform\u00e0tica, de serigrafia, teatre, sala de confer\u00e8ncies, gimn\u00e0s, taller d&#8217;escultura, sala de m\u00fasica, de tecnologia, d&#8217;idiomes, sala de reunions i cantina. Aqu\u00ed tens alguns v\u00eddeos que te&#8217;l mostrem. Un passeig pel centre. Un passeig m\u00e9s antic. &nbsp;<\/p>\n","protected":false},"author":1,"featured_media":0,"parent":19,"menu_order":30,"comment_status":"closed","ping_status":"closed","template":"page-templates\/side-menu.php","meta":{"_bbp_topic_count":0,"_bbp_reply_count":0,"_bbp_total_topic_count":0,"_bbp_total_reply_count":0,"_bbp_voice_count":0,"_bbp_anonymous_reply_count":0,"_bbp_topic_count_hidden":0,"_bbp_reply_count_hidden":0,"_bbp_forum_subforum_count":0,"site-sidebar-layout":"default","site-content-layout":"","ast-site-content-layout":"","site-content-style":"default","site-sidebar-style":"default","ast-global-header-display":"","ast-banner-title-visibility":"","ast-main-header-display":"","ast-hfb-above-header-display":"","ast-hfb-below-header-display":"","ast-hfb-mobile-header-display":"","site-post-title":"","ast-breadcrumbs-content":"","ast-featured-img":"","footer-sml-layout":"","theme-transparent-header-meta":"","adv-header-id-meta":"","stick-header-meta":"","header-above-stick-meta":"","header-main-stick-meta":"","header-below-stick-meta":"","astra-migrate-meta-layouts":"default","ast-page-background-enabled":"default","ast-page-background-meta":{"desktop":{"background-color":"var(--ast-global-color-4)","background-image":"","background-repeat":"repeat","background-position":"center center","background-size":"auto","background-attachment":"scroll","background-type":"","background-media":"","overlay-type":"","overlay-color":"","overlay-opacity":"","overlay-gradient":""},"tablet":{"background-color":"","background-image":"","background-repeat":"repeat","background-position":"center center","background-size":"auto","background-attachment":"scroll","background-type":"","background-media":"","overlay-type":"","overlay-color":"","overlay-opacity":"","overlay-gradient":""},"mobile":{"background-color":"","background-image":"","background-repeat":"repeat","background-position":"center center","background-size":"auto","background-attachment":"scroll","background-type":"","background-media":"","overlay-type":"","overlay-color":"","overlay-opacity":"","overlay-gradient":""}},"ast-content-background-meta":{"desktop":{"background-color":"var(--ast-global-color-5)","background-image":"","background-repeat":"repeat","background-position":"center center","background-size":"auto","background-attachment":"scroll","background-type":"","background-media":"","overlay-type":"","overlay-color":"","overlay-opacity":"","overlay-gradient":""},"tablet":{"background-color":"var(--ast-global-color-5)","background-image":"","background-repeat":"repeat","background-position":"center center","background-size":"auto","background-attachment":"scroll","background-type":"","background-media":"","overlay-type":"","overlay-color":"","overlay-opacity":"","overlay-gradient":""},"mobile":{"background-color":"var(--ast-global-color-5)","background-image":"","background-repeat":"repeat","background-position":"center center","background-size":"auto","background-attachment":"scroll","background-type":"","background-media":"","overlay-type":"","overlay-color":"","overlay-opacity":"","overlay-gradient":""}},"footnotes":""},"class_list":["post-39","page","type-page","status-publish","hentry"],"post_mailing_queue_ids":[],"_links":{"self":[{"href":"https:\/\/agora.xtec.cat\/iesmartifranques\/wp-json\/wp\/v2\/pages\/39","targetHints":{"allow":["GET"]}}],"collection":[{"href":"https:\/\/agora.xtec.cat\/iesmartifranques\/wp-json\/wp\/v2\/pages"}],"about":[{"href":"https:\/\/agora.xtec.cat\/iesmartifranques\/wp-json\/wp\/v2\/types\/page"}],"author":[{"embeddable":true,"href":"https:\/\/agora.xtec.cat\/iesmartifranques\/wp-json\/wp\/v2\/users\/1"}],"replies":[{"embeddable":true,"href":"https:\/\/agora.xtec.cat\/iesmartifranques\/wp-json\/wp\/v2\/comments?post=39"}],"version-history":[{"count":3,"href":"https:\/\/agora.xtec.cat\/iesmartifranques\/wp-json\/wp\/v2\/pages\/39\/revisions"}],"predecessor-version":[{"id":2208,"href":"https:\/\/agora.xtec.cat\/iesmartifranques\/wp-json\/wp\/v2\/pages\/39\/revisions\/2208"}],"up":[{"embeddable":true,"href":"https:\/\/agora.xtec.cat\/iesmartifranques\/wp-json\/wp\/v2\/pages\/19"}],"wp:attachment":[{"href":"https:\/\/agora.xtec.cat\/iesmartifranques\/wp-json\/wp\/v2\/media?parent=39"}],"curies":[{"name":"wp","href":"https:\/\/api.w.org\/{rel}","templated":true}]}}