{"id":2120,"date":"2025-11-03T13:34:36","date_gmt":"2025-11-03T12:34:36","guid":{"rendered":"https:\/\/agora.xtec.cat\/iesmartifranques\/?page_id=2120"},"modified":"2025-11-03T13:55:21","modified_gmt":"2025-11-03T12:55:21","slug":"pagaments-ins-marti-i-franques","status":"publish","type":"page","link":"https:\/\/agora.xtec.cat\/iesmartifranques\/secretaria\/pagaments-ins-marti-i-franques\/","title":{"rendered":"Pagaments Institut A. de Mart\u00ed i Franqu\u00e8s"},"content":{"rendered":"<ol>\n<li><strong>Les fam\u00edlies podeu fer els <a href=\"https:\/\/view.genially.com\/68e6aceb8cc227fdee211dd4\/presentation-pagaments-alexia\">pagaments<\/a> a trav\u00e9s d&#8217;Alexia (la plataforma de gesti\u00f3 de faltes, etc.)\u00a0 seguint <a href=\"https:\/\/view.genially.com\/68e6aceb8cc227fdee211dd4\/presentation-pagaments-alexia\">les instruccions.<\/a><\/strong><\/li>\n<\/ol>\n<p><strong>2. Informaci\u00f3 requerida per la Llei de Serveis de la Societat de la Informaci\u00f3 i Comer\u00e7 <\/strong><strong>Electr\u00f2nic (34\/2002 d\u201911 de juliol)<\/strong><\/p>\n<p>Institut Antoni de Mart\u00ed i Franqu\u00e8s<br \/>\nEnric d\u2019Oss\u00f3 3 43005 Tarragona<br \/>\ne3003641@xtec.cat<br \/>\nQ9355007G<\/p>\n<p style=\"text-align: left;\"><strong>CANCELACI\u00d3 DE COMANDES<\/strong><\/p>\n<p style=\"text-align: left;\"><strong>Cancel\u00b7laci\u00f3, devoluci\u00f3 i canvis en les matr\u00edcules:<\/strong><br \/>\n&#8211; Si l&#8217;acci\u00f3 formativa es cancel\u00b7la per part del Departament d&#8217;Educaci\u00f3, es realitzar\u00e0 el reemborsament \u00edntegre de l&#8217;import ingressat a l&#8217;alumne pel mateix mitj\u00e0 de pagament.<br \/>\n&#8211; Les matr\u00edcules dutes a terme a ESO i batxillerat no es tornar\u00e0 l&#8217;import de la matr\u00edcula. Si es produeix un canvi de pla d&#8217;estudis, l&#8217;import satisfet s&#8217;utilitzar\u00e0 per a la nova matr\u00edcula.<br \/>\n&#8211; Les matr\u00edcules dutes a terme a cicles formatius de grau superior, en ser un preu p\u00fablic, el retorn est\u00e0 condicionat segons la normativa vigent.<br \/>\n&#8211; En cas d&#8217;haver seleccionat per error una acci\u00f3 formativa diferent del que es buscava, aquest es podr\u00e0 canviar per un altre del mateix import.<\/p>\n<p style=\"text-align: left;\">El centre procedir\u00e0 a tramitar la devoluci\u00f3 sempre i, nom\u00e9s, a inst\u00e0ncies de l&#8217;interessat.<br \/>\nLa devoluci\u00f3 de l&#8217;import en aquests sup\u00f2sits se sol\u00b7licitar\u00e0 al correu electr\u00f2nic: e3003641@xtec.cat. La sol\u00b7licitud haur\u00e0 de contenir les dades seg\u00fcents:<br \/>\n&#8211; Cognoms, Nom i DNI\/NIE.<br \/>\n&#8211; T\u00edtol del curs en qu\u00e8 es va efectuar la matr\u00edcula<br \/>\n&#8211; Motiu de la devoluci\u00f3<br \/>\n&#8211; L&#8217;alumne haur\u00e0 d&#8217;acompanyar una c\u00f2pia del pagament a la inst\u00e0ncia.<\/p>\n<p style=\"text-align: left;\"><strong>Cancel\u00b7laci\u00f3, devoluci\u00f3 i canvis en les sortides:<\/strong><br \/>\nSi la sortida es cancel\u00b7la per part del centre, es realitzar\u00e0 el reemborsament \u00edntegre de l&#8217;import<br \/>\ningressat a l&#8217;alumne pel mateix mitj\u00e0 de pagament.<br \/>\nEl fet de no assistir a la sortida no implica el dret a la devoluci\u00f3 de l&#8217;import d&#8217;aquesta. Nom\u00e9s es<br \/>\npodr\u00e0 sol\u00b7licitar el retorn parcial o total en aquells casos en qu\u00e8 es pugui demostrar una causa<br \/>\njustificada contra la voluntat de l&#8217;alumne d&#8217;assistir a la sortida.<\/p>\n<p>&nbsp;<\/p>\n<p><strong>POL\u00cdTICA DE PROTECCI\u00d3 DE DADES<\/strong><\/p>\n<p>L\u2019Institut Antoni de Mart\u00ed i Franqu\u00e8s (d&#8217;ara endavant, el responsable del tractament), assumeix la m\u00e0xima responsabilitat i comprom\u00eds amb l&#8217;establiment, implementaci\u00f3 i manteniment de la present Pol\u00edtica de Protecci\u00f3 de Dades, garantint la millora cont\u00ednua del responsable del tractament amb l&#8217;objectiu d&#8217;assolir l&#8217;excel\u00b7l\u00e8ncia en relaci\u00f3 amb el compliment del Reglament (UE) 2016\/679 del Parlament Europeu i del Consell, de 27 d&#8217;abril de 2016, relatiu a la protecci\u00f3 de les persones f\u00edsiques pel que fa al tractament de dades personals i a la lliure circulaci\u00f3 d&#8217;aquestes dades i pel qual es deroga la\u00a0 Directiva 95\/46\/CE (Reglament general de protecci\u00f3 de dades) (DOUE L 119\/1, 04-05-2016), i de la normativa espanyola de protecci\u00f3 de dades de car\u00e0cter personal (Llei Org\u00e0nica, legislaci\u00f3 sectorial espec\u00edfica i les seves normes de desenvolupament).<\/p>\n<p>La Pol\u00edtica de Protecci\u00f3 de Dades del centre descansa en el principi de responsabilitat proactiva, segons el qual el responsable del tractament \u00e9s responsable del compliment del marc normatiu i jurisprudencial que governa aquesta Pol\u00edtica, i \u00e9s capa\u00e7 de demostrar-ho davant les autoritats<br \/>\nde control competents.<\/p>\n<p>En aquest sentit, el responsable del tractament es regir\u00e0 pels principis seg\u00fcents que han de servir tot el seu personal com a guia i marc de refer\u00e8ncia en el tractament de dades personals:<\/p>\n<p>&#8211; Protecci\u00f3 de dades des del disseny: el responsable del tractament aplicar\u00e0, tant en el moment de determinar els mitjans de tractament com en el moment del mateix tractament, mesures t\u00e8cniques i organitzatives apropiades, com la pseudonimitzaci\u00f3, concebudes per aplicar de forma efectiva els principis de protecci\u00f3 de dades, com ara la minimitzaci\u00f3 de dades, i integrar les garanties necess\u00e0ries en el tractament.<br \/>\n&#8211; Protecci\u00f3 de dades per defecte: el responsable del tractament aplicar\u00e0 les mesurest\u00e8cniques i organitzatives apropiades amb vista a garantir que, per defecte, nom\u00e9s siguin objecte de tractament les dades personals que siguin necess\u00e0ries per a cadascun dels fins espec\u00edfics del tractament.<br \/>\n&#8211; Protecci\u00f3 de dades al cicle de vida de la informaci\u00f3: les mesures que garanteixin la protecci\u00f3 de les dades personals seran aplicables durant el cicle complet de la vida de la informaci\u00f3.<br \/>\n&#8211; Licitud, lleialtat i transpar\u00e8ncia: les dades personals seran tractades de manera l\u00edcita, lleial i transparent en relaci\u00f3 amb l&#8217;interessat.<br \/>\n&#8211; Limitaci\u00f3 de la finalitat: les dades personals seran recollides amb fins determinades, expl\u00edcites i leg\u00edtimes, i no seran tractades ulteriorment de manera incompatible amb aquests fins.<br \/>\n&#8211; Minimitzaci\u00f3 de dades: les dades personals seran adequades, pertinents i limitades al que sigui necessari en relaci\u00f3 amb les finalitats per a les quals s\u00f3n tractades.<br \/>\n&#8211; Exactitud: les dades personals seran exactes i, si cal, actualitzades; s&#8217;adoptaran totes lesmesures raonables perqu\u00e8 se suprimeixin o rectifiquin sense dilaci\u00f3 les dades personals que siguin inexactes respecte a les finalitats per a les quals es tracten.<br \/>\n&#8211; Limitaci\u00f3 del termini de conservaci\u00f3: les dades personals seran mantingudes de manera<br \/>\nque es permeti la identificaci\u00f3 dels interessats durant nom\u00e9s el temps necessari per als fins del tractament de les dades personals.<\/p>\n<p>&#8211; Integritat i confidencialitat: les dades personals seran tractades de tal manera que es garanteixi una seguretat adequada de les dades personals, inclosa la protecci\u00f3 contra el tractament no autoritzat o il\u00b7l\u00edcit i contra la seva p\u00e8rdua, destrucci\u00f3 o dany accidental, mitjan\u00e7ant l&#8217;aplicaci\u00f3 de mesures t\u00e8cniques o organitzatives apropiades.<br \/>\n&#8211; Informaci\u00f3 i formaci\u00f3: una de les claus per garantir la protecci\u00f3 de les dades personals \u00e9s la formaci\u00f3 i informaci\u00f3 que es faciliti al personal involucrat en el tractament de les dades personals. Durant el cicle de vida de la informaci\u00f3, tot el personal amb acc\u00e9s a les dades ser\u00e0 convenientment format i informat sobre les seves obligacions en relaci\u00f3 amb el compliment de la normativa de protecci\u00f3 de dades.<br \/>\n&#8211; La Pol\u00edtica de Protecci\u00f3 de Dades del centre es comunicada a tot el personal del responsable del tractament i posada a disposici\u00f3 de totes les parts interessades.<\/p>\n<p>En conseq\u00fc\u00e8ncia, aquesta Pol\u00edtica de Protecci\u00f3 de Dades involucra tot el personal del responsable del tractament, que l&#8217;ha de con\u00e8ixer i assumir, considerant-la com a pr\u00f2pia, i cada membre responsable d&#8217;aplicar-la i de verificar les normes de protecci\u00f3 de dades aplicables a la seva activitat, aix\u00ed com identificar i aportar les oportunitats de millora que consideri oportunes amb l&#8217;objectiu d&#8217;assolir l&#8217;excel\u00b7l\u00e8ncia en relaci\u00f3 amb el compliment.<\/p>\n<p>Aquesta Pol\u00edtica ser\u00e0 revisada per la Direcci\u00f3 de l\u2019Institut Antoni de Mart\u00ed i Franqu\u00e8s, tantes vegades com es consideri necessari, per adequar-se, en tot moment, a les disposicions vigents en mat\u00e8ria de protecci\u00f3 de dades de car\u00e0cter personal.<\/p>\n<p>&nbsp;<\/p>\n<p><strong>POL\u00cdTICA DE COOKIES<\/strong><br \/>\n<a href=\"http:\/\/www.alexiaeducaria.com\/politica-de-cookies\/\" target=\"_blank\" rel=\"noopener\">http:\/\/www.alexiaeducaria.com\/politica-de-cookies\/<\/a><\/p>\n","protected":false},"excerpt":{"rendered":"<p>Les fam\u00edlies podeu fer els pagaments a trav\u00e9s d&#8217;Alexia (la plataforma de gesti\u00f3 de faltes, etc.)\u00a0 seguint les instruccions. 2. Informaci\u00f3 requerida per la Llei de Serveis de la Societat de la Informaci\u00f3 i Comer\u00e7 Electr\u00f2nic (34\/2002 d\u201911 de juliol) Institut Antoni de Mart\u00ed i Franqu\u00e8s Enric d\u2019Oss\u00f3 3 43005 Tarragona e3003641@xtec.cat Q9355007G CANCELACI\u00d3 DE [&hellip;]<\/p>\n","protected":false},"author":1,"featured_media":0,"parent":81,"menu_order":0,"comment_status":"closed","ping_status":"closed","template":"","meta":{"_bbp_topic_count":0,"_bbp_reply_count":0,"_bbp_total_topic_count":0,"_bbp_total_reply_count":0,"_bbp_voice_count":0,"_bbp_anonymous_reply_count":0,"_bbp_topic_count_hidden":0,"_bbp_reply_count_hidden":0,"_bbp_forum_subforum_count":0,"site-sidebar-layout":"default","site-content-layout":"","ast-site-content-layout":"","site-content-style":"default","site-sidebar-style":"default","ast-global-header-display":"","ast-banner-title-visibility":"","ast-main-header-display":"","ast-hfb-above-header-display":"","ast-hfb-below-header-display":"","ast-hfb-mobile-header-display":"","site-post-title":"","ast-breadcrumbs-content":"","ast-featured-img":"","footer-sml-layout":"","theme-transparent-header-meta":"","adv-header-id-meta":"","stick-header-meta":"","header-above-stick-meta":"","header-main-stick-meta":"","header-below-stick-meta":"","astra-migrate-meta-layouts":"default","ast-page-background-enabled":"default","ast-page-background-meta":{"desktop":{"background-color":"var(--ast-global-color-4)","background-image":"","background-repeat":"repeat","background-position":"center center","background-size":"auto","background-attachment":"scroll","background-type":"","background-media":"","overlay-type":"","overlay-color":"","overlay-opacity":"","overlay-gradient":""},"tablet":{"background-color":"","background-image":"","background-repeat":"repeat","background-position":"center center","background-size":"auto","background-attachment":"scroll","background-type":"","background-media":"","overlay-type":"","overlay-color":"","overlay-opacity":"","overlay-gradient":""},"mobile":{"background-color":"","background-image":"","background-repeat":"repeat","background-position":"center center","background-size":"auto","background-attachment":"scroll","background-type":"","background-media":"","overlay-type":"","overlay-color":"","overlay-opacity":"","overlay-gradient":""}},"ast-content-background-meta":{"desktop":{"background-color":"var(--ast-global-color-5)","background-image":"","background-repeat":"repeat","background-position":"center center","background-size":"auto","background-attachment":"scroll","background-type":"","background-media":"","overlay-type":"","overlay-color":"","overlay-opacity":"","overlay-gradient":""},"tablet":{"background-color":"var(--ast-global-color-5)","background-image":"","background-repeat":"repeat","background-position":"center center","background-size":"auto","background-attachment":"scroll","background-type":"","background-media":"","overlay-type":"","overlay-color":"","overlay-opacity":"","overlay-gradient":""},"mobile":{"background-color":"var(--ast-global-color-5)","background-image":"","background-repeat":"repeat","background-position":"center center","background-size":"auto","background-attachment":"scroll","background-type":"","background-media":"","overlay-type":"","overlay-color":"","overlay-opacity":"","overlay-gradient":""}},"footnotes":""},"class_list":["post-2120","page","type-page","status-publish","hentry"],"post_mailing_queue_ids":[],"_links":{"self":[{"href":"https:\/\/agora.xtec.cat\/iesmartifranques\/wp-json\/wp\/v2\/pages\/2120","targetHints":{"allow":["GET"]}}],"collection":[{"href":"https:\/\/agora.xtec.cat\/iesmartifranques\/wp-json\/wp\/v2\/pages"}],"about":[{"href":"https:\/\/agora.xtec.cat\/iesmartifranques\/wp-json\/wp\/v2\/types\/page"}],"author":[{"embeddable":true,"href":"https:\/\/agora.xtec.cat\/iesmartifranques\/wp-json\/wp\/v2\/users\/1"}],"replies":[{"embeddable":true,"href":"https:\/\/agora.xtec.cat\/iesmartifranques\/wp-json\/wp\/v2\/comments?post=2120"}],"version-history":[{"count":7,"href":"https:\/\/agora.xtec.cat\/iesmartifranques\/wp-json\/wp\/v2\/pages\/2120\/revisions"}],"predecessor-version":[{"id":2529,"href":"https:\/\/agora.xtec.cat\/iesmartifranques\/wp-json\/wp\/v2\/pages\/2120\/revisions\/2529"}],"up":[{"embeddable":true,"href":"https:\/\/agora.xtec.cat\/iesmartifranques\/wp-json\/wp\/v2\/pages\/81"}],"wp:attachment":[{"href":"https:\/\/agora.xtec.cat\/iesmartifranques\/wp-json\/wp\/v2\/media?parent=2120"}],"curies":[{"name":"wp","href":"https:\/\/api.w.org\/{rel}","templated":true}]}}