{"id":1525,"date":"2021-11-24T09:22:36","date_gmt":"2021-11-24T08:22:36","guid":{"rendered":"https:\/\/agora.xtec.cat\/iesmartifranques\/?page_id=1525"},"modified":"2021-11-24T09:22:36","modified_gmt":"2021-11-24T08:22:36","slug":"marti-net","status":"publish","type":"page","link":"https:\/\/agora.xtec.cat\/iesmartifranques\/marti-net\/","title":{"rendered":"Mart\u00ed-net"},"content":{"rendered":"<p>El projecte Mart\u00ed-net d\u2019educaci\u00f3 ambiental i estalvi energ\u00e8tic vol fer que la comunitat educativa participi activament en la cura del nostre planeta des d\u2019una petita acci\u00f3 local (crearem el comit\u00e8 ambiental a l\u2019estil de les \u201cescoles verdes\u201d): reciclatge de paper, rebuig paper d\u2019alumini i bosses de pl\u00e0stic, mat\u00e8ria org\u00e0nica (compostatge per a l\u2019hort), envasos, piles, seguiment de la petjada de carboni, neteja d\u2019aules i d\u2019espais comuns, etc.<\/p>\n<p>Tamb\u00e9 vol incrementar les plaques fotovolt\u00e0iques del centre per esdevenir un centre m\u00e9s sostenible.<\/p>\n<p><a href=\"https:\/\/agora.xtec.cat\/iesmartifranques\/wp-content\/uploads\/usu871\/2021\/11\/1637605471735-scaled.jpg\"><img loading=\"lazy\" decoding=\"async\" class=\"alignnone size-large wp-image-1526\" src=\"https:\/\/agora.xtec.cat\/iesmartifranques\/wp-content\/uploads\/usu871\/2021\/11\/1637605471735-1024x768.jpg\" alt=\"\" width=\"1024\" height=\"768\" srcset=\"https:\/\/agora.xtec.cat\/iesmartifranques\/wp-content\/uploads\/usu871\/2021\/11\/1637605471735-1024x768.jpg 1024w, https:\/\/agora.xtec.cat\/iesmartifranques\/wp-content\/uploads\/usu871\/2021\/11\/1637605471735-300x225.jpg 300w, https:\/\/agora.xtec.cat\/iesmartifranques\/wp-content\/uploads\/usu871\/2021\/11\/1637605471735-768x576.jpg 768w, https:\/\/agora.xtec.cat\/iesmartifranques\/wp-content\/uploads\/usu871\/2021\/11\/1637605471735-1536x1152.jpg 1536w, https:\/\/agora.xtec.cat\/iesmartifranques\/wp-content\/uploads\/usu871\/2021\/11\/1637605471735-2048x1536.jpg 2048w, https:\/\/agora.xtec.cat\/iesmartifranques\/wp-content\/uploads\/usu871\/2021\/11\/1637605471735-200x150.jpg 200w\" sizes=\"auto, (max-width: 1024px) 100vw, 1024px\" \/><\/a><\/p>\n","protected":false},"excerpt":{"rendered":"<p>El projecte Mart\u00ed-net d\u2019educaci\u00f3 ambiental i estalvi energ\u00e8tic vol fer que la comunitat educativa participi activament en la cura del nostre planeta des d\u2019una petita acci\u00f3 local (crearem el comit\u00e8 ambiental a l\u2019estil de les \u201cescoles verdes\u201d): reciclatge de paper, rebuig paper d\u2019alumini i bosses de pl\u00e0stic, mat\u00e8ria org\u00e0nica (compostatge per a l\u2019hort), envasos, piles, [&hellip;]<\/p>\n","protected":false},"author":1,"featured_media":0,"parent":0,"menu_order":0,"comment_status":"closed","ping_status":"closed","template":"","meta":{"_bbp_topic_count":0,"_bbp_reply_count":0,"_bbp_total_topic_count":0,"_bbp_total_reply_count":0,"_bbp_voice_count":0,"_bbp_anonymous_reply_count":0,"_bbp_topic_count_hidden":0,"_bbp_reply_count_hidden":0,"_bbp_forum_subforum_count":0,"site-sidebar-layout":"default","site-content-layout":"","ast-site-content-layout":"","site-content-style":"default","site-sidebar-style":"default","ast-global-header-display":"","ast-banner-title-visibility":"","ast-main-header-display":"","ast-hfb-above-header-display":"","ast-hfb-below-header-display":"","ast-hfb-mobile-header-display":"","site-post-title":"","ast-breadcrumbs-content":"","ast-featured-img":"","footer-sml-layout":"","theme-transparent-header-meta":"","adv-header-id-meta":"","stick-header-meta":"","header-above-stick-meta":"","header-main-stick-meta":"","header-below-stick-meta":"","astra-migrate-meta-layouts":"default","ast-page-background-enabled":"default","ast-page-background-meta":{"desktop":{"background-color":"var(--ast-global-color-4)","background-image":"","background-repeat":"repeat","background-position":"center center","background-size":"auto","background-attachment":"scroll","background-type":"","background-media":"","overlay-type":"","overlay-color":"","overlay-opacity":"","overlay-gradient":""},"tablet":{"background-color":"","background-image":"","background-repeat":"repeat","background-position":"center center","background-size":"auto","background-attachment":"scroll","background-type":"","background-media":"","overlay-type":"","overlay-color":"","overlay-opacity":"","overlay-gradient":""},"mobile":{"background-color":"","background-image":"","background-repeat":"repeat","background-position":"center center","background-size":"auto","background-attachment":"scroll","background-type":"","background-media":"","overlay-type":"","overlay-color":"","overlay-opacity":"","overlay-gradient":""}},"ast-content-background-meta":{"desktop":{"background-color":"var(--ast-global-color-5)","background-image":"","background-repeat":"repeat","background-position":"center center","background-size":"auto","background-attachment":"scroll","background-type":"","background-media":"","overlay-type":"","overlay-color":"","overlay-opacity":"","overlay-gradient":""},"tablet":{"background-color":"var(--ast-global-color-5)","background-image":"","background-repeat":"repeat","background-position":"center center","background-size":"auto","background-attachment":"scroll","background-type":"","background-media":"","overlay-type":"","overlay-color":"","overlay-opacity":"","overlay-gradient":""},"mobile":{"background-color":"var(--ast-global-color-5)","background-image":"","background-repeat":"repeat","background-position":"center center","background-size":"auto","background-attachment":"scroll","background-type":"","background-media":"","overlay-type":"","overlay-color":"","overlay-opacity":"","overlay-gradient":""}},"footnotes":""},"class_list":["post-1525","page","type-page","status-publish","hentry"],"post_mailing_queue_ids":[],"_links":{"self":[{"href":"https:\/\/agora.xtec.cat\/iesmartifranques\/wp-json\/wp\/v2\/pages\/1525","targetHints":{"allow":["GET"]}}],"collection":[{"href":"https:\/\/agora.xtec.cat\/iesmartifranques\/wp-json\/wp\/v2\/pages"}],"about":[{"href":"https:\/\/agora.xtec.cat\/iesmartifranques\/wp-json\/wp\/v2\/types\/page"}],"author":[{"embeddable":true,"href":"https:\/\/agora.xtec.cat\/iesmartifranques\/wp-json\/wp\/v2\/users\/1"}],"replies":[{"embeddable":true,"href":"https:\/\/agora.xtec.cat\/iesmartifranques\/wp-json\/wp\/v2\/comments?post=1525"}],"version-history":[{"count":1,"href":"https:\/\/agora.xtec.cat\/iesmartifranques\/wp-json\/wp\/v2\/pages\/1525\/revisions"}],"predecessor-version":[{"id":1529,"href":"https:\/\/agora.xtec.cat\/iesmartifranques\/wp-json\/wp\/v2\/pages\/1525\/revisions\/1529"}],"wp:attachment":[{"href":"https:\/\/agora.xtec.cat\/iesmartifranques\/wp-json\/wp\/v2\/media?parent=1525"}],"curies":[{"name":"wp","href":"https:\/\/api.w.org\/{rel}","templated":true}]}}