{"id":1455,"date":"2021-09-30T12:52:26","date_gmt":"2021-09-30T10:52:26","guid":{"rendered":"https:\/\/agora.xtec.cat\/iesmartifranques\/?page_id=1455"},"modified":"2021-09-30T12:52:26","modified_gmt":"2021-09-30T10:52:26","slug":"steamcat","status":"publish","type":"page","link":"https:\/\/agora.xtec.cat\/iesmartifranques\/steamcat\/","title":{"rendered":"STEAMCAT"},"content":{"rendered":"<p style=\"text-align: left;\">El nostre institut vol optar els tres pr\u00f2xims anys a participar en el programa d&#8217;innovaci\u00f3 pedag\u00f2gica STEAMcat https:\/\/projectes.xtec.cat\/steamcat\/<\/p>\n<p style=\"text-align: left;\"><a href=\"https:\/\/agora.xtec.cat\/iesmartifranques\/wp-content\/uploads\/usu871\/2021\/09\/logobo.png\"><img loading=\"lazy\" decoding=\"async\" class=\"alignnone size-full wp-image-1456\" src=\"https:\/\/agora.xtec.cat\/iesmartifranques\/wp-content\/uploads\/usu871\/2021\/09\/logobo.png\" alt=\"\" width=\"960\" height=\"720\" srcset=\"https:\/\/agora.xtec.cat\/iesmartifranques\/wp-content\/uploads\/usu871\/2021\/09\/logobo.png 960w, https:\/\/agora.xtec.cat\/iesmartifranques\/wp-content\/uploads\/usu871\/2021\/09\/logobo-300x225.png 300w, https:\/\/agora.xtec.cat\/iesmartifranques\/wp-content\/uploads\/usu871\/2021\/09\/logobo-768x576.png 768w, https:\/\/agora.xtec.cat\/iesmartifranques\/wp-content\/uploads\/usu871\/2021\/09\/logobo-200x150.png 200w\" sizes=\"auto, (max-width: 960px) 100vw, 960px\" \/><\/a><\/p>\n<p style=\"text-align: left;\">STEAM s\u00f3n les sigles en angl\u00e8s de Ci\u00e8ncia, Tecnologia, Enginyeria, Arts i Matem\u00e0tiques. Per tant, els projectes STEAM pretenen treballar aquestes disciplines d&#8217;una forma interdisciplin\u00e0ria perqu\u00e8 l&#8217;alumnat sigui conscient de les depend\u00e8ncies entre elles. En general, els projectes STEAM es van crear per augmentar el percentatge de noies que s&#8217;interessen per aquests estudis i per apropar la tecnologia en tots els seus vessants a l&#8217;alumnat, especialment en entorns desafavorits.<\/p>\n<p style=\"text-align: left;\">En el nostre cas, es duu a terme 3r de l&#8217;ESO aprofitant diverses sinergies entre les mat\u00e8ries de tecnologia, f\u00edsica i qu\u00edmica, biologia i geologia, matem\u00e0tiques i visual i pl\u00e0stica.<\/p>\n<p style=\"text-align: left;\">Des de l&#8217;optativa de 3r de tecnologia es posa en funcionament una estaci\u00f3 meteorol\u00f2gica. Per fer-ho, es munta un Arduino amb els sensors corresponents i es programa. La informaci\u00f3 que s&#8217;obtingui s&#8217;emmagatzema.<\/p>\n<p style=\"text-align: left;\">Des de\u00a0 matem\u00e0tiques de 3r d&#8217;ESO es treballa l&#8217;an\u00e0lisi de dades aprofitant la part curricular dedicada a l&#8217;estad\u00edstica. En aquesta an\u00e0lisi s&#8217;hi inclou l&#8217;aprenentatge de l&#8217;\u00fas dels fulls de c\u00e0lcul.<\/p>\n<p style=\"text-align: left;\">Des de f\u00edsica i qu\u00edmica s&#8217;analitzen processos contaminants que detectar\u00e0 l&#8217;estaci\u00f3 meteorol\u00f2gica. Es pret\u00e9n analitzar la pol\u00b7luci\u00f3 ambiental a partir de les dades obtingudes i lligar aquests processos amb la meteorologia i la f\u00edsica de l&#8217;atmosfera. Es col\u00b7loquen els sensors en llocs adients i se&#8217;n fan de nous per parametritzar la qualitat de l&#8217;aire a l&#8217;Institut.<\/p>\n<p style=\"text-align: left;\">Des de biologia i geologia es fan raonaments a escala global, de Catalunya i local de les dades obtingudes (canvi clim\u00e0tic, petroqu\u00edmica a Tarragona, tr\u00e0nsit, etc.).<\/p>\n<p style=\"text-align: left;\">Des de visual i pl\u00e0stica es treballa la presentaci\u00f3 de les dades per arribar a m\u00e9s gent i facilitar la comunicaci\u00f3.<\/p>\n<p style=\"text-align: left;\">Aquestes\u00a0 tasques a diferents assignatures permeten treballar d&#8217;una forma interdisciplin\u00e0ria el projecte de centre.<\/p>\n","protected":false},"excerpt":{"rendered":"<p>El nostre institut vol optar els tres pr\u00f2xims anys a participar en el programa d&#8217;innovaci\u00f3 pedag\u00f2gica STEAMcat https:\/\/projectes.xtec.cat\/steamcat\/ STEAM s\u00f3n les sigles en angl\u00e8s de Ci\u00e8ncia, Tecnologia, Enginyeria, Arts i Matem\u00e0tiques. Per tant, els projectes STEAM pretenen treballar aquestes disciplines d&#8217;una forma interdisciplin\u00e0ria perqu\u00e8 l&#8217;alumnat sigui conscient de les depend\u00e8ncies entre elles. En general, els [&hellip;]<\/p>\n","protected":false},"author":1,"featured_media":0,"parent":0,"menu_order":0,"comment_status":"closed","ping_status":"closed","template":"","meta":{"_bbp_topic_count":0,"_bbp_reply_count":0,"_bbp_total_topic_count":0,"_bbp_total_reply_count":0,"_bbp_voice_count":0,"_bbp_anonymous_reply_count":0,"_bbp_topic_count_hidden":0,"_bbp_reply_count_hidden":0,"_bbp_forum_subforum_count":0,"site-sidebar-layout":"default","site-content-layout":"","ast-site-content-layout":"","site-content-style":"default","site-sidebar-style":"default","ast-global-header-display":"","ast-banner-title-visibility":"","ast-main-header-display":"","ast-hfb-above-header-display":"","ast-hfb-below-header-display":"","ast-hfb-mobile-header-display":"","site-post-title":"","ast-breadcrumbs-content":"","ast-featured-img":"","footer-sml-layout":"","theme-transparent-header-meta":"","adv-header-id-meta":"","stick-header-meta":"","header-above-stick-meta":"","header-main-stick-meta":"","header-below-stick-meta":"","astra-migrate-meta-layouts":"default","ast-page-background-enabled":"default","ast-page-background-meta":{"desktop":{"background-color":"var(--ast-global-color-4)","background-image":"","background-repeat":"repeat","background-position":"center center","background-size":"auto","background-attachment":"scroll","background-type":"","background-media":"","overlay-type":"","overlay-color":"","overlay-opacity":"","overlay-gradient":""},"tablet":{"background-color":"","background-image":"","background-repeat":"repeat","background-position":"center center","background-size":"auto","background-attachment":"scroll","background-type":"","background-media":"","overlay-type":"","overlay-color":"","overlay-opacity":"","overlay-gradient":""},"mobile":{"background-color":"","background-image":"","background-repeat":"repeat","background-position":"center center","background-size":"auto","background-attachment":"scroll","background-type":"","background-media":"","overlay-type":"","overlay-color":"","overlay-opacity":"","overlay-gradient":""}},"ast-content-background-meta":{"desktop":{"background-color":"var(--ast-global-color-5)","background-image":"","background-repeat":"repeat","background-position":"center center","background-size":"auto","background-attachment":"scroll","background-type":"","background-media":"","overlay-type":"","overlay-color":"","overlay-opacity":"","overlay-gradient":""},"tablet":{"background-color":"var(--ast-global-color-5)","background-image":"","background-repeat":"repeat","background-position":"center center","background-size":"auto","background-attachment":"scroll","background-type":"","background-media":"","overlay-type":"","overlay-color":"","overlay-opacity":"","overlay-gradient":""},"mobile":{"background-color":"var(--ast-global-color-5)","background-image":"","background-repeat":"repeat","background-position":"center center","background-size":"auto","background-attachment":"scroll","background-type":"","background-media":"","overlay-type":"","overlay-color":"","overlay-opacity":"","overlay-gradient":""}},"footnotes":""},"class_list":["post-1455","page","type-page","status-publish","hentry"],"post_mailing_queue_ids":[],"_links":{"self":[{"href":"https:\/\/agora.xtec.cat\/iesmartifranques\/wp-json\/wp\/v2\/pages\/1455","targetHints":{"allow":["GET"]}}],"collection":[{"href":"https:\/\/agora.xtec.cat\/iesmartifranques\/wp-json\/wp\/v2\/pages"}],"about":[{"href":"https:\/\/agora.xtec.cat\/iesmartifranques\/wp-json\/wp\/v2\/types\/page"}],"author":[{"embeddable":true,"href":"https:\/\/agora.xtec.cat\/iesmartifranques\/wp-json\/wp\/v2\/users\/1"}],"replies":[{"embeddable":true,"href":"https:\/\/agora.xtec.cat\/iesmartifranques\/wp-json\/wp\/v2\/comments?post=1455"}],"version-history":[{"count":1,"href":"https:\/\/agora.xtec.cat\/iesmartifranques\/wp-json\/wp\/v2\/pages\/1455\/revisions"}],"predecessor-version":[{"id":1459,"href":"https:\/\/agora.xtec.cat\/iesmartifranques\/wp-json\/wp\/v2\/pages\/1455\/revisions\/1459"}],"wp:attachment":[{"href":"https:\/\/agora.xtec.cat\/iesmartifranques\/wp-json\/wp\/v2\/media?parent=1455"}],"curies":[{"name":"wp","href":"https:\/\/api.w.org\/{rel}","templated":true}]}}