{"id":1280,"date":"2022-04-19T08:17:48","date_gmt":"2022-04-19T06:17:48","guid":{"rendered":"https:\/\/agora.xtec.cat\/iesmartifranques\/?page_id=1280"},"modified":"2024-03-20T09:47:27","modified_gmt":"2024-03-20T08:47:27","slug":"https-sites-google-com-xtec-cat-cfgstatfgstat-pagina-principal","status":"publish","type":"page","link":"https:\/\/agora.xtec.cat\/iesmartifranques\/estudis\/https-sites-google-com-xtec-cat-cfgstatfgstat-pagina-principal\/","title":{"rendered":"CFGS de T\u00e8cniques d&#8217;Actuaci\u00f3 Teatral"},"content":{"rendered":"<p><strong>\u00daltimes not\u00edcies<\/strong><\/p>\n<p><a href=\"https:\/\/docs.google.com\/document\/d\/15emfl9t_T1Xtf1Bjk86QGNeGj7fZhHku\/edit?usp=sharing&amp;ouid=114637985564844189157&amp;rtpof=true&amp;sd=true\" target=\"_blank\" rel=\"noopener\">Oferta inicial de places (19 d&#8217;abril de 2022)<\/a><\/p>\n<ul>\n<li>Inscriure&#8217;s a la prova de capacitaci\u00f3 (Prova d&#8217;acc\u00e9s al grau superior d&#8217;Arts Pl\u00e0stiques i Disseny): la part comuna es fa als centres que es relacionen a la convocat\u00f2ria (NO al nostre institut)<\/li>\n<\/ul>\n<p>Teniu tota la informaci\u00f3 a la <a href=\"https:\/\/educacio.gencat.cat\/ca\/serveis-tramits\/proves\/proves-acces\/gs-apd\/\" target=\"_blank\" rel=\"noopener\">p\u00e0gina web d&#8217;Educaci\u00f3 d&#8217;Arts Pl\u00e0stiques i Disseny<\/a>.<\/p>\n<p>Important: NOM\u00c9S la part espec\u00edfica del cicle d&#8217;Actuacions Teatrals es fa a l&#8217;institut Antoni de Mart\u00ed i Franqu\u00e8s i s&#8217;indica al <a href=\"https:\/\/dogc.gencat.cat\/ca\/document-del-dogc\/?documentId=921162\" target=\"_blank\" rel=\"noopener\">Diari Oficial de la Generalitat, en la Resoluci\u00f3 EDU\/377\/2022<\/a>.<\/p>\n<p>Convocat\u00f2ria ordin\u00e0ria (part comuna i\/o part espec\u00edfica):\u00a0<strong>del 14 (a partir de les 9 h) al 24 de mar\u00e7 de 2022 (la part espec\u00edfica al nostre institut amb preinscripci\u00f3 via aquest web, mireu a l&#8217;apartat 3)<br \/>\n<\/strong><\/p>\n<ul>\n<li>Informaci\u00f3 de la<a href=\"https:\/\/preinscripcio.gencat.cat\/ca\/estudis\/fp-grau-superior\/informat\/calendari\/\" target=\"_blank\" rel=\"noopener\"> preinscripci\u00f3<\/a><\/li>\n<\/ul>\n<p><span style=\"font-family: inherit; font-size: 1em;\">______________________________________________________________________<\/span><\/p>\n<p>Aquests estudis capaciten per aplicar les t\u00e8cniques d\u2019interpretaci\u00f3, de moviment i<br \/>\nvocals per actuar en viu o en mitjans audiovisuals, per fer tasques de dinamitzaci\u00f3<br \/>\nbasades en l\u2019actuaci\u00f3 i per preparar en t\u00e8cniques d\u2019expressi\u00f3 i comunicaci\u00f3, amb<br \/>\ncriteris art\u00edstics, de qualitat i de seguretat. <a href=\"https:\/\/triaeducativa.gencat.cat\/ca\/artistics\/arts-esceniques\/cicles\/tecniques-actuacio-teatral\/\" target=\"_blank\" rel=\"noopener\">M\u00e9s informaci\u00f3<\/a><\/p>\n<p><strong>REQUISITS D\u2019ACC\u00c8S<\/strong><\/p>\n<p><a href=\"https:\/\/agora.xtec.cat\/iesmartifranques\/wp-content\/uploads\/usu871\/2022\/03\/PICTOGRAMA-REQUISITS-ACCES-2_page-0001.jpg\"><img loading=\"lazy\" decoding=\"async\" class=\"alignnone size-large wp-image-1598\" src=\"https:\/\/agora.xtec.cat\/iesmartifranques\/wp-content\/uploads\/usu871\/2022\/03\/PICTOGRAMA-REQUISITS-ACCES-2_page-0001-1024x724.jpg\" alt=\"\" width=\"1024\" height=\"724\" srcset=\"https:\/\/agora.xtec.cat\/iesmartifranques\/wp-content\/uploads\/usu871\/2022\/03\/PICTOGRAMA-REQUISITS-ACCES-2_page-0001-1024x724.jpg 1024w, https:\/\/agora.xtec.cat\/iesmartifranques\/wp-content\/uploads\/usu871\/2022\/03\/PICTOGRAMA-REQUISITS-ACCES-2_page-0001-300x212.jpg 300w, https:\/\/agora.xtec.cat\/iesmartifranques\/wp-content\/uploads\/usu871\/2022\/03\/PICTOGRAMA-REQUISITS-ACCES-2_page-0001-768x543.jpg 768w, https:\/\/agora.xtec.cat\/iesmartifranques\/wp-content\/uploads\/usu871\/2022\/03\/PICTOGRAMA-REQUISITS-ACCES-2_page-0001-1536x1086.jpg 1536w, https:\/\/agora.xtec.cat\/iesmartifranques\/wp-content\/uploads\/usu871\/2022\/03\/PICTOGRAMA-REQUISITS-ACCES-2_page-0001.jpg 1755w\" sizes=\"auto, (max-width: 1024px) 100vw, 1024px\" \/><\/a><\/p>\n<p>Per poder cursar el CFGS en T\u00e8cniques d\u2019Actuaci\u00f3 Teatral cal acreditar tenir 18 anys<br \/>\no complir-los dins l\u2019any natural i<br \/>\n<strong>o Requisits acad\u00e8mics<\/strong><br \/>\n\uf0d8 T\u00edtol de Batxillerat (independentment de la modalitat cursada)<br \/>\n\uf0d8 T\u00edtol d\u2019un altre CFGS.<br \/>\n\uf0d8 Haver superat el curs d\u2019orientaci\u00f3 universit\u00e0ria (COU) o el preuniversitari.<br \/>\n\uf0d8 Haver superat la prova d\u2019acc\u00e9s a la universitat per a majors de 25 anys.<br \/>\n\uf0d8 Tenir qualsevol titulaci\u00f3 universit\u00e0ria o una d\u2019equivalent.<br \/>\n\uf0d8 Alumnat estranger: t\u00edtol de Batxillerat homologat.<br \/>\n\uf0d8 Haver superat la prova d\u2019acc\u00e9s al cicles formatius de grau superior<br \/>\nd\u2019arts pl\u00e0stiques i disseny, (nom\u00e9s la part comuna) <a href=\"https:\/\/educacio.gencat.cat\/ca\/serveis-tramits\/proves\/proves-acces\/gs-apd\/\" target=\"_blank\" rel=\"noopener\">Enlla\u00e7 informaci\u00f3<\/a><br \/>\n<strong>o Prova espec\u00edfica d\u2019acc\u00e9s<\/strong><br \/>\n\uf0d8 superar una prova espec\u00edfica <a href=\"https:\/\/educacio.gencat.cat\/ca\/serveis-tramits\/proves\/proves-acces\/teatre\/\" target=\"_blank\" rel=\"noopener\">Enlla\u00e7 informaci\u00f3<\/a><br \/>\nExisteixen dues convocat\u00f2ries per a la prova espec\u00edfica d\u2019acc\u00e9s, una al mes de juny i<br \/>\nl\u2019altra al mes de setembre (si hi ha places disponibles).<br \/>\nLes dates concretes de les proves es comunicaran m\u00e9s endavant.<br \/>\nPer formalitzar la inscripci\u00f3 a aquestes proves, s\u2019haur\u00e0 d\u2019emplenar un formulari que<br \/>\nestar\u00e0 disponible m\u00e9s endavant. El preu de les taxes per la realitzaci\u00f3 d\u2019aquestes<br \/>\nproves \u00e9s de 30\u20ac.<br \/>\nEl fet d\u2019haver superat la prova no suposa l\u2019obtenci\u00f3 de pla\u00e7a escolar. Per tal de<br \/>\ndeterminar les persones admeses al CFGS, s\u2019estableix el criteri d\u2019ordre decreixent de<br \/>\nles puntuacions obtingudes a les proves d\u2019acc\u00e9s fins a exhaurir les places ofertades.<br \/>\nEn cas d\u2019empat, les places s\u2019adjudiquen per sorteig. En el cas que la demanda de<br \/>\nplaces sigui superior a l\u2019oferta, tenen prioritat les persones que han superat les proves<br \/>\nd\u2019acc\u00e9s en el centre. L\u2019Institut \u201cAntoni de Mart\u00ed i Franqu\u00e8s\u201d expedeix un certificat<br \/>\nacreditatiu de la superaci\u00f3 de la prova d\u2019acc\u00e9s. Aquest document t\u00e9 validesa, per<br \/>\nal curs acad\u00e8mic seg\u00fcent, en qualsevol dels centres que imparteixen aquest CFGS<\/p>\n<p><strong>2. PREINSCRIPCI\u00d3 ACAD\u00c8MICA<\/strong><\/p>\n<p>Cal formalitzar la sol\u00b7licitud d\u2019admissi\u00f3 mitjan\u00e7ant un formulari que estar\u00e0<br \/>\ndisponible m\u00e9s endavant<br \/>\n&#8211; Encara no tenim disponible el calendari de preinscripci\u00f3 i matr\u00edcula.<\/p>\n<p><strong>2.1 Matr\u00edcula<\/strong><\/p>\n<p>Un cop finalitzat el proc\u00e9s es publicar\u00e0 la llista definitiva seguint les dates del calendari<br \/>\ni es passar\u00e0 a formalitzar la matr\u00edcula.<br \/>\nLes taxes p\u00fabliques del cicle s\u00f3n de 360 \u20ac.<\/p>\n<p><strong>3. CURR\u00cdCULUM<\/strong><\/p>\n<p>T\u00e9 una durada de 2.000 hores, en dos anys acad\u00e8mics.<br \/>\nMat\u00e8ries i continguts que s\u2019imparteixen<br \/>\n\uf0b7 T\u00e8cniques d&#8217;Interpretaci\u00f3 (462 hores)<br \/>\n\uf0b7 T\u00e8cniques de Moviment (330 hores)<br \/>\n\uf0b7 T\u00e8cniques de Veu i Cant (330 hores)<br \/>\n\uf0b7 Entrenament en Activitats Comunicatives (33 hores)<br \/>\n\uf0b7 Activitats de Dinamitzaci\u00f3 (33 hores)<br \/>\n\uf0b7 Formaci\u00f3 i Orientaci\u00f3 Laboral (66 hores)<br \/>\n\uf0b7 Projecte Integrat (66 hores)<br \/>\n\uf0b7 Pr\u00e0ctiques en Empreses, Estudis o Tallers (166 hores)<\/p>\n<p><strong>4. HORARI<\/strong><\/p>\n<p>El cicle s\u2019inicia a les 16:00h i acaba a les 21:00h de dilluns a divendres. Hi pot haver<br \/>\nactivitats acad\u00e8miques singulars i puntuals durant el mat\u00ed i\/o el cap de setmana i<br \/>\ntamb\u00e9 algunes unitats formatives seran en format semipresencial (es detallar\u00e0 a l\u2019inici<br \/>\ndel curs).<\/p>\n<p>&nbsp;<\/p>\n<p><strong>5. ARTICLE D&#8217;OPINI\u00d3 i V\u00cdDEOS del centre<\/strong><\/p>\n<p>5.1 Article del director <a href=\"https:\/\/sarramostre.wordpress.com\/2021\/04\/21\/som-teatre-som-ensenyament\/\">(enlla\u00e7)<\/a><\/p>\n<p>5.2 Dia Mundial del teatre<\/p>\n<div class=\"ast-oembed-container \" style=\"height: 100%;\"><iframe loading=\"lazy\" title=\"IAMF Dia mundial del teatre. Curs 2020\/21\" width=\"500\" height=\"281\" src=\"https:\/\/www.youtube.com\/embed\/F78HNblexJ0?feature=oembed\" frameborder=\"0\" allow=\"accelerometer; autoplay; clipboard-write; encrypted-media; gyroscope; picture-in-picture; web-share\" referrerpolicy=\"strict-origin-when-cross-origin\" allowfullscreen><\/iframe><\/div>\n<p>5.3 36 anys de Vis de vanadi<\/p>\n<div class=\"ast-oembed-container \" style=\"height: 100%;\"><iframe loading=\"lazy\" title=\"IAMF CAT Vis de Vanadi, 36 anys fent teatre\" width=\"500\" height=\"281\" src=\"https:\/\/www.youtube.com\/embed\/JSAaxq6aIsQ?feature=oembed\" frameborder=\"0\" allow=\"accelerometer; autoplay; clipboard-write; encrypted-media; gyroscope; picture-in-picture; web-share\" referrerpolicy=\"strict-origin-when-cross-origin\" allowfullscreen><\/iframe><\/div>\n","protected":false},"excerpt":{"rendered":"<p>\u00daltimes not\u00edcies Oferta inicial de places (19 d&#8217;abril de 2022) Inscriure&#8217;s a la prova de capacitaci\u00f3 (Prova d&#8217;acc\u00e9s al grau superior d&#8217;Arts Pl\u00e0stiques i Disseny): la part comuna es fa als centres que es relacionen a la convocat\u00f2ria (NO al nostre institut) Teniu tota la informaci\u00f3 a la p\u00e0gina web d&#8217;Educaci\u00f3 d&#8217;Arts Pl\u00e0stiques i Disseny. [&hellip;]<\/p>\n","protected":false},"author":1,"featured_media":0,"parent":195,"menu_order":0,"comment_status":"closed","ping_status":"closed","template":"","meta":{"_bbp_topic_count":0,"_bbp_reply_count":0,"_bbp_total_topic_count":0,"_bbp_total_reply_count":0,"_bbp_voice_count":0,"_bbp_anonymous_reply_count":0,"_bbp_topic_count_hidden":0,"_bbp_reply_count_hidden":0,"_bbp_forum_subforum_count":0,"site-sidebar-layout":"default","site-content-layout":"","ast-site-content-layout":"","site-content-style":"default","site-sidebar-style":"default","ast-global-header-display":"","ast-banner-title-visibility":"","ast-main-header-display":"","ast-hfb-above-header-display":"","ast-hfb-below-header-display":"","ast-hfb-mobile-header-display":"","site-post-title":"","ast-breadcrumbs-content":"","ast-featured-img":"","footer-sml-layout":"","theme-transparent-header-meta":"","adv-header-id-meta":"","stick-header-meta":"","header-above-stick-meta":"","header-main-stick-meta":"","header-below-stick-meta":"","astra-migrate-meta-layouts":"default","ast-page-background-enabled":"default","ast-page-background-meta":{"desktop":{"background-color":"var(--ast-global-color-4)","background-image":"","background-repeat":"repeat","background-position":"center center","background-size":"auto","background-attachment":"scroll","background-type":"","background-media":"","overlay-type":"","overlay-color":"","overlay-opacity":"","overlay-gradient":""},"tablet":{"background-color":"","background-image":"","background-repeat":"repeat","background-position":"center center","background-size":"auto","background-attachment":"scroll","background-type":"","background-media":"","overlay-type":"","overlay-color":"","overlay-opacity":"","overlay-gradient":""},"mobile":{"background-color":"","background-image":"","background-repeat":"repeat","background-position":"center center","background-size":"auto","background-attachment":"scroll","background-type":"","background-media":"","overlay-type":"","overlay-color":"","overlay-opacity":"","overlay-gradient":""}},"ast-content-background-meta":{"desktop":{"background-color":"var(--ast-global-color-5)","background-image":"","background-repeat":"repeat","background-position":"center center","background-size":"auto","background-attachment":"scroll","background-type":"","background-media":"","overlay-type":"","overlay-color":"","overlay-opacity":"","overlay-gradient":""},"tablet":{"background-color":"var(--ast-global-color-5)","background-image":"","background-repeat":"repeat","background-position":"center center","background-size":"auto","background-attachment":"scroll","background-type":"","background-media":"","overlay-type":"","overlay-color":"","overlay-opacity":"","overlay-gradient":""},"mobile":{"background-color":"var(--ast-global-color-5)","background-image":"","background-repeat":"repeat","background-position":"center center","background-size":"auto","background-attachment":"scroll","background-type":"","background-media":"","overlay-type":"","overlay-color":"","overlay-opacity":"","overlay-gradient":""}},"footnotes":""},"class_list":["post-1280","page","type-page","status-publish","hentry"],"post_mailing_queue_ids":[],"_links":{"self":[{"href":"https:\/\/agora.xtec.cat\/iesmartifranques\/wp-json\/wp\/v2\/pages\/1280","targetHints":{"allow":["GET"]}}],"collection":[{"href":"https:\/\/agora.xtec.cat\/iesmartifranques\/wp-json\/wp\/v2\/pages"}],"about":[{"href":"https:\/\/agora.xtec.cat\/iesmartifranques\/wp-json\/wp\/v2\/types\/page"}],"author":[{"embeddable":true,"href":"https:\/\/agora.xtec.cat\/iesmartifranques\/wp-json\/wp\/v2\/users\/1"}],"replies":[{"embeddable":true,"href":"https:\/\/agora.xtec.cat\/iesmartifranques\/wp-json\/wp\/v2\/comments?post=1280"}],"version-history":[{"count":4,"href":"https:\/\/agora.xtec.cat\/iesmartifranques\/wp-json\/wp\/v2\/pages\/1280\/revisions"}],"predecessor-version":[{"id":1615,"href":"https:\/\/agora.xtec.cat\/iesmartifranques\/wp-json\/wp\/v2\/pages\/1280\/revisions\/1615"}],"up":[{"embeddable":true,"href":"https:\/\/agora.xtec.cat\/iesmartifranques\/wp-json\/wp\/v2\/pages\/195"}],"wp:attachment":[{"href":"https:\/\/agora.xtec.cat\/iesmartifranques\/wp-json\/wp\/v2\/media?parent=1280"}],"curies":[{"name":"wp","href":"https:\/\/api.w.org\/{rel}","templated":true}]}}