{"id":1247,"date":"2021-11-02T09:56:25","date_gmt":"2021-11-02T08:56:25","guid":{"rendered":"https:\/\/agora.xtec.cat\/iesmartifranques\/?page_id=1247"},"modified":"2021-11-04T09:51:14","modified_gmt":"2021-11-04T08:51:14","slug":"unesco","status":"publish","type":"page","link":"https:\/\/agora.xtec.cat\/iesmartifranques\/unesco\/","title":{"rendered":"UNESCO"},"content":{"rendered":"<p>Les Escoles Associades a la UNESCO van n\u00e9ixer el 1953, amb l\u2019objectiu de fomentar la cooperaci\u00f3 i la pau internacionals a trav\u00e9s de l\u2019educaci\u00f3 escolar.<br \/>\nLes escoles associades inclouen en el seu projecte educatiu els temes seg\u00fcents:<br \/>\n\u2022 \u00a0Els problemes mundials i el paper de les organitzacions del sistema de les Nacions Unides en la seva resoluci\u00f3.<br \/>\n\u2022 \u00a0La difusi\u00f3 i el respecte dels drets humans.<br \/>\n\u2022 \u00a0El coneixement dels altres pa\u00efsos i les altres cultures, a partir del coneixement i de la valoraci\u00f3 de la cultura pr\u00f2pia.<br \/>\n\u2022 \u00a0L\u2019an\u00e0lisi dels problemes mediambientals.<\/p>\n<p>L\u2019Institut Antoni de Mart\u00ed i Franqu\u00e8s est\u00e0 duent a terme un projecte per poder entrar a formar part de la xarxa d\u2019escoles UNESCO (redPEA).L\u2019esperit dels diferents projectes que es duen a terme a l\u2019institut encaixen perfectament en els valors i ideals de la UNESCO que promouen l\u2019enfortiment de les dimensions humanista, \u00e8tica, cultural i internacional de l\u2019educaci\u00f3. La voluntat de desenvolupar nous m\u00e8todes i enfocaments d\u2019aprenentatge i la d\u2019interactuar i col.laborar amb altres membres de la redPEA, aix\u00ed com la de ser agents de millora de la nostra comunitat, ens porten a identificar-nos amb la l\u00ednia de treball promoguda per aquesta instituci\u00f3.<\/p>\n<p>D&#8217;acord al Projecte de Direcci\u00f3 de l&#8217;institut creem projectes pedag\u00f2gics interdepartamentals aprofitant els dies internacionals o setmanes per esdevenir ESCOLA UNESCO i afavorir un ambient de treball cooperatiu vinculat a projectes.<\/p>\n<div class=\"ast-oembed-container \" style=\"height: 100%;\"><iframe loading=\"lazy\" title=\"IAMF UNESCO: Activitats UNESCO 2020-2021\" width=\"500\" height=\"281\" src=\"https:\/\/www.youtube.com\/embed\/Fn-u9jkVNG4?feature=oembed\" frameborder=\"0\" allow=\"accelerometer; autoplay; clipboard-write; encrypted-media; gyroscope; picture-in-picture; web-share\" referrerpolicy=\"strict-origin-when-cross-origin\" allowfullscreen><\/iframe><\/div>\n<p><strong>1r trimestre<\/strong><\/p>\n<p>\u2022\u00a0 16 d&#8217;octubre: Dia mundial de l&#8217;Alimentaci\u00f3<\/p>\n<p>\u2022 del 14 al 29 de novembre: Setmana de la Ci\u00e8ncia<\/p>\n<p>\u2022 25 de novembre: Dia internacional contra la viol\u00e8ncia de g\u00e8nere<\/p>\n<p><strong>2n trimestre<\/strong><\/p>\n<p>\u2022 Desembre: Setmana del recapte d&#8217;aliments<\/p>\n<p>\u2022\u00a0 27 de gener: Dia Internacional de Commemoraci\u00f3 en Mem\u00f2ria de les V\u00edctimes de l&#8217;Holocaust.<\/p>\n<p>\u2022 \u00a030 de gener : Dia Escolar de la No-viol\u00e8ncia i la Pau (DENIP).<\/p>\n<p>\u2022 \u00a011 de febrer: Dia Internacional de les Dones i les Nenes en la Ci\u00e8ncia.<\/p>\n<p>\u2022 \u00a021 de febrer: Dia Internacional de la Llengua Materna. Setmana del PLuriling\u00fcisme.<\/p>\n<p>\u2022\u00a0 8 de mar\u00e7: Dia Internacional de les Dones 2021<\/p>\n<p><strong>3r trimestre<\/strong><\/p>\n<p>\u2022 \u00a014 de mar\u00e7: Dia Internacional de les matem\u00e0tiques<\/p>\n<p>\u2022 \u00a021 de mar\u00e7: Dia Internacional de la Poesia i Dia Internacional de l\u2019Eliminaci\u00f3 de la Discriminaci\u00f3 Racial.<\/p>\n<p>\u2022\u00a0 durant una setmana de mar\u00e7: Projecte Fem Mem\u00f2ria (vinculat a la Guerra Civil Espanyola)<\/p>\n<p>\u2022\u00a0 7 d\u2019abril: Dia Mundial de la Salut.<\/p>\n<p>\u2022 \u00a023 d\u2019abril: Diada de Sant Jordi. Dia Mundial del Llibre.<\/p>\n<p>\u2022 \u00a03 de maig: Dia Mundial de la Llibertat de Premsa<\/p>\n<p>\u2022 \u00a05 de juny: Dia Mundial del Medi Ambient. Setmana de l&#8217;energia sostenible.<\/p>\n","protected":false},"excerpt":{"rendered":"<p>Les Escoles Associades a la UNESCO van n\u00e9ixer el 1953, amb l\u2019objectiu de fomentar la cooperaci\u00f3 i la pau internacionals a trav\u00e9s de l\u2019educaci\u00f3 escolar. Les escoles associades inclouen en el seu projecte educatiu els temes seg\u00fcents: \u2022 \u00a0Els problemes mundials i el paper de les organitzacions del sistema de les Nacions Unides en la [&hellip;]<\/p>\n","protected":false},"author":1,"featured_media":0,"parent":0,"menu_order":0,"comment_status":"closed","ping_status":"closed","template":"","meta":{"_bbp_topic_count":0,"_bbp_reply_count":0,"_bbp_total_topic_count":0,"_bbp_total_reply_count":0,"_bbp_voice_count":0,"_bbp_anonymous_reply_count":0,"_bbp_topic_count_hidden":0,"_bbp_reply_count_hidden":0,"_bbp_forum_subforum_count":0,"site-sidebar-layout":"default","site-content-layout":"","ast-site-content-layout":"","site-content-style":"default","site-sidebar-style":"default","ast-global-header-display":"","ast-banner-title-visibility":"","ast-main-header-display":"","ast-hfb-above-header-display":"","ast-hfb-below-header-display":"","ast-hfb-mobile-header-display":"","site-post-title":"","ast-breadcrumbs-content":"","ast-featured-img":"","footer-sml-layout":"","theme-transparent-header-meta":"","adv-header-id-meta":"","stick-header-meta":"","header-above-stick-meta":"","header-main-stick-meta":"","header-below-stick-meta":"","astra-migrate-meta-layouts":"default","ast-page-background-enabled":"default","ast-page-background-meta":{"desktop":{"background-color":"var(--ast-global-color-4)","background-image":"","background-repeat":"repeat","background-position":"center center","background-size":"auto","background-attachment":"scroll","background-type":"","background-media":"","overlay-type":"","overlay-color":"","overlay-opacity":"","overlay-gradient":""},"tablet":{"background-color":"","background-image":"","background-repeat":"repeat","background-position":"center center","background-size":"auto","background-attachment":"scroll","background-type":"","background-media":"","overlay-type":"","overlay-color":"","overlay-opacity":"","overlay-gradient":""},"mobile":{"background-color":"","background-image":"","background-repeat":"repeat","background-position":"center center","background-size":"auto","background-attachment":"scroll","background-type":"","background-media":"","overlay-type":"","overlay-color":"","overlay-opacity":"","overlay-gradient":""}},"ast-content-background-meta":{"desktop":{"background-color":"var(--ast-global-color-5)","background-image":"","background-repeat":"repeat","background-position":"center center","background-size":"auto","background-attachment":"scroll","background-type":"","background-media":"","overlay-type":"","overlay-color":"","overlay-opacity":"","overlay-gradient":""},"tablet":{"background-color":"var(--ast-global-color-5)","background-image":"","background-repeat":"repeat","background-position":"center center","background-size":"auto","background-attachment":"scroll","background-type":"","background-media":"","overlay-type":"","overlay-color":"","overlay-opacity":"","overlay-gradient":""},"mobile":{"background-color":"var(--ast-global-color-5)","background-image":"","background-repeat":"repeat","background-position":"center center","background-size":"auto","background-attachment":"scroll","background-type":"","background-media":"","overlay-type":"","overlay-color":"","overlay-opacity":"","overlay-gradient":""}},"footnotes":""},"class_list":["post-1247","page","type-page","status-publish","hentry"],"post_mailing_queue_ids":[],"_links":{"self":[{"href":"https:\/\/agora.xtec.cat\/iesmartifranques\/wp-json\/wp\/v2\/pages\/1247","targetHints":{"allow":["GET"]}}],"collection":[{"href":"https:\/\/agora.xtec.cat\/iesmartifranques\/wp-json\/wp\/v2\/pages"}],"about":[{"href":"https:\/\/agora.xtec.cat\/iesmartifranques\/wp-json\/wp\/v2\/types\/page"}],"author":[{"embeddable":true,"href":"https:\/\/agora.xtec.cat\/iesmartifranques\/wp-json\/wp\/v2\/users\/1"}],"replies":[{"embeddable":true,"href":"https:\/\/agora.xtec.cat\/iesmartifranques\/wp-json\/wp\/v2\/comments?post=1247"}],"version-history":[{"count":3,"href":"https:\/\/agora.xtec.cat\/iesmartifranques\/wp-json\/wp\/v2\/pages\/1247\/revisions"}],"predecessor-version":[{"id":1507,"href":"https:\/\/agora.xtec.cat\/iesmartifranques\/wp-json\/wp\/v2\/pages\/1247\/revisions\/1507"}],"wp:attachment":[{"href":"https:\/\/agora.xtec.cat\/iesmartifranques\/wp-json\/wp\/v2\/media?parent=1247"}],"curies":[{"name":"wp","href":"https:\/\/api.w.org\/{rel}","templated":true}]}}