{"id":1209,"date":"2021-09-22T09:52:41","date_gmt":"2021-09-22T07:52:41","guid":{"rendered":"https:\/\/agora.xtec.cat\/iesmartifranques\/?page_id=1209"},"modified":"2024-01-30T19:41:01","modified_gmt":"2024-01-30T18:41:01","slug":"families","status":"publish","type":"page","link":"https:\/\/agora.xtec.cat\/iesmartifranques\/families\/","title":{"rendered":"Fam\u00edlies"},"content":{"rendered":"<p>Us recordem alguns webs \u00fatils per a les fam\u00edlies:<\/p>\n<p>&nbsp;<\/p>\n<p><a href=\"https:\/\/salutpublica.gencat.cat\/ca\/ambits\/promocio_salut\/Infancia-i-adolescencia\/Adolescencia\/salut-i-escola\/\" target=\"_blank\" rel=\"noopener\">Salut i Escola<\/a><\/p>\n<p>L\u2019objectiu del programa Salut i Escola (PSiE) \u00e9s millorar la salut dels adolescents mitjan\u00e7ant accions de promoci\u00f3 de la salut, de prevenci\u00f3 de les situacions de risc i d\u2019atenci\u00f3 preco\u00e7 per als problemes relacionats amb la salut mental, la salut afectiva i sexual, el consum de drogues, alcohol i tabac, en col\u00b7laboraci\u00f3 amb els centres educatius i els serveis de salut comunit\u00e0ria presents en el territori.<\/p>\n<p>Els eixos fonamentals d&#8217;actuaci\u00f3 del PSiE s\u00f3n la salut mental; la salut afectiva i sexual; la viol\u00e8ncia i els maltractaments segons g\u00e8nere, els h\u00e0bits de salut (consum de tabac i altres drogues, altres addiccions, exercici f\u00edsic, dieta, etc) i els trastorns de la conducta aliment\u00e0ria.<\/p>\n<p>Una de les principals l\u00ednies d\u2019actuaci\u00f3 d\u2019aquest programa \u00e9s el servei Consulta Oberta, que implica el despla\u00e7ament peri\u00f2dic de professionals de l\u2019infermeria als centres docents per afavorir l\u2019accessibilitat dels adolescents a l\u2019atenci\u00f3 sanit\u00e0ria amb garanties de privacitat, confidencialitat i proximitat.<\/p>\n<p>&nbsp;<\/p>\n<p><a href=\"https:\/\/www.educac.cat\/\" target=\"_blank\" rel=\"noopener\">educac<\/a><\/p>\n<p><a href=\"https:\/\/agora.xtec.cat\/iesmartifranques\/wp-content\/uploads\/usu871\/2020\/09\/1-1.png\"><img loading=\"lazy\" decoding=\"async\" class=\"alignnone size-large wp-image-1211\" src=\"https:\/\/agora.xtec.cat\/iesmartifranques\/wp-content\/uploads\/usu871\/2020\/09\/1-1-1024x714.png\" alt=\"\" width=\"1024\" height=\"714\" srcset=\"https:\/\/agora.xtec.cat\/iesmartifranques\/wp-content\/uploads\/usu871\/2020\/09\/1-1-1024x714.png 1024w, https:\/\/agora.xtec.cat\/iesmartifranques\/wp-content\/uploads\/usu871\/2020\/09\/1-1-300x209.png 300w, https:\/\/agora.xtec.cat\/iesmartifranques\/wp-content\/uploads\/usu871\/2020\/09\/1-1-768x535.png 768w, https:\/\/agora.xtec.cat\/iesmartifranques\/wp-content\/uploads\/usu871\/2020\/09\/1-1.png 1129w\" sizes=\"auto, (max-width: 1024px) 100vw, 1024px\" \/><\/a><\/p>\n<p><a href=\"http:\/\/ensenyament.gencat.cat\/ca\/arees-actuacio\/families\/\" target=\"_blank\" rel=\"noopener noreferrer\">Fam\u00edlies i Escola del Departament d&#8217;Educaci\u00f3<\/a><\/p>\n<p><img loading=\"lazy\" decoding=\"async\" class=\"alignnone size-large wp-image-1210\" src=\"https:\/\/agora.xtec.cat\/iesmartifranques\/wp-content\/uploads\/usu871\/2020\/09\/1-1024x708.png\" alt=\"\" width=\"1024\" height=\"708\" srcset=\"https:\/\/agora.xtec.cat\/iesmartifranques\/wp-content\/uploads\/usu871\/2020\/09\/1-1024x708.png 1024w, https:\/\/agora.xtec.cat\/iesmartifranques\/wp-content\/uploads\/usu871\/2020\/09\/1-300x207.png 300w, https:\/\/agora.xtec.cat\/iesmartifranques\/wp-content\/uploads\/usu871\/2020\/09\/1-768x531.png 768w, https:\/\/agora.xtec.cat\/iesmartifranques\/wp-content\/uploads\/usu871\/2020\/09\/1.png 1179w\" sizes=\"auto, (max-width: 1024px) 100vw, 1024px\" \/><\/p>\n<p><a href=\"https:\/\/www.dropbox.com\/scl\/fo\/gmtvpokw2xhqwrr8k8f8g\/h?rlkey=yl85ox2ehucongu5td858m8da&amp;dl=0\">Internet segura<\/a><\/p>\n<p>Article <a href=\"https:\/\/www.pantallasamigas.net\/evitar-anadir-hijo-grupo-whatsapp-contenido-peligroso\/\" target=\"_blank\" rel=\"noopener\">\u00bf C\u00f3mo evitar que a\u00f1adan a tu hijo a un grupo de Whatsapp con contenido peligroso?<\/a><\/p>\n","protected":false},"excerpt":{"rendered":"<p>Us recordem alguns webs \u00fatils per a les fam\u00edlies: &nbsp; Salut i Escola L\u2019objectiu del programa Salut i Escola (PSiE) \u00e9s millorar la salut dels adolescents mitjan\u00e7ant accions de promoci\u00f3 de la salut, de prevenci\u00f3 de les situacions de risc i d\u2019atenci\u00f3 preco\u00e7 per als problemes relacionats amb la salut mental, la salut afectiva i [&hellip;]<\/p>\n","protected":false},"author":1,"featured_media":0,"parent":0,"menu_order":0,"comment_status":"closed","ping_status":"closed","template":"","meta":{"_bbp_topic_count":0,"_bbp_reply_count":0,"_bbp_total_topic_count":0,"_bbp_total_reply_count":0,"_bbp_voice_count":0,"_bbp_anonymous_reply_count":0,"_bbp_topic_count_hidden":0,"_bbp_reply_count_hidden":0,"_bbp_forum_subforum_count":0,"site-sidebar-layout":"default","site-content-layout":"","ast-site-content-layout":"","site-content-style":"default","site-sidebar-style":"default","ast-global-header-display":"","ast-banner-title-visibility":"","ast-main-header-display":"","ast-hfb-above-header-display":"","ast-hfb-below-header-display":"","ast-hfb-mobile-header-display":"","site-post-title":"","ast-breadcrumbs-content":"","ast-featured-img":"","footer-sml-layout":"","theme-transparent-header-meta":"","adv-header-id-meta":"","stick-header-meta":"","header-above-stick-meta":"","header-main-stick-meta":"","header-below-stick-meta":"","astra-migrate-meta-layouts":"default","ast-page-background-enabled":"default","ast-page-background-meta":{"desktop":{"background-color":"var(--ast-global-color-4)","background-image":"","background-repeat":"repeat","background-position":"center center","background-size":"auto","background-attachment":"scroll","background-type":"","background-media":"","overlay-type":"","overlay-color":"","overlay-opacity":"","overlay-gradient":""},"tablet":{"background-color":"","background-image":"","background-repeat":"repeat","background-position":"center center","background-size":"auto","background-attachment":"scroll","background-type":"","background-media":"","overlay-type":"","overlay-color":"","overlay-opacity":"","overlay-gradient":""},"mobile":{"background-color":"","background-image":"","background-repeat":"repeat","background-position":"center center","background-size":"auto","background-attachment":"scroll","background-type":"","background-media":"","overlay-type":"","overlay-color":"","overlay-opacity":"","overlay-gradient":""}},"ast-content-background-meta":{"desktop":{"background-color":"var(--ast-global-color-5)","background-image":"","background-repeat":"repeat","background-position":"center center","background-size":"auto","background-attachment":"scroll","background-type":"","background-media":"","overlay-type":"","overlay-color":"","overlay-opacity":"","overlay-gradient":""},"tablet":{"background-color":"var(--ast-global-color-5)","background-image":"","background-repeat":"repeat","background-position":"center center","background-size":"auto","background-attachment":"scroll","background-type":"","background-media":"","overlay-type":"","overlay-color":"","overlay-opacity":"","overlay-gradient":""},"mobile":{"background-color":"var(--ast-global-color-5)","background-image":"","background-repeat":"repeat","background-position":"center center","background-size":"auto","background-attachment":"scroll","background-type":"","background-media":"","overlay-type":"","overlay-color":"","overlay-opacity":"","overlay-gradient":""}},"footnotes":""},"class_list":["post-1209","page","type-page","status-publish","hentry"],"post_mailing_queue_ids":[],"_links":{"self":[{"href":"https:\/\/agora.xtec.cat\/iesmartifranques\/wp-json\/wp\/v2\/pages\/1209","targetHints":{"allow":["GET"]}}],"collection":[{"href":"https:\/\/agora.xtec.cat\/iesmartifranques\/wp-json\/wp\/v2\/pages"}],"about":[{"href":"https:\/\/agora.xtec.cat\/iesmartifranques\/wp-json\/wp\/v2\/types\/page"}],"author":[{"embeddable":true,"href":"https:\/\/agora.xtec.cat\/iesmartifranques\/wp-json\/wp\/v2\/users\/1"}],"replies":[{"embeddable":true,"href":"https:\/\/agora.xtec.cat\/iesmartifranques\/wp-json\/wp\/v2\/comments?post=1209"}],"version-history":[{"count":4,"href":"https:\/\/agora.xtec.cat\/iesmartifranques\/wp-json\/wp\/v2\/pages\/1209\/revisions"}],"predecessor-version":[{"id":2078,"href":"https:\/\/agora.xtec.cat\/iesmartifranques\/wp-json\/wp\/v2\/pages\/1209\/revisions\/2078"}],"wp:attachment":[{"href":"https:\/\/agora.xtec.cat\/iesmartifranques\/wp-json\/wp\/v2\/media?parent=1209"}],"curies":[{"name":"wp","href":"https:\/\/api.w.org\/{rel}","templated":true}]}}