{"id":1177,"date":"2025-10-01T14:10:46","date_gmt":"2025-10-01T12:10:46","guid":{"rendered":"https:\/\/agora.xtec.cat\/iesmartifranques\/?page_id=1177"},"modified":"2025-10-06T11:58:26","modified_gmt":"2025-10-06T09:58:26","slug":"cantina","status":"publish","type":"page","link":"https:\/\/agora.xtec.cat\/iesmartifranques\/cantina\/","title":{"rendered":"Cantina"},"content":{"rendered":"<h2><a href=\"https:\/\/agora.xtec.cat\/iesmartifranques\/wp-content\/uploads\/usu871\/2020\/09\/a1.jpg\"><img loading=\"lazy\" decoding=\"async\" class=\"size-full wp-image-1182 aligncenter\" src=\"https:\/\/agora.xtec.cat\/iesmartifranques\/wp-content\/uploads\/usu871\/2020\/09\/a1.jpg\" alt=\"\" width=\"275\" height=\"183\" \/><\/a><\/h2>\n<h2><a href=\"https:\/\/drive.google.com\/file\/d\/1M8DhCNgSA_mQQnJk3Mb_0MGULgebAOPm\/view?usp=sharing\" target=\"_blank\" rel=\"noopener\">CARTA<\/a><\/h2>\n<h2><strong>ATENCI\u00d3:<\/strong><\/h2>\n<p>Durant el curs, les comandes de la cantina es faran presencialment entre les 7:45 i les 7:55h o via Whatsapp. Si es fa via Whatsapp, s&#8217;ha de fer <strong>el mateix dia abans de les 9:30<\/strong> al tel\u00e8fon 650570119 indicant el nom de l&#8217;alumne, curs i el que volen i fer el pagament de manera immediata. El pagament es far\u00e0 a trav\u00e9s de la plataforma Bizum. En el cas excepcional que no sigui possible, es podr\u00e0 fer presencialment entre les 7:45 i les 7:55h.<\/p>\n<p><strong>L&#8217;horari d&#8217;atenci\u00f3 al p\u00fablic al tel\u00e8fon esmentat \u00e9s de 7.30 a 16.30h.\u00a0<\/strong><\/p>\n<p><strong>Qualsevol plat de la carta, us el podem preparar per emportar. Per emportar:\u00a0 men\u00fa diari (10,90\u20ac) o un plat \u00fanic (5\u20ac).<\/strong><\/p>\n<h2><\/h2>\n<p>&nbsp;<\/p>\n","protected":false},"excerpt":{"rendered":"<p>CARTA ATENCI\u00d3: Durant el curs, les comandes de la cantina es faran presencialment entre les 7:45 i les 7:55h o via Whatsapp. Si es fa via Whatsapp, s&#8217;ha de fer el mateix dia abans de les 9:30 al tel\u00e8fon 650570119 indicant el nom de l&#8217;alumne, curs i el que volen i fer el pagament de [&hellip;]<\/p>\n","protected":false},"author":1,"featured_media":0,"parent":0,"menu_order":0,"comment_status":"closed","ping_status":"closed","template":"","meta":{"_bbp_topic_count":0,"_bbp_reply_count":0,"_bbp_total_topic_count":0,"_bbp_total_reply_count":0,"_bbp_voice_count":0,"_bbp_anonymous_reply_count":0,"_bbp_topic_count_hidden":0,"_bbp_reply_count_hidden":0,"_bbp_forum_subforum_count":0,"site-sidebar-layout":"default","site-content-layout":"","ast-site-content-layout":"","site-content-style":"default","site-sidebar-style":"default","ast-global-header-display":"","ast-banner-title-visibility":"","ast-main-header-display":"","ast-hfb-above-header-display":"","ast-hfb-below-header-display":"","ast-hfb-mobile-header-display":"","site-post-title":"","ast-breadcrumbs-content":"","ast-featured-img":"","footer-sml-layout":"","theme-transparent-header-meta":"","adv-header-id-meta":"","stick-header-meta":"","header-above-stick-meta":"","header-main-stick-meta":"","header-below-stick-meta":"","astra-migrate-meta-layouts":"default","ast-page-background-enabled":"default","ast-page-background-meta":{"desktop":{"background-color":"var(--ast-global-color-4)","background-image":"","background-repeat":"repeat","background-position":"center center","background-size":"auto","background-attachment":"scroll","background-type":"","background-media":"","overlay-type":"","overlay-color":"","overlay-opacity":"","overlay-gradient":""},"tablet":{"background-color":"","background-image":"","background-repeat":"repeat","background-position":"center center","background-size":"auto","background-attachment":"scroll","background-type":"","background-media":"","overlay-type":"","overlay-color":"","overlay-opacity":"","overlay-gradient":""},"mobile":{"background-color":"","background-image":"","background-repeat":"repeat","background-position":"center center","background-size":"auto","background-attachment":"scroll","background-type":"","background-media":"","overlay-type":"","overlay-color":"","overlay-opacity":"","overlay-gradient":""}},"ast-content-background-meta":{"desktop":{"background-color":"var(--ast-global-color-5)","background-image":"","background-repeat":"repeat","background-position":"center center","background-size":"auto","background-attachment":"scroll","background-type":"","background-media":"","overlay-type":"","overlay-color":"","overlay-opacity":"","overlay-gradient":""},"tablet":{"background-color":"var(--ast-global-color-5)","background-image":"","background-repeat":"repeat","background-position":"center center","background-size":"auto","background-attachment":"scroll","background-type":"","background-media":"","overlay-type":"","overlay-color":"","overlay-opacity":"","overlay-gradient":""},"mobile":{"background-color":"var(--ast-global-color-5)","background-image":"","background-repeat":"repeat","background-position":"center center","background-size":"auto","background-attachment":"scroll","background-type":"","background-media":"","overlay-type":"","overlay-color":"","overlay-opacity":"","overlay-gradient":""}},"footnotes":""},"class_list":["post-1177","page","type-page","status-publish","hentry"],"post_mailing_queue_ids":[],"_links":{"self":[{"href":"https:\/\/agora.xtec.cat\/iesmartifranques\/wp-json\/wp\/v2\/pages\/1177","targetHints":{"allow":["GET"]}}],"collection":[{"href":"https:\/\/agora.xtec.cat\/iesmartifranques\/wp-json\/wp\/v2\/pages"}],"about":[{"href":"https:\/\/agora.xtec.cat\/iesmartifranques\/wp-json\/wp\/v2\/types\/page"}],"author":[{"embeddable":true,"href":"https:\/\/agora.xtec.cat\/iesmartifranques\/wp-json\/wp\/v2\/users\/1"}],"replies":[{"embeddable":true,"href":"https:\/\/agora.xtec.cat\/iesmartifranques\/wp-json\/wp\/v2\/comments?post=1177"}],"version-history":[{"count":6,"href":"https:\/\/agora.xtec.cat\/iesmartifranques\/wp-json\/wp\/v2\/pages\/1177\/revisions"}],"predecessor-version":[{"id":2471,"href":"https:\/\/agora.xtec.cat\/iesmartifranques\/wp-json\/wp\/v2\/pages\/1177\/revisions\/2471"}],"wp:attachment":[{"href":"https:\/\/agora.xtec.cat\/iesmartifranques\/wp-json\/wp\/v2\/media?parent=1177"}],"curies":[{"name":"wp","href":"https:\/\/api.w.org\/{rel}","templated":true}]}}