{"id":9065,"date":"2017-11-02T18:21:14","date_gmt":"2017-11-02T17:21:14","guid":{"rendered":"http:\/\/agora.xtec.cat\/iesmarti-i-pol\/?page_id=9065"},"modified":"2026-02-18T14:06:00","modified_gmt":"2026-02-18T13:06:00","slug":"documents-de-centre","status":"publish","type":"page","link":"https:\/\/agora.xtec.cat\/iesmarti-i-pol\/linstitut\/documents-de-centre\/","title":{"rendered":"Documentaci\u00f3 estrat\u00e8gica (documents de gesti\u00f3)"},"content":{"rendered":"<p>&nbsp;<\/p>\n<table style=\"width: 100%; border-collapse: collapse; height: 409px;\">\n<tbody>\n<tr style=\"height: 32px;\">\n<td style=\"width: 37.7107%; background-color: #0a0afa; height: 32px;\"><span style=\"color: #ffffff;\"><strong>DOCUMENTS ESTRAT\u00c8GICS<\/strong><\/span><\/td>\n<td style=\"width: 28.9559%; background-color: #0a0afa; height: 32px;\"><span style=\"color: #ffffff;\"><strong>PRESSUPOST<\/strong><\/span><\/td>\n<td style=\"width: 33.3333%; background-color: #305907; height: 32px;\"><span style=\"color: #ffffff;\"><strong>ESO-BATXILLERAT<\/strong><\/span><\/td>\n<\/tr>\n<tr style=\"height: 405px;\">\n<td style=\"width: 37.7107%; vertical-align: top; height: 187px;\">\n<ul>\n<li><a href=\"https:\/\/drive.google.com\/file\/d\/1B2NTbDxqvj6IAy5cwc4DlYL9dNIfJnSE\/view?usp=share_link\" target=\"_blank\" rel=\"noopener noreferrer\">01 Projecte de direcci\u00f3 (2023-2027)<\/a><\/li>\n<li><a href=\"https:\/\/drive.google.com\/file\/d\/1o2Sd4aM9sGkvGzoKCSAik8sIZM_IqTaL\/view?usp=drive_link\" target=\"_blank\" rel=\"noopener\">02 PEC (P<span class=\"st\">rojecte educatiu de centre)<\/span><\/a><\/li>\n<li><a href=\"https:\/\/drive.google.com\/file\/d\/194wFeI8xHCNq4p17nrz1nsZcJHT7qpCS\/view?usp=sharing\" target=\"_blank\" rel=\"noopener\">03 NOFC (Normes d&#8217;organitzaci\u00f3 i funcionament del centre)<\/a><\/li>\n<li>08 Projecte d&#8217;atenci\u00f3 a l&#8217;escola inclusiva (en revisi\u00f3)<\/li>\n<li><a href=\"https:\/\/drive.google.com\/file\/d\/1VYsISH4Z2LqDf4xWB0E0TbRqv-EYscSc\/view?usp=sharing\" target=\"_blank\" rel=\"noopener\">15 Projecte de Conviv\u00e8ncia<\/a><\/li>\n<li><a href=\"https:\/\/drive.google.com\/file\/d\/1Tf8lvf0-GXXuRuPgD8TK2E4reNbmnfZB\/view?usp=drive_link\" target=\"_blank\" rel=\"noopener noreferrer\">Certificat ISO 9001<\/a><\/li>\n<li><a href=\"https:\/\/agora.xtec.cat\/iesmarti-i-pol\/perfil-i-trajectoria-professional-de-lequip-directiu\/\" target=\"_blank\" rel=\"noopener\">Perfil i traject\u00f2ria professional Equip Directiu<\/a><\/li>\n<\/ul>\n<\/td>\n<td style=\"width: 28.9559%; vertical-align: top; height: 187px;\">\n<ul>\n<li><a href=\"https:\/\/drive.google.com\/file\/d\/1_o8EbDeTCMU_qCTZ1sxEY2ZpoivTnZsy\/view?usp=sharing\" target=\"_blank\" rel=\"noopener\">Pressupost Institut Miquel Mart\u00ed i Pol 2026<\/a><\/li>\n<li><a href=\"https:\/\/drive.google.com\/file\/d\/1LV3nX97WIOZS8Cr7RBs1s9_o949cSBGE\/view?usp=sharing\" target=\"_blank\" rel=\"noopener\">Liquidaci\u00f3 pressupost 2024<\/a><\/li>\n<\/ul>\n<\/td>\n<td style=\"width: 33.3333%; background-color: #ebf090; vertical-align: top; height: 187px;\">\n<ul>\n<li><a href=\"https:\/\/agora.xtec.cat\/iesmarti-i-pol\/guia-del-professorat-eso-batx\/\">Guia professorat ESO i Batxillerat<\/a><\/li>\n<li><a href=\"https:\/\/docs.google.com\/document\/d\/1FKe3OHPjxYlMiU1dXSwYBWp9p9wsO_6tEbU52QbbsoQ\/view\">Acollida professorat ESO\/ Batx.<\/a><\/li>\n<li><a href=\"https:\/\/docs.google.com\/spreadsheets\/d\/1WmZ7LiuTWtQWYhMQ9f5v9YJO6sX_7oMRSorN7eR5GCE\/edit?usp=sharing\" target=\"_blank\" rel=\"noopener\">Planning Batxillerat<\/a><\/li>\n<li><a href=\"https:\/\/docs.google.com\/spreadsheets\/d\/1Oea0sSuwMcFm-DFMLpVhB_AJTJGq90rjMgHXFBJQn5g\/view?gid=0#gid=0\" target=\"_blank\" rel=\"noopener\">Planning ESO<\/a><\/li>\n<li><a href=\"https:\/\/drive.google.com\/file\/d\/1coAlGvyqfssMBi1R9E_kwGa9e0b-UZ6Q\/view?usp=sharing\" target=\"_blank\" rel=\"noopener\">Carta de comprom\u00eds educatiu<\/a><\/li>\n<li><a href=\"https:\/\/agora.xtec.cat\/iesmarti-i-pol\/eso-batx-presentacio-materies-i-criteris-avaluacio-qualificacio\/\" target=\"_blank\" rel=\"noopener\">Criteris Avaluaci\u00f3 ESO-BATX<\/a><\/li>\n<\/ul>\n<\/td>\n<\/tr>\n<tr style=\"height: 32px;\">\n<td style=\"width: 37.7107%; background-color: #0a0afa; height: 32px;\"><span style=\"color: #ffffff;\"><strong>PREVENCI\u00d3 RISCOS LABORALS<\/strong><\/span><\/td>\n<td style=\"width: 28.9559%; background-color: #0a0afa; height: 32px;\"><span style=\"color: #ffffff;\"><strong>CONVENIS AMB ENTITATS I\/O EMPRESES<\/strong><\/span><\/td>\n<td style=\"width: 33.3333%; background-color: #0a0afa; vertical-align: top; height: 32px;\"><span style=\"color: #ffffff;\"><strong>ESTRAT\u00c8GIA DIGITAL<\/strong><\/span><\/td>\n<\/tr>\n<tr style=\"height: 158px;\">\n<td style=\"width: 37.7107%; vertical-align: top; height: 158px;\">\n<ul>\n<li><a href=\"https:\/\/drive.google.com\/file\/d\/1MceFOZEewG2J3Czab--A-w-H8fi8oca3\/view?usp=drive_link\" target=\"_blank\" rel=\"noopener\">Pla d&#8217;evacuaci\u00f3 i pla de confinament<\/a><\/li>\n<\/ul>\n<\/td>\n<td style=\"width: 28.9559%; vertical-align: top; height: 158px;\">\n<ul>\n<li><a href=\"https:\/\/drive.google.com\/file\/d\/1kk9Ok9XAr90_Hm6E9EEgW2FxJCUUHAs0\/view?usp=sharing\" target=\"_blank\" rel=\"noopener\">Aprenentatge servei (ApS) &#8220;Resist\u00e8ncia antimicrobiana&#8221; &#8211; UB (Universitat de Barcelona)<\/a><\/li>\n<li><a href=\"https:\/\/drive.google.com\/file\/d\/1uM2k-mtBH_Cg6JbUTMfKk9qrZg-KnX8t\/view?usp=drive_link\">Conveni de cooperaci\u00f3 educativa &#8211; UB (Universitat de Barcelona)<\/a><\/li>\n<li><a href=\"https:\/\/drive.google.com\/file\/d\/1XCohn5fhmaYX-kT8J10Sldeit4emNJPd\/view?usp=drive_link\">Projecte &#8220;Jard\u00ed medicinal&#8221; &#8211; Fundaci\u00f3 BCN Formaci\u00f3 Professional<\/a><\/li>\n<\/ul>\n<\/td>\n<td style=\"width: 33.3333%; vertical-align: top; height: 158px;\">\n<ul>\n<li><a href=\"https:\/\/drive.google.com\/file\/d\/1eTkSqndD_cbFTsjNJjU9S7Gm3FNGDO6J\/view?usp=drive_link\" target=\"_blank\" rel=\"noopener noreferrer\">12.1 Estrat\u00e8gia digital de centre-ESO<\/a><\/li>\n<li><a href=\"https:\/\/drive.google.com\/file\/d\/1XRzzpCzSY6Crnwyb52wowEytYPhO8nPv\/view?usp=drive_link\" target=\"_blank\" rel=\"noopener noreferrer\">12.2 Estrat\u00e8gia digital de centre-FP<\/a><\/li>\n<\/ul>\n<\/td>\n<\/tr>\n<\/tbody>\n<\/table>\n<p>&nbsp;<\/p>\n","protected":false},"excerpt":{"rendered":"<p>&nbsp; DOCUMENTS ESTRAT\u00c8GICS PRESSUPOST ESO-BATXILLERAT 01 Projecte de direcci\u00f3 (2023-2027) 02 PEC (Projecte educatiu de centre) 03 NOFC (Normes d&#8217;organitzaci\u00f3 i funcionament del centre) 08 Projecte d&#8217;atenci\u00f3 a l&#8217;escola inclusiva (en revisi\u00f3) 15 Projecte de Conviv\u00e8ncia Certificat ISO 9001 Perfil i traject\u00f2ria professional Equip Directiu Pressupost Institut Miquel Mart\u00ed i Pol 2026 Liquidaci\u00f3 pressupost 2024 [&hellip;]<\/p>\n","protected":false},"author":1,"featured_media":0,"parent":19,"menu_order":7,"comment_status":"closed","ping_status":"closed","template":"","meta":{"_bbp_topic_count":0,"_bbp_reply_count":0,"_bbp_total_topic_count":0,"_bbp_total_reply_count":0,"_bbp_voice_count":0,"_bbp_anonymous_reply_count":0,"_bbp_topic_count_hidden":0,"_bbp_reply_count_hidden":0,"_bbp_forum_subforum_count":0,"site-sidebar-layout":"default","site-content-layout":"","ast-site-content-layout":"default","site-content-style":"default","site-sidebar-style":"default","ast-global-header-display":"","ast-banner-title-visibility":"","ast-main-header-display":"","ast-hfb-above-header-display":"","ast-hfb-below-header-display":"","ast-hfb-mobile-header-display":"","site-post-title":"","ast-breadcrumbs-content":"","ast-featured-img":"","footer-sml-layout":"","theme-transparent-header-meta":"default","adv-header-id-meta":"","stick-header-meta":"","header-above-stick-meta":"","header-main-stick-meta":"","header-below-stick-meta":"","astra-migrate-meta-layouts":"set","ast-page-background-enabled":"default","ast-page-background-meta":{"desktop":{"background-color":"var(--ast-global-color-4)","background-image":"","background-repeat":"repeat","background-position":"center center","background-size":"auto","background-attachment":"scroll","background-type":"","background-media":"","overlay-type":"","overlay-color":"","overlay-opacity":"","overlay-gradient":""},"tablet":{"background-color":"","background-image":"","background-repeat":"repeat","background-position":"center center","background-size":"auto","background-attachment":"scroll","background-type":"","background-media":"","overlay-type":"","overlay-color":"","overlay-opacity":"","overlay-gradient":""},"mobile":{"background-color":"","background-image":"","background-repeat":"repeat","background-position":"center center","background-size":"auto","background-attachment":"scroll","background-type":"","background-media":"","overlay-type":"","overlay-color":"","overlay-opacity":"","overlay-gradient":""}},"ast-content-background-meta":{"desktop":{"background-color":"var(--ast-global-color-5)","background-image":"","background-repeat":"repeat","background-position":"center center","background-size":"auto","background-attachment":"scroll","background-type":"","background-media":"","overlay-type":"","overlay-color":"","overlay-opacity":"","overlay-gradient":""},"tablet":{"background-color":"var(--ast-global-color-5)","background-image":"","background-repeat":"repeat","background-position":"center center","background-size":"auto","background-attachment":"scroll","background-type":"","background-media":"","overlay-type":"","overlay-color":"","overlay-opacity":"","overlay-gradient":""},"mobile":{"background-color":"var(--ast-global-color-5)","background-image":"","background-repeat":"repeat","background-position":"center center","background-size":"auto","background-attachment":"scroll","background-type":"","background-media":"","overlay-type":"","overlay-color":"","overlay-opacity":"","overlay-gradient":""}},"footnotes":""},"class_list":["post-9065","page","type-page","status-publish","hentry"],"post_mailing_queue_ids":[],"_links":{"self":[{"href":"https:\/\/agora.xtec.cat\/iesmarti-i-pol\/wp-json\/wp\/v2\/pages\/9065","targetHints":{"allow":["GET"]}}],"collection":[{"href":"https:\/\/agora.xtec.cat\/iesmarti-i-pol\/wp-json\/wp\/v2\/pages"}],"about":[{"href":"https:\/\/agora.xtec.cat\/iesmarti-i-pol\/wp-json\/wp\/v2\/types\/page"}],"author":[{"embeddable":true,"href":"https:\/\/agora.xtec.cat\/iesmarti-i-pol\/wp-json\/wp\/v2\/users\/1"}],"replies":[{"embeddable":true,"href":"https:\/\/agora.xtec.cat\/iesmarti-i-pol\/wp-json\/wp\/v2\/comments?post=9065"}],"version-history":[{"count":10,"href":"https:\/\/agora.xtec.cat\/iesmarti-i-pol\/wp-json\/wp\/v2\/pages\/9065\/revisions"}],"predecessor-version":[{"id":28912,"href":"https:\/\/agora.xtec.cat\/iesmarti-i-pol\/wp-json\/wp\/v2\/pages\/9065\/revisions\/28912"}],"up":[{"embeddable":true,"href":"https:\/\/agora.xtec.cat\/iesmarti-i-pol\/wp-json\/wp\/v2\/pages\/19"}],"wp:attachment":[{"href":"https:\/\/agora.xtec.cat\/iesmarti-i-pol\/wp-json\/wp\/v2\/media?parent=9065"}],"curies":[{"name":"wp","href":"https:\/\/api.w.org\/{rel}","templated":true}]}}