{"id":3944,"date":"2017-03-13T22:17:43","date_gmt":"2017-03-13T21:17:43","guid":{"rendered":"http:\/\/agora.xtec.cat\/iesmarti-i-pol\/?page_id=3944"},"modified":"2025-09-25T18:28:44","modified_gmt":"2025-09-25T16:28:44","slug":"inici-ampa","status":"publish","type":"page","link":"https:\/\/agora.xtec.cat\/iesmarti-i-pol\/serveis\/afa\/inici-ampa\/","title":{"rendered":"Inici"},"content":{"rendered":"<p>&nbsp;<\/p>\n<table style=\"border-collapse: collapse; width: 100%;\">\n<tbody>\n<tr>\n<td style=\"width: 16.6667%; text-align: center;\">\n<h4><a href=\"https:\/\/agora.xtec.cat\/iesmarti-i-pol\/?page_id=3944&amp;preview=true\">Inici<\/a><\/h4>\n<\/td>\n<td style=\"width: 16.6667%; text-align: center;\">\n<h4><a href=\"https:\/\/agora.xtec.cat\/iesmarti-i-pol\/?page_id=3948&amp;preview=true\">Contacte<\/a><\/h4>\n<\/td>\n<td style=\"width: 15.8452%; text-align: center;\">\n<h4><a href=\"https:\/\/agora.xtec.cat\/iesmarti-i-pol\/?page_id=3953&amp;preview=true\">La Junta<\/a><\/h4>\n<\/td>\n<td style=\"width: 16.0096%; text-align: center;\">\n<h4><a href=\"https:\/\/agora.xtec.cat\/iesmarti-i-pol\/?page_id=3958&amp;preview=true\">Fer-se Soci\/a<\/a><\/h4>\n<\/td>\n<td style=\"width: 19.1311%; text-align: center;\">\n<h4><a href=\"http:\/\/agora.xtec.cat\/iesmarti-i-pol\/ampa\/col%c2%b7laboradors-voluntaris-de-lampa\/\">Fer-se Voluntari\/a<\/a><\/h4>\n<\/td>\n<td style=\"width: 15.6809%; text-align: center;\">\n<h4><a href=\"https:\/\/agora.xtec.cat\/iesmarti-i-pol\/?page_id=4006&amp;preview=true\">La nostra acci\u00f3<\/a><\/h4>\n<\/td>\n<\/tr>\n<\/tbody>\n<\/table>\n<p>&nbsp;<\/p>\n<p><img loading=\"lazy\" decoding=\"async\" class=\"alignnone size-full wp-image-24406\" src=\"https:\/\/agora.xtec.cat\/iesmarti-i-pol\/wp-content\/uploads\/usu1292\/2023\/07\/AFA_INS_MMPOL2.jpg\" alt=\"\" width=\"328\" height=\"177\" srcset=\"https:\/\/agora.xtec.cat\/iesmarti-i-pol\/wp-content\/uploads\/usu1292\/2023\/07\/AFA_INS_MMPOL2.jpg 328w, https:\/\/agora.xtec.cat\/iesmarti-i-pol\/wp-content\/uploads\/usu1292\/2023\/07\/AFA_INS_MMPOL2-300x162.jpg 300w\" sizes=\"auto, (max-width: 328px) 100vw, 328px\" \/><\/p>\n<p>Hola fam\u00edlies!<br \/>\nAquesta \u00e9s la web de l&#8217;AFA de l&#8217;institut. Un espai per estar informades de les activitats, avisos i projectes que fem juntes per millorar la vida educativa dels nostres fills i<br \/>\nfilles.<\/p>\n<p>1. La nostra acci\u00f3<br \/>\n2.Contacte<br \/>\n3.Qui som?<br \/>\n4.Inscripci\u00f3 fam\u00edlies s\u00f2cies de l&#8217;AFA<br \/>\n5.Assemblea<\/p>\n<p>&nbsp;<\/p>\n<p>&nbsp;<\/p>\n","protected":false},"excerpt":{"rendered":"<p>&nbsp; Inici Contacte La Junta Fer-se Soci\/a Fer-se Voluntari\/a La nostra acci\u00f3 &nbsp; Hola fam\u00edlies! Aquesta \u00e9s la web de l&#8217;AFA de l&#8217;institut. Un espai per estar informades de les activitats, avisos i projectes que fem juntes per millorar la vida educativa dels nostres fills i filles. 1. La nostra acci\u00f3 2.Contacte 3.Qui som? 4.Inscripci\u00f3 [&hellip;]<\/p>\n","protected":false},"author":1,"featured_media":0,"parent":3941,"menu_order":0,"comment_status":"closed","ping_status":"closed","template":"","meta":{"_bbp_topic_count":0,"_bbp_reply_count":0,"_bbp_total_topic_count":0,"_bbp_total_reply_count":0,"_bbp_voice_count":0,"_bbp_anonymous_reply_count":0,"_bbp_topic_count_hidden":0,"_bbp_reply_count_hidden":0,"_bbp_forum_subforum_count":0,"site-sidebar-layout":"default","site-content-layout":"","ast-site-content-layout":"default","site-content-style":"default","site-sidebar-style":"default","ast-global-header-display":"","ast-banner-title-visibility":"","ast-main-header-display":"","ast-hfb-above-header-display":"","ast-hfb-below-header-display":"","ast-hfb-mobile-header-display":"","site-post-title":"","ast-breadcrumbs-content":"","ast-featured-img":"","footer-sml-layout":"","theme-transparent-header-meta":"default","adv-header-id-meta":"","stick-header-meta":"","header-above-stick-meta":"","header-main-stick-meta":"","header-below-stick-meta":"","astra-migrate-meta-layouts":"set","ast-page-background-enabled":"default","ast-page-background-meta":{"desktop":{"background-color":"var(--ast-global-color-4)","background-image":"","background-repeat":"repeat","background-position":"center center","background-size":"auto","background-attachment":"scroll","background-type":"","background-media":"","overlay-type":"","overlay-color":"","overlay-opacity":"","overlay-gradient":""},"tablet":{"background-color":"","background-image":"","background-repeat":"repeat","background-position":"center center","background-size":"auto","background-attachment":"scroll","background-type":"","background-media":"","overlay-type":"","overlay-color":"","overlay-opacity":"","overlay-gradient":""},"mobile":{"background-color":"","background-image":"","background-repeat":"repeat","background-position":"center center","background-size":"auto","background-attachment":"scroll","background-type":"","background-media":"","overlay-type":"","overlay-color":"","overlay-opacity":"","overlay-gradient":""}},"ast-content-background-meta":{"desktop":{"background-color":"var(--ast-global-color-5)","background-image":"","background-repeat":"repeat","background-position":"center center","background-size":"auto","background-attachment":"scroll","background-type":"","background-media":"","overlay-type":"","overlay-color":"","overlay-opacity":"","overlay-gradient":""},"tablet":{"background-color":"var(--ast-global-color-5)","background-image":"","background-repeat":"repeat","background-position":"center center","background-size":"auto","background-attachment":"scroll","background-type":"","background-media":"","overlay-type":"","overlay-color":"","overlay-opacity":"","overlay-gradient":""},"mobile":{"background-color":"var(--ast-global-color-5)","background-image":"","background-repeat":"repeat","background-position":"center center","background-size":"auto","background-attachment":"scroll","background-type":"","background-media":"","overlay-type":"","overlay-color":"","overlay-opacity":"","overlay-gradient":""}},"footnotes":""},"class_list":["post-3944","page","type-page","status-publish","hentry"],"post_mailing_queue_ids":[],"_links":{"self":[{"href":"https:\/\/agora.xtec.cat\/iesmarti-i-pol\/wp-json\/wp\/v2\/pages\/3944","targetHints":{"allow":["GET"]}}],"collection":[{"href":"https:\/\/agora.xtec.cat\/iesmarti-i-pol\/wp-json\/wp\/v2\/pages"}],"about":[{"href":"https:\/\/agora.xtec.cat\/iesmarti-i-pol\/wp-json\/wp\/v2\/types\/page"}],"author":[{"embeddable":true,"href":"https:\/\/agora.xtec.cat\/iesmarti-i-pol\/wp-json\/wp\/v2\/users\/1"}],"replies":[{"embeddable":true,"href":"https:\/\/agora.xtec.cat\/iesmarti-i-pol\/wp-json\/wp\/v2\/comments?post=3944"}],"version-history":[{"count":5,"href":"https:\/\/agora.xtec.cat\/iesmarti-i-pol\/wp-json\/wp\/v2\/pages\/3944\/revisions"}],"predecessor-version":[{"id":28272,"href":"https:\/\/agora.xtec.cat\/iesmarti-i-pol\/wp-json\/wp\/v2\/pages\/3944\/revisions\/28272"}],"up":[{"embeddable":true,"href":"https:\/\/agora.xtec.cat\/iesmarti-i-pol\/wp-json\/wp\/v2\/pages\/3941"}],"wp:attachment":[{"href":"https:\/\/agora.xtec.cat\/iesmarti-i-pol\/wp-json\/wp\/v2\/media?parent=3944"}],"curies":[{"name":"wp","href":"https:\/\/api.w.org\/{rel}","templated":true}]}}