{"id":3941,"date":"2017-03-13T22:12:13","date_gmt":"2017-03-13T21:12:13","guid":{"rendered":"http:\/\/agora.xtec.cat\/iesmarti-i-pol\/?page_id=3941"},"modified":"2025-10-01T06:12:21","modified_gmt":"2025-10-01T04:12:21","slug":"afa","status":"publish","type":"page","link":"https:\/\/agora.xtec.cat\/iesmarti-i-pol\/serveis\/afa\/","title":{"rendered":"AFA Ins MMPOL"},"content":{"rendered":"<p>&nbsp;<\/p>\n<table style=\"border-collapse: collapse; width: 100%;\">\n<tbody>\n<tr>\n<td style=\"width: 16.6667%; text-align: center;\">\n<h4><a href=\"https:\/\/agora.xtec.cat\/iesmarti-i-pol\/?page_id=3944&amp;preview=true\">Inici<\/a><\/h4>\n<\/td>\n<td style=\"width: 16.6667%; text-align: center;\">\n<h4><a href=\"https:\/\/agora.xtec.cat\/iesmarti-i-pol\/?page_id=3948&amp;preview=true\">Contacte<\/a><\/h4>\n<\/td>\n<td style=\"width: 15.8452%; text-align: center;\">\n<h4><a href=\"https:\/\/agora.xtec.cat\/iesmarti-i-pol\/?page_id=3953&amp;preview=true\">La Junta<\/a><\/h4>\n<\/td>\n<td style=\"width: 16.0096%; text-align: center;\">\n<h4><a href=\"https:\/\/agora.xtec.cat\/iesmarti-i-pol\/?page_id=3958&amp;preview=true\">Fer-se Soci\/a<\/a><\/h4>\n<\/td>\n<td style=\"width: 19.1311%; text-align: center;\">\n<h4><a href=\"http:\/\/agora.xtec.cat\/iesmarti-i-pol\/ampa\/col%c2%b7laboradors-voluntaris-de-lampa\/\">Fer-se Voluntari\/a<\/a><\/h4>\n<\/td>\n<td style=\"width: 15.6809%; text-align: center;\">\n<h4><a href=\"https:\/\/agora.xtec.cat\/iesmarti-i-pol\/?page_id=4006&amp;preview=true\">La nostra acci\u00f3<\/a><\/h4>\n<\/td>\n<\/tr>\n<\/tbody>\n<\/table>\n<p><a href=\"https:\/\/agora.xtec.cat\/iesmarti-i-pol\/wp-content\/uploads\/usu1292\/2025\/09\/afa.jpeg\"><img loading=\"lazy\" decoding=\"async\" class=\" wp-image-28263 aligncenter\" src=\"https:\/\/agora.xtec.cat\/iesmarti-i-pol\/wp-content\/uploads\/usu1292\/2025\/09\/afa.jpeg\" alt=\"\" width=\"628\" height=\"261\" srcset=\"https:\/\/agora.xtec.cat\/iesmarti-i-pol\/wp-content\/uploads\/usu1292\/2025\/09\/afa.jpeg 462w, https:\/\/agora.xtec.cat\/iesmarti-i-pol\/wp-content\/uploads\/usu1292\/2025\/09\/afa-300x125.jpeg 300w\" sizes=\"auto, (max-width: 628px) 100vw, 628px\" \/><\/a><\/p>\n<div>\n<div>\n<div>\n<p>&nbsp;<\/p>\n<p>Es realitzar\u00e0 anualment una<strong> convocat\u00f2ria d&#8217;assemblea<\/strong> general on es tractaran punts,tal <span style=\"font-size: 18px;\">com:<\/span><\/p>\n<\/div>\n<\/div>\n<div>\n<div>\n<p>\u00a0 \u00a0 \u00a0 \u00a0 \u00a0 \u00a0 \u00a0 \u00a0 \u00a0 \u00a0 \u00a0 \u00a0 1. Presentaci\u00f3 i liquidaci\u00f3 dels comptes de l&#8217;<span style=\"font-size: 18px;\">exercici corresponent.<\/span><\/p>\n<\/div>\n<\/div>\n<div>\n<div>\n<p>\u00a0 \u00a0 \u00a0 \u00a0 \u00a0 \u00a0 \u00a0 \u00a0 \u00a0 \u00a0 \u00a0 \u00a02. Presentaci\u00f3 dels comptes i projectes de l&#8217;AFA<span style=\"font-size: 18px;\">\u00a0per al curs escolar corresponent.<\/span><\/p>\n<\/div>\n<\/div>\n<div>\n<div>\n<p>\u00a0 \u00a0 \u00a0 \u00a0 \u00a0 \u00a0 \u00a0 \u00a0 \u00a0 \u00a0 \u00a0 \u00a03. Planificaci\u00f3 i organitzaci\u00f3 de cerim\u00f2nies de graduaci\u00f3<span style=\"font-size: 18px;\"> per l&#8217;alumnat.<\/span><\/p>\n<\/div>\n<\/div>\n<div>\n<div>\n<p>\u00a0 \u00a0 \u00a0 \u00a0 \u00a0 \u00a0 \u00a0 \u00a0 \u00a0 \u00a0 \u00a0 \u00a04. Torn obert de paraules.<\/p>\n<\/div>\n<\/div>\n<\/div>\n","protected":false},"excerpt":{"rendered":"<p>&nbsp; Inici Contacte La Junta Fer-se Soci\/a Fer-se Voluntari\/a La nostra acci\u00f3 &nbsp; Es realitzar\u00e0 anualment una convocat\u00f2ria d&#8217;assemblea general on es tractaran punts,tal com: \u00a0 \u00a0 \u00a0 \u00a0 \u00a0 \u00a0 \u00a0 \u00a0 \u00a0 \u00a0 \u00a0 \u00a0 1. Presentaci\u00f3 i liquidaci\u00f3 dels comptes de l&#8217;exercici corresponent. \u00a0 \u00a0 \u00a0 \u00a0 \u00a0 \u00a0 \u00a0 \u00a0 \u00a0 [&hellip;]<\/p>\n","protected":false},"author":1,"featured_media":0,"parent":63,"menu_order":3,"comment_status":"closed","ping_status":"closed","template":"","meta":{"_bbp_topic_count":0,"_bbp_reply_count":0,"_bbp_total_topic_count":0,"_bbp_total_reply_count":0,"_bbp_voice_count":0,"_bbp_anonymous_reply_count":0,"_bbp_topic_count_hidden":0,"_bbp_reply_count_hidden":0,"_bbp_forum_subforum_count":0,"site-sidebar-layout":"default","site-content-layout":"","ast-site-content-layout":"default","site-content-style":"default","site-sidebar-style":"default","ast-global-header-display":"","ast-banner-title-visibility":"","ast-main-header-display":"","ast-hfb-above-header-display":"","ast-hfb-below-header-display":"","ast-hfb-mobile-header-display":"","site-post-title":"","ast-breadcrumbs-content":"","ast-featured-img":"","footer-sml-layout":"","theme-transparent-header-meta":"default","adv-header-id-meta":"","stick-header-meta":"","header-above-stick-meta":"","header-main-stick-meta":"","header-below-stick-meta":"","astra-migrate-meta-layouts":"set","ast-page-background-enabled":"default","ast-page-background-meta":{"desktop":{"background-color":"var(--ast-global-color-4)","background-image":"","background-repeat":"repeat","background-position":"center center","background-size":"auto","background-attachment":"scroll","background-type":"","background-media":"","overlay-type":"","overlay-color":"","overlay-opacity":"","overlay-gradient":""},"tablet":{"background-color":"","background-image":"","background-repeat":"repeat","background-position":"center center","background-size":"auto","background-attachment":"scroll","background-type":"","background-media":"","overlay-type":"","overlay-color":"","overlay-opacity":"","overlay-gradient":""},"mobile":{"background-color":"","background-image":"","background-repeat":"repeat","background-position":"center center","background-size":"auto","background-attachment":"scroll","background-type":"","background-media":"","overlay-type":"","overlay-color":"","overlay-opacity":"","overlay-gradient":""}},"ast-content-background-meta":{"desktop":{"background-color":"var(--ast-global-color-5)","background-image":"","background-repeat":"repeat","background-position":"center center","background-size":"auto","background-attachment":"scroll","background-type":"","background-media":"","overlay-type":"","overlay-color":"","overlay-opacity":"","overlay-gradient":""},"tablet":{"background-color":"var(--ast-global-color-5)","background-image":"","background-repeat":"repeat","background-position":"center center","background-size":"auto","background-attachment":"scroll","background-type":"","background-media":"","overlay-type":"","overlay-color":"","overlay-opacity":"","overlay-gradient":""},"mobile":{"background-color":"var(--ast-global-color-5)","background-image":"","background-repeat":"repeat","background-position":"center center","background-size":"auto","background-attachment":"scroll","background-type":"","background-media":"","overlay-type":"","overlay-color":"","overlay-opacity":"","overlay-gradient":""}},"footnotes":""},"class_list":["post-3941","page","type-page","status-publish","hentry"],"post_mailing_queue_ids":[],"_links":{"self":[{"href":"https:\/\/agora.xtec.cat\/iesmarti-i-pol\/wp-json\/wp\/v2\/pages\/3941","targetHints":{"allow":["GET"]}}],"collection":[{"href":"https:\/\/agora.xtec.cat\/iesmarti-i-pol\/wp-json\/wp\/v2\/pages"}],"about":[{"href":"https:\/\/agora.xtec.cat\/iesmarti-i-pol\/wp-json\/wp\/v2\/types\/page"}],"author":[{"embeddable":true,"href":"https:\/\/agora.xtec.cat\/iesmarti-i-pol\/wp-json\/wp\/v2\/users\/1"}],"replies":[{"embeddable":true,"href":"https:\/\/agora.xtec.cat\/iesmarti-i-pol\/wp-json\/wp\/v2\/comments?post=3941"}],"version-history":[{"count":6,"href":"https:\/\/agora.xtec.cat\/iesmarti-i-pol\/wp-json\/wp\/v2\/pages\/3941\/revisions"}],"predecessor-version":[{"id":28294,"href":"https:\/\/agora.xtec.cat\/iesmarti-i-pol\/wp-json\/wp\/v2\/pages\/3941\/revisions\/28294"}],"up":[{"embeddable":true,"href":"https:\/\/agora.xtec.cat\/iesmarti-i-pol\/wp-json\/wp\/v2\/pages\/63"}],"wp:attachment":[{"href":"https:\/\/agora.xtec.cat\/iesmarti-i-pol\/wp-json\/wp\/v2\/media?parent=3941"}],"curies":[{"name":"wp","href":"https:\/\/api.w.org\/{rel}","templated":true}]}}