{"id":3751,"date":"2017-01-30T13:06:06","date_gmt":"2017-01-30T12:06:06","guid":{"rendered":"http:\/\/agora.xtec.cat\/iesmarti-i-pol\/?page_id=3751"},"modified":"2025-10-10T10:17:21","modified_gmt":"2025-10-10T08:17:21","slug":"pau-acces-a-la-universitat","status":"publish","type":"page","link":"https:\/\/agora.xtec.cat\/iesmarti-i-pol\/pau-acces-a-la-universitat\/","title":{"rendered":"Acc\u00e9s a la Universitat (i PAU)"},"content":{"rendered":"<h6 style=\"text-align: justify;\"><strong><span style=\"color: #ff0000;\">Dates de la convocat\u00f2ria ordin\u00e0ria de PAU 2026: <span style=\"color: #0000ff;\">9, 10 i 11 de juny (tribunal ordinari)<\/span><\/span><\/strong><\/h6>\n<h6 style=\"text-align: justify;\"><strong><span style=\"color: #ff0000;\"> Dates de la convocat\u00f2ria extraordin\u00e0ria de PAU 2026: <span style=\"color: #0000ff;\">2, 3 i 4 de setembre\u00a0<\/span><\/span><\/strong><\/h6>\n<p>&nbsp;<\/p>\n<h5><a href=\"https:\/\/universitats.gencat.cat\/ca\/proves-acces-PAU-PAP\/\" target=\"_blank\" rel=\"noopener\">PROVES D&#8217;ACC\u00c9S PAU. Informaci\u00f3 oficial<\/a><\/h5>\n<p><strong>Dates clau tr\u00e0mits (Matr\u00edcula)<\/strong><\/p>\n<h6><a href=\"https:\/\/universitats.gencat.cat\/ca\/preinscripcions\/sobre-preinscripcio\/ponderacions\/\" target=\"_blank\" rel=\"noopener\">Ponderacions fase espec\u00edfica<\/a><\/h6>\n<h6><a href=\"https:\/\/universitats.gencat.cat\/ca\/inici\/\">Canal Universitat<\/a><\/h6>\n<h6><a href=\"https:\/\/accesuniversitat.gencat.cat\/accesuniversitat\/login\">Portal d&#8217;acc\u00e9s a la universitat<\/a><\/h6>\n<h6><a href=\"https:\/\/universitats.gencat.cat\/ca\/proves-acces-PAU-PAP\/preparat-PAU\/\">Prepara&#8217;t les PAU<\/a><\/h6>\n<p>&nbsp;<\/p>\n<p><span style=\"color: #ff0000;\"><b>DATES PAP 2026 (Prova d\u2019Aptitud Personal per a l\u2019admissi\u00f3 als graus en Educaci\u00f3 Infantil i en Educaci\u00f3 Prim\u00e0ria)<\/b><\/span><b><u><\/u><u><\/u><\/b><\/p>\n<p><b>Convocat\u00f2ria Ordin\u00e0ria<u><\/u><u><\/u><\/b><\/p>\n<ul type=\"disc\">\n<li>Dia de la prova: dissabte 11 d&#8217;abril de 2026.<u><\/u><u><\/u><\/li>\n<\/ul>\n<p><b>Convocat\u00f2ria Extraordin\u00e0ria<u><\/u><u><\/u><\/b><\/p>\n<ul type=\"disc\">\n<li>Dia de la prova: divendres 17 de juliol de 2026.<\/li>\n<\/ul>\n","protected":false},"excerpt":{"rendered":"<p>Dates de la convocat\u00f2ria ordin\u00e0ria de PAU 2026: 9, 10 i 11 de juny (tribunal ordinari) Dates de la convocat\u00f2ria extraordin\u00e0ria de PAU 2026: 2, 3 i 4 de setembre\u00a0 &nbsp; PROVES D&#8217;ACC\u00c9S PAU. Informaci\u00f3 oficial Dates clau tr\u00e0mits (Matr\u00edcula) Ponderacions fase espec\u00edfica Canal Universitat Portal d&#8217;acc\u00e9s a la universitat Prepara&#8217;t les PAU &nbsp; DATES [&hellip;]<\/p>\n","protected":false},"author":1,"featured_media":0,"parent":0,"menu_order":0,"comment_status":"closed","ping_status":"closed","template":"","meta":{"_bbp_topic_count":0,"_bbp_reply_count":0,"_bbp_total_topic_count":0,"_bbp_total_reply_count":0,"_bbp_voice_count":0,"_bbp_anonymous_reply_count":0,"_bbp_topic_count_hidden":0,"_bbp_reply_count_hidden":0,"_bbp_forum_subforum_count":0,"site-sidebar-layout":"default","site-content-layout":"","ast-site-content-layout":"default","site-content-style":"default","site-sidebar-style":"default","ast-global-header-display":"","ast-banner-title-visibility":"","ast-main-header-display":"","ast-hfb-above-header-display":"","ast-hfb-below-header-display":"","ast-hfb-mobile-header-display":"","site-post-title":"","ast-breadcrumbs-content":"","ast-featured-img":"","footer-sml-layout":"","theme-transparent-header-meta":"default","adv-header-id-meta":"","stick-header-meta":"","header-above-stick-meta":"","header-main-stick-meta":"","header-below-stick-meta":"","astra-migrate-meta-layouts":"set","ast-page-background-enabled":"default","ast-page-background-meta":{"desktop":{"background-color":"var(--ast-global-color-4)","background-image":"","background-repeat":"repeat","background-position":"center center","background-size":"auto","background-attachment":"scroll","background-type":"","background-media":"","overlay-type":"","overlay-color":"","overlay-opacity":"","overlay-gradient":""},"tablet":{"background-color":"","background-image":"","background-repeat":"repeat","background-position":"center center","background-size":"auto","background-attachment":"scroll","background-type":"","background-media":"","overlay-type":"","overlay-color":"","overlay-opacity":"","overlay-gradient":""},"mobile":{"background-color":"","background-image":"","background-repeat":"repeat","background-position":"center center","background-size":"auto","background-attachment":"scroll","background-type":"","background-media":"","overlay-type":"","overlay-color":"","overlay-opacity":"","overlay-gradient":""}},"ast-content-background-meta":{"desktop":{"background-color":"var(--ast-global-color-5)","background-image":"","background-repeat":"repeat","background-position":"center center","background-size":"auto","background-attachment":"scroll","background-type":"","background-media":"","overlay-type":"","overlay-color":"","overlay-opacity":"","overlay-gradient":""},"tablet":{"background-color":"var(--ast-global-color-5)","background-image":"","background-repeat":"repeat","background-position":"center center","background-size":"auto","background-attachment":"scroll","background-type":"","background-media":"","overlay-type":"","overlay-color":"","overlay-opacity":"","overlay-gradient":""},"mobile":{"background-color":"var(--ast-global-color-5)","background-image":"","background-repeat":"repeat","background-position":"center center","background-size":"auto","background-attachment":"scroll","background-type":"","background-media":"","overlay-type":"","overlay-color":"","overlay-opacity":"","overlay-gradient":""}},"footnotes":""},"class_list":["post-3751","page","type-page","status-publish","hentry"],"post_mailing_queue_ids":[],"_links":{"self":[{"href":"https:\/\/agora.xtec.cat\/iesmarti-i-pol\/wp-json\/wp\/v2\/pages\/3751","targetHints":{"allow":["GET"]}}],"collection":[{"href":"https:\/\/agora.xtec.cat\/iesmarti-i-pol\/wp-json\/wp\/v2\/pages"}],"about":[{"href":"https:\/\/agora.xtec.cat\/iesmarti-i-pol\/wp-json\/wp\/v2\/types\/page"}],"author":[{"embeddable":true,"href":"https:\/\/agora.xtec.cat\/iesmarti-i-pol\/wp-json\/wp\/v2\/users\/1"}],"replies":[{"embeddable":true,"href":"https:\/\/agora.xtec.cat\/iesmarti-i-pol\/wp-json\/wp\/v2\/comments?post=3751"}],"version-history":[{"count":5,"href":"https:\/\/agora.xtec.cat\/iesmarti-i-pol\/wp-json\/wp\/v2\/pages\/3751\/revisions"}],"predecessor-version":[{"id":28312,"href":"https:\/\/agora.xtec.cat\/iesmarti-i-pol\/wp-json\/wp\/v2\/pages\/3751\/revisions\/28312"}],"wp:attachment":[{"href":"https:\/\/agora.xtec.cat\/iesmarti-i-pol\/wp-json\/wp\/v2\/media?parent=3751"}],"curies":[{"name":"wp","href":"https:\/\/api.w.org\/{rel}","templated":true}]}}