{"id":29228,"date":"2026-03-24T12:39:32","date_gmt":"2026-03-24T11:39:32","guid":{"rendered":"https:\/\/agora.xtec.cat\/iesmarti-i-pol\/?page_id=29228"},"modified":"2026-04-14T10:35:35","modified_gmt":"2026-04-14T08:35:35","slug":"calendari-complecio-abril-2026","status":"publish","type":"page","link":"https:\/\/agora.xtec.cat\/iesmarti-i-pol\/calendari-complecio-abril-2026\/","title":{"rendered":"CALENDARI COMPLECI\u00d3 ABRIL 2026"},"content":{"rendered":"<ul style=\"list-style-type: square;\">\n<li><a href=\"https:\/\/drive.google.com\/file\/d\/12YqPlcwwqjKYRTuMeeQJP3549Enwd3tn\/view?usp=drive_link\" target=\"_blank\" rel=\"noopener\">CFGM Instal\u00b7lacions El\u00e8ctriques i Automatiques<\/a><\/li>\n<li><a href=\"https:\/\/drive.google.com\/file\/d\/17u0TCPljkIhM19NA3Zov07x0o0qi5jas\/view?usp=drive_link\" target=\"_blank\" rel=\"noopener\">CFGM Fusta i Moblemament<\/a><\/li>\n<li><a href=\"https:\/\/drive.google.com\/file\/d\/1oUzvX8EpDqvajM6FW5Lq-kTMvuPC63Nz\/view?usp=drive_link\" target=\"_blank\" rel=\"noopener\">CFGS Sistemes Electrot\u00e8cnics i Automatitzats<\/a><\/li>\n<li><a href=\"https:\/\/drive.google.com\/file\/d\/14qVIS3Ow_AuyjqhMNQ25kCYTPd6e5NMx\/view?usp=drive_link\" target=\"_blank\" rel=\"noopener\">CFGS Qu\u00edmica i Salut Ambiental<\/a><\/li>\n<li><a href=\"https:\/\/drive.google.com\/file\/d\/1YOdzT8sC3ohooLJHcqSIYg9aWcV57FoC\/view?usp=drive_link\" target=\"_blank\" rel=\"noopener\">CFGS Disseny i Moblament<\/a><\/li>\n<\/ul>\n","protected":false},"excerpt":{"rendered":"<p>CFGM Instal\u00b7lacions El\u00e8ctriques i Automatiques CFGM Fusta i Moblemament CFGS Sistemes Electrot\u00e8cnics i Automatitzats CFGS Qu\u00edmica i Salut Ambiental CFGS Disseny i Moblament<\/p>\n","protected":false},"author":81,"featured_media":0,"parent":0,"menu_order":0,"comment_status":"closed","ping_status":"closed","template":"","meta":{"_bbp_topic_count":0,"_bbp_reply_count":0,"_bbp_total_topic_count":0,"_bbp_total_reply_count":0,"_bbp_voice_count":0,"_bbp_anonymous_reply_count":0,"_bbp_topic_count_hidden":0,"_bbp_reply_count_hidden":0,"_bbp_forum_subforum_count":0,"site-sidebar-layout":"default","site-content-layout":"","ast-site-content-layout":"default","site-content-style":"default","site-sidebar-style":"default","ast-global-header-display":"","ast-banner-title-visibility":"","ast-main-header-display":"","ast-hfb-above-header-display":"","ast-hfb-below-header-display":"","ast-hfb-mobile-header-display":"","site-post-title":"","ast-breadcrumbs-content":"","ast-featured-img":"","footer-sml-layout":"","theme-transparent-header-meta":"default","adv-header-id-meta":"","stick-header-meta":"","header-above-stick-meta":"","header-main-stick-meta":"","header-below-stick-meta":"","astra-migrate-meta-layouts":"set","ast-page-background-enabled":"default","ast-page-background-meta":{"desktop":{"background-color":"var(--ast-global-color-4)","background-image":"","background-repeat":"repeat","background-position":"center center","background-size":"auto","background-attachment":"scroll","background-type":"","background-media":"","overlay-type":"","overlay-color":"","overlay-opacity":"","overlay-gradient":""},"tablet":{"background-color":"","background-image":"","background-repeat":"repeat","background-position":"center center","background-size":"auto","background-attachment":"scroll","background-type":"","background-media":"","overlay-type":"","overlay-color":"","overlay-opacity":"","overlay-gradient":""},"mobile":{"background-color":"","background-image":"","background-repeat":"repeat","background-position":"center center","background-size":"auto","background-attachment":"scroll","background-type":"","background-media":"","overlay-type":"","overlay-color":"","overlay-opacity":"","overlay-gradient":""}},"ast-content-background-meta":{"desktop":{"background-color":"var(--ast-global-color-5)","background-image":"","background-repeat":"repeat","background-position":"center center","background-size":"auto","background-attachment":"scroll","background-type":"","background-media":"","overlay-type":"","overlay-color":"","overlay-opacity":"","overlay-gradient":""},"tablet":{"background-color":"var(--ast-global-color-5)","background-image":"","background-repeat":"repeat","background-position":"center center","background-size":"auto","background-attachment":"scroll","background-type":"","background-media":"","overlay-type":"","overlay-color":"","overlay-opacity":"","overlay-gradient":""},"mobile":{"background-color":"var(--ast-global-color-5)","background-image":"","background-repeat":"repeat","background-position":"center center","background-size":"auto","background-attachment":"scroll","background-type":"","background-media":"","overlay-type":"","overlay-color":"","overlay-opacity":"","overlay-gradient":""}},"footnotes":""},"class_list":["post-29228","page","type-page","status-publish","hentry"],"post_mailing_queue_ids":[],"_links":{"self":[{"href":"https:\/\/agora.xtec.cat\/iesmarti-i-pol\/wp-json\/wp\/v2\/pages\/29228","targetHints":{"allow":["GET"]}}],"collection":[{"href":"https:\/\/agora.xtec.cat\/iesmarti-i-pol\/wp-json\/wp\/v2\/pages"}],"about":[{"href":"https:\/\/agora.xtec.cat\/iesmarti-i-pol\/wp-json\/wp\/v2\/types\/page"}],"author":[{"embeddable":true,"href":"https:\/\/agora.xtec.cat\/iesmarti-i-pol\/wp-json\/wp\/v2\/users\/81"}],"replies":[{"embeddable":true,"href":"https:\/\/agora.xtec.cat\/iesmarti-i-pol\/wp-json\/wp\/v2\/comments?post=29228"}],"version-history":[{"count":6,"href":"https:\/\/agora.xtec.cat\/iesmarti-i-pol\/wp-json\/wp\/v2\/pages\/29228\/revisions"}],"predecessor-version":[{"id":29306,"href":"https:\/\/agora.xtec.cat\/iesmarti-i-pol\/wp-json\/wp\/v2\/pages\/29228\/revisions\/29306"}],"wp:attachment":[{"href":"https:\/\/agora.xtec.cat\/iesmarti-i-pol\/wp-json\/wp\/v2\/media?parent=29228"}],"curies":[{"name":"wp","href":"https:\/\/api.w.org\/{rel}","templated":true}]}}