{"id":2899,"date":"2016-06-28T16:20:52","date_gmt":"2016-06-28T15:20:52","guid":{"rendered":"http:\/\/agora.xtec.cat\/iesmarti-i-pol\/?page_id=2899"},"modified":"2019-03-18T23:56:04","modified_gmt":"2019-03-18T22:56:04","slug":"practiques","status":"publish","type":"page","link":"https:\/\/agora.xtec.cat\/iesmarti-i-pol\/formacio-professional\/informacio-general\/practiques\/","title":{"rendered":"Pr\u00e0ctiques"},"content":{"rendered":"<p><strong><span style=\"font-size: 14px;\"><span style=\"color: #cc33cc;\">Cicles formatius: formaci\u00f3 en centres de treball (FCT)<\/span> <\/span><\/strong><\/p>\n<p style=\"text-align: justify;\"><span style=\"font-size: 14px;\">En el marc de l&#8217;actual formaci\u00f3 professional, <span style=\"color: #cc33cc;\"><strong>la totalitat de cicles formatius incorporen un cr\u00e8dit denominat Formaci\u00f3 en Centres de Treball<\/strong><\/span><span class=\"texto\">, la finalitat del qual \u00e9s l&#8217;apropament entre el m\u00f3n acad\u00e8mic i el m\u00f3n laboral.<\/span><span class=\"cursivatext\"> <strong><span style=\"color: #cc33cc;\">Al batxillerat, aquest cr\u00e8dit \u00e9s optatiu<\/span><\/strong><em><span style=\"color: #cc33cc;\">. <\/span><\/em><\/span><br \/>\n<span style=\"font-size: 14px;\">El cr\u00e8dit FCT <strong><span class=\"bold\"><span style=\"color: #cc33cc;\">aconsegueix<\/span><\/span> <\/strong>que l&#8217;alumne\/a inclogui al seu curr\u00edculum els coneixements necessaris per afavorir la seva incorporaci\u00f3 al m\u00f3n laboral i, alhora, permet a l&#8217;empresa o entitat el contacte amb el m\u00f3n acad\u00e8mic i amb els seus futurs t\u00e8cnics.<\/span><\/span><\/p>\n<p style=\"text-align: justify;\"><span style=\"font-size: 14px;\">L&#8217;<strong><span class=\"bold\"><span style=\"color: #cc33cc;\">objectiu<\/span><\/span> <\/strong>que creiem m\u00e9s important, des del nostre institut, \u00e9s que els alumnes puguin posar en pr\u00e0ctica els coneixements i actituds envers la seva professi\u00f3, adquirits a l&#8217;escola, en un ambient real de treball, on es familiaritzaran amb els aven\u00e7os tecnol\u00f2gics, aix\u00ed com amb l&#8217;organitzaci\u00f3 i normativa laboral, cosa que far\u00e0 m\u00e9s f\u00e0cil la seva incorporaci\u00f3 al m\u00f3n laboral en el futur.<\/span><\/p>\n<p style=\"text-align: justify;\"><span style=\"font-size: 14px;\">L&#8217;<strong><span style=\"color: #cc33cc;\"><span class=\"bold\">avaluaci\u00f3<\/span><\/span> <\/strong>d&#8217;aquest cr\u00e8dit \u00e9s cont\u00ednua durant l&#8217;estada de l&#8217;alumne a l&#8217;empresa. Aquesta estada est\u00e0 sempre controlada per un responsable de l&#8217;empresa i tutorada pel professorat responsable de les pr\u00e0ctiques (<span class=\"cursivatext\"><em>tutor\/a de pr\u00e0ctiques<\/em><\/span>), que controla el compliment dels objectius i corregeix, si \u00e9s necessari, les defici\u00e8ncies.<\/span><\/p>\n<p style=\"text-align: justify;\"><span style=\"font-size: 14px;\">L&#8217;Institut, al marge de les eines establertes pel Departament d&#8217;Ensenyament i les entitats empresarials que han signat convenis de col\u00b7laboraci\u00f3, t\u00e9 una \u00e0mplia <\/span><strong><span style=\"color: #cc33cc; font-size: 14px;\"><span class=\"bold\">experi\u00e8ncia en contactes amb el m\u00f3n empresarial i hospitalari<\/span><\/span> <\/strong><span style=\"font-size: 14px;\">des del curs 1981-1982<\/span><\/p>\n","protected":false},"excerpt":{"rendered":"<p>Cicles formatius: formaci\u00f3 en centres de treball (FCT) En el marc de l&#8217;actual formaci\u00f3 professional, la totalitat de cicles formatius incorporen un cr\u00e8dit denominat Formaci\u00f3 en Centres de Treball, la finalitat del qual \u00e9s l&#8217;apropament entre el m\u00f3n acad\u00e8mic i el m\u00f3n laboral. Al batxillerat, aquest cr\u00e8dit \u00e9s optatiu. El cr\u00e8dit FCT aconsegueix que l&#8217;alumne\/a [&hellip;]<\/p>\n","protected":false},"author":1,"featured_media":0,"parent":2903,"menu_order":0,"comment_status":"closed","ping_status":"closed","template":"page-templates\/side-menu.php","meta":{"_bbp_topic_count":0,"_bbp_reply_count":0,"_bbp_total_topic_count":0,"_bbp_total_reply_count":0,"_bbp_voice_count":0,"_bbp_anonymous_reply_count":0,"_bbp_topic_count_hidden":0,"_bbp_reply_count_hidden":0,"_bbp_forum_subforum_count":0,"site-sidebar-layout":"default","site-content-layout":"","ast-site-content-layout":"","site-content-style":"default","site-sidebar-style":"default","ast-global-header-display":"","ast-banner-title-visibility":"","ast-main-header-display":"","ast-hfb-above-header-display":"","ast-hfb-below-header-display":"","ast-hfb-mobile-header-display":"","site-post-title":"","ast-breadcrumbs-content":"","ast-featured-img":"","footer-sml-layout":"","theme-transparent-header-meta":"","adv-header-id-meta":"","stick-header-meta":"","header-above-stick-meta":"","header-main-stick-meta":"","header-below-stick-meta":"","astra-migrate-meta-layouts":"default","ast-page-background-enabled":"default","ast-page-background-meta":{"desktop":{"background-color":"var(--ast-global-color-4)","background-image":"","background-repeat":"repeat","background-position":"center center","background-size":"auto","background-attachment":"scroll","background-type":"","background-media":"","overlay-type":"","overlay-color":"","overlay-opacity":"","overlay-gradient":""},"tablet":{"background-color":"","background-image":"","background-repeat":"repeat","background-position":"center center","background-size":"auto","background-attachment":"scroll","background-type":"","background-media":"","overlay-type":"","overlay-color":"","overlay-opacity":"","overlay-gradient":""},"mobile":{"background-color":"","background-image":"","background-repeat":"repeat","background-position":"center center","background-size":"auto","background-attachment":"scroll","background-type":"","background-media":"","overlay-type":"","overlay-color":"","overlay-opacity":"","overlay-gradient":""}},"ast-content-background-meta":{"desktop":{"background-color":"var(--ast-global-color-5)","background-image":"","background-repeat":"repeat","background-position":"center center","background-size":"auto","background-attachment":"scroll","background-type":"","background-media":"","overlay-type":"","overlay-color":"","overlay-opacity":"","overlay-gradient":""},"tablet":{"background-color":"var(--ast-global-color-5)","background-image":"","background-repeat":"repeat","background-position":"center center","background-size":"auto","background-attachment":"scroll","background-type":"","background-media":"","overlay-type":"","overlay-color":"","overlay-opacity":"","overlay-gradient":""},"mobile":{"background-color":"var(--ast-global-color-5)","background-image":"","background-repeat":"repeat","background-position":"center center","background-size":"auto","background-attachment":"scroll","background-type":"","background-media":"","overlay-type":"","overlay-color":"","overlay-opacity":"","overlay-gradient":""}},"footnotes":""},"class_list":["post-2899","page","type-page","status-publish","hentry"],"post_mailing_queue_ids":[],"_links":{"self":[{"href":"https:\/\/agora.xtec.cat\/iesmarti-i-pol\/wp-json\/wp\/v2\/pages\/2899","targetHints":{"allow":["GET"]}}],"collection":[{"href":"https:\/\/agora.xtec.cat\/iesmarti-i-pol\/wp-json\/wp\/v2\/pages"}],"about":[{"href":"https:\/\/agora.xtec.cat\/iesmarti-i-pol\/wp-json\/wp\/v2\/types\/page"}],"author":[{"embeddable":true,"href":"https:\/\/agora.xtec.cat\/iesmarti-i-pol\/wp-json\/wp\/v2\/users\/1"}],"replies":[{"embeddable":true,"href":"https:\/\/agora.xtec.cat\/iesmarti-i-pol\/wp-json\/wp\/v2\/comments?post=2899"}],"version-history":[{"count":3,"href":"https:\/\/agora.xtec.cat\/iesmarti-i-pol\/wp-json\/wp\/v2\/pages\/2899\/revisions"}],"predecessor-version":[{"id":2906,"href":"https:\/\/agora.xtec.cat\/iesmarti-i-pol\/wp-json\/wp\/v2\/pages\/2899\/revisions\/2906"}],"up":[{"embeddable":true,"href":"https:\/\/agora.xtec.cat\/iesmarti-i-pol\/wp-json\/wp\/v2\/pages\/2903"}],"wp:attachment":[{"href":"https:\/\/agora.xtec.cat\/iesmarti-i-pol\/wp-json\/wp\/v2\/media?parent=2899"}],"curies":[{"name":"wp","href":"https:\/\/api.w.org\/{rel}","templated":true}]}}