{"id":2885,"date":"2016-06-28T12:49:36","date_gmt":"2016-06-28T11:49:36","guid":{"rendered":"http:\/\/agora.xtec.cat\/iesmarti-i-pol\/?page_id=2885"},"modified":"2019-03-18T23:56:04","modified_gmt":"2019-03-18T22:56:04","slug":"informacio-general-cicles-formatius","status":"publish","type":"page","link":"https:\/\/agora.xtec.cat\/iesmarti-i-pol\/formacio-professional\/informacio-general\/informacio-general-cicles-formatius\/","title":{"rendered":"Qu\u00e8 s\u00f3n els cicles"},"content":{"rendered":"<p style=\"text-align: justify; font-size: 14px;\">Els cicles formatius s\u00f3n uns ensenyaments que es corresponen amb l&#8217;etapa de secund\u00e0ria postobligat\u00f2ria (m\u00e9s de 16 anys), pensats per formar <span style=\"color: #cc33cc;\"><strong>t\u00e8cnics i t\u00e8cniques<\/strong><\/span> -en el cas de cicles formatius de grau mitj\u00e0, als quals s&#8217;accedeix amb el graduat d&#8217;ESO- i <span style=\"color: #cc33cc;\"><strong>t\u00e8cnics i t\u00e8cniques superiors<\/strong><\/span> -en el cas dels cicles formatius de grau superior, als quals s&#8217;accedeix amb el t\u00edtol de batxillerat- en les diferents fam\u00edlies professionals: sanit\u00e0ria, electricitat-electr\u00f2nica i fusteria i moble entre d&#8217;altres.<\/p>\n<p><span style=\"color: #cc33cc; font-size: 14px;\"><strong>S\u00f3n estudis professionalitzadors<\/strong> <span style=\"color: #333333;\">que a la vegada permeten, en el cas dels cicles formatius de grau superior, la continu\u00eftat a estudis universitaris sense necessitat de passar proves d&#8217;acc\u00e9s (PAU)<\/span><\/span><span style=\"color: #333333;\">.<\/span><\/p>\n","protected":false},"excerpt":{"rendered":"<p>Els cicles formatius s\u00f3n uns ensenyaments que es corresponen amb l&#8217;etapa de secund\u00e0ria postobligat\u00f2ria (m\u00e9s de 16 anys), pensats per formar t\u00e8cnics i t\u00e8cniques -en el cas de cicles formatius de grau mitj\u00e0, als quals s&#8217;accedeix amb el graduat d&#8217;ESO- i t\u00e8cnics i t\u00e8cniques superiors -en el cas dels cicles formatius de grau superior, als [&hellip;]<\/p>\n","protected":false},"author":1,"featured_media":0,"parent":2903,"menu_order":0,"comment_status":"closed","ping_status":"closed","template":"page-templates\/side-menu.php","meta":{"_bbp_topic_count":0,"_bbp_reply_count":0,"_bbp_total_topic_count":0,"_bbp_total_reply_count":0,"_bbp_voice_count":0,"_bbp_anonymous_reply_count":0,"_bbp_topic_count_hidden":0,"_bbp_reply_count_hidden":0,"_bbp_forum_subforum_count":0,"site-sidebar-layout":"default","site-content-layout":"","ast-site-content-layout":"","site-content-style":"default","site-sidebar-style":"default","ast-global-header-display":"","ast-banner-title-visibility":"","ast-main-header-display":"","ast-hfb-above-header-display":"","ast-hfb-below-header-display":"","ast-hfb-mobile-header-display":"","site-post-title":"","ast-breadcrumbs-content":"","ast-featured-img":"","footer-sml-layout":"","theme-transparent-header-meta":"","adv-header-id-meta":"","stick-header-meta":"","header-above-stick-meta":"","header-main-stick-meta":"","header-below-stick-meta":"","astra-migrate-meta-layouts":"default","ast-page-background-enabled":"default","ast-page-background-meta":{"desktop":{"background-color":"var(--ast-global-color-4)","background-image":"","background-repeat":"repeat","background-position":"center center","background-size":"auto","background-attachment":"scroll","background-type":"","background-media":"","overlay-type":"","overlay-color":"","overlay-opacity":"","overlay-gradient":""},"tablet":{"background-color":"","background-image":"","background-repeat":"repeat","background-position":"center center","background-size":"auto","background-attachment":"scroll","background-type":"","background-media":"","overlay-type":"","overlay-color":"","overlay-opacity":"","overlay-gradient":""},"mobile":{"background-color":"","background-image":"","background-repeat":"repeat","background-position":"center center","background-size":"auto","background-attachment":"scroll","background-type":"","background-media":"","overlay-type":"","overlay-color":"","overlay-opacity":"","overlay-gradient":""}},"ast-content-background-meta":{"desktop":{"background-color":"var(--ast-global-color-5)","background-image":"","background-repeat":"repeat","background-position":"center center","background-size":"auto","background-attachment":"scroll","background-type":"","background-media":"","overlay-type":"","overlay-color":"","overlay-opacity":"","overlay-gradient":""},"tablet":{"background-color":"var(--ast-global-color-5)","background-image":"","background-repeat":"repeat","background-position":"center center","background-size":"auto","background-attachment":"scroll","background-type":"","background-media":"","overlay-type":"","overlay-color":"","overlay-opacity":"","overlay-gradient":""},"mobile":{"background-color":"var(--ast-global-color-5)","background-image":"","background-repeat":"repeat","background-position":"center center","background-size":"auto","background-attachment":"scroll","background-type":"","background-media":"","overlay-type":"","overlay-color":"","overlay-opacity":"","overlay-gradient":""}},"footnotes":""},"class_list":["post-2885","page","type-page","status-publish","hentry"],"post_mailing_queue_ids":[],"_links":{"self":[{"href":"https:\/\/agora.xtec.cat\/iesmarti-i-pol\/wp-json\/wp\/v2\/pages\/2885","targetHints":{"allow":["GET"]}}],"collection":[{"href":"https:\/\/agora.xtec.cat\/iesmarti-i-pol\/wp-json\/wp\/v2\/pages"}],"about":[{"href":"https:\/\/agora.xtec.cat\/iesmarti-i-pol\/wp-json\/wp\/v2\/types\/page"}],"author":[{"embeddable":true,"href":"https:\/\/agora.xtec.cat\/iesmarti-i-pol\/wp-json\/wp\/v2\/users\/1"}],"replies":[{"embeddable":true,"href":"https:\/\/agora.xtec.cat\/iesmarti-i-pol\/wp-json\/wp\/v2\/comments?post=2885"}],"version-history":[{"count":3,"href":"https:\/\/agora.xtec.cat\/iesmarti-i-pol\/wp-json\/wp\/v2\/pages\/2885\/revisions"}],"predecessor-version":[{"id":2895,"href":"https:\/\/agora.xtec.cat\/iesmarti-i-pol\/wp-json\/wp\/v2\/pages\/2885\/revisions\/2895"}],"up":[{"embeddable":true,"href":"https:\/\/agora.xtec.cat\/iesmarti-i-pol\/wp-json\/wp\/v2\/pages\/2903"}],"wp:attachment":[{"href":"https:\/\/agora.xtec.cat\/iesmarti-i-pol\/wp-json\/wp\/v2\/media?parent=2885"}],"curies":[{"name":"wp","href":"https:\/\/api.w.org\/{rel}","templated":true}]}}