{"id":2873,"date":"2016-06-19T16:51:39","date_gmt":"2016-06-19T15:51:39","guid":{"rendered":"http:\/\/agora.xtec.cat\/iesmarti-i-pol\/?page_id=2873"},"modified":"2026-01-29T13:47:29","modified_gmt":"2026-01-29T12:47:29","slug":"impresos-oficials","status":"publish","type":"page","link":"https:\/\/agora.xtec.cat\/iesmarti-i-pol\/secretaria\/impresos-oficials\/","title":{"rendered":"Impresos oficials"},"content":{"rendered":"<p>FORMULARIS electr\u00f2nics en format PDF<\/p>\n<p>(Una vegada tingueu tota la documentaci\u00f3 preparada (formulari, DNI, etc&#8230; segons el tr\u00e0mit pendent) heu d&#8217;enviar-ho al nostre correu: secretaria@mmpol.cat)<\/p>\n<ul style=\"list-style-type: circle;\">\n<li><span style=\"color: #000080;\"><a style=\"color: #000080;\" href=\"https:\/\/drive.google.com\/file\/d\/1O5BLKZuELcVBhVWA9uSnl82nhUlsNgy-\/view?usp=drive_link\" target=\"_blank\" rel=\"noopener noreferrer\">Sol\u00b7licitud de baixa acad\u00e8mica<\/a><\/span><\/li>\n<li><span style=\"color: #000080;\"><a style=\"color: #000080;\" href=\"https:\/\/drive.google.com\/file\/d\/1hme513bIC2oN0Q3GNxqtVyZ2DoXrAF8H\/view?usp=drive_link\" target=\"_blank\" rel=\"noopener noreferrer\">Justificant de faltes d&#8217;assist\u00e8ncia<\/a><\/span><\/li>\n<li><span style=\"color: #000080;\"><a style=\"color: #000080;\" href=\"https:\/\/drive.google.com\/file\/d\/1LCsfuPpoXm3tvoqh9XsJV5MkyQDGM9ED\/view?usp=drive_link\" target=\"_blank\" rel=\"noopener noreferrer\">Autoritzaci\u00f3 familiar\/tutorial vagues alumnat<\/a><\/span><\/li>\n<li><span style=\"color: #000080;\"><a style=\"color: #000080;\" href=\"https:\/\/drive.google.com\/file\/d\/1C7KVZI9XnNfTOEMw_7XSGb_Tv0ZC5Ufc\/view?usp=drive_link\" target=\"_blank\" rel=\"noopener noreferrer\">Comunicat de realitzaci\u00f3 de vaga (alumnat CICLES FORMATIUS)<\/a><\/span><\/li>\n<li><span style=\"color: #000080;\"><span style=\"color: #000080;\"><a style=\"color: #000080;\" href=\"https:\/\/drive.google.com\/file\/d\/1oEYpGgtIAAMmKrzdqpLGOzhmBHyoaAFw\/view?usp=drive_link\" target=\"_blank\" rel=\"noopener noreferrer\">Comunicat de realitzaci\u00f3 de vaga (alumnat ESO i batxillerat)<\/a><\/span><\/span><\/li>\n<li><span style=\"color: #000080;\"><a style=\"color: #000080;\" href=\"https:\/\/agora.xtec.cat\/iesmarti-i-pol\/wp-content\/uploads\/usu1292\/2020\/10\/2020-model-sol.licitud-nivell-equivalencia-catala_auto.pdf\" target=\"_blank\" rel=\"noopener noreferrer\">Sol\u00b7licitud del certificat d&#8217;equival\u00e8ncia de nivell (B-2 \/ C-1) de catal\u00e0<\/a><\/span><\/li>\n<li><span style=\"color: #000080;\"><span style=\"color: #000080;\"><a style=\"color: #000080;\" href=\"https:\/\/drive.google.com\/file\/d\/1kRRk0OMfvIRHUpUmYsyTV6O0RC6AAciy\/view?usp=drive_link\" target=\"_blank\" rel=\"noopener noreferrer\">Sol\u00b7licitud de certificat per ESO i batxillerat<\/a><\/span><\/span><\/li>\n<li><a href=\"https:\/\/drive.google.com\/file\/d\/1sBA6_odrPy-1i5S_urXECzHshY4sPYAd\/view?usp=sharing\" target=\"_blank\" rel=\"noopener\">Sol\u00b7licitud canvi modalitat batxillerat<\/a><\/li>\n<li><a href=\"https:\/\/drive.google.com\/file\/d\/13TBIpzEiBWl5CARgo3kUyLWGqSaFt-o7\/view?usp=sharing\" target=\"_blank\" rel=\"noopener\">Sol\u00b7licitud canvi mat\u00e8ria batxillerat\u00a0<\/a><\/li>\n<li><span style=\"color: #000080;\"><span style=\"color: #000080;\"><a style=\"color: #000080;\" href=\"https:\/\/drive.google.com\/file\/d\/1IXK4wYeHlANODBaRJJzFSdqGRUUw_n0t\/view?usp=drive_link\" target=\"_blank\" rel=\"noopener noreferrer\">Sol\u00b7licitud de certificat per cicles formatius<\/a><\/span><\/span><\/li>\n<li><span style=\"color: #000080;\"><a style=\"color: #000080;\" href=\"https:\/\/drive.google.com\/file\/d\/1bUJq7lMMjsLvUSv5OnK1l6iwy1CHOfK3\/view?usp=drive_link\" target=\"_blank\" rel=\"noopener noreferrer\">Sol\u00b7licitud de convalidacions per cicles formatius<\/a><\/span><\/li>\n<li><span style=\"color: #000080;\"><a style=\"color: #000080;\" href=\"https:\/\/drive.google.com\/file\/d\/1yOdOKDzxvBAd63Y5uEvcx9xU1rLk9CDI\/view?usp=drive_link\" target=\"_blank\" rel=\"noopener noreferrer\">Sol\u00b7licitud general<\/a><\/span><\/li>\n<li><a href=\"https:\/\/drive.google.com\/file\/d\/1CFlmz0cNJ1CnE4cRaPwb0vm2yofzYGnL\/view\" target=\"_blank\" rel=\"noopener\"><span style=\"color: #000080;\">Sol\u00b7licitud de T\u00edtol Acad\u00e8mic<\/span><\/a><\/li>\n<\/ul>\n<p>&nbsp;<\/p>\n<p>&nbsp;<\/p>\n","protected":false},"excerpt":{"rendered":"<p>FORMULARIS electr\u00f2nics en format PDF (Una vegada tingueu tota la documentaci\u00f3 preparada (formulari, DNI, etc&#8230; segons el tr\u00e0mit pendent) heu d&#8217;enviar-ho al nostre correu: secretaria@mmpol.cat) Sol\u00b7licitud de baixa acad\u00e8mica Justificant de faltes d&#8217;assist\u00e8ncia Autoritzaci\u00f3 familiar\/tutorial vagues alumnat Comunicat de realitzaci\u00f3 de vaga (alumnat CICLES FORMATIUS) Comunicat de realitzaci\u00f3 de vaga (alumnat ESO i batxillerat) Sol\u00b7licitud [&hellip;]<\/p>\n","protected":false},"author":1,"featured_media":0,"parent":81,"menu_order":0,"comment_status":"closed","ping_status":"closed","template":"","meta":{"_bbp_topic_count":0,"_bbp_reply_count":0,"_bbp_total_topic_count":0,"_bbp_total_reply_count":0,"_bbp_voice_count":0,"_bbp_anonymous_reply_count":0,"_bbp_topic_count_hidden":0,"_bbp_reply_count_hidden":0,"_bbp_forum_subforum_count":0,"site-sidebar-layout":"default","site-content-layout":"","ast-site-content-layout":"default","site-content-style":"default","site-sidebar-style":"default","ast-global-header-display":"","ast-banner-title-visibility":"","ast-main-header-display":"","ast-hfb-above-header-display":"","ast-hfb-below-header-display":"","ast-hfb-mobile-header-display":"","site-post-title":"","ast-breadcrumbs-content":"","ast-featured-img":"","footer-sml-layout":"","theme-transparent-header-meta":"default","adv-header-id-meta":"","stick-header-meta":"","header-above-stick-meta":"","header-main-stick-meta":"","header-below-stick-meta":"","astra-migrate-meta-layouts":"set","ast-page-background-enabled":"default","ast-page-background-meta":{"desktop":{"background-color":"var(--ast-global-color-4)","background-image":"","background-repeat":"repeat","background-position":"center center","background-size":"auto","background-attachment":"scroll","background-type":"","background-media":"","overlay-type":"","overlay-color":"","overlay-opacity":"","overlay-gradient":""},"tablet":{"background-color":"","background-image":"","background-repeat":"repeat","background-position":"center center","background-size":"auto","background-attachment":"scroll","background-type":"","background-media":"","overlay-type":"","overlay-color":"","overlay-opacity":"","overlay-gradient":""},"mobile":{"background-color":"","background-image":"","background-repeat":"repeat","background-position":"center center","background-size":"auto","background-attachment":"scroll","background-type":"","background-media":"","overlay-type":"","overlay-color":"","overlay-opacity":"","overlay-gradient":""}},"ast-content-background-meta":{"desktop":{"background-color":"var(--ast-global-color-5)","background-image":"","background-repeat":"repeat","background-position":"center center","background-size":"auto","background-attachment":"scroll","background-type":"","background-media":"","overlay-type":"","overlay-color":"","overlay-opacity":"","overlay-gradient":""},"tablet":{"background-color":"var(--ast-global-color-5)","background-image":"","background-repeat":"repeat","background-position":"center center","background-size":"auto","background-attachment":"scroll","background-type":"","background-media":"","overlay-type":"","overlay-color":"","overlay-opacity":"","overlay-gradient":""},"mobile":{"background-color":"var(--ast-global-color-5)","background-image":"","background-repeat":"repeat","background-position":"center center","background-size":"auto","background-attachment":"scroll","background-type":"","background-media":"","overlay-type":"","overlay-color":"","overlay-opacity":"","overlay-gradient":""}},"footnotes":""},"class_list":["post-2873","page","type-page","status-publish","hentry"],"post_mailing_queue_ids":[],"_links":{"self":[{"href":"https:\/\/agora.xtec.cat\/iesmarti-i-pol\/wp-json\/wp\/v2\/pages\/2873","targetHints":{"allow":["GET"]}}],"collection":[{"href":"https:\/\/agora.xtec.cat\/iesmarti-i-pol\/wp-json\/wp\/v2\/pages"}],"about":[{"href":"https:\/\/agora.xtec.cat\/iesmarti-i-pol\/wp-json\/wp\/v2\/types\/page"}],"author":[{"embeddable":true,"href":"https:\/\/agora.xtec.cat\/iesmarti-i-pol\/wp-json\/wp\/v2\/users\/1"}],"replies":[{"embeddable":true,"href":"https:\/\/agora.xtec.cat\/iesmarti-i-pol\/wp-json\/wp\/v2\/comments?post=2873"}],"version-history":[{"count":7,"href":"https:\/\/agora.xtec.cat\/iesmarti-i-pol\/wp-json\/wp\/v2\/pages\/2873\/revisions"}],"predecessor-version":[{"id":28727,"href":"https:\/\/agora.xtec.cat\/iesmarti-i-pol\/wp-json\/wp\/v2\/pages\/2873\/revisions\/28727"}],"up":[{"embeddable":true,"href":"https:\/\/agora.xtec.cat\/iesmarti-i-pol\/wp-json\/wp\/v2\/pages\/81"}],"wp:attachment":[{"href":"https:\/\/agora.xtec.cat\/iesmarti-i-pol\/wp-json\/wp\/v2\/media?parent=2873"}],"curies":[{"name":"wp","href":"https:\/\/api.w.org\/{rel}","templated":true}]}}