{"id":28708,"date":"2026-01-23T13:02:36","date_gmt":"2026-01-23T12:02:36","guid":{"rendered":"https:\/\/agora.xtec.cat\/iesmarti-i-pol\/?page_id=28708"},"modified":"2026-03-24T11:03:34","modified_gmt":"2026-03-24T10:03:34","slug":"complecio-2a-convocatoria","status":"publish","type":"page","link":"https:\/\/agora.xtec.cat\/iesmarti-i-pol\/complecio-2a-convocatoria\/","title":{"rendered":"COMPLECI\u00d3 2a convocat\u00f2ria"},"content":{"rendered":"<h4>Convocat\u00f2ria abril 2026<\/h4>\n<p>La inscripci\u00f3 a les proves d&#8217;avaluaci\u00f3 s&#8217;ha de dur a terme de <strong>l&#8217;1 al 15 de mar\u00e7, <\/strong>de forma presencial al centre. Permet participar en la convocat\u00f2ria d&#8217;abril.<\/p>\n<p><strong><em>L&#8217;alumnat que ja va fer matr\u00edcula a l&#8217;octubre ha de confirmar l&#8217;assist\u00e8ncia o la ren\u00fancia a la segona convocat\u00f2ria.<\/em><\/strong><\/p>\n<p>Les proves es faran del 20 a al 29 d&#8217;abril. Els m\u00f2duls que requereixin un treball escrit s&#8217;haur\u00e0 de realitzar durant el mes d&#8217;abril.<\/p>\n<p>M\u00e9s informaci\u00f3. <a href=\"https:\/\/agora.xtec.cat\/iesmarti-i-pol\/?page_id=29228&amp;preview=true\" target=\"_blank\" rel=\"noopener\"><em>Horaris<\/em><\/a><\/p>\n","protected":false},"excerpt":{"rendered":"<p>Convocat\u00f2ria abril 2026 La inscripci\u00f3 a les proves d&#8217;avaluaci\u00f3 s&#8217;ha de dur a terme de l&#8217;1 al 15 de mar\u00e7, de forma presencial al centre. Permet participar en la convocat\u00f2ria d&#8217;abril. L&#8217;alumnat que ja va fer matr\u00edcula a l&#8217;octubre ha de confirmar l&#8217;assist\u00e8ncia o la ren\u00fancia a la segona convocat\u00f2ria. Les proves es faran del [&hellip;]<\/p>\n","protected":false},"author":81,"featured_media":0,"parent":0,"menu_order":0,"comment_status":"closed","ping_status":"closed","template":"","meta":{"_bbp_topic_count":0,"_bbp_reply_count":0,"_bbp_total_topic_count":0,"_bbp_total_reply_count":0,"_bbp_voice_count":0,"_bbp_anonymous_reply_count":0,"_bbp_topic_count_hidden":0,"_bbp_reply_count_hidden":0,"_bbp_forum_subforum_count":0,"site-sidebar-layout":"default","site-content-layout":"","ast-site-content-layout":"default","site-content-style":"default","site-sidebar-style":"default","ast-global-header-display":"","ast-banner-title-visibility":"","ast-main-header-display":"","ast-hfb-above-header-display":"","ast-hfb-below-header-display":"","ast-hfb-mobile-header-display":"","site-post-title":"","ast-breadcrumbs-content":"","ast-featured-img":"","footer-sml-layout":"","theme-transparent-header-meta":"default","adv-header-id-meta":"","stick-header-meta":"","header-above-stick-meta":"","header-main-stick-meta":"","header-below-stick-meta":"","astra-migrate-meta-layouts":"set","ast-page-background-enabled":"default","ast-page-background-meta":{"desktop":{"background-color":"var(--ast-global-color-4)","background-image":"","background-repeat":"repeat","background-position":"center center","background-size":"auto","background-attachment":"scroll","background-type":"","background-media":"","overlay-type":"","overlay-color":"","overlay-opacity":"","overlay-gradient":""},"tablet":{"background-color":"","background-image":"","background-repeat":"repeat","background-position":"center center","background-size":"auto","background-attachment":"scroll","background-type":"","background-media":"","overlay-type":"","overlay-color":"","overlay-opacity":"","overlay-gradient":""},"mobile":{"background-color":"","background-image":"","background-repeat":"repeat","background-position":"center center","background-size":"auto","background-attachment":"scroll","background-type":"","background-media":"","overlay-type":"","overlay-color":"","overlay-opacity":"","overlay-gradient":""}},"ast-content-background-meta":{"desktop":{"background-color":"var(--ast-global-color-5)","background-image":"","background-repeat":"repeat","background-position":"center center","background-size":"auto","background-attachment":"scroll","background-type":"","background-media":"","overlay-type":"","overlay-color":"","overlay-opacity":"","overlay-gradient":""},"tablet":{"background-color":"var(--ast-global-color-5)","background-image":"","background-repeat":"repeat","background-position":"center center","background-size":"auto","background-attachment":"scroll","background-type":"","background-media":"","overlay-type":"","overlay-color":"","overlay-opacity":"","overlay-gradient":""},"mobile":{"background-color":"var(--ast-global-color-5)","background-image":"","background-repeat":"repeat","background-position":"center center","background-size":"auto","background-attachment":"scroll","background-type":"","background-media":"","overlay-type":"","overlay-color":"","overlay-opacity":"","overlay-gradient":""}},"footnotes":""},"class_list":["post-28708","page","type-page","status-publish","hentry"],"post_mailing_queue_ids":[],"_links":{"self":[{"href":"https:\/\/agora.xtec.cat\/iesmarti-i-pol\/wp-json\/wp\/v2\/pages\/28708","targetHints":{"allow":["GET"]}}],"collection":[{"href":"https:\/\/agora.xtec.cat\/iesmarti-i-pol\/wp-json\/wp\/v2\/pages"}],"about":[{"href":"https:\/\/agora.xtec.cat\/iesmarti-i-pol\/wp-json\/wp\/v2\/types\/page"}],"author":[{"embeddable":true,"href":"https:\/\/agora.xtec.cat\/iesmarti-i-pol\/wp-json\/wp\/v2\/users\/81"}],"replies":[{"embeddable":true,"href":"https:\/\/agora.xtec.cat\/iesmarti-i-pol\/wp-json\/wp\/v2\/comments?post=28708"}],"version-history":[{"count":6,"href":"https:\/\/agora.xtec.cat\/iesmarti-i-pol\/wp-json\/wp\/v2\/pages\/28708\/revisions"}],"predecessor-version":[{"id":29231,"href":"https:\/\/agora.xtec.cat\/iesmarti-i-pol\/wp-json\/wp\/v2\/pages\/28708\/revisions\/29231"}],"wp:attachment":[{"href":"https:\/\/agora.xtec.cat\/iesmarti-i-pol\/wp-json\/wp\/v2\/media?parent=28708"}],"curies":[{"name":"wp","href":"https:\/\/api.w.org\/{rel}","templated":true}]}}