{"id":27,"date":"2014-09-17T16:24:03","date_gmt":"2014-09-17T16:24:03","guid":{"rendered":"http:\/\/agora.xtec.cat\/iesmarti-i-pol\/?page_id=27"},"modified":"2025-04-06T21:07:06","modified_gmt":"2025-04-06T19:07:06","slug":"historia","status":"publish","type":"page","link":"https:\/\/agora.xtec.cat\/iesmarti-i-pol\/linstitut\/historia\/","title":{"rendered":"Hist\u00f2ria"},"content":{"rendered":"<table style=\"width: 98.6667%; height: 1538px;\" border=\"0\" cellspacing=\"1\" cellpadding=\"1\">\n<tbody>\n<tr>\n<td>\n<p style=\"text-align: justify;\"><span style=\"font-family: Verdana;\"><span style=\"color: #3366ff;\"><strong>L&#8217;any 1977<\/strong><\/span>, l&#8217;Ajuntament de Cornell\u00e0 i un grup de professors de l&#8217;actual Institut Esteve Terradas i Illa varen proposar a l&#8217;Administraci\u00f3 la creaci\u00f3 d&#8217;un nou centre de formaci\u00f3 professional al municipi. La idea va prosperar aix\u00ed absorbint dues especialitats de l&#8217;antic Institut, delineaci\u00f3 i electricitat, i augmentant l&#8217;oferta local amb fusta i sanitat. <span style=\"color: #3366ff;\"><strong><span class=\"bold\">L&#8217;any 1979<\/span> <\/strong><\/span>es varen iniciar les classes del &#8220;Centro de Formaci\u00f3n Profesional Cornell\u00e0-2&#8221;. <\/span><\/p>\n<p style=\"text-align: justify;\"><span style=\"font-family: Verdana;\"><span class=\"texto\"><span style=\"font-family: Verdana;\">En aquells inicis, <span style=\"color: #3366ff;\"><span class=\"cursiva\"><strong>el Centre estava instal\u00b7lat a l&#8217;antiga f\u00e0brica de Tubos Bonna al barri del Pedr\u00f3 de Cornell\u00e0<\/strong><\/span><\/span>, prop del cementiri.<\/span><\/span><\/span><\/p>\n<p style=\"text-align: justify;\">Aquells primers anys, que coincidiren amb l&#8217;\u00e8poca de la transici\u00f3 pol\u00edtica, foren uns anys de revoluci\u00f3 en l&#8217;ensenyament p\u00fablic d&#8217;aquest pa\u00eds i aquest institut, com molts d&#8217;altres, <strong><span style=\"color: #3366ff;\"><span class=\"bold\">no es va quedar enrere en la lluita dins i fora de les aules per un ensenyament digne i a l&#8217;abast de tothom<\/span><\/span><\/strong><span class=\"bold\">.<\/span><\/p>\n<p style=\"text-align: justify;\">Aquesta actitud i personalitat pr\u00f2pies de la nostra comunitat educativa ens han fet singulars i alhora<span style=\"font-family: Verdana;\"><strong> <span style=\"color: #3366ff;\"><span class=\"cursiva\">han marcat la hist\u00f2ria de l&#8217;Institut amb fets singulars:<\/span><\/span><\/strong><\/span><\/p>\n<p style=\"text-align: justify;\"><span style=\"color: #3366ff;\"><strong><span class=\"bold\">L&#8217;any 1984<\/span> <\/strong><\/span>adopt\u00e0rem el nom de Miquel Mart\u00ed i Pol, un poeta contemporani i viu, la qual cosa estava en contra de totes les tradicions pel que fa als noms dels centres.<\/p>\n<p style=\"text-align: justify;\"><span style=\"color: #3366ff;\"><strong><span class=\"bold\">El gener de l&#8217;any 1987<\/span> <\/strong><\/span>ens trasllad\u00e0vem a l&#8217;actual edifici, guardonat i ressenyat en llibres i revistes t\u00e8cniques d&#8217;arquitectura, dissenyat per l&#8217;arquitecte Emilio Donato, el qual va assumir l&#8217;enc\u00e0rrec fet pel professorat del Centre despr\u00e9s de lluitar contra la proposta inicial de l&#8217;Administraci\u00f3 de construir un centre tipus modulat.<\/p>\n<p style=\"text-align: justify;\">Despr\u00e9s, els reptes que ha afrontat l&#8217;actual Institut estan m\u00e9s lligats a l&#8217;\u00e0mbit pedag\u00f2gic i, concretament, <span style=\"color: #3366ff;\"><strong><span class=\"bold\">en l&#8217;adaptaci\u00f3 d&#8217;un antic centre d&#8217;FP<\/span> <\/strong><\/span>en un altre capa\u00e7 d&#8217;assumir tota l&#8217;oferta de la reforma educativa.<\/p>\n<p style=\"text-align: justify;\"><span style=\"color: #3366ff;\"><strong><span class=\"bold\">L&#8217;any 1991<\/span><\/strong><\/span>, Miquel Mart\u00ed i Pol ens va visitar per segon cop, ja ho havia fet a la inauguraci\u00f3 oficial del nou edifici, i ens va dedicar un poema (l&#8217;original del poema escrit a m\u00e0 est\u00e0 exposat permanentment a la biblioteca de l&#8217;Institut).<\/p>\n<p style=\"text-align: justify;\"><strong><span style=\"color: #3366ff;\"><span class=\"bold\">Al 1999<\/span><\/span><\/strong><span style=\"font-family: Verdana;\"><span class=\"texto\">, coincidint amb el setant\u00e8 aniversari del poeta i el vint\u00e8 de l&#8217;Institut, en Miquel ens va tornar a visitar i va inaugurar un mosaic de cer\u00e0mica, realitzada pel reconegut ceramista Jordi Serra, que reprodueix el poema dedicat a l&#8217;Institut. Aquest mosaic consta de dues parts i est\u00e0 col\u00b7locat al vest\u00edbul de l&#8217;Institut, la rajola que duu la firma del poeta la v\u00e0rem portar fins a casa seva a Roda de Ter perqu\u00e8 en Miquel la sign\u00e9s en persona.<\/span><\/span><\/p>\n<p style=\"text-align: justify;\"><span style=\"color: #3366ff;\"><strong><span class=\"bold\">Actualment<\/span><\/strong><\/span><span class=\"texto\"><span style=\"font-family: Verdana;\">, l&#8217;Institut continua fidel a la seva traject\u00f2ria i confiant que el futur ens porti reptes i fets tan remarcables com els viscuts fins ara. <\/span><\/span><\/p>\n<\/td>\n<\/tr>\n<\/tbody>\n<\/table>\n<p style=\"text-align: justify;\">\n","protected":false},"excerpt":{"rendered":"<p>L&#8217;any 1977, l&#8217;Ajuntament de Cornell\u00e0 i un grup de professors de l&#8217;actual Institut Esteve Terradas i Illa varen proposar a l&#8217;Administraci\u00f3 la creaci\u00f3 d&#8217;un nou centre de formaci\u00f3 professional al municipi. La idea va prosperar aix\u00ed absorbint dues especialitats de l&#8217;antic Institut, delineaci\u00f3 i electricitat, i augmentant l&#8217;oferta local amb fusta i sanitat. L&#8217;any 1979 [&hellip;]<\/p>\n","protected":false},"author":1,"featured_media":0,"parent":19,"menu_order":2,"comment_status":"closed","ping_status":"closed","template":"","meta":{"_bbp_topic_count":0,"_bbp_reply_count":0,"_bbp_total_topic_count":0,"_bbp_total_reply_count":0,"_bbp_voice_count":0,"_bbp_anonymous_reply_count":0,"_bbp_topic_count_hidden":0,"_bbp_reply_count_hidden":0,"_bbp_forum_subforum_count":0,"site-sidebar-layout":"default","site-content-layout":"","ast-site-content-layout":"default","site-content-style":"default","site-sidebar-style":"default","ast-global-header-display":"","ast-banner-title-visibility":"","ast-main-header-display":"","ast-hfb-above-header-display":"","ast-hfb-below-header-display":"","ast-hfb-mobile-header-display":"","site-post-title":"","ast-breadcrumbs-content":"","ast-featured-img":"","footer-sml-layout":"","theme-transparent-header-meta":"default","adv-header-id-meta":"","stick-header-meta":"","header-above-stick-meta":"","header-main-stick-meta":"","header-below-stick-meta":"","astra-migrate-meta-layouts":"set","ast-page-background-enabled":"default","ast-page-background-meta":{"desktop":{"background-color":"var(--ast-global-color-4)","background-image":"","background-repeat":"repeat","background-position":"center center","background-size":"auto","background-attachment":"scroll","background-type":"","background-media":"","overlay-type":"","overlay-color":"","overlay-opacity":"","overlay-gradient":""},"tablet":{"background-color":"","background-image":"","background-repeat":"repeat","background-position":"center center","background-size":"auto","background-attachment":"scroll","background-type":"","background-media":"","overlay-type":"","overlay-color":"","overlay-opacity":"","overlay-gradient":""},"mobile":{"background-color":"","background-image":"","background-repeat":"repeat","background-position":"center center","background-size":"auto","background-attachment":"scroll","background-type":"","background-media":"","overlay-type":"","overlay-color":"","overlay-opacity":"","overlay-gradient":""}},"ast-content-background-meta":{"desktop":{"background-color":"var(--ast-global-color-5)","background-image":"","background-repeat":"repeat","background-position":"center center","background-size":"auto","background-attachment":"scroll","background-type":"","background-media":"","overlay-type":"","overlay-color":"","overlay-opacity":"","overlay-gradient":""},"tablet":{"background-color":"var(--ast-global-color-5)","background-image":"","background-repeat":"repeat","background-position":"center center","background-size":"auto","background-attachment":"scroll","background-type":"","background-media":"","overlay-type":"","overlay-color":"","overlay-opacity":"","overlay-gradient":""},"mobile":{"background-color":"var(--ast-global-color-5)","background-image":"","background-repeat":"repeat","background-position":"center center","background-size":"auto","background-attachment":"scroll","background-type":"","background-media":"","overlay-type":"","overlay-color":"","overlay-opacity":"","overlay-gradient":""}},"footnotes":""},"class_list":["post-27","page","type-page","status-publish","hentry"],"post_mailing_queue_ids":[],"_links":{"self":[{"href":"https:\/\/agora.xtec.cat\/iesmarti-i-pol\/wp-json\/wp\/v2\/pages\/27","targetHints":{"allow":["GET"]}}],"collection":[{"href":"https:\/\/agora.xtec.cat\/iesmarti-i-pol\/wp-json\/wp\/v2\/pages"}],"about":[{"href":"https:\/\/agora.xtec.cat\/iesmarti-i-pol\/wp-json\/wp\/v2\/types\/page"}],"author":[{"embeddable":true,"href":"https:\/\/agora.xtec.cat\/iesmarti-i-pol\/wp-json\/wp\/v2\/users\/1"}],"replies":[{"embeddable":true,"href":"https:\/\/agora.xtec.cat\/iesmarti-i-pol\/wp-json\/wp\/v2\/comments?post=27"}],"version-history":[{"count":5,"href":"https:\/\/agora.xtec.cat\/iesmarti-i-pol\/wp-json\/wp\/v2\/pages\/27\/revisions"}],"predecessor-version":[{"id":27421,"href":"https:\/\/agora.xtec.cat\/iesmarti-i-pol\/wp-json\/wp\/v2\/pages\/27\/revisions\/27421"}],"up":[{"embeddable":true,"href":"https:\/\/agora.xtec.cat\/iesmarti-i-pol\/wp-json\/wp\/v2\/pages\/19"}],"wp:attachment":[{"href":"https:\/\/agora.xtec.cat\/iesmarti-i-pol\/wp-json\/wp\/v2\/media?parent=27"}],"curies":[{"name":"wp","href":"https:\/\/api.w.org\/{rel}","templated":true}]}}