{"id":25324,"date":"2024-03-12T10:41:14","date_gmt":"2024-03-12T09:41:14","guid":{"rendered":"https:\/\/agora.xtec.cat\/iesmarti-i-pol\/?page_id=25324"},"modified":"2024-12-12T11:12:34","modified_gmt":"2024-12-12T10:12:34","slug":"oferta-educativa","status":"publish","type":"page","link":"https:\/\/agora.xtec.cat\/iesmarti-i-pol\/linstitut\/oferta-educativa\/","title":{"rendered":"Oferta educativa"},"content":{"rendered":"<table style=\"width: 100%; border-collapse: collapse; background-color: #ffffff; height: 10px;\">\n<tbody>\n<tr style=\"height: 10px;\">\n<td style=\"width: 33.3333%; background-color: #ffffff; height: 10px;\" colspan=\"2\">\n<h3>ENSENYAMENT SECUNDARI OBLIGATORI (ESO)<\/h3>\n<\/td>\n<\/tr>\n<\/tbody>\n<\/table>\n<table style=\"border-collapse: collapse; width: 100%; height: 74px;\">\n<tbody>\n<tr style=\"height: 10px;\">\n<td style=\"width: 33.3333%; height: 10px;\" colspan=\"2\">\n<h3>BATXILLERAT<\/h3>\n<\/td>\n<\/tr>\n<tr style=\"height: 32px;\">\n<td style=\"height: 32px;\" colspan=\"2\">BATXILLERAT DE CI\u00c8NCIES I TECNOLOGIA<\/td>\n<\/tr>\n<tr style=\"height: 32px;\">\n<td style=\"width: 33.3333%; height: 32px;\" colspan=\"2\">BATXILLERAT D&#8217;HUMANITATS I CI\u00c8NCIES SOCIALS<\/td>\n<\/tr>\n<\/tbody>\n<\/table>\n<table style=\"border-collapse: collapse; width: 100%; height: 442px;\">\n<tbody>\n<tr style=\"height: 38px;\">\n<td style=\"width: 41.7475%; height: 38px;\">\n<h3>FORMACI\u00d3 PROFESSIONAL<\/h3>\n<\/td>\n<\/tr>\n<tr style=\"height: 29px;\">\n<td style=\"width: 41.7475%; height: 29px;\">\n<h5>PROGRAMA DE FORMACI\u00d3 I INSERCI\u00d3 (PFI)<\/h5>\n<\/td>\n<\/tr>\n<tr style=\"height: 19px;\">\n<td style=\"width: 41.7475%; height: 19px;\">PFI AUXILIAR DE TREBALLS EN FUSTERIA I INSTAL\u00b7LACI\u00d3 DE MOBLES<\/td>\n<\/tr>\n<tr style=\"height: 30px;\">\n<td style=\"width: 41.7475%; height: 30px;\">\n<h5>CICLES FORMATIUS DE GRAU MITJ\u00c0 (CFGM)<\/h5>\n<\/td>\n<\/tr>\n<tr style=\"height: 32px;\">\n<td style=\"width: 41.7475%; height: 32px;\">CFGM CURES AUXILIAR D&#8217;INFERMERIA<\/td>\n<\/tr>\n<tr style=\"height: 60px;\">\n<td style=\"width: 41.7475%; height: 60px;\"><span style=\"background-color: #ffffff;\">CFGM FARM\u00c0CIA I PARAFARM\u00c0CIA<\/span><\/td>\n<\/tr>\n<tr style=\"height: 32px;\">\n<td style=\"width: 41.7475%; height: 32px;\">CFGM FUSTERIA I MOBLE<\/td>\n<\/tr>\n<tr style=\"height: 32px;\">\n<td style=\"width: 41.7475%; height: 32px;\">CFGM INSTAL\u00b7LACIONS EL\u00c8CTRIQUES I AUTOM\u00c0TIQUES<\/td>\n<\/tr>\n<tr style=\"height: 10px;\">\n<td style=\"width: 41.7475%; height: 10px;\">\n<h5>CICLES FORMATIUS DE GRAU SUPERIOR<\/h5>\n<\/td>\n<\/tr>\n<tr style=\"height: 32px;\">\n<td style=\"width: 41.7475%; height: 32px;\">CFGS ANATOMIA PATOL\u00d2GICA I CITODIAGN\u00d2STIC<\/td>\n<\/tr>\n<tr style=\"height: 32px;\">\n<td style=\"width: 41.7475%; height: 32px;\"><span style=\"background-color: #f9f9f9;\">CFGS DISSENY I MOBLAMENT<\/span><\/td>\n<\/tr>\n<tr style=\"height: 32px;\">\n<td style=\"width: 41.7475%; height: 32px;\"><span style=\"background-color: #ffffff;\">CFGS LABORATORI CL\u00cdNIC I BIOM\u00c8DIC<\/span><\/td>\n<\/tr>\n<tr style=\"height: 32px;\">\n<td style=\"width: 41.7475%; height: 32px;\">CFGS QU\u00cdMICA I SALUT AMBIENTAL<\/td>\n<\/tr>\n<tr style=\"height: 32px;\">\n<td style=\"width: 41.7475%; height: 32px;\"><span style=\"background-color: #ffffff;\">CFGS SISTEMES ELECTROT\u00c8CNIS I AUTOMATITZATS<\/span><\/td>\n<\/tr>\n<\/tbody>\n<\/table>\n","protected":false},"excerpt":{"rendered":"<p>ENSENYAMENT SECUNDARI OBLIGATORI (ESO) BATXILLERAT BATXILLERAT DE CI\u00c8NCIES I TECNOLOGIA BATXILLERAT D&#8217;HUMANITATS I CI\u00c8NCIES SOCIALS FORMACI\u00d3 PROFESSIONAL PROGRAMA DE FORMACI\u00d3 I INSERCI\u00d3 (PFI) PFI AUXILIAR DE TREBALLS EN FUSTERIA I INSTAL\u00b7LACI\u00d3 DE MOBLES CICLES FORMATIUS DE GRAU MITJ\u00c0 (CFGM) CFGM CURES AUXILIAR D&#8217;INFERMERIA CFGM FARM\u00c0CIA I PARAFARM\u00c0CIA CFGM FUSTERIA I MOBLE CFGM INSTAL\u00b7LACIONS EL\u00c8CTRIQUES I [&hellip;]<\/p>\n","protected":false},"author":3,"featured_media":0,"parent":19,"menu_order":6,"comment_status":"closed","ping_status":"closed","template":"page-templates\/side-menu.php","meta":{"_bbp_topic_count":0,"_bbp_reply_count":0,"_bbp_total_topic_count":0,"_bbp_total_reply_count":0,"_bbp_voice_count":0,"_bbp_anonymous_reply_count":0,"_bbp_topic_count_hidden":0,"_bbp_reply_count_hidden":0,"_bbp_forum_subforum_count":0,"site-sidebar-layout":"default","site-content-layout":"","ast-site-content-layout":"","site-content-style":"default","site-sidebar-style":"default","ast-global-header-display":"","ast-banner-title-visibility":"","ast-main-header-display":"","ast-hfb-above-header-display":"","ast-hfb-below-header-display":"","ast-hfb-mobile-header-display":"","site-post-title":"","ast-breadcrumbs-content":"","ast-featured-img":"","footer-sml-layout":"","theme-transparent-header-meta":"","adv-header-id-meta":"","stick-header-meta":"","header-above-stick-meta":"","header-main-stick-meta":"","header-below-stick-meta":"","astra-migrate-meta-layouts":"default","ast-page-background-enabled":"default","ast-page-background-meta":{"desktop":{"background-color":"var(--ast-global-color-4)","background-image":"","background-repeat":"repeat","background-position":"center center","background-size":"auto","background-attachment":"scroll","background-type":"","background-media":"","overlay-type":"","overlay-color":"","overlay-opacity":"","overlay-gradient":""},"tablet":{"background-color":"","background-image":"","background-repeat":"repeat","background-position":"center center","background-size":"auto","background-attachment":"scroll","background-type":"","background-media":"","overlay-type":"","overlay-color":"","overlay-opacity":"","overlay-gradient":""},"mobile":{"background-color":"","background-image":"","background-repeat":"repeat","background-position":"center center","background-size":"auto","background-attachment":"scroll","background-type":"","background-media":"","overlay-type":"","overlay-color":"","overlay-opacity":"","overlay-gradient":""}},"ast-content-background-meta":{"desktop":{"background-color":"var(--ast-global-color-5)","background-image":"","background-repeat":"repeat","background-position":"center center","background-size":"auto","background-attachment":"scroll","background-type":"","background-media":"","overlay-type":"","overlay-color":"","overlay-opacity":"","overlay-gradient":""},"tablet":{"background-color":"var(--ast-global-color-5)","background-image":"","background-repeat":"repeat","background-position":"center center","background-size":"auto","background-attachment":"scroll","background-type":"","background-media":"","overlay-type":"","overlay-color":"","overlay-opacity":"","overlay-gradient":""},"mobile":{"background-color":"var(--ast-global-color-5)","background-image":"","background-repeat":"repeat","background-position":"center center","background-size":"auto","background-attachment":"scroll","background-type":"","background-media":"","overlay-type":"","overlay-color":"","overlay-opacity":"","overlay-gradient":""}},"footnotes":""},"class_list":["post-25324","page","type-page","status-publish","hentry"],"post_mailing_queue_ids":[],"_links":{"self":[{"href":"https:\/\/agora.xtec.cat\/iesmarti-i-pol\/wp-json\/wp\/v2\/pages\/25324","targetHints":{"allow":["GET"]}}],"collection":[{"href":"https:\/\/agora.xtec.cat\/iesmarti-i-pol\/wp-json\/wp\/v2\/pages"}],"about":[{"href":"https:\/\/agora.xtec.cat\/iesmarti-i-pol\/wp-json\/wp\/v2\/types\/page"}],"author":[{"embeddable":true,"href":"https:\/\/agora.xtec.cat\/iesmarti-i-pol\/wp-json\/wp\/v2\/users\/3"}],"replies":[{"embeddable":true,"href":"https:\/\/agora.xtec.cat\/iesmarti-i-pol\/wp-json\/wp\/v2\/comments?post=25324"}],"version-history":[{"count":6,"href":"https:\/\/agora.xtec.cat\/iesmarti-i-pol\/wp-json\/wp\/v2\/pages\/25324\/revisions"}],"predecessor-version":[{"id":26684,"href":"https:\/\/agora.xtec.cat\/iesmarti-i-pol\/wp-json\/wp\/v2\/pages\/25324\/revisions\/26684"}],"up":[{"embeddable":true,"href":"https:\/\/agora.xtec.cat\/iesmarti-i-pol\/wp-json\/wp\/v2\/pages\/19"}],"wp:attachment":[{"href":"https:\/\/agora.xtec.cat\/iesmarti-i-pol\/wp-json\/wp\/v2\/media?parent=25324"}],"curies":[{"name":"wp","href":"https:\/\/api.w.org\/{rel}","templated":true}]}}