{"id":25231,"date":"2024-02-29T11:03:36","date_gmt":"2024-02-29T10:03:36","guid":{"rendered":"https:\/\/agora.xtec.cat\/iesmarti-i-pol\/?page_id=25231"},"modified":"2026-04-23T09:40:44","modified_gmt":"2026-04-23T07:40:44","slug":"preinscripcio-i-matricula-cicles-formatius-de-gm-curs-2026-2027","status":"publish","type":"page","link":"https:\/\/agora.xtec.cat\/iesmarti-i-pol\/preinscripcio-i-matricula-cicles-formatius-de-gm-curs-2026-2027\/","title":{"rendered":"Preinscripci\u00f3 i matr\u00edcula Cicles Formatius de Grau Mitj\u00e0. CURS 2026-2027"},"content":{"rendered":"<p><strong><a href=\"https:\/\/preinscripcio.gencat.cat\/ca\/estudis\/fp-grau-mitja\/inici\/\" target=\"_blank\" rel=\"noopener\">Informaci\u00f3 preinscripci\u00f3 (departament d&#8217;Educaci\u00f3)<\/a><\/strong><\/p>\n<h6 class=\"NG-menu__title\"><a href=\"https:\/\/preinscripcio.gencat.cat\/ca\/estudis\/fp-grau-mitja\/informat\/consulta-notes-tall\/\" target=\"_blank\" rel=\"noopener\">Consulta les notes de tall per accedir a cicles de grau mitj\u00e0<\/a><\/h6>\n<h5><\/h5>\n<p>Cliqueu sobre les diferents actuacions per veure llistats<\/p>\n<table style=\"height: 641px; width: 64.0872%; border-collapse: collapse; border-style: solid; border-color: #000000;\">\n<tbody>\n<tr style=\"height: 32px;\">\n<td style=\"width: 44.7856%; height: 32px; border-style: solid; border-color: #000000;\">Publicaci\u00f3 oferta inicial<\/td>\n<td style=\"width: 30.163%; height: 32px; border-style: solid; border-color: #000000; text-align: center;\">22 de maig<\/td>\n<\/tr>\n<tr style=\"height: 32px;\">\n<td style=\"width: 44.7856%; height: 32px; border-style: solid; border-color: #000000;\">Presentaci\u00f3 de sol\u00b7licituds<\/td>\n<td style=\"width: 30.163%; height: 32px; border-style: solid; border-color: #000000; text-align: center;\">Del 26 de maig a l&#8217;1 de juny<\/td>\n<\/tr>\n<tr style=\"height: 32px;\">\n<td style=\"width: 44.7856%; height: 32px; border-style: solid; border-color: #000000;\">Publicaci\u00f3 llista amb la puntuaci\u00f3 provisional<\/td>\n<td style=\"width: 30.163%; height: 32px; border-style: solid; border-color: #000000; text-align: center;\">29 de juny<\/td>\n<\/tr>\n<tr style=\"height: 32px;\">\n<td style=\"width: 44.7856%; height: 32px; border-style: solid; border-color: #000000;\">Presentaci\u00f3 reclamacions<\/td>\n<td style=\"width: 30.163%; height: 32px; border-style: solid; border-color: #000000; text-align: center;\">Del 29 de juny al 2 de juliol<\/td>\n<\/tr>\n<tr style=\"height: 51px;\">\n<td style=\"width: 44.7856%; height: 51px; border-style: solid; border-color: #000000;\">Sorteig n\u00famero desempat<\/td>\n<td style=\"width: 30.163%; height: 51px; border-style: solid; border-color: #000000; text-align: center;\">6 de juliol<\/td>\n<\/tr>\n<tr style=\"height: 32px;\">\n<td style=\"width: 44.7856%; height: 32px; border-style: solid; border-color: #000000;\">Publicaci\u00f3 llista amb el barem un cop resultes les reclamacions<\/td>\n<td style=\"width: 30.163%; height: 32px; border-style: solid; border-color: #000000; text-align: center;\">7 de juliol<\/td>\n<\/tr>\n<tr style=\"height: 32px;\">\n<td style=\"width: 44.7856%; height: 32px; border-style: solid; border-color: #000000;\">Publicaci\u00f3 oferta final<\/td>\n<td style=\"width: 30.163%; height: 32px; border-style: solid; border-color: #000000; text-align: center;\">10 de juliol<\/td>\n<\/tr>\n<tr style=\"height: 32px;\">\n<td style=\"width: 44.7856%; height: 32px; border-style: solid; border-color: #000000;\"><strong>Publicaci\u00f3 de la primera tanda d&#8217;assignacions<\/strong><\/td>\n<td style=\"width: 30.163%; height: 32px; border-style: solid; border-color: #000000; text-align: center;\">10 de juliol<\/td>\n<\/tr>\n<tr style=\"height: 32px;\">\n<td style=\"width: 44.7856%; height: 32px; border-style: solid; border-color: #000000;\"><strong>Confirmaci\u00f3 matr\u00edcula (online) de la primera tanda d&#8217;assignacions (alumnat assignat en 1a petici\u00f3 i altres peticions)<\/strong><\/td>\n<td style=\"width: 30.163%; height: 32px; border-style: solid; border-color: #000000; text-align: center;\">Del 10 al 14 de juliol<\/td>\n<\/tr>\n<tr style=\"height: 34px;\">\n<td style=\"width: 44.7856%; height: 34px; border-style: solid; border-color: #000000;\"><span lang=\"CA-ES\" data-contrast=\"none\">Completar la\u00a0matr\u00edcula de la\u00a0primera\u00a0tanda d\u2019assignacions<\/span><span data-ccp-props=\"{}\">\u00a0<\/span><span lang=\"CA-ES\" data-contrast=\"none\">(alumnat assignat en 1\u00aa\u00a0petici\u00f3 i altres peticions)<\/span><span data-ccp-props=\"{}\">\u00a0<\/span><\/td>\n<td style=\"width: 30.163%; height: 34px; border-style: solid; border-color: #000000; text-align: center;\">Del 10 al 16 de juliol<\/td>\n<\/tr>\n<tr style=\"height: 53px;\">\n<td style=\"width: 44.7856%; border-style: solid; border-color: #000000; height: 53px;\">Publicaci\u00f3 de la segona tanda d&#8217;assignacions i assignaci\u00f3 d&#8217;ofici<\/td>\n<td style=\"width: 30.163%; border-style: solid; border-color: #000000; height: 53px; text-align: center;\">24 de juliol<\/td>\n<\/tr>\n<tr>\n<td style=\"width: 44.7856%; border-style: solid; border-color: #000000;\"><strong>Confirmaci\u00f3 matr\u00edcula (online) de la segona tanda d&#8217;assignacions\u00a0<\/strong><\/td>\n<td style=\"width: 30.163%; border-style: solid; border-color: #000000; text-align: center;\">Del 24 al 28 de juliol<\/td>\n<\/tr>\n<tr style=\"height: 32px;\">\n<td style=\"width: 44.7856%; height: 32px; border-style: solid; border-color: #000000;\">Completar la matr\u00edcula de la segona tanda d&#8217;assignacions<\/td>\n<td style=\"width: 30.163%; height: 32px; border-style: solid; border-color: #000000;\">Del 24 al 29 de juliol (1 al 3 de setembre excepcionalment)<\/td>\n<\/tr>\n<\/tbody>\n<\/table>\n<table style=\"height: 407px; width: 52.3568%; border-collapse: collapse; border-style: solid; border-color: #000000;\">\n<tbody>\n<tr style=\"height: 97px;\">\n<td style=\"width: 100%; height: 97px; border-style: solid; border-color: #000000;\" colspan=\"2\">\n<h4 style=\"text-align: center;\">QUOTES per a tots els cicles formatius de grau mitj\u00e0<\/h4>\n<\/td>\n<\/tr>\n<tr style=\"height: 31px;\">\n<td style=\"width: 24.1355%; height: 223px; border-style: solid; border-color: #000000;\" rowspan=\"3\">&nbsp;<\/p>\n<p>&nbsp;<\/p>\n<p>&nbsp;<\/p>\n<p style=\"text-align: center;\">Material:<\/p>\n<p>&nbsp;<\/p>\n<p>&nbsp;<\/p>\n<p>&nbsp;<\/td>\n<td style=\"width: 75.8645%; height: 31px; border-style: solid; border-color: #000000;\"><em>Cicles de <span style=\"font-weight: 400;\">Sanitat: <\/span><\/em><span style=\"font-weight: 400;\">120 \u20ac\u00a0<\/span><\/td>\n<\/tr>\n<tr style=\"height: 136px;\">\n<td style=\"width: 75.8645%; height: 136px; border-style: solid; border-color: #000000;\"><em>Cicles de Fusta:<\/em><\/p>\n<p><span style=\"font-weight: 400;\">1r curs o 1a matr\u00edcula:\u00a0 155 \u20ac <\/span><span style=\"font-weight: 400;\">(<\/span><span style=\"font-weight: 400;\">Inclou roba de taller (dessuadora o similar i samarreta))<\/span><\/p>\n<p>2n curs: 135 \u20ac (<span style=\"font-weight: 400;\">Inclou roba de taller (samarreta))<\/span><\/td>\n<\/tr>\n<tr style=\"height: 56px;\">\n<td style=\"width: 75.8645%; height: 56px; border-style: solid; border-color: #000000;\"><span style=\"font-weight: 400;\"><i>Cicles d&#8217;Electricitat: <\/i><\/span><\/p>\n<p><span style=\"font-weight: 400;\">1r curs o 1a matr\u00edcula: 130 \u20ac\u00a0<\/span><\/p>\n<p>2n curs: 110 \u20ac<\/td>\n<\/tr>\n<tr style=\"height: 57px;\">\n<td style=\"width: 24.1355%; height: 87px; border-style: solid; border-color: #000000;\" rowspan=\"2\">\n<p style=\"text-align: center;\">Asseguran\u00e7a escolar obligat\u00f2ria:<\/p>\n<\/td>\n<td style=\"width: 75.8645%; height: 57px; border-style: solid; border-color: #000000;\"><em>Menors de 28 anys amb resid\u00e8ncia legal a Espanya<\/em>: 1,12 \u20ac<\/td>\n<\/tr>\n<tr style=\"height: 30px;\">\n<td style=\"width: 75.8645%; height: 30px; border-style: solid; border-color: #000000;\"><em>Alumnat que compleix 28 anys el 2025 o sense resid\u00e8ncia legal a Espanya :<\/em> 15 \u20ac (P\u00f2lissa col\u00b7lectiva)<\/td>\n<\/tr>\n<\/tbody>\n<\/table>\n","protected":false},"excerpt":{"rendered":"<p>Informaci\u00f3 preinscripci\u00f3 (departament d&#8217;Educaci\u00f3) Consulta les notes de tall per accedir a cicles de grau mitj\u00e0 Cliqueu sobre les diferents actuacions per veure llistats Publicaci\u00f3 oferta inicial 22 de maig Presentaci\u00f3 de sol\u00b7licituds Del 26 de maig a l&#8217;1 de juny Publicaci\u00f3 llista amb la puntuaci\u00f3 provisional 29 de juny Presentaci\u00f3 reclamacions Del 29 de [&hellip;]<\/p>\n","protected":false},"author":1,"featured_media":0,"parent":0,"menu_order":0,"comment_status":"closed","ping_status":"closed","template":"","meta":{"_bbp_topic_count":0,"_bbp_reply_count":0,"_bbp_total_topic_count":0,"_bbp_total_reply_count":0,"_bbp_voice_count":0,"_bbp_anonymous_reply_count":0,"_bbp_topic_count_hidden":0,"_bbp_reply_count_hidden":0,"_bbp_forum_subforum_count":0,"site-sidebar-layout":"default","site-content-layout":"","ast-site-content-layout":"default","site-content-style":"default","site-sidebar-style":"default","ast-global-header-display":"","ast-banner-title-visibility":"","ast-main-header-display":"","ast-hfb-above-header-display":"","ast-hfb-below-header-display":"","ast-hfb-mobile-header-display":"","site-post-title":"","ast-breadcrumbs-content":"","ast-featured-img":"","footer-sml-layout":"","theme-transparent-header-meta":"default","adv-header-id-meta":"","stick-header-meta":"","header-above-stick-meta":"","header-main-stick-meta":"","header-below-stick-meta":"","astra-migrate-meta-layouts":"set","ast-page-background-enabled":"default","ast-page-background-meta":{"desktop":{"background-color":"var(--ast-global-color-4)","background-image":"","background-repeat":"repeat","background-position":"center center","background-size":"auto","background-attachment":"scroll","background-type":"","background-media":"","overlay-type":"","overlay-color":"","overlay-opacity":"","overlay-gradient":""},"tablet":{"background-color":"","background-image":"","background-repeat":"repeat","background-position":"center center","background-size":"auto","background-attachment":"scroll","background-type":"","background-media":"","overlay-type":"","overlay-color":"","overlay-opacity":"","overlay-gradient":""},"mobile":{"background-color":"","background-image":"","background-repeat":"repeat","background-position":"center center","background-size":"auto","background-attachment":"scroll","background-type":"","background-media":"","overlay-type":"","overlay-color":"","overlay-opacity":"","overlay-gradient":""}},"ast-content-background-meta":{"desktop":{"background-color":"var(--ast-global-color-5)","background-image":"","background-repeat":"repeat","background-position":"center center","background-size":"auto","background-attachment":"scroll","background-type":"","background-media":"","overlay-type":"","overlay-color":"","overlay-opacity":"","overlay-gradient":""},"tablet":{"background-color":"var(--ast-global-color-5)","background-image":"","background-repeat":"repeat","background-position":"center center","background-size":"auto","background-attachment":"scroll","background-type":"","background-media":"","overlay-type":"","overlay-color":"","overlay-opacity":"","overlay-gradient":""},"mobile":{"background-color":"var(--ast-global-color-5)","background-image":"","background-repeat":"repeat","background-position":"center center","background-size":"auto","background-attachment":"scroll","background-type":"","background-media":"","overlay-type":"","overlay-color":"","overlay-opacity":"","overlay-gradient":""}},"footnotes":""},"class_list":["post-25231","page","type-page","status-publish","hentry"],"post_mailing_queue_ids":[],"_links":{"self":[{"href":"https:\/\/agora.xtec.cat\/iesmarti-i-pol\/wp-json\/wp\/v2\/pages\/25231","targetHints":{"allow":["GET"]}}],"collection":[{"href":"https:\/\/agora.xtec.cat\/iesmarti-i-pol\/wp-json\/wp\/v2\/pages"}],"about":[{"href":"https:\/\/agora.xtec.cat\/iesmarti-i-pol\/wp-json\/wp\/v2\/types\/page"}],"author":[{"embeddable":true,"href":"https:\/\/agora.xtec.cat\/iesmarti-i-pol\/wp-json\/wp\/v2\/users\/1"}],"replies":[{"embeddable":true,"href":"https:\/\/agora.xtec.cat\/iesmarti-i-pol\/wp-json\/wp\/v2\/comments?post=25231"}],"version-history":[{"count":8,"href":"https:\/\/agora.xtec.cat\/iesmarti-i-pol\/wp-json\/wp\/v2\/pages\/25231\/revisions"}],"predecessor-version":[{"id":29435,"href":"https:\/\/agora.xtec.cat\/iesmarti-i-pol\/wp-json\/wp\/v2\/pages\/25231\/revisions\/29435"}],"wp:attachment":[{"href":"https:\/\/agora.xtec.cat\/iesmarti-i-pol\/wp-json\/wp\/v2\/media?parent=25231"}],"curies":[{"name":"wp","href":"https:\/\/api.w.org\/{rel}","templated":true}]}}