{"id":25221,"date":"2024-02-29T10:47:42","date_gmt":"2024-02-29T09:47:42","guid":{"rendered":"https:\/\/agora.xtec.cat\/iesmarti-i-pol\/?page_id=25221"},"modified":"2026-04-23T09:40:26","modified_gmt":"2026-04-23T07:40:26","slug":"preinscripcio-i-matricula-eso-curs-2026-2027","status":"publish","type":"page","link":"https:\/\/agora.xtec.cat\/iesmarti-i-pol\/preinscripcio-i-matricula-eso-curs-2026-2027\/","title":{"rendered":"Preinscripci\u00f3 i matr\u00edcula ESO curs 2026-2027"},"content":{"rendered":"<h5><a href=\"https:\/\/preinscripcio.gencat.cat\/ca\/estudis\/eso\/inici\/\" target=\"_blank\" rel=\"noopener\"><img loading=\"lazy\" decoding=\"async\" class=\"alignnone size-large wp-image-28785\" src=\"https:\/\/agora.xtec.cat\/iesmarti-i-pol\/wp-content\/uploads\/usu1292\/2026\/02\/imatge-impacte-1024x200.jpg\" alt=\"\" width=\"1024\" height=\"200\" srcset=\"https:\/\/agora.xtec.cat\/iesmarti-i-pol\/wp-content\/uploads\/usu1292\/2026\/02\/imatge-impacte-1024x200.jpg 1024w, https:\/\/agora.xtec.cat\/iesmarti-i-pol\/wp-content\/uploads\/usu1292\/2026\/02\/imatge-impacte-300x59.jpg 300w, https:\/\/agora.xtec.cat\/iesmarti-i-pol\/wp-content\/uploads\/usu1292\/2026\/02\/imatge-impacte-768x150.jpg 768w, https:\/\/agora.xtec.cat\/iesmarti-i-pol\/wp-content\/uploads\/usu1292\/2026\/02\/imatge-impacte-1536x301.jpg 1536w, https:\/\/agora.xtec.cat\/iesmarti-i-pol\/wp-content\/uploads\/usu1292\/2026\/02\/imatge-impacte.jpg 1900w\" sizes=\"auto, (max-width: 1024px) 100vw, 1024px\" \/><\/a><\/h5>\n<h5><\/h5>\n<table style=\"border-collapse: collapse; width: 100%;\">\n<tbody>\n<tr>\n<td style=\"width: 59.1596%;\">\n<h1><strong><a href=\"https:\/\/preinscripcio.gencat.cat\/ca\/estudis\/eso\/inici\/\" target=\"_blank\" rel=\"noopener\">Preinscripci\u00f3 ESO del 6 al 18 de mar\u00e7 (Departament d&#8217;Educaci\u00f3)<\/a><\/strong><\/h1>\n<p>Cliqueu sobre les actuacions per veure els llistats<\/td>\n<\/tr>\n<\/tbody>\n<\/table>\n<table class=\"aligncenter\" dir=\"ltr\" style=\"height: 837px; width: 73.1223%; border-color: #050505; border-style: solid; border-collapse: collapse;\" border=\"1\" cellspacing=\"0\" cellpadding=\"0\" data-sheets-root=\"1\">\n<colgroup>\n<col width=\"293\" \/>\n<col width=\"75\" \/>\n<col width=\"75\" \/><\/colgroup>\n<tbody>\n<tr style=\"height: 56px;\">\n<td style=\"border-style: solid; border-color: #050505; width: 65.1613%; height: 56px; background-color: #84d19f;\" data-sheets-value=\"{&quot;1&quot;:2,&quot;2&quot;:&quot;DATES PREINSCRIPCI\u00d3 I MATR\u00cdCULA&quot;}\">\n<h4>DATES PREINSCRIPCI\u00d3 I MATR\u00cdCULA<\/h4>\n<\/td>\n<td style=\"border-style: solid; border-color: #050505; width: 36.2421%; height: 56px; background-color: #84d19f;\" data-sheets-value=\"{&quot;1&quot;:2,&quot;2&quot;:&quot;ESO&quot;}\">\n<h4>ESO<\/h4>\n<\/td>\n<\/tr>\n<tr style=\"height: 53px;\">\n<td style=\"border-style: solid; border-color: #050505; width: 65.1613%; height: 53px;\" data-sheets-value=\"{&quot;1&quot;:2,&quot;2&quot;:&quot;Publicaci\u00f3 oferta inicial&quot;}\"><a href=\"https:\/\/drive.google.com\/file\/d\/1GTAbY0BKnPAa46gahgENqZsV1oQ9PCkD\/view?usp=drive_link\" target=\"_blank\" rel=\"noopener\"><strong>Publicaci\u00f3 oferta inicial<\/strong><\/a><\/td>\n<td style=\"border-style: solid; border-color: #050505; width: 36.2421%; height: 53px;\" data-sheets-value=\"{&quot;1&quot;:3,&quot;3&quot;:45356}\" data-sheets-numberformat=\"{&quot;1&quot;:5,&quot;2&quot;:&quot;dd\/mm\/yyyy&quot;,&quot;3&quot;:1}\">3 de mar\u00e7<\/td>\n<\/tr>\n<tr style=\"height: 53px;\">\n<td style=\"border-style: solid; border-color: #050505; width: 65.1613%; height: 53px;\" data-sheets-value=\"{&quot;1&quot;:2,&quot;2&quot;:&quot;PREINSCRIPCI\u00d3&quot;}\">Preinscripci\u00f3<\/p>\n<p><a href=\"https:\/\/preinscripcio.gencat.cat\/ca\/estudis\/eso\/preinscriute\/sollicitud\/\" target=\"_blank\" rel=\"noopener\">+info<\/a><\/td>\n<td style=\"border-style: solid; border-color: #050505; width: 36.2421%; height: 53px;\" data-sheets-value=\"{&quot;1&quot;:3,&quot;3&quot;:45359}\" data-sheets-numberformat=\"{&quot;1&quot;:5,&quot;2&quot;:&quot;dd\/mm\/yyyy&quot;,&quot;3&quot;:1}\">Del 06\/03\/2026 al 18\/03\/2026<\/td>\n<\/tr>\n<tr style=\"height: 114px;\">\n<td style=\"border-style: solid; border-color: #050505; width: 65.1613%; height: 114px;\" data-sheets-value=\"{&quot;1&quot;:2,&quot;2&quot;:&quot;PUBLICACI\u00d3 LLISTA DE SOL\u00b7LICITUTS PROV&quot;}\"><a href=\"https:\/\/drive.google.com\/file\/d\/1MBdQCBsunFtWil7iXEb9_c6qOYpTulIo\/view?usp=share_link\" target=\"_blank\" rel=\"noopener\"><strong>Publicaci\u00f3 sol\u00b7licituds amb puntuaci\u00f3 provisionals\u00a0<\/strong><\/a><\/td>\n<td style=\"border-style: solid; border-color: #050505; width: 36.2421%; height: 114px;\" data-sheets-value=\"{&quot;1&quot;:3,&quot;3&quot;:45399}\" data-sheets-numberformat=\"{&quot;1&quot;:5,&quot;2&quot;:&quot;dd\/mm\/yyyy&quot;,&quot;3&quot;:1}\">15 d&#8217;abril<\/td>\n<\/tr>\n<tr style=\"height: 53px;\">\n<td style=\"border-style: solid; border-color: #050505; width: 65.1613%; height: 53px;\" data-sheets-value=\"{&quot;1&quot;:2,&quot;2&quot;:&quot;RECLAMACI\u00d3 PUNTUACI\u00d3 PROVISSIONAL&quot;}\"><strong>Reclamacions a la puntuaci\u00f3\u00a0 provisional<\/strong><\/td>\n<td style=\"border-style: solid; border-color: #050505; width: 36.2421%; height: 53px;\" data-sheets-value=\"{&quot;1&quot;:3,&quot;3&quot;:45399}\" data-sheets-numberformat=\"{&quot;1&quot;:5,&quot;2&quot;:&quot;dd\/mm\/yyyy&quot;,&quot;3&quot;:1}\">Del 15 al 20 d&#8217;abril<\/td>\n<\/tr>\n<tr style=\"height: 53px;\">\n<td style=\"border-style: solid; border-color: #050505; width: 65.1613%; height: 53px;\" data-sheets-value=\"{&quot;1&quot;:2,&quot;2&quot;:&quot;PUBLICACI\u00d3 LLISTA DE SOL\u00b7LICITUTS DEF&quot;}\"><a href=\"https:\/\/drive.google.com\/file\/d\/1yMSXz6jQe_w5_GceKogdiL1Vt_2IklBv\/view?usp=drive_link\" target=\"_blank\" rel=\"noopener\"><strong>Publicaci\u00f3 sol\u00b7licituds puntuaci\u00f3 definitiva<\/strong><\/a><\/td>\n<td style=\"border-style: solid; border-color: #050505; width: 36.2421%; height: 53px;\" data-sheets-value=\"{&quot;1&quot;:3,&quot;3&quot;:45407}\" data-sheets-numberformat=\"{&quot;1&quot;:5,&quot;2&quot;:&quot;dd\/mm\/yyyy&quot;,&quot;3&quot;:1}\">23 d&#8217;abril<\/td>\n<\/tr>\n<tr style=\"height: 53px;\">\n<td style=\"border-style: solid; border-color: #050505; width: 65.1613%; height: 53px;\" data-sheets-value=\"{&quot;1&quot;:2,&quot;2&quot;:&quot;SORTEIG N. DESEMPAT&quot;}\"><strong>Sorteig de desempat<\/strong><\/td>\n<td style=\"border-style: solid; border-color: #050505; width: 36.2421%; height: 53px;\" data-sheets-value=\"{&quot;1&quot;:3,&quot;3&quot;:45412}\" data-sheets-numberformat=\"{&quot;1&quot;:5,&quot;2&quot;:&quot;dd\/mm\/yyyy&quot;,&quot;3&quot;:1}\">28 d&#8217;abril<\/td>\n<\/tr>\n<tr style=\"height: 53px;\">\n<td style=\"border-style: solid; border-color: #050505; width: 65.1613%; height: 53px;\" data-sheets-value=\"{&quot;1&quot;:2,&quot;2&quot;:&quot;PUBLICACI\u00d3 LLISTA ORDENADA&quot;}\"><strong>Publicaci\u00f3 llista ordenada<\/strong><\/td>\n<td style=\"border-style: solid; border-color: #050505; width: 36.2421%; height: 53px;\" data-sheets-value=\"{&quot;1&quot;:3,&quot;3&quot;:45414}\" data-sheets-numberformat=\"{&quot;1&quot;:5,&quot;2&quot;:&quot;dd\/mm\/yyyy&quot;,&quot;3&quot;:1}\">29 abril<\/td>\n<\/tr>\n<tr style=\"height: 53px;\">\n<td style=\"border-style: solid; border-color: #050505; width: 65.1613%; height: 53px;\" data-sheets-value=\"{&quot;1&quot;:2,&quot;2&quot;:&quot;Publicaci\u00f3 oferta final&quot;}\"><strong>Publicaci\u00f3 oferta final<\/strong><\/td>\n<td style=\"border-style: solid; border-color: #050505; width: 36.2421%; height: 53px;\" data-sheets-value=\"{&quot;1&quot;:3,&quot;3&quot;:45450}\" data-sheets-numberformat=\"{&quot;1&quot;:5,&quot;2&quot;:&quot;dd\/mm\/yyyy&quot;,&quot;3&quot;:1}\">10 juny<\/td>\n<\/tr>\n<tr style=\"height: 190px;\">\n<td style=\"border-style: solid; border-color: #050505; width: 65.1613%; height: 190px;\" data-sheets-value=\"{&quot;1&quot;:2,&quot;2&quot;:&quot;Publicaci\u00f3 admesos i lllista espera&quot;}\"><strong>Publicaci\u00f3 alumnat assignat al centre amb indicaci\u00f3 de la primera petici\u00f3\u00a0, rebreu un correu amb les indicacions de com heu de fer la matr\u00edcula.<\/strong><\/p>\n<p><strong>Publicaci\u00f3 alumnes preinscrits <\/strong><strong style=\"font-size: 16px; font-family: inherit;\">i\u00a0 llista espera<\/strong><\/td>\n<td style=\"border-style: solid; border-color: #050505; width: 36.2421%; height: 190px;\" data-sheets-value=\"{&quot;1&quot;:3,&quot;3&quot;:45453}\" data-sheets-numberformat=\"{&quot;1&quot;:5,&quot;2&quot;:&quot;dd\/mm\/yyyy&quot;,&quot;3&quot;:1}\">10 juny<\/td>\n<\/tr>\n<tr style=\"height: 53px;\">\n<td style=\"border-style: solid; border-color: #050505; width: 65.1613%; height: 53px;\" data-sheets-value=\"{&quot;1&quot;:2,&quot;2&quot;:&quot;Matr\u00edcula&quot;}\"><strong>Matr\u00edcula<\/strong><\/td>\n<td style=\"border-style: solid; border-color: #050505; width: 36.2421%; height: 53px;\" data-sheets-value=\"{&quot;1&quot;:3,&quot;3&quot;:45461}\" data-sheets-numberformat=\"{&quot;1&quot;:5,&quot;2&quot;:&quot;dd\/mm\/yyyy&quot;,&quot;3&quot;:1}\">Del 22 al 30 de juny<\/td>\n<\/tr>\n<\/tbody>\n<\/table>\n<p>&nbsp;<\/p>\n<table style=\"border-collapse: collapse; width: 100%;\">\n<tbody>\n<tr>\n<td style=\"width: 100%;\">\n<pre><strong>Centres Adscrits: <\/strong>Escola Suris, Escola Anselm Clav\u00e9, Escola Dolors Almeda, Escola Martinet, Escola l'Areny i Escola Abat Oliba\r\n\r\n<strong>Quota 1r i 2n d'ESO: 115\u20ac. <\/strong>Inclou materials, activitats complement\u00e0ries, sortides pedag\u00f2giques i tutorials\r\n\r\n<strong>Quota 3r i 4t d'ESO: 115 \u20ac + 1,12 \u20ac.<\/strong> Inclou materials, activitats complement\u00e0ries, sortides pedag\u00f2giques i tutorials m\u00e9s l'asseguran\u00e7a escolar obligat\u00f2ria a 3r i 4t.<\/pre>\n<\/td>\n<\/tr>\n<\/tbody>\n<\/table>\n","protected":false},"excerpt":{"rendered":"<p>Preinscripci\u00f3 ESO del 6 al 18 de mar\u00e7 (Departament d&#8217;Educaci\u00f3) Cliqueu sobre les actuacions per veure els llistats DATES PREINSCRIPCI\u00d3 I MATR\u00cdCULA ESO Publicaci\u00f3 oferta inicial 3 de mar\u00e7 Preinscripci\u00f3 +info Del 06\/03\/2026 al 18\/03\/2026 Publicaci\u00f3 sol\u00b7licituds amb puntuaci\u00f3 provisionals\u00a0 15 d&#8217;abril Reclamacions a la puntuaci\u00f3\u00a0 provisional Del 15 al 20 d&#8217;abril Publicaci\u00f3 sol\u00b7licituds puntuaci\u00f3 [&hellip;]<\/p>\n","protected":false},"author":1,"featured_media":0,"parent":0,"menu_order":0,"comment_status":"closed","ping_status":"closed","template":"","meta":{"_bbp_topic_count":0,"_bbp_reply_count":0,"_bbp_total_topic_count":0,"_bbp_total_reply_count":0,"_bbp_voice_count":0,"_bbp_anonymous_reply_count":0,"_bbp_topic_count_hidden":0,"_bbp_reply_count_hidden":0,"_bbp_forum_subforum_count":0,"site-sidebar-layout":"default","site-content-layout":"","ast-site-content-layout":"default","site-content-style":"default","site-sidebar-style":"default","ast-global-header-display":"","ast-banner-title-visibility":"","ast-main-header-display":"","ast-hfb-above-header-display":"","ast-hfb-below-header-display":"","ast-hfb-mobile-header-display":"","site-post-title":"","ast-breadcrumbs-content":"","ast-featured-img":"","footer-sml-layout":"","theme-transparent-header-meta":"default","adv-header-id-meta":"","stick-header-meta":"","header-above-stick-meta":"","header-main-stick-meta":"","header-below-stick-meta":"","astra-migrate-meta-layouts":"set","ast-page-background-enabled":"default","ast-page-background-meta":{"desktop":{"background-color":"var(--ast-global-color-4)","background-image":"","background-repeat":"repeat","background-position":"center center","background-size":"auto","background-attachment":"scroll","background-type":"","background-media":"","overlay-type":"","overlay-color":"","overlay-opacity":"","overlay-gradient":""},"tablet":{"background-color":"","background-image":"","background-repeat":"repeat","background-position":"center center","background-size":"auto","background-attachment":"scroll","background-type":"","background-media":"","overlay-type":"","overlay-color":"","overlay-opacity":"","overlay-gradient":""},"mobile":{"background-color":"","background-image":"","background-repeat":"repeat","background-position":"center center","background-size":"auto","background-attachment":"scroll","background-type":"","background-media":"","overlay-type":"","overlay-color":"","overlay-opacity":"","overlay-gradient":""}},"ast-content-background-meta":{"desktop":{"background-color":"var(--ast-global-color-5)","background-image":"","background-repeat":"repeat","background-position":"center center","background-size":"auto","background-attachment":"scroll","background-type":"","background-media":"","overlay-type":"","overlay-color":"","overlay-opacity":"","overlay-gradient":""},"tablet":{"background-color":"var(--ast-global-color-5)","background-image":"","background-repeat":"repeat","background-position":"center center","background-size":"auto","background-attachment":"scroll","background-type":"","background-media":"","overlay-type":"","overlay-color":"","overlay-opacity":"","overlay-gradient":""},"mobile":{"background-color":"var(--ast-global-color-5)","background-image":"","background-repeat":"repeat","background-position":"center center","background-size":"auto","background-attachment":"scroll","background-type":"","background-media":"","overlay-type":"","overlay-color":"","overlay-opacity":"","overlay-gradient":""}},"footnotes":""},"class_list":["post-25221","page","type-page","status-publish","hentry"],"post_mailing_queue_ids":[],"_links":{"self":[{"href":"https:\/\/agora.xtec.cat\/iesmarti-i-pol\/wp-json\/wp\/v2\/pages\/25221","targetHints":{"allow":["GET"]}}],"collection":[{"href":"https:\/\/agora.xtec.cat\/iesmarti-i-pol\/wp-json\/wp\/v2\/pages"}],"about":[{"href":"https:\/\/agora.xtec.cat\/iesmarti-i-pol\/wp-json\/wp\/v2\/types\/page"}],"author":[{"embeddable":true,"href":"https:\/\/agora.xtec.cat\/iesmarti-i-pol\/wp-json\/wp\/v2\/users\/1"}],"replies":[{"embeddable":true,"href":"https:\/\/agora.xtec.cat\/iesmarti-i-pol\/wp-json\/wp\/v2\/comments?post=25221"}],"version-history":[{"count":8,"href":"https:\/\/agora.xtec.cat\/iesmarti-i-pol\/wp-json\/wp\/v2\/pages\/25221\/revisions"}],"predecessor-version":[{"id":29426,"href":"https:\/\/agora.xtec.cat\/iesmarti-i-pol\/wp-json\/wp\/v2\/pages\/25221\/revisions\/29426"}],"wp:attachment":[{"href":"https:\/\/agora.xtec.cat\/iesmarti-i-pol\/wp-json\/wp\/v2\/media?parent=25221"}],"curies":[{"name":"wp","href":"https:\/\/api.w.org\/{rel}","templated":true}]}}