{"id":24716,"date":"2023-11-27T14:16:25","date_gmt":"2023-11-27T13:16:25","guid":{"rendered":"https:\/\/agora.xtec.cat\/iesmarti-i-pol\/?page_id=24716"},"modified":"2023-11-28T14:34:59","modified_gmt":"2023-11-28T13:34:59","slug":"formacio-de-lambit-digital-per-a-adults-i-joves","status":"publish","type":"page","link":"https:\/\/agora.xtec.cat\/iesmarti-i-pol\/formacio-de-lambit-digital-per-a-adults-i-joves\/","title":{"rendered":"Formaci\u00f3 de l&#8217;\u00e0mbit digital per a adults i joves"},"content":{"rendered":"<table style=\"width: 100%; border-collapse: collapse; border-style: none; height: 1221px;\">\n<tbody>\n<tr style=\"height: 132px;\">\n<td style=\"width: 50%; border-style: hidden; height: 132px;\"><img loading=\"lazy\" decoding=\"async\" class=\"alignnone wp-image-24723\" src=\"https:\/\/agora.xtec.cat\/iesmarti-i-pol\/wp-content\/uploads\/usu1292\/2023\/11\/centre.jpg\" alt=\"\" width=\"240\" height=\"87\" srcset=\"https:\/\/agora.xtec.cat\/iesmarti-i-pol\/wp-content\/uploads\/usu1292\/2023\/11\/centre.jpg 955w, https:\/\/agora.xtec.cat\/iesmarti-i-pol\/wp-content\/uploads\/usu1292\/2023\/11\/centre-300x109.jpg 300w, https:\/\/agora.xtec.cat\/iesmarti-i-pol\/wp-content\/uploads\/usu1292\/2023\/11\/centre-768x278.jpg 768w\" sizes=\"auto, (max-width: 240px) 100vw, 240px\" \/><\/td>\n<td style=\"width: 50%; border-style: hidden; height: 132px;\"><img loading=\"lazy\" decoding=\"async\" class=\" wp-image-15153 alignright\" src=\"https:\/\/agora.xtec.cat\/iesmarti-i-pol\/wp-content\/uploads\/usu1292\/2020\/02\/logo-institut.png\" alt=\"\" width=\"181\" height=\"103\" \/><strong style=\"background-color: #f9f9f9;\"><br \/>\n<\/strong><\/td>\n<\/tr>\n<tr>\n<td style=\"width: 100%; border-style: hidden; text-align: center;\" colspan=\"2\">\n<h4><strong style=\"background-color: #f9f9f9;\">CURSOS DE FORMACI\u00d3 EN DIGITALITZACI\u00d3 GRATU\u00cfTS<\/strong><\/h4>\n<\/td>\n<\/tr>\n<tr style=\"height: 132px;\">\n<td style=\"width: 50%; border-style: hidden; height: 964px;\" rowspan=\"5\"><a href=\"https:\/\/drive.google.com\/file\/d\/1jkHDmqQIqj_p_-024_Fw96O7yZtC_GnL\/view?usp=drive_link\"><img loading=\"lazy\" decoding=\"async\" class=\"alignnone size-large wp-image-24721 aligncenter\" src=\"https:\/\/agora.xtec.cat\/iesmarti-i-pol\/wp-content\/uploads\/usu1292\/2023\/11\/F-DIGITAL-CARTELL-DA-ONLINE_Amb-logos-724x1024.jpg\" alt=\"\" width=\"724\" height=\"1024\" srcset=\"https:\/\/agora.xtec.cat\/iesmarti-i-pol\/wp-content\/uploads\/usu1292\/2023\/11\/F-DIGITAL-CARTELL-DA-ONLINE_Amb-logos-724x1024.jpg 724w, https:\/\/agora.xtec.cat\/iesmarti-i-pol\/wp-content\/uploads\/usu1292\/2023\/11\/F-DIGITAL-CARTELL-DA-ONLINE_Amb-logos-212x300.jpg 212w, https:\/\/agora.xtec.cat\/iesmarti-i-pol\/wp-content\/uploads\/usu1292\/2023\/11\/F-DIGITAL-CARTELL-DA-ONLINE_Amb-logos-768x1086.jpg 768w, https:\/\/agora.xtec.cat\/iesmarti-i-pol\/wp-content\/uploads\/usu1292\/2023\/11\/F-DIGITAL-CARTELL-DA-ONLINE_Amb-logos-1086x1536.jpg 1086w, https:\/\/agora.xtec.cat\/iesmarti-i-pol\/wp-content\/uploads\/usu1292\/2023\/11\/F-DIGITAL-CARTELL-DA-ONLINE_Amb-logos-1448x2048.jpg 1448w, https:\/\/agora.xtec.cat\/iesmarti-i-pol\/wp-content\/uploads\/usu1292\/2023\/11\/F-DIGITAL-CARTELL-DA-ONLINE_Amb-logos-scaled.jpg 1811w\" sizes=\"auto, (max-width: 724px) 100vw, 724px\" \/><\/a><\/p>\n<p>Inscripcions obertes, adre\u00e7at o truca al nostre centre: 933775657<\/td>\n<td style=\"width: 50%; border-style: hidden; height: 132px;\"><strong style=\"background-color: #f9f9f9;\">Curs 1<\/strong><b style=\"background-color: #f9f9f9;\">: Descobrim el m\u00f3n digital, (15 hores),\u00a0<\/b>dirigit a persones que fan un \u00fas espor\u00e0dic de les eines digitals: descobrim el m\u00f2bil, la primera trucada, qu\u00e8 hi ha alg\u00fa? I el poso al meu gust&#8230;<\/p>\n<p><strong><a href=\"https:\/\/docs.google.com\/forms\/d\/e\/1FAIpQLSfsc8yLB1cYgHKxQsPpKXroljNCg6Xdlv5Za-Qt7_SaFEY1Gg\/viewform?usp=sf_link\">Inscripcions<\/a><\/strong><\/td>\n<\/tr>\n<tr style=\"height: 177px;\">\n<td style=\"width: 50%; border-style: hidden; height: 177px;\"><strong>Curs 2<b>: Ens movem pel m\u00f3n digital, (15 hores)\u00a0<\/b><\/strong>per a persones que utilitzen algunes eines digitals de forma regular, per\u00f2 que no s\u00f3n aut\u00f2nomes per donar-los nous usos: el meu primer correu, faig fotos i v\u00eddeos, la immensitat digital i ull, vigilem el que fem i diem&#8230;<\/p>\n<p><strong><a href=\"https:\/\/docs.google.com\/forms\/d\/e\/1FAIpQLSfsc8yLB1cYgHKxQsPpKXroljNCg6Xdlv5Za-Qt7_SaFEY1Gg\/viewform?usp=sf_link\">Inscripcions<\/a><\/strong><\/td>\n<\/tr>\n<tr style=\"height: 177px;\">\n<td style=\"width: 50%; border-style: hidden; height: 177px;\"><b>Curs 3<\/b><b>: Ens endinsem en el m\u00f3n digital, (15 hores)\u00a0<\/b>per a persones amb autonomia digital que volen aprofundir en la seves compet\u00e8ncies: com puc anar a&#8230;, tot a la butxaca, guardem i compartim i relaxem-nos i gaudim&#8230;<\/p>\n<p><strong><a href=\"https:\/\/docs.google.com\/forms\/d\/e\/1FAIpQLSfsc8yLB1cYgHKxQsPpKXroljNCg6Xdlv5Za-Qt7_SaFEY1Gg\/viewform?usp=sf_link\">Inscripcions<\/a><\/strong><\/td>\n<\/tr>\n<tr style=\"height: 345px;\">\n<td style=\"width: 50%; border-style: hidden; height: 345px; background-color: #eaedab;\"><b>Curs 4: Digitalitzaci\u00f3 aplicada a l&#8217;entorn professional (30 hores),<\/b> adre\u00e7at a persones amb compet\u00e8ncies digitals en l\u2019\u00e0mbit personal que vulguin ampliar-les a l&#8217;entorn\u00a0\u00a0professional.\u00a0\u00a0<wbr \/>Aquest curs consta de dos mo\u0300duls de\u00a0\u00a015\u00a0\u00a0hores\u00a0<b>(\u00a030 hores)<\/b> En aquest curs, s\u2019obtenen compete\u0300ncies i habilitats a trave\u0301s de diferents accions formatives. Horari: dilluns de 17h30&#8242; a 20h.<\/p>\n<p><a href=\"https:\/\/docs.google.com\/forms\/d\/e\/1FAIpQLScmJG2kwIsS716oywI9CGw8WHhgKU_KK6nwKixm-IYj9hcWzQ\/viewform?usp=sf_link\" target=\"_blank\" rel=\"noopener\"><span style=\"text-decoration: underline;\"><strong> Inscripcions<\/strong><\/span><\/a><\/td>\n<\/tr>\n<tr style=\"height: 133px;\">\n<td style=\"width: 50%; border-style: hidden; height: 133px;\"><strong>Curs 5: Digitalitzaci\u00f3 en la ind\u00fastria, els serveis i la comunicaci\u00f3 (15 hores), <\/strong>Adre\u00e7at a persones amb compet\u00e8ncies digitals en l\u2019\u00e0mbit personal que vulguin ampliar-les a l&#8217;entorn\u00a0\u00a0professional<\/td>\n<\/tr>\n<tr style=\"height: 94px;\">\n<td style=\"width: 100%; border-style: hidden; height: 94px;\" colspan=\"2\"><img loading=\"lazy\" decoding=\"async\" class=\" wp-image-24724 aligncenter\" src=\"https:\/\/agora.xtec.cat\/iesmarti-i-pol\/wp-content\/uploads\/usu1292\/2023\/11\/logos-capacitacio.jpg\" alt=\"\" width=\"558\" height=\"63\" srcset=\"https:\/\/agora.xtec.cat\/iesmarti-i-pol\/wp-content\/uploads\/usu1292\/2023\/11\/logos-capacitacio.jpg 567w, https:\/\/agora.xtec.cat\/iesmarti-i-pol\/wp-content\/uploads\/usu1292\/2023\/11\/logos-capacitacio-300x34.jpg 300w\" sizes=\"auto, (max-width: 558px) 100vw, 558px\" \/><strong><br \/>\n<\/strong><\/td>\n<\/tr>\n<\/tbody>\n<\/table>\n<p style=\"text-align: left;\">\n","protected":false},"excerpt":{"rendered":"<p>CURSOS DE FORMACI\u00d3 EN DIGITALITZACI\u00d3 GRATU\u00cfTS Inscripcions obertes, adre\u00e7at o truca al nostre centre: 933775657 Curs 1: Descobrim el m\u00f3n digital, (15 hores),\u00a0dirigit a persones que fan un \u00fas espor\u00e0dic de les eines digitals: descobrim el m\u00f2bil, la primera trucada, qu\u00e8 hi ha alg\u00fa? I el poso al meu gust&#8230; Inscripcions Curs 2: Ens movem [&hellip;]<\/p>\n","protected":false},"author":1,"featured_media":0,"parent":0,"menu_order":0,"comment_status":"closed","ping_status":"closed","template":"","meta":{"_bbp_topic_count":0,"_bbp_reply_count":0,"_bbp_total_topic_count":0,"_bbp_total_reply_count":0,"_bbp_voice_count":0,"_bbp_anonymous_reply_count":0,"_bbp_topic_count_hidden":0,"_bbp_reply_count_hidden":0,"_bbp_forum_subforum_count":0,"site-sidebar-layout":"default","site-content-layout":"","ast-site-content-layout":"","site-content-style":"default","site-sidebar-style":"default","ast-global-header-display":"","ast-banner-title-visibility":"","ast-main-header-display":"","ast-hfb-above-header-display":"","ast-hfb-below-header-display":"","ast-hfb-mobile-header-display":"","site-post-title":"","ast-breadcrumbs-content":"","ast-featured-img":"","footer-sml-layout":"","theme-transparent-header-meta":"","adv-header-id-meta":"","stick-header-meta":"","header-above-stick-meta":"","header-main-stick-meta":"","header-below-stick-meta":"","astra-migrate-meta-layouts":"default","ast-page-background-enabled":"default","ast-page-background-meta":{"desktop":{"background-color":"var(--ast-global-color-4)","background-image":"","background-repeat":"repeat","background-position":"center center","background-size":"auto","background-attachment":"scroll","background-type":"","background-media":"","overlay-type":"","overlay-color":"","overlay-opacity":"","overlay-gradient":""},"tablet":{"background-color":"","background-image":"","background-repeat":"repeat","background-position":"center center","background-size":"auto","background-attachment":"scroll","background-type":"","background-media":"","overlay-type":"","overlay-color":"","overlay-opacity":"","overlay-gradient":""},"mobile":{"background-color":"","background-image":"","background-repeat":"repeat","background-position":"center center","background-size":"auto","background-attachment":"scroll","background-type":"","background-media":"","overlay-type":"","overlay-color":"","overlay-opacity":"","overlay-gradient":""}},"ast-content-background-meta":{"desktop":{"background-color":"var(--ast-global-color-5)","background-image":"","background-repeat":"repeat","background-position":"center center","background-size":"auto","background-attachment":"scroll","background-type":"","background-media":"","overlay-type":"","overlay-color":"","overlay-opacity":"","overlay-gradient":""},"tablet":{"background-color":"var(--ast-global-color-5)","background-image":"","background-repeat":"repeat","background-position":"center center","background-size":"auto","background-attachment":"scroll","background-type":"","background-media":"","overlay-type":"","overlay-color":"","overlay-opacity":"","overlay-gradient":""},"mobile":{"background-color":"var(--ast-global-color-5)","background-image":"","background-repeat":"repeat","background-position":"center center","background-size":"auto","background-attachment":"scroll","background-type":"","background-media":"","overlay-type":"","overlay-color":"","overlay-opacity":"","overlay-gradient":""}},"footnotes":""},"class_list":["post-24716","page","type-page","status-publish","hentry"],"post_mailing_queue_ids":[],"_links":{"self":[{"href":"https:\/\/agora.xtec.cat\/iesmarti-i-pol\/wp-json\/wp\/v2\/pages\/24716","targetHints":{"allow":["GET"]}}],"collection":[{"href":"https:\/\/agora.xtec.cat\/iesmarti-i-pol\/wp-json\/wp\/v2\/pages"}],"about":[{"href":"https:\/\/agora.xtec.cat\/iesmarti-i-pol\/wp-json\/wp\/v2\/types\/page"}],"author":[{"embeddable":true,"href":"https:\/\/agora.xtec.cat\/iesmarti-i-pol\/wp-json\/wp\/v2\/users\/1"}],"replies":[{"embeddable":true,"href":"https:\/\/agora.xtec.cat\/iesmarti-i-pol\/wp-json\/wp\/v2\/comments?post=24716"}],"version-history":[{"count":6,"href":"https:\/\/agora.xtec.cat\/iesmarti-i-pol\/wp-json\/wp\/v2\/pages\/24716\/revisions"}],"predecessor-version":[{"id":24729,"href":"https:\/\/agora.xtec.cat\/iesmarti-i-pol\/wp-json\/wp\/v2\/pages\/24716\/revisions\/24729"}],"wp:attachment":[{"href":"https:\/\/agora.xtec.cat\/iesmarti-i-pol\/wp-json\/wp\/v2\/media?parent=24716"}],"curies":[{"name":"wp","href":"https:\/\/api.w.org\/{rel}","templated":true}]}}