{"id":24231,"date":"2023-06-26T11:38:46","date_gmt":"2023-06-26T09:38:46","guid":{"rendered":"https:\/\/agora.xtec.cat\/iesmarti-i-pol\/?page_id=24231"},"modified":"2025-07-24T17:48:15","modified_gmt":"2025-07-24T15:48:15","slug":"llibres-de-text-eso-batxillerat-2023-24","status":"publish","type":"page","link":"https:\/\/agora.xtec.cat\/iesmarti-i-pol\/llibres-de-text-eso-batxillerat-2023-24\/","title":{"rendered":"LLIBRES DE TEXT ESO &#8211; BATXILLERAT 2025-2026"},"content":{"rendered":"<table class=\"c13\" style=\"height: 342px; width: 56.3471%; border-style: solid; border-color: #0ca630; background-color: #f7f7f7;\">\n<tbody>\n<tr class=\"c3\" style=\"height: 57px; border-style: solid; border-color: #099943;\">\n<td class=\"c6\" style=\"width: 558.358%; height: 57px; text-align: center; border-color: #039625; border-style: solid;\" colspan=\"2\">\n<h1 class=\"c2\" style=\"text-align: center;\"><strong><span class=\"c10\">LLIBRES ESO <\/span><\/strong><\/h1>\n<\/td>\n<\/tr>\n<tr class=\"c8\" style=\"height: 57px;\">\n<td class=\"c7\" style=\"width: 46.4286%; height: 57px; text-align: center; border-color: #039625; border-style: solid;\">\n<h3 class=\"c2\"><strong><a href=\"https:\/\/docs.google.com\/document\/d\/1kCRWghtGHUmmIbmmFnrUAIGr-psftwcP2NhAKfExCGQ\/preview\" target=\"_blank\" rel=\"noopener\">1r ESO<\/a><\/strong><\/h3>\n<\/td>\n<td class=\"c7\" style=\"width: 511.93%; height: 57px; text-align: center; border-color: #039625; border-style: solid;\">\n<h3 class=\"c2\"><strong><a href=\"https:\/\/docs.google.com\/document\/d\/1PGYlIw2QvosFYf6bbvVV2Z-Krvh5DFQdGJNBJB3BL28\/preview\" target=\"_blank\" rel=\"noopener\">2n ESO\u00a0<\/a><\/strong><\/h3>\n<\/td>\n<\/tr>\n<tr class=\"c8\" style=\"height: 57px;\">\n<td class=\"c7\" style=\"width: 46.4286%; height: 57px; text-align: center; border-color: #039625; border-style: solid;\">\n<h3 class=\"c2\"><strong><a href=\"https:\/\/docs.google.com\/document\/d\/1Ho057C19R3U0OEX1UqaAfeoo-2TR4yqI3_Ihn6qCGtg\/preview\" target=\"_blank\" rel=\"noopener\">3r ESO<\/a><\/strong><\/h3>\n<\/td>\n<td class=\"c7\" style=\"width: 511.93%; height: 57px; text-align: center; border-color: #039625; border-style: solid;\">\n<h3 class=\"c2\"><strong><a href=\"https:\/\/docs.google.com\/document\/d\/1OUQg6xk9Z_BtjewZ-riDKD7SOLObsXSOLy82dVZw-UQ\/preview\" target=\"_blank\" rel=\"noopener\">4t ESO<\/a> <\/strong><\/h3>\n<\/td>\n<\/tr>\n<tr class=\"c3\" style=\"height: 57px;\">\n<td class=\"c6\" style=\"width: 558.358%; height: 57px; text-align: center; border-color: #039625; border-style: solid;\" colspan=\"2\">\n<h1 class=\"c2\" style=\"text-align: center;\"><strong><span class=\"c10\">LLIBRES BATXILLERAT <\/span><\/strong><\/h1>\n<\/td>\n<\/tr>\n<tr class=\"c3\" style=\"height: 57px;\">\n<td class=\"c11\" style=\"width: 558.358%; height: 57px; text-align: center; border-color: #039625; border-style: solid;\" colspan=\"2\">\n<h3 class=\"c2\"><strong><a href=\"https:\/\/docs.google.com\/document\/d\/11hw_kBaZb9B-DxkuwUiTl61RVxvJs2LnB4klTRmqznQ\/preview\" target=\"_blank\" rel=\"noopener\">1r Batxillerat<\/a><\/strong><\/h3>\n<\/td>\n<\/tr>\n<tr class=\"c3\" style=\"height: 57px;\">\n<td class=\"c11\" style=\"height: 57px; text-align: center; border-color: #039625; border-style: solid;\" colspan=\"2\">\n<h3 class=\"c2\"><strong><a href=\"https:\/\/docs.google.com\/document\/d\/19NVe69v-d3LvVETUnT2bRAmdSgG_ixiZdY3GZQ0fcF8\/preview\" target=\"_blank\" rel=\"noopener\">2n Batxillerat<\/a><\/strong><\/h3>\n<\/td>\n<\/tr>\n<\/tbody>\n<\/table>\n<p><a href=\"https:\/\/docs.google.com\/document\/d\/1Zzb5a-mp0IVea4r866sdXnEuyIJ2MRZ-h9ze7RRLZBY\/edit?usp=sharing\">LLIC\u00c8NCIES DIGITALS 1r ESO<\/a><\/p>\n<p>Els llibres que impliquen llic\u00e8ncies digitals rebreu un comunicat del centre per veure com procedir.<\/p>\n<p><a href=\"https:\/\/agora.xtec.cat\/iesmarti-i-pol\/wp-content\/uploads\/usu1292\/2024\/06\/066-2024-CAT-COM-COMPRAR-.pdf\">ECOBOOKS (IDDINK) &#8211; COM COMPRAR<\/a><\/p>\n<p><a href=\"https:\/\/drive.google.com\/file\/d\/1s-KWQd7xEG-D9KK6Dmta1ifNGibiQK-l\/view?usp=sharing\">ECOBOOKS (IDDINK) &#8211; FAM\u00cdLIES BECADES (1r a 3r ESO) .<\/a> Les fam\u00edlies que faran 4t resta pendent de regularitzaci\u00f3 per part del Departament, segurament ser\u00e0 al setembre, ja us anirem informant.<\/p>\n","protected":false},"excerpt":{"rendered":"<p>LLIBRES ESO 1r ESO 2n ESO\u00a0 3r ESO 4t ESO LLIBRES BATXILLERAT 1r Batxillerat 2n Batxillerat LLIC\u00c8NCIES DIGITALS 1r ESO Els llibres que impliquen llic\u00e8ncies digitals rebreu un comunicat del centre per veure com procedir. ECOBOOKS (IDDINK) &#8211; COM COMPRAR ECOBOOKS (IDDINK) &#8211; FAM\u00cdLIES BECADES (1r a 3r ESO) . Les fam\u00edlies que faran 4t [&hellip;]<\/p>\n","protected":false},"author":1,"featured_media":0,"parent":0,"menu_order":0,"comment_status":"closed","ping_status":"closed","template":"","meta":{"_bbp_topic_count":0,"_bbp_reply_count":0,"_bbp_total_topic_count":0,"_bbp_total_reply_count":0,"_bbp_voice_count":0,"_bbp_anonymous_reply_count":0,"_bbp_topic_count_hidden":0,"_bbp_reply_count_hidden":0,"_bbp_forum_subforum_count":0,"site-sidebar-layout":"default","site-content-layout":"","ast-site-content-layout":"default","site-content-style":"default","site-sidebar-style":"default","ast-global-header-display":"","ast-banner-title-visibility":"","ast-main-header-display":"","ast-hfb-above-header-display":"","ast-hfb-below-header-display":"","ast-hfb-mobile-header-display":"","site-post-title":"","ast-breadcrumbs-content":"","ast-featured-img":"","footer-sml-layout":"","theme-transparent-header-meta":"default","adv-header-id-meta":"","stick-header-meta":"","header-above-stick-meta":"","header-main-stick-meta":"","header-below-stick-meta":"","astra-migrate-meta-layouts":"set","ast-page-background-enabled":"default","ast-page-background-meta":{"desktop":{"background-color":"var(--ast-global-color-4)","background-image":"","background-repeat":"repeat","background-position":"center center","background-size":"auto","background-attachment":"scroll","background-type":"","background-media":"","overlay-type":"","overlay-color":"","overlay-opacity":"","overlay-gradient":""},"tablet":{"background-color":"","background-image":"","background-repeat":"repeat","background-position":"center center","background-size":"auto","background-attachment":"scroll","background-type":"","background-media":"","overlay-type":"","overlay-color":"","overlay-opacity":"","overlay-gradient":""},"mobile":{"background-color":"","background-image":"","background-repeat":"repeat","background-position":"center center","background-size":"auto","background-attachment":"scroll","background-type":"","background-media":"","overlay-type":"","overlay-color":"","overlay-opacity":"","overlay-gradient":""}},"ast-content-background-meta":{"desktop":{"background-color":"var(--ast-global-color-5)","background-image":"","background-repeat":"repeat","background-position":"center center","background-size":"auto","background-attachment":"scroll","background-type":"","background-media":"","overlay-type":"","overlay-color":"","overlay-opacity":"","overlay-gradient":""},"tablet":{"background-color":"var(--ast-global-color-5)","background-image":"","background-repeat":"repeat","background-position":"center center","background-size":"auto","background-attachment":"scroll","background-type":"","background-media":"","overlay-type":"","overlay-color":"","overlay-opacity":"","overlay-gradient":""},"mobile":{"background-color":"var(--ast-global-color-5)","background-image":"","background-repeat":"repeat","background-position":"center center","background-size":"auto","background-attachment":"scroll","background-type":"","background-media":"","overlay-type":"","overlay-color":"","overlay-opacity":"","overlay-gradient":""}},"footnotes":""},"class_list":["post-24231","page","type-page","status-publish","hentry"],"post_mailing_queue_ids":[],"_links":{"self":[{"href":"https:\/\/agora.xtec.cat\/iesmarti-i-pol\/wp-json\/wp\/v2\/pages\/24231","targetHints":{"allow":["GET"]}}],"collection":[{"href":"https:\/\/agora.xtec.cat\/iesmarti-i-pol\/wp-json\/wp\/v2\/pages"}],"about":[{"href":"https:\/\/agora.xtec.cat\/iesmarti-i-pol\/wp-json\/wp\/v2\/types\/page"}],"author":[{"embeddable":true,"href":"https:\/\/agora.xtec.cat\/iesmarti-i-pol\/wp-json\/wp\/v2\/users\/1"}],"replies":[{"embeddable":true,"href":"https:\/\/agora.xtec.cat\/iesmarti-i-pol\/wp-json\/wp\/v2\/comments?post=24231"}],"version-history":[{"count":6,"href":"https:\/\/agora.xtec.cat\/iesmarti-i-pol\/wp-json\/wp\/v2\/pages\/24231\/revisions"}],"predecessor-version":[{"id":28128,"href":"https:\/\/agora.xtec.cat\/iesmarti-i-pol\/wp-json\/wp\/v2\/pages\/24231\/revisions\/28128"}],"wp:attachment":[{"href":"https:\/\/agora.xtec.cat\/iesmarti-i-pol\/wp-json\/wp\/v2\/media?parent=24231"}],"curies":[{"name":"wp","href":"https:\/\/api.w.org\/{rel}","templated":true}]}}