{"id":24229,"date":"2023-06-26T11:37:24","date_gmt":"2023-06-26T09:37:24","guid":{"rendered":"https:\/\/agora.xtec.cat\/iesmarti-i-pol\/?page_id=24229"},"modified":"2025-10-01T18:05:14","modified_gmt":"2025-10-01T16:05:14","slug":"llibres-cicles-formatius-2025-26","status":"publish","type":"page","link":"https:\/\/agora.xtec.cat\/iesmarti-i-pol\/llibres-cicles-formatius-2025-26\/","title":{"rendered":"LLIBRES CICLES FORMATIUS 2025-26"},"content":{"rendered":"<p>&nbsp;<\/p>\n<table style=\"height: 251px; width: 93.9931%; border-style: solid; border-color: #000000;\" width=\"69.4503%\">\n<tbody>\n<tr style=\"height: 57px;\">\n<td style=\"height: 57px; border-style: solid; border-color: #000000; width: 132.944%;\" colspan=\"2\" width=\"642\">\n<p style=\"text-align: center;\"><strong>LLIBRES CICLES FORMATIUS CURS 2025-26<\/strong><\/p>\n<\/td>\n<\/tr>\n<tr style=\"height: 119px;\">\n<td style=\"width: 35.3862%; height: 194px; border-style: solid; border-color: #000000;\" rowspan=\"4\"><strong><br \/>\n<\/strong><strong>CAI <\/strong><strong>(Cures Auxiliars d&#8217;Infermeria)<\/strong>*Els llibres han de ser en format paper (es poden comprar de segona m\u00e0).<\/p>\n<div>&#8211; Si teniu dubtes, al setembre les tutores donaran m\u00e9s informaci\u00f3, no \u00e9s necessari portar-los el primer dia de classe.<\/div>\n<\/td>\n<td style=\"width: 97.5583%; height: 10px; border-style: solid; border-color: #000000;\">Higiene del medi hospitalari i neteja de material.<\/p>\n<p>EDITEX. M\u00f3nica Mart\u00ednez Grau, Clara Sanch\u00eds Mart\u00ednez, M\u00aa Carmen Snch\u00eds Mart\u00ednez, Andrea Mart\u00ednez Mart\u00ednez.<\/p>\n<p>ISBN: 9788413215754<\/td>\n<\/tr>\n<tr style=\"height: 119px;\">\n<td style=\"width: 97.5583%; height: 87px; border-style: solid; border-color: #000000;\">T\u00e8cniques b\u00e0siques d&#8217;infermeria<\/p>\n<p>EDITEX. Roberto G\u00f3mez, Bel\u00e9n Blasco<\/p>\n<p>ISBN: 978-84-1321-573-0<\/td>\n<\/tr>\n<tr style=\"height: 97px;\">\n<td style=\"width: 97.5583%; height: 97px; border-style: solid; border-color: #000000;\">Promoci\u00f3 de la salut i suport psicol\u00f2gic al pacient<\/p>\n<p>EDITEX. Maria Jos\u00e9 L\u00f3pez Ortega<\/p>\n<p>ISBN: 9788411346405<\/td>\n<\/tr>\n<tr>\n<td style=\"width: 97.5583%; border-style: solid; border-color: #000000;\">T\u00e8cniques d&#8217;ajuda odontol\u00f2gica i estomatol\u00f2gica<\/p>\n<p>EDITEX. Lara Ferrer Mart\u00ednez, Sof\u00eda Folguera Ferrair\u00f3<\/p>\n<p>ISBN: 978-84-1321-581-5<\/td>\n<\/tr>\n<tr>\n<td style=\"width: 35.3862%; border-style: solid; border-color: #000000;\" rowspan=\"2\"><strong>CFGM Instal\u00b7lacions El\u00e8ctriques i Autom\u00e0tiques<br \/>\n<\/strong><strong><br \/>\n<\/strong><\/td>\n<td style=\"width: 97.5583%; border-style: solid; border-color: #000000;\">\n<div>M\u00e1quinas el\u00e9ctricas\u00a0 &#8211; ISBN: 9788428334396 &#8211; Juan Jose Manzano Orrego &#8211; Paraninfo<\/div>\n<\/td>\n<\/tr>\n<tr>\n<td style=\"width: 97.5583%; border-style: solid; border-color: #000000;\"><span id=\"m_6999086953307938217gmail-IsbnLiteral\">Electr\u00f3nica &#8211; ISBN: 9788428361187 &#8211; Pablo Alcalde San Miguel\u00a0<\/span>\u00a0&#8211; Paraninfo<\/td>\n<\/tr>\n<tr>\n<td style=\"width: 35.3862%; border-style: solid; border-color: #000000;\" rowspan=\"3\"><strong>CFGS Sistemes Electrot\u00e8cnics i Automatitzats<br \/>\n<\/strong><strong><br \/>\n<\/strong><strong><br \/>\n<\/strong><\/td>\n<td style=\"width: 97.5583%; border-style: solid; border-color: #000000;\">Documentaci\u00f3n t\u00e9cnica &#8211; ISBN: <span id=\"m_6999086953307938217gmail-IsbnLiteral\">9788428362023 &#8211; Jose Manuel Espinosa Malea, Inmaculada Rubio\u00a0<\/span>\u00a0&#8211; Paraninfo<\/td>\n<\/tr>\n<tr>\n<td style=\"width: 97.5583%; border-style: solid; border-color: #000000;\"><span id=\"m_6999086953307938217gmail-IsbnLiteral\">Configuraci\u00f3n de instalaciones el\u00e9ctricas &#8211; ISBN: <\/span>\u00a0<span id=\"m_6999086953307938217gmail-IsbnLiteral\">9788413661537<\/span>\u00a0&#8211; Jesus Trashorras Montecelos\u00a0 &#8211; Paraninfo<\/td>\n<\/tr>\n<tr>\n<td style=\"width: 97.5583%; border-style: solid; border-color: #000000;\">Configuraci\u00f3n de instalaciones dom\u00f3ticas y autom\u00e1ticas &#8211; ISBN:\u00a0 <span id=\"m_6999086953307938217gmail-IsbnLiteral\">9788428341028 &#8211; Sergio Gallardo Vazquez &#8211; Paraninfo<\/span><\/td>\n<\/tr>\n<\/tbody>\n<\/table>\n","protected":false},"excerpt":{"rendered":"<p>&nbsp; LLIBRES CICLES FORMATIUS CURS 2025-26 CAI (Cures Auxiliars d&#8217;Infermeria)*Els llibres han de ser en format paper (es poden comprar de segona m\u00e0). &#8211; Si teniu dubtes, al setembre les tutores donaran m\u00e9s informaci\u00f3, no \u00e9s necessari portar-los el primer dia de classe. Higiene del medi hospitalari i neteja de material. EDITEX. M\u00f3nica Mart\u00ednez Grau, [&hellip;]<\/p>\n","protected":false},"author":1,"featured_media":0,"parent":0,"menu_order":0,"comment_status":"closed","ping_status":"closed","template":"","meta":{"_bbp_topic_count":0,"_bbp_reply_count":0,"_bbp_total_topic_count":0,"_bbp_total_reply_count":0,"_bbp_voice_count":0,"_bbp_anonymous_reply_count":0,"_bbp_topic_count_hidden":0,"_bbp_reply_count_hidden":0,"_bbp_forum_subforum_count":0,"site-sidebar-layout":"default","site-content-layout":"","ast-site-content-layout":"default","site-content-style":"default","site-sidebar-style":"default","ast-global-header-display":"","ast-banner-title-visibility":"","ast-main-header-display":"","ast-hfb-above-header-display":"","ast-hfb-below-header-display":"","ast-hfb-mobile-header-display":"","site-post-title":"","ast-breadcrumbs-content":"","ast-featured-img":"","footer-sml-layout":"","theme-transparent-header-meta":"default","adv-header-id-meta":"","stick-header-meta":"","header-above-stick-meta":"","header-main-stick-meta":"","header-below-stick-meta":"","astra-migrate-meta-layouts":"set","ast-page-background-enabled":"default","ast-page-background-meta":{"desktop":{"background-color":"var(--ast-global-color-4)","background-image":"","background-repeat":"repeat","background-position":"center center","background-size":"auto","background-attachment":"scroll","background-type":"","background-media":"","overlay-type":"","overlay-color":"","overlay-opacity":"","overlay-gradient":""},"tablet":{"background-color":"","background-image":"","background-repeat":"repeat","background-position":"center center","background-size":"auto","background-attachment":"scroll","background-type":"","background-media":"","overlay-type":"","overlay-color":"","overlay-opacity":"","overlay-gradient":""},"mobile":{"background-color":"","background-image":"","background-repeat":"repeat","background-position":"center center","background-size":"auto","background-attachment":"scroll","background-type":"","background-media":"","overlay-type":"","overlay-color":"","overlay-opacity":"","overlay-gradient":""}},"ast-content-background-meta":{"desktop":{"background-color":"var(--ast-global-color-5)","background-image":"","background-repeat":"repeat","background-position":"center center","background-size":"auto","background-attachment":"scroll","background-type":"","background-media":"","overlay-type":"","overlay-color":"","overlay-opacity":"","overlay-gradient":""},"tablet":{"background-color":"var(--ast-global-color-5)","background-image":"","background-repeat":"repeat","background-position":"center center","background-size":"auto","background-attachment":"scroll","background-type":"","background-media":"","overlay-type":"","overlay-color":"","overlay-opacity":"","overlay-gradient":""},"mobile":{"background-color":"var(--ast-global-color-5)","background-image":"","background-repeat":"repeat","background-position":"center center","background-size":"auto","background-attachment":"scroll","background-type":"","background-media":"","overlay-type":"","overlay-color":"","overlay-opacity":"","overlay-gradient":""}},"footnotes":""},"class_list":["post-24229","page","type-page","status-publish","hentry"],"post_mailing_queue_ids":[],"_links":{"self":[{"href":"https:\/\/agora.xtec.cat\/iesmarti-i-pol\/wp-json\/wp\/v2\/pages\/24229","targetHints":{"allow":["GET"]}}],"collection":[{"href":"https:\/\/agora.xtec.cat\/iesmarti-i-pol\/wp-json\/wp\/v2\/pages"}],"about":[{"href":"https:\/\/agora.xtec.cat\/iesmarti-i-pol\/wp-json\/wp\/v2\/types\/page"}],"author":[{"embeddable":true,"href":"https:\/\/agora.xtec.cat\/iesmarti-i-pol\/wp-json\/wp\/v2\/users\/1"}],"replies":[{"embeddable":true,"href":"https:\/\/agora.xtec.cat\/iesmarti-i-pol\/wp-json\/wp\/v2\/comments?post=24229"}],"version-history":[{"count":6,"href":"https:\/\/agora.xtec.cat\/iesmarti-i-pol\/wp-json\/wp\/v2\/pages\/24229\/revisions"}],"predecessor-version":[{"id":28301,"href":"https:\/\/agora.xtec.cat\/iesmarti-i-pol\/wp-json\/wp\/v2\/pages\/24229\/revisions\/28301"}],"wp:attachment":[{"href":"https:\/\/agora.xtec.cat\/iesmarti-i-pol\/wp-json\/wp\/v2\/media?parent=24229"}],"curies":[{"name":"wp","href":"https:\/\/api.w.org\/{rel}","templated":true}]}}